{"id":15374,"date":"2025-01-19T14:27:03","date_gmt":"2025-01-19T14:27:03","guid":{"rendered":"https:\/\/www.hydraulic-cylinders.net\/product\/bucket-cylinder-for-kobelco-large-excavator-sk950dlc\/"},"modified":"2025-01-19T14:27:05","modified_gmt":"2025-01-19T14:27:05","slug":"bucket-cylinder-for-kobelco-large-excavator-sk950dlc","status":"publish","type":"product","link":"https:\/\/www.hydraulic-cylinders.net\/et\/toode\/bucket-cylinder-for-kobelco-large-excavator-sk950dlc\/","title":{"rendered":"Kobelco suure ekskavaatori SK950DLC kopa silinder"},"content":{"rendered":"<h1>Kobelco suure ekskavaatori SK950DLC kopa silinder<\/h1>\n<h2>Sissejuhatus<\/h2>\n<p>Kobelco suure ekskavaatori SK950DLC kopa silinder on spetsiaalne h\u00fcdrauliline silinder, mis on loodud peamiselt kopa liikumise juhtimiseks rasketes masinates, nagu ekskavaatorid, laadur-ekskavaatorid ja esilaadurid. Selle peamine eesm\u00e4rk on v\u00f5imaldada kopa t\u00f5stmist, langetamist ja kallutamist, muutes mitmesuguste materjalik\u00e4itlust\u00f6\u00f6de tegemise lihtsamaks. H\u00fcdraulikas\u00fcsteemis saavutab kopa silinder kopa liikumise t\u00e4pse juhtimise h\u00fcdraulika\u00f5li r\u00f5hu muutmise abil, v\u00f5imaldades operaatoritel raskeid esemeid t\u00f5husalt k\u00e4sitseda ning kohaneda keerukate t\u00f6\u00f6keskkondade ja mitmekesiste t\u00f6\u00f6n\u00f5uetega.<\/p>\n<p><img decoding=\"async\" src=\"https:\/\/www.hydraulic-cylinders.net\/wp-content\/uploads\/2025\/01\/songte-company-2.webp\" alt=\"\u00c4mbri silindri pilt\"><\/p>\n<h2>Omadused<\/h2>\n<ul>\n<li>\n<h3>Suur tugevus ja vastupidavus<\/h3>\n<p>Silinder on tavaliselt valmistatud \u00fclitugevast terasest v\u00f5i alumiiniumist, mis talub k\u00f5rget r\u00f5hku ja suuri koormusi, kohandudes karmide t\u00f6\u00f6keskkondadega. Projekteerimisel on arvestatud kulumiskindluse ja korrosioonikindlusega, pikendades selle kasutusiga.<\/p>\n<\/li>\n<li>\n<h3>T\u00f5hus h\u00fcdrauliline t\u00f6\u00f6<\/h3>\n<p>Silinder kasutab sujuva teleskoopliikumise saavutamiseks h\u00fcdraulilise \u00f5li r\u00f5hku, reageerides kiiresti t\u00f6\u00f6k\u00e4skudele ning pakkudes v\u00f5imsat t\u00f5uke- ja t\u00f5mbej\u00f5udu, mis sobib raskete esemete ja keerukate t\u00f6\u00f6\u00fclesannete k\u00e4sitsemiseks.<\/p>\n<\/li>\n<li>\n<h3>Mitmekesised t\u00fc\u00fcbid<\/h3>\n<p>Silindri saab valida \u00fchetoimelisena (h\u00fcdraulilist s\u00fcsteemi kasutatakse ainult \u00fches suunas) v\u00f5i kahetoimelisena (h\u00fcdraulilist s\u00fcsteemi kasutatakse m\u00f5lemas suunas) vastavalt erinevatele t\u00f6\u00f6tingimustele. M\u00f5ned mudelid on teleskoopilised, mis v\u00f5imaldab suuremat laienemist ilma v\u00e4lism\u00f5\u00f5tmeid suurendamata, sobides piiratud ruumiga rakenduste jaoks.<\/p>\n<\/li>\n<li>\n<h3>T\u00e4iuslik asendus<\/h3>\n<p>Me saame seda toodet toota ja meie toode saab neid h\u00fcdrosilindreid ideaalselt asendada.<\/p>\n<\/li>\n<\/ul>\n<p><img decoding=\"async\" src=\"https:\/\/www.hydraulic-cylinders.net\/wp-content\/uploads\/2025\/01\/songte-cylinder-head-with-all-kinds-excavator-models.webp\" alt=\"Toote asenduspilt\"><\/p>\n<h2>Rakendused<\/h2>\n<p>Kopasilindrit kasutatakse laialdaselt erinevates rasketehnika masinates, sealhulgas:<\/p>\n<ul>\n<li>\n<h3>Ehitustehnika<\/h3>\n<p>Ekskavaatorites on need h\u00e4davajalikud kaevamisel, laadimisel ja pinnase v\u00f5i prahi teisaldamisel. Ekskavaatoritel aitavad kopasilindrid nii kaevamisel kui ka t\u00f5stmisel. <\/p>\n<\/li>\n<li>\n<h3>P\u00f5llumajandustehnika<\/h3>\n<p>Kasutatakse esilaadurites pinnase, heina ja muude materjalide kaevamiseks, t\u00f5stmiseks ja transportimiseks. Ekskavaatorites v\u00f5imaldavad kopasilindrid kaevamist, lastes kopal pinnasesse tungida. <\/p>\n<\/li>\n<li>\n<h3>Laadurid<\/h3>\n<p>Esilaadurites aitavad need koormaid t\u00f5husalt t\u00f5sta ja kallutada.<\/p>\n<\/li>\n<\/ul>\n<h2>Projekteerimiskaalutlused ja valikukriteeriumid<\/h2>\n<p>H\u00fcdrauliliste silindrite projekteerimisel ja valimisel tuleb arvestada mitmete teguritega:<\/p>\n<ul>\n<li>\n<h3>Kandev\u00f5ime<\/h3>\n<p>Silinder peab suutma taluda t\u00f6\u00f6tamise ajal rakendatavat maksimaalset koormust.<\/p>\n<\/li>\n<li>\n<h3>Tihendus<\/h3>\n<p>Silindril peab olema t\u00f5hus tihend, et v\u00e4ltida \u00f5lilekkeid, tolmu ja muid saasteaineid silindrisse sattumist.<\/p>\n<\/li>\n<li>\n<h3>Vastupidavus<\/h3>\n<p>Silinder peab olema valmistatud kvaliteetsetest materjalidest ja konstrueeritud vastu pidama karmidele t\u00f6\u00f6keskkondadele, tagades pika kasutusea.<\/p>\n<\/li>\n<li>\n<h3>Ohutus<\/h3>\n<p>Silinder peab olema konstrueeritud ohutusfunktsioonidega, n\u00e4iteks r\u00f5huvabastusventiilidega, et v\u00e4ltida \u00fclekoormusest v\u00f5i h\u00fcdraulikas\u00fcsteemi rikkest tingitud \u00f5nnetusi.<\/p>\n<\/li>\n<li>\n<h3>Hooldatavus<\/h3>\n<p>Silinder peab olema konstrueeritud nii, et hooldus ja remont oleksid lihtsad ja kulut\u00f5husad.<\/p>\n<\/li>\n<\/ul>\n<p><img decoding=\"async\" src=\"https:\/\/www.hydraulic-cylinders.net\/wp-content\/uploads\/2025\/01\/songte-oil-pipes-and-spare-parts.webp\" alt=\"Varuosade pilt\"><\/p>\n<h2>Tihendus ja m\u00e4\u00e4rimine<\/h2>\n<p>H\u00fcdraulilises silindris kasutatakse \u00f5lilekke v\u00e4ltimiseks mitmesuguseid tihenduskomponente, n\u00e4iteks kolvitihendeid, vardatihendeid ja klaasipuhasti tihendeid. Need tihendid on valmistatud kulumiskindlatest materjalidest, nagu pol\u00fcuretaan ja nitriilkummi. Silindri korpus ja keermestatud otsapind on peenelt t\u00f6\u00f6deldud, et parandada kulumiskindlust. M\u00e4\u00e4rimiseks on vaja regulaarselt lisada sobivat kogust h\u00fcdraulika\u00f5li.<\/p>\n<h2>Hooldus ja remont<\/h2>\n<p>H\u00fcdrosilindri n\u00f5uetekohase toimimise tagamiseks on oluline regulaarne kontroll ja ennetav hooldus. K\u00f5ige tavalisemate hooldust\u00f6\u00f6de hulka kuuluvad tihendite kontrollimine, m\u00e4\u00e4rimine ja vahetamine. Silindri kasutusea pikendamiseks on \u00fclioluline \u00f5ige paigaldamine, m\u00e4\u00e4rimine ja reguleerimine. Silindri kinnitamiseks on soovitatav kasutada sobivaid paigaldusklambreid. Silindri n\u00f5uetekohase t\u00f6\u00f6 tagamiseks tuleks j\u00e4rgida soovitatud kontrolli-, remondi- ja vahetusprotseduure.<\/p>\n<p><img decoding=\"async\" src=\"https:\/\/www.hydraulic-cylinders.net\/wp-content\/uploads\/2025\/01\/songte-chushion-collar.webp\" alt=\"Padjakrae pilt\"><\/p>\n<h2>Ohutuskaalutlused ja keskkonnategurid<\/h2>\n<p>T\u00f6\u00f6tamise ajal tuleks \u00f5nnetuste v\u00e4ltimiseks v\u00f5tta ohutusmeetmeid, n\u00e4iteks paigutada hoiatussilte ja v\u00e4ltida \u00fclekoormust. H\u00fcdrauliliste silindrite valimisel ja projekteerimisel tuleks arvestada ka keskkonnateguritega, nagu temperatuur, niiskus ja s\u00f6\u00f6vitavad ained.<\/p>\n<h2>Veaotsing ja levinud probleemid<\/h2>\n<p>H\u00fcdrauliliste silindrite k\u00f5ige levinumad probleemid on \u00f5lilekked, varraste kahjustused ja ebapiisav r\u00f5hk. Veaotsing h\u00f5lmab kahjustatud komponentide kontrollimist ja vajadusel parandamist v\u00f5i asendamist. Ennetavad meetmed, nagu regulaarne kontroll ja hooldus, v\u00f5ivad nende probleemide esinemist v\u00e4hendada.<\/p>\n<p><img decoding=\"async\" src=\"https:\/\/www.hydraulic-cylinders.net\/wp-content\/uploads\/2025\/01\/songte-bushings-with-all-kinds-of-excavator-models.webp\" alt=\"Pukside pilt\"><\/p>\n<h2>Meie ettev\u00f5ttest<\/h2>\n<p>Oleme asendush\u00fcdrauliliste silindrite tootja, pakkudes t\u00e4ielikku tootevalikut. Oleme saanud \u00fcheks juhtivaks h\u00fcdrosilindrite tootjaks ja hulgim\u00fc\u00fcjaks nii sise- kui ka rahvusvahelistel turgudel. J\u00e4rgime suurep\u00e4rase kvaliteedi p\u00f5him\u00f5tet ja tugineme peentootmist\u00f6\u00f6kodade t\u00f6\u00f6stusliku tootmise juhtimise strateegiale. T\u00e4iustame pidevalt oma t\u00f6\u00f6kodade tootmisplatvormi tehnoloogiliste talentide, digitaalsete tipptasemel tootmisseadmete ja professionaalsete testimiss\u00fcsteemide abil, t\u00e4iustades tootekvaliteedi tootmisprotsessi ja omades tugevat loomingulist v\u00f5imekust. Rahuldame klientide mitmekesiseid vajadusi suure efektiivsuse, suure t\u00e4psuse ja k\u00f5rgete kvaliteedip\u00f5him\u00f5tetega.<\/p>\n<p><img decoding=\"async\" src=\"https:\/\/hzpt.com\/wp-content\/uploads\/2024\/11\/songte-company-1.webp\" alt=\"Ettev\u00f5tte kuvand\"><\/p>\n<h3>Professionaalsus<\/h3>\n<p>Meil on professionaalide meeskond, kes p\u00fc\u00fcab pakkuda klientidele k\u00f5rgeima kvaliteediga tooteid ja teenuseid.<\/p>\n<h3>Rahvusvaheline sertifitseerimine<\/h3>\n<p>Meie tooted on saanud rahvusvahelise sertifikaadi, n\u00e4iteks ISO9001, CE ja ROHS, mis tagab toote kvaliteedi ja ohutuse.<\/p>\n<h3>Kohandamise teenused<\/h3>\n<p>Pakume kliendi erivajadustele ja -n\u00f5uetele vastavaid kohandamisteenuseid.<\/p>\n<h3>Tootmisseadmed<\/h3>\n<p>Meil on t\u00e4iustatud tootmisseadmed, n\u00e4iteks CNC-masinad, automaatsed keevitusmasinad ja h\u00fcdraulilise testimise masinad, mis tagavad suure t\u00e4psuse ja kvaliteetse tootmise.<\/p>\n<h3>M\u00fc\u00fcgij\u00e4rgne teenindus<\/h3>\n<p>Pakume igak\u00fclgset m\u00fc\u00fcgij\u00e4rgset teenindust, nagu tehniline tugi, hooldus ja remont, tagades klientidele, et nad saaksid meie tooteid t\u00e4ieliku meelerahuga kasutada.<\/p>\n<h4>Autor: lyl<\/h4>","protected":false},"excerpt":{"rendered":"<p>Bucket Cylinder For Kobelco Large Excavator SK950DLC Introduction The bucket cylinder for Kobelco large excavator SK950DLC is a specialized hydraulic cylinder designed primarily to control the movement of the bucket in heavy machinery such as excavators, backhoe excavators, and front-end loaders. Its main purpose is to enable the bucket to lift, lower, and tilt, making [&hellip;]<\/p>","protected":false},"featured_media":14787,"comment_status":"open","ping_status":"closed","template":"","meta":{"_et_pb_use_builder":"","_et_pb_old_content":"","_et_gb_content_width":""},"product_brand":[],"product_cat":[1494],"product_tag":[1495,1496],"class_list":{"0":"post-15374","1":"product","2":"type-product","3":"status-publish","4":"has-post-thumbnail","6":"product_cat-bucket-cylinders","7":"product_tag-bucket-cylinders","8":"product_tag-hydraulic-cylinders","10":"first","11":"instock","12":"shipping-taxable","13":"product-type-simple"},"amp_enabled":true,"_links":{"self":[{"href":"https:\/\/www.hydraulic-cylinders.net\/et\/wp-json\/wp\/v2\/product\/15374","targetHints":{"allow":["GET"]}}],"collection":[{"href":"https:\/\/www.hydraulic-cylinders.net\/et\/wp-json\/wp\/v2\/product"}],"about":[{"href":"https:\/\/www.hydraulic-cylinders.net\/et\/wp-json\/wp\/v2\/types\/product"}],"replies":[{"embeddable":true,"href":"https:\/\/www.hydraulic-cylinders.net\/et\/wp-json\/wp\/v2\/comments?post=15374"}],"wp:featuredmedia":[{"embeddable":true,"href":"https:\/\/www.hydraulic-cylinders.net\/et\/wp-json\/wp\/v2\/media\/14787"}],"wp:attachment":[{"href":"https:\/\/www.hydraulic-cylinders.net\/et\/wp-json\/wp\/v2\/media?parent=15374"}],"wp:term":[{"taxonomy":"product_brand","embeddable":true,"href":"https:\/\/www.hydraulic-cylinders.net\/et\/wp-json\/wp\/v2\/product_brand?post=15374"},{"taxonomy":"product_cat","embeddable":true,"href":"https:\/\/www.hydraulic-cylinders.net\/et\/wp-json\/wp\/v2\/product_cat?post=15374"},{"taxonomy":"product_tag","embeddable":true,"href":"https:\/\/www.hydraulic-cylinders.net\/et\/wp-json\/wp\/v2\/product_tag?post=15374"}],"curies":[{"name":"wp","href":"https:\/\/api.w.org\/{rel}","templated":true}]}}