{"id":15376,"date":"2025-01-19T14:27:11","date_gmt":"2025-01-19T14:27:11","guid":{"rendered":"https:\/\/www.hydraulic-cylinders.net\/product\/bucket-cylinder-for-yugong-wy75-7-8\/"},"modified":"2025-01-19T14:27:13","modified_gmt":"2025-01-19T14:27:13","slug":"bucket-cylinder-for-yugong-wy75-7-8","status":"publish","type":"product","link":"https:\/\/www.hydraulic-cylinders.net\/et\/toode\/bucket-cylinder-for-yugong-wy75-7-8\/","title":{"rendered":"Kopa silinder Yugongile WY75-7-8"},"content":{"rendered":"<h2>Sissejuhatus<\/h2>\n<h3>Yugongi WY75-7-8 kopasilindri m\u00e4\u00e4ratlus<\/h3>\n<p>Yugongi WY75-7-8 kopa silinder on spetsiaalne h\u00fcdrauliline silinder, mis on loodud peamiselt kopa liikumise juhtimiseks rasketes masinates, n\u00e4iteks ekskavaatorites, laadur-ekskavaatorites ja esilaadurites. Selle peamine \u00fclesanne on v\u00f5imaldada kopa t\u00f5stmist, langetamist ja kallutamist, h\u00f5lbustades seel\u00e4bi mitmesuguseid materjali k\u00e4itlemise \u00fclesandeid. H\u00fcdraulikas\u00fcsteemis saavutab kopa silinder kopa t\u00e4pse juhtimise h\u00fcdraulika\u00f5li r\u00f5hu muutuste abil, v\u00f5imaldades operaatoritel raskeid koormaid t\u00f5husalt k\u00e4sitseda ning kohaneda keerukate t\u00f6\u00f6keskkondade ja mitmekesiste t\u00f6\u00f6n\u00f5uetega.<\/p>\n<p><img decoding=\"async\" src=\"https:\/\/www.hydraulic-cylinders.net\/wp-content\/uploads\/2025\/01\/songte-company-2.webp\"\/><\/p>\n<h3>Yugongi WY75-7-8 kopasilindri omadused<\/h3>\n<ul>\n<li><strong>Suur tugevus ja vastupidavus:<\/strong> Tavaliselt valmistatud \u00fclitugevast terasest v\u00f5i alumiiniumist, see talub k\u00f5rget r\u00f5hku ja suuri koormusi, kohandub karmide t\u00f6\u00f6keskkondadega ning on konstrueeritud kulumiskindlaks ja korrosioonikindlaks, et pikendada selle kasutusiga.<\/li>\n<li><strong>T\u00f5hus h\u00fcdrauliline t\u00f6\u00f6:<\/strong> Kasutades h\u00fcdraulilise \u00f5li r\u00f5hku sujuva paisumise ja kokkut\u00f5mbumise saavutamiseks, reageerib see juhtimisk\u00e4sklustele kiiresti, pakkudes v\u00f5imsaid t\u00f5uke- ja t\u00f5mbej\u00f5ude, mis sobivad raskete koormate ja keerukate t\u00f6\u00f6\u00fclesannete k\u00e4sitsemiseks.<\/li>\n<li><strong>Erinevad t\u00fc\u00fcbid:<\/strong> \u00dchetoimelisi (h\u00fcdrauliliselt ainult \u00fches suunas) v\u00f5i kahetoimelisi (h\u00fcdrauliliselt kahes suunas) silindreid saab valida vastavalt vajadusele, et rahuldada erinevaid t\u00f6\u00f6vajadusi. M\u00f5ned mudelid on teleskoopilised, v\u00f5imaldades suuremat pikendamist ilma v\u00e4lism\u00f5\u00f5tmeid suurendamata, sobides piiratud ruumiga rakenduste jaoks.<\/li>\n<li><strong>Lihtne toota:<\/strong> Meie tooted suudavad neid h\u00fcdrosilindreid ideaalselt asendada.<\/li>\n<\/ul>\n<p><img decoding=\"async\" src=\"https:\/\/www.hydraulic-cylinders.net\/wp-content\/uploads\/2025\/01\/songte-cylinder-head-with-all-kinds-excavator-models.webp\"\/><\/p>\n<h3>Kopasilindri rakendused Yugongi WY75-7-8 jaoks<\/h3>\n<p>Yugongi WY75-7-8 kopasilindrit kasutatakse laialdaselt erinevates rasketehnika masinates, sealhulgas:<\/p>\n<ul>\n<li><strong>Ehitustehnika:<\/strong> Ekskavaatorites on need h\u00e4davajalikud kaevamiseks, laadimiseks ja pinnase v\u00f5i prahi teisaldamiseks. Ekskavaator-laadurites aitavad kopasilindrid nii kaevamisel kui ka t\u00f5stmisel. <\/li>\n<li><strong>P\u00f5llumajandusmasinad:<\/strong> Ekskavaatorite kopasilindrid, mida kasutatakse esilaadurites pinnase, heina ja muude materjalide kaevamiseks, t\u00f5stmiseks ja transportimiseks, v\u00f5imaldavad pinnase l\u00e4bi kaevamist. <\/li>\n<li><strong>Laadur:<\/strong> Esilaadurites aitavad kopasilindrid kaupu t\u00f5husalt t\u00f5sta ja t\u00fchjendada.<\/li>\n<\/ul>\n<h3>Yugongi WY75-7-8 kopasilindri projekteerimiskaalutlused ja valikukriteeriumid<\/h3>\n<p>Kopasilindrite projekteerimisel ja valimisel tuleb nende t\u00f6\u00f6kindluse ja j\u00f5udluse tagamiseks arvestada mitmete teguritega. Nende tegurite hulka kuuluvad:<\/p>\n<ul>\n<li><strong>Kandev\u00f5ime:<\/strong> Tagades, et kopa silinder talub sellele rakendatavaid koormusi ja t\u00e4idab oma funktsioone t\u00f5rgeteta.<\/li>\n<li><strong>Tihendus:<\/strong> Kasutades erinevaid tihendeid, n\u00e4iteks kolvitihendeid, vardatihendeid jne, ja valides tihendite jaoks kulumiskindlaid materjale, nagu pol\u00fcuretaan ja nitriilkummi, t\u00f6\u00f6deldakse silindri korpust ja keermestatud otsapinda peeneks, et parandada kulumiskindlust, ning m\u00e4\u00e4rimiseks on vaja regulaarset tankimist.<\/li>\n<li><strong>Vastupidavus:<\/strong> Tagades, et kopa silinder talub karme keskkonnatingimusi ja s\u00e4ilitab oma j\u00f5udluse pika aja jooksul.<\/li>\n<li><strong>Ohutus:<\/strong> Tagades, et kopasilindrit on ohutu kasutada ega kujuta endast ohtu operaatoritele ega muudele seadmetele.<\/li>\n<li><strong>Hooldatavus:<\/strong> Tagades, et kopasilindrit on lihtne hooldada ja parandada, v\u00e4hendades seisakuid ja hoolduskulusid.<\/li>\n<\/ul>\n<p><img decoding=\"async\" src=\"https:\/\/www.hydraulic-cylinders.net\/wp-content\/uploads\/2025\/01\/songte-oil-pipes-and-spare-parts.webp\"\/><\/p>\n<h3>Yugongi WY75-7-8 kopasilindri hooldus ja t\u00f5rkeotsing<\/h3>\n<p>Kopasilindrite usaldusv\u00e4\u00e4rse t\u00f6\u00f6 tagamiseks on oluline regulaarne hooldus ja kontroll. M\u00f5ned levinumad hooldust\u00f6\u00f6d on j\u00e4rgmised:<\/p>\n<ul>\n<li><strong>Regulaarne kontroll:<\/strong> Silindri korpuse, kolvi, varda ja tihendite kulumise ja kahjustuste kontrollimine.<\/li>\n<li><strong>M\u00e4\u00e4rimine:<\/strong> Silindri korpusele ja tihenditele sobiva koguse h\u00fcdraulika\u00f5li pealekandmine, et tagada sujuv t\u00f6\u00f6 ning v\u00e4ltida kulumist ja kahjustusi.<\/li>\n<li><strong>Tihendi vahetamine:<\/strong> Kulunud v\u00f5i kahjustatud tihendite vahetamine silindri tihendusv\u00f5ime s\u00e4ilitamiseks.<\/li>\n<\/ul>\n<p>Kopasilindrite usaldusv\u00e4\u00e4rse ja ohutu t\u00f6\u00f6 tagamiseks on \u00fclioluline \u00f5ige paigaldamine, m\u00e4\u00e4rimine ja reguleerimine. Paigaldamise ajal on soovitatav silinder \u00f5igesti joondada ja kinnitamiseks kasutada sobivaid kinnitusklambreid. Kopasilindri kasutusea pikendamiseks ja t\u00f6\u00f6kindluse parandamiseks on soovitatav regulaarselt kontrollida, parandada ja vahetada.<\/p>\n<p><img decoding=\"async\" src=\"https:\/\/www.hydraulic-cylinders.net\/wp-content\/uploads\/2025\/01\/songte-chushion-collar.webp\"\/><\/p>\n<h3>Yugongi WY75-7-8 kopasilindri ohutuskaalutlused ja keskkonnategurid<\/h3>\n<p>Kopasilindrite kasutamisel tuleks \u00f5nnetuste v\u00e4ltimiseks ja ohutu t\u00f6\u00f6 tagamiseks v\u00f5tta ohutusmeetmeid. Soovitatav on j\u00e4rgida ohutusjuhiseid ja kasutada sobivaid isikukaitsevahendeid, n\u00e4iteks kindaid ja silmakaitset. Arvesse tuleks v\u00f5tta ka keskkonnategureid, nagu temperatuur, niiskus ja kokkupuude kemikaalide v\u00f5i s\u00f6\u00f6vitavate materjalidega, ning v\u00f5tta asjakohaseid meetmeid ballooni kaitsmiseks kahjustuste eest.<\/p>\n<p><img decoding=\"async\" src=\"https:\/\/www.hydraulic-cylinders.net\/wp-content\/uploads\/2025\/01\/songte-bushings-with-all-kinds-of-excavator-models.webp\"\/><\/p>\n<h3>Kokkuv\u00f5te<\/h3>\n<p>H\u00fcdrauliliste silindrite juhtiva tootja ja hulgim\u00fc\u00fcjana pakume laia tootevalikut, et rahuldada erinevaid tegevusalaseid vajadusi. Meie p\u00fchendumus tipptasemele kvaliteedis, tootmisjuhtimises ja klienditeeninduses on teinud meist \u00fclemaailmse turu liidri. Oma t\u00e4iustatud tootmisv\u00f5imaluste ja k\u00f5rgelt kvalifitseeritud tehnilise meeskonnaga oleme p\u00fchendunud oma klientidele t\u00f5husate, t\u00e4psete ja kvaliteetsete toodete pakkumisele. Meie ettev\u00f5te pakub professionaalseid kohandamisteenuseid, rahvusvahelist sertifitseerimist ja suurep\u00e4rast m\u00fc\u00fcgij\u00e4rgset teenindust, et tagada klientide rahulolu.<\/p>\n<p><img decoding=\"async\" src=\"https:\/\/hzpt.com\/wp-content\/uploads\/2024\/11\/songte-company-1.webp\"\/><\/p>\n<p>Autor: lyl<\/p>","protected":false},"excerpt":{"rendered":"<p>Introduction Definition of Bucket Cylinder For Yugong WY75-7-8 The bucket cylinder for Yugong WY75-7-8 is a type of specialized hydraulic cylinder designed primarily to control the movement of the bucket in heavy machinery such as excavators, backhoe loaders, and front-end loaders. Its primary function is to enable the bucket to lift, lower, and tilt, thus [&hellip;]<\/p>","protected":false},"featured_media":14784,"comment_status":"open","ping_status":"closed","template":"","meta":{"_et_pb_use_builder":"","_et_pb_old_content":"","_et_gb_content_width":""},"product_brand":[],"product_cat":[1494],"product_tag":[1495,1496],"class_list":{"0":"post-15376","1":"product","2":"type-product","3":"status-publish","4":"has-post-thumbnail","6":"product_cat-bucket-cylinders","7":"product_tag-bucket-cylinders","8":"product_tag-hydraulic-cylinders","10":"first","11":"instock","12":"shipping-taxable","13":"product-type-simple"},"amp_enabled":true,"_links":{"self":[{"href":"https:\/\/www.hydraulic-cylinders.net\/et\/wp-json\/wp\/v2\/product\/15376","targetHints":{"allow":["GET"]}}],"collection":[{"href":"https:\/\/www.hydraulic-cylinders.net\/et\/wp-json\/wp\/v2\/product"}],"about":[{"href":"https:\/\/www.hydraulic-cylinders.net\/et\/wp-json\/wp\/v2\/types\/product"}],"replies":[{"embeddable":true,"href":"https:\/\/www.hydraulic-cylinders.net\/et\/wp-json\/wp\/v2\/comments?post=15376"}],"wp:featuredmedia":[{"embeddable":true,"href":"https:\/\/www.hydraulic-cylinders.net\/et\/wp-json\/wp\/v2\/media\/14784"}],"wp:attachment":[{"href":"https:\/\/www.hydraulic-cylinders.net\/et\/wp-json\/wp\/v2\/media?parent=15376"}],"wp:term":[{"taxonomy":"product_brand","embeddable":true,"href":"https:\/\/www.hydraulic-cylinders.net\/et\/wp-json\/wp\/v2\/product_brand?post=15376"},{"taxonomy":"product_cat","embeddable":true,"href":"https:\/\/www.hydraulic-cylinders.net\/et\/wp-json\/wp\/v2\/product_cat?post=15376"},{"taxonomy":"product_tag","embeddable":true,"href":"https:\/\/www.hydraulic-cylinders.net\/et\/wp-json\/wp\/v2\/product_tag?post=15376"}],"curies":[{"name":"wp","href":"https:\/\/api.w.org\/{rel}","templated":true}]}}