{"id":15378,"date":"2025-01-19T14:27:25","date_gmt":"2025-01-19T14:27:25","guid":{"rendered":"https:\/\/www.hydraulic-cylinders.net\/product\/bucket-cylinder-for-yugong-wy150-8\/"},"modified":"2025-01-19T14:27:27","modified_gmt":"2025-01-19T14:27:27","slug":"bucket-cylinder-for-yugong-wy150-8","status":"publish","type":"product","link":"https:\/\/www.hydraulic-cylinders.net\/et\/toode\/bucket-cylinder-for-yugong-wy150-8\/","title":{"rendered":"Kopa silinder Yugongi WY150-8 jaoks"},"content":{"rendered":"<p><!DOCTYPE html><br \/>\n<html><br \/>\n<head><br \/>\n<\/head><br \/>\n<body><\/p>\n<h1>Kopa silinder Yugongi WY150-8 jaoks<\/h1>\n<h2>Sissejuhatus<\/h2>\n<p>Kopa silinder on spetsiaalselt loodud h\u00fcdrauliline silinder, mida kasutatakse peamiselt kopa liikumise juhtimiseks rasketes masinates, n\u00e4iteks ekskavaatorites, laadur-ekskavaatorites ja rataslaadurites. Selle peamine \u00fclesanne on v\u00f5imaldada kopa t\u00f5stmist, langetamist ja kallutamist, h\u00f5lbustades mitmesuguseid materjali k\u00e4itlemise \u00fclesandeid. H\u00fcdraulilises s\u00fcsteemis saavutab kopa silinder kopa t\u00e4pse juhtimise, kasutades \u00e4ra h\u00fcdraulika\u00f5li r\u00f5humuutusi, v\u00f5imaldades operaatoritel t\u00f5husalt k\u00e4sitseda raskeid koormaid ning kohaneda keerukate t\u00f6\u00f6keskkondade ja mitmekesiste t\u00f6\u00f6n\u00f5uetega.<\/p>\n<p><img decoding=\"async\" src=\"https:\/\/www.hydraulic-cylinders.net\/wp-content\/uploads\/2025\/01\/songte-company-2.webp\" alt=\"\u00c4mbri silindri pilt\"><\/p>\n<h2>Omadused<\/h2>\n<ul>\n<li>Suur tugevus ja vastupidavus: Tavaliselt \u00fclitugevast terasest v\u00f5i alumiiniumist valmistatud kopa silinder talub k\u00f5rget r\u00f5hku ja suuri koormusi, kohandudes karmide t\u00f6\u00f6tingimustega. Projekteerimisel on arvestatud kulumiskindluse ja korrosioonikindlusega, et pikendada selle eluiga.<\/li>\n<li>T\u00f5hus h\u00fcdrauliline t\u00f6\u00f6: H\u00fcdraulika\u00f5li r\u00f5hu abil saavutab kopa silinder sujuva pikendus- ja tagasit\u00f5mbamisliigutuse, pakkudes v\u00f5imsaid t\u00f5uke- ja t\u00f5mbej\u00f5ude, mis sobivad raskete koormate ja keerukate t\u00f6\u00f6\u00fclesannete k\u00e4sitsemiseks.<\/li>\n<li>Erinevad t\u00fc\u00fcbid: \u00dchetoimelisi (h\u00fcdraulilist r\u00f5hku kasutatakse ainult \u00fches suunas) v\u00f5i kahetoimelisi (h\u00fcdraulilist r\u00f5hku kasutatakse kahes suunas) silindreid saab valida vastavalt konkreetsetele t\u00f6\u00f6vajadustele. M\u00f5ned mudelid on teleskoopilised, mis v\u00f5imaldab suuremat pikendamist ilma v\u00e4lism\u00f5\u00f5tmeid suurendamata, mist\u00f5ttu need sobivad piiratud ruumiga rakenduste jaoks.<\/li>\n<li>T\u00e4iuslik asendus: Meie toode saab need h\u00fcdraulilised silindrid ideaalselt asendada.<\/li>\n<\/ul>\n<p><img decoding=\"async\" src=\"https:\/\/www.hydraulic-cylinders.net\/wp-content\/uploads\/2025\/01\/songte-cylinder-head-with-all-kinds-excavator-models.webp\" alt=\"\u00c4mbri silindri asendamise pilt\"><\/p>\n<h2>Rakendused<\/h2>\n<p>Kopasilindrid leiavad rakendusi erinevates t\u00f6\u00f6stusharudes ja seadmetes:<\/p>\n<ul>\n<li>Ehitustehnika: Ekskavaatorites on oluline kaevamiseks, laadimiseks ja pinnase v\u00f5i prahi teisaldamiseks. Ekskavaatorites aitavad kopasilindrid nii kaevamist kui ka t\u00f5stmist.<\/li>\n<li>P\u00f5llumajandusmasinad: Kasutatakse esilaadurites mulla, heina ja muude materjalide k\u00fchveldamiseks, t\u00f5stmiseks ja transportimiseks.<\/li>\n<li>Ekskavaatorid: Kopasilindrid v\u00f5imaldavad kaevamist, lastes kopal pinnasesse tungida.<\/li>\n<li>Rataslaadurid: Rataslaadurites aitavad need lasti t\u00f5husalt t\u00f5sta ja kallutada.<\/li>\n<\/ul>\n<h2>Projekteerimiskaalutlused ja valikukriteeriumid<\/h2>\n<p>Kopasilindrite projekteerimiskaalutluste ja valikukriteeriumide osas on olulised mitmed tegurid:<\/p>\n<ul>\n<li>Kandev\u00f5ime: Arutage v\u00f5imet taluda suuri koormusi ja survet.<\/li>\n<li>Tihendus: Selgitage erinevate tihenduskomponentide, n\u00e4iteks kulumiskindlatest materjalidest (nt pol\u00fcuretaanist ja nitriilkummist) valmistatud kolvitihendite ja varrastihendite kasutamise olulisust.<\/li>\n<li>Vastupidavus: T\u00f5stes esile silindrite korpuste ja keermestatud otste peent pinnat\u00f6\u00f6tlust kulumiskindluse suurendamiseks.<\/li>\n<li>Ohutus: Arutage ohutusfunktsioone ja -kaalutlusi konstruktsioonis, et tagada ohutu t\u00f6\u00f6.<\/li>\n<li>Hooldatavus: Selgitage hoolduse ja remondi lihtsust, sh soovitatavaid perioodilisi kontrolle ja ennetavaid meetmeid.<\/li>\n<\/ul>\n<p><img decoding=\"async\" src=\"https:\/\/www.hydraulic-cylinders.net\/wp-content\/uploads\/2025\/01\/songte-oil-pipes-and-spare-parts.webp\" alt=\"\u00c4mbri silindri kujunduspilt\"><\/p>\n<h2>Tihendus ja m\u00e4\u00e4rimine<\/h2>\n<p>Kopasilindrid kasutavad optimaalse j\u00f5udluse tagamiseks mitmesuguseid tihenduskomponente:<\/p>\n<ul>\n<li>Kolvitihendid ja varrastihendid on valmistatud kulumiskindlatest materjalidest nagu pol\u00fcuretaan ja nitriilkummi.<\/li>\n<li>Silindrikorpused ja keermestatud otsad l\u00e4bivad kulumiskindluse parandamiseks peene pinnat\u00f6\u00f6tluse.<\/li>\n<li>Regulaarne m\u00e4\u00e4rimine sobiva h\u00fcdraulika\u00f5liga tagab sujuva t\u00f6\u00f6 ja pikaealisuse.<\/li>\n<\/ul>\n<h2>Regulaarne kontroll ja ennetav hooldus<\/h2>\n<p>Regulaarne kontroll ja ennetav hooldus on kopasilindri j\u00f5udluse ja pikaealisuse s\u00e4ilitamiseks \u00fcliolulised. M\u00f5ned soovitatavad meetmed on j\u00e4rgmised:<\/p>\n<ul>\n<li>Regulaarsed kontrollid lekete, kahjustuste ja kulumise suhtes.<\/li>\n<li>Liikuvate osade n\u00f5uetekohane m\u00e4\u00e4rimine ja \u00f5litamine.<\/li>\n<li>Optimaalse j\u00f5udluse tagamiseks tuleb tihendeid perioodiliselt vahetada.<\/li>\n<li>Kalibreerimiskontrollid t\u00e4pse t\u00f6\u00f6 tagamiseks.<\/li>\n<\/ul>\n<p><img decoding=\"async\" src=\"https:\/\/www.hydraulic-cylinders.net\/wp-content\/uploads\/2025\/01\/songte-chushion-collar.webp\" alt=\"Kopa silindri hoolduspilt\"><\/p>\n<h2>Ohutuskaalutlused ja keskkonnategurid<\/h2>\n<p>Kopasilindrite kasutamine h\u00f5lmab olulisi ohutusmeetmeid ohutu t\u00f6\u00f6 tagamiseks. Nende meetmete hulka kuuluvad:<\/p>\n<ul>\n<li>N\u00f5uetekohane v\u00e4lja\u00f5pe ja t\u00f6\u00f6protseduuride tundmine.<\/li>\n<li>Ohutusjuhiste ja -m\u00e4\u00e4ruste j\u00e4rgimine.<\/li>\n<li>Sobivate isikukaitsevahendite kasutamine.<\/li>\n<\/ul>\n<h2>Rikete diagnoosimine ja levinud probleemid<\/h2>\n<p>Kopasilindrite rikete v\u00f5i probleemide ilmnemisel aitavad j\u00e4rgmised punktid probleeme diagnoosida ja lahendada:<\/p>\n<ul>\n<li>Veaotsingu n\u00e4pun\u00e4idete ja lahenduste pakkumine.<\/li>\n<li>Ennetavate meetmete pakkumine v\u00f5imalike probleemide minimeerimiseks.<\/li>\n<\/ul>\n<p><img decoding=\"async\" src=\"https:\/\/www.hydraulic-cylinders.net\/wp-content\/uploads\/2025\/01\/songte-bushings-with-all-kinds-of-excavator-models.webp\" alt=\"Kopa silindri rikke diagnoosi pilt\"><\/p>\n<h2>Ettev\u00f5tte \u00fclevaade<\/h2>\n<p>Oleme juhtiv h\u00fcdrauliliste silindrite tootja ja hulgim\u00fc\u00fcja nii sise- kui ka rahvusvahelisel turul. Meie tootevalik on lai ja me p\u00fc\u00fcdleme kvaliteedis silma paistmise poole. T\u00e4nu oma t\u00e4iustatud tootmist\u00f6\u00f6kodadele, t\u00e4iustatud seadmetele ja professionaalsetele testimiss\u00fcsteemidele t\u00e4iustame pidevalt oma tootmisplatvormi ja tootekvaliteedi tootmisviise. Meie tugev loominguline v\u00f5imekus v\u00f5imaldab meil rahuldada klientide mitmekesiseid vajadusi suure efektiivsuse, t\u00e4psuse ja kvaliteediga.<\/p>\n<p><img decoding=\"async\" src=\"https:\/\/hzpt.com\/wp-content\/uploads\/2024\/11\/songte-company-1.webp\" alt=\"Ettev\u00f5tte kuvand\"><\/p>\n<h3>Professionaalsus<\/h3>\n<p>Meie tegevuses on oluline professionaalsus, tagades parima kvaliteediga tooted.<\/p>\n<h3>Rahvusvahelised sertifikaadid<\/h3>\n<p>Meil on rahvusvahelised sertifikaadid, mis kinnitavad meie h\u00fcdrosilindrite kvaliteeti ja t\u00f6\u00f6kindlust.<\/p>\n<h3>Kohandamise teenused<\/h3>\n<p>Pakume h\u00fcdrauliliste silindrite erin\u00f5uete t\u00e4itmiseks kohandamisteenuseid.<\/p>\n<h3>Tootmisseadmed<\/h3>\n<p>Kasutame t\u00e4iustatud tootmisseadmeid, et tagada t\u00f5hus ja t\u00e4pne tootmisprotsess.<\/p>\n<h3>M\u00fc\u00fcgij\u00e4rgne teenindus<\/h3>\n<p>Pakume oma h\u00fcdrosilindrite eluea pikendamiseks igak\u00fclgset m\u00fc\u00fcgij\u00e4rgset teenindust, sealhulgas komponentide vahetust ja taastamisteenuseid.<\/p>\n<p><img decoding=\"async\" src=\"https:\/\/www.hydraulic-cylinders.net\/wp-content\/uploads\/2025\/01\/songte-company-3.webp\" alt=\"Ettev\u00f5tte \u00fclevaate pilt\"><\/p>\n<p>Autor: lyl<\/p>\n<p><\/body><br \/>\n<\/html><\/p>","protected":false},"excerpt":{"rendered":"<p>Bucket Cylinder For Yugong WY150-8 Introduction The bucket cylinder is a specially designed hydraulic cylinder primarily used to control the movement of the bucket in heavy machinery such as excavators, backhoe excavators, and wheel loaders. Its main function is to enable the lifting, lowering, and tilting of the bucket, facilitating various material handling tasks. In [&hellip;]<\/p>","protected":false},"featured_media":14780,"comment_status":"open","ping_status":"closed","template":"","meta":{"_et_pb_use_builder":"","_et_pb_old_content":"","_et_gb_content_width":""},"product_brand":[],"product_cat":[1494],"product_tag":[1495,1496],"class_list":{"0":"post-15378","1":"product","2":"type-product","3":"status-publish","4":"has-post-thumbnail","6":"product_cat-bucket-cylinders","7":"product_tag-bucket-cylinders","8":"product_tag-hydraulic-cylinders","10":"first","11":"instock","12":"shipping-taxable","13":"product-type-simple"},"amp_enabled":true,"_links":{"self":[{"href":"https:\/\/www.hydraulic-cylinders.net\/et\/wp-json\/wp\/v2\/product\/15378","targetHints":{"allow":["GET"]}}],"collection":[{"href":"https:\/\/www.hydraulic-cylinders.net\/et\/wp-json\/wp\/v2\/product"}],"about":[{"href":"https:\/\/www.hydraulic-cylinders.net\/et\/wp-json\/wp\/v2\/types\/product"}],"replies":[{"embeddable":true,"href":"https:\/\/www.hydraulic-cylinders.net\/et\/wp-json\/wp\/v2\/comments?post=15378"}],"wp:featuredmedia":[{"embeddable":true,"href":"https:\/\/www.hydraulic-cylinders.net\/et\/wp-json\/wp\/v2\/media\/14780"}],"wp:attachment":[{"href":"https:\/\/www.hydraulic-cylinders.net\/et\/wp-json\/wp\/v2\/media?parent=15378"}],"wp:term":[{"taxonomy":"product_brand","embeddable":true,"href":"https:\/\/www.hydraulic-cylinders.net\/et\/wp-json\/wp\/v2\/product_brand?post=15378"},{"taxonomy":"product_cat","embeddable":true,"href":"https:\/\/www.hydraulic-cylinders.net\/et\/wp-json\/wp\/v2\/product_cat?post=15378"},{"taxonomy":"product_tag","embeddable":true,"href":"https:\/\/www.hydraulic-cylinders.net\/et\/wp-json\/wp\/v2\/product_tag?post=15378"}],"curies":[{"name":"wp","href":"https:\/\/api.w.org\/{rel}","templated":true}]}}