{"id":15381,"date":"2025-01-19T14:27:37","date_gmt":"2025-01-19T14:27:37","guid":{"rendered":"https:\/\/www.hydraulic-cylinders.net\/product\/bucket-cylinder-for-grand-cme85-9\/"},"modified":"2025-01-19T14:27:39","modified_gmt":"2025-01-19T14:27:39","slug":"bucket-cylinder-for-grand-cme85-9","status":"publish","type":"product","link":"https:\/\/www.hydraulic-cylinders.net\/et\/toode\/bucket-cylinder-for-grand-cme85-9\/","title":{"rendered":"Kopa silinder Grand CME85-9 jaoks"},"content":{"rendered":"<h1>Kopa silinder Grand CME85-9 jaoks <\/h1>\n<h2>Sissejuhatus<\/h2>\n<p>Grand CME85-9 kopa silinder on spetsiaalne h\u00fcdrauliline silinder, mida kasutatakse kopa liikumise juhtimiseks rasketes masinates, n\u00e4iteks ekskavaatorites, laadur-ekskavaatorites ja esilaadurites. Selle peamine \u00fclesanne on v\u00f5imaldada kopa t\u00f5stmist, langetamist ja kallutamist, et h\u00f5lbustada erinevaid materjali k\u00e4itlemise \u00fclesandeid. Kopa silinder saavutab kopa t\u00e4pse juhtimise, muutes h\u00fcdraulika\u00f5li r\u00f5hku h\u00fcdraulikas\u00fcsteemis. See v\u00f5imaldab operaatoril t\u00f5husalt k\u00e4sitseda raskeid koormaid, kohaneda keerukate t\u00f6\u00f6keskkondade ja mitmekesiste t\u00f6\u00f6vajadustega.<\/p>\n<p><img decoding=\"async\" src=\"https:\/\/www.hydraulic-cylinders.net\/wp-content\/uploads\/2025\/01\/songte-company-2.webp\" alt=\"Kopa silinder Grand CME85-9 pildile\"><\/p>\n<h2>Omadused<\/h2>\n<ul>\n<li>\n<h3>Suur tugevus ja vastupidavus<\/h3>\n<p>Need silindrid on tavaliselt valmistatud \u00fclitugevast terasest v\u00f5i alumiiniumist ning taluvad k\u00f5rget r\u00f5hku ja suuri koormusi, mist\u00f5ttu sobivad need karmidesse t\u00f6\u00f6keskkondadesse. Nende konstrueerimisel on arvestatud kulumiskindluse ja korrosioonikindlusega, et pikendada nende kasutusiga.<\/p>\n<\/li>\n<li>\n<h3>T\u00f5hus h\u00fcdrauliline t\u00f6\u00f6<\/h3>\n<p>Kopa silinder saavutab h\u00fcdraulika\u00f5li r\u00f5hu abil sujuva pikendus- ja tagasit\u00f5mbamisliigutuse. See reageerib juhtimisk\u00e4sklustele kiiresti, pakkudes v\u00f5imsaid t\u00f5uke- ja t\u00f5mbej\u00f5ude raskete koormate ja keerukate t\u00f6\u00f6\u00fclesannete k\u00e4sitlemiseks.<\/p>\n<\/li>\n<li>\n<h3>Mitu t\u00fc\u00fcpi<\/h3>\n<p>Silindri saab valida \u00fchetoimelisena (h\u00fcdraulilist r\u00f5hku kasutatakse ainult \u00fches suunas) v\u00f5i kahetoimelisena (h\u00fcdraulilist r\u00f5hku kasutatakse m\u00f5lemas suunas) vastavalt t\u00f6\u00f6vajadustele. M\u00f5ned mudelid on teleskoopilised, mis v\u00f5imaldab suuremat pikendamist ilma v\u00e4lism\u00f5\u00f5tmeid suurendamata, mist\u00f5ttu need sobivad piiratud ruumiga rakenduste jaoks.<\/p>\n<\/li>\n<li>\n<h3>V\u00f5ib kasutada h\u00fcdrauliliste silindrite asendajana<\/h3>\n<p>Meie ettev\u00f5te toodab h\u00fcdraulilisi silindreid, mis suudavad originaalsilindreid ideaalselt asendada.<\/p>\n<\/li>\n<li>\n<h3>Lai rakendus<\/h3>\n<p>Kopa silindreid kasutatakse mitmesugustes ehitus- ja p\u00f5llumajandusmasinates, n\u00e4iteks ekskavaatorites, esilaadurites ja ekskavaator-laadurites. Need on olulised pinnase, heina ja muude materjalide kaevamiseks, laadimiseks ja transportimiseks. <\/p>\n<\/li>\n<\/ul>\n<p><img decoding=\"async\" src=\"https:\/\/www.hydraulic-cylinders.net\/wp-content\/uploads\/2025\/01\/songte-cylinder-head-with-all-kinds-excavator-models.webp\" alt=\"Kopa silinder Grand CME85-9 pildile\"><\/p>\n<h2>Rakendused<\/h2>\n<p>Kopasilindrit saab kasutada erinevates ehitus- ja p\u00f5llumajandusmasinates selliste \u00fclesannete t\u00e4itmiseks nagu:<\/p>\n<ul>\n<li>\n<h3>Kaevamine<\/h3>\n<p>Kopasilindrid v\u00f5imaldavad kopal tungida pinnasesse kaevamiseks.<\/p>\n<\/li>\n<li>\n<h3>Laadimine ja transportimine<\/h3>\n<p>Silinder annab vajaliku t\u00f5stej\u00f5u mulla, heina ja muude materjalide laadimiseks ja transportimiseks.<\/p>\n<\/li>\n<li>\n<h3>Pr\u00fcgi kolimine<\/h3>\n<p>Kopa silindreid kasutatakse prahi ja muude esemete teisaldamiseks, mist\u00f5ttu on need h\u00e4davajalikud koristus- ja lammutust\u00f6\u00f6del.<\/p>\n<\/li>\n<\/ul>\n<h2>Projekteerimiskaalutlused ja valikukriteeriumid<\/h2>\n<p>Silindri valimisel tuleks arvestada j\u00e4rgmiste disaini- ja valikukriteeriumidega:<\/p>\n<ul>\n<li>\n<h3>Kandev\u00f5ime<\/h3>\n<p>Silinder peaks suutma kanda masina ja k\u00e4ideldava materjali koormust.<\/p>\n<\/li>\n<li>\n<h3>Tihendus ja vastupidavus<\/h3>\n<p>Silinder peaks olema konstrueeritud vastupidavate tihendite ja materjalidega, et tagada selle pikaealisus ning kulumis- ja korrosioonikindlus.<\/p>\n<\/li>\n<li>\n<h3>Ohutus ja hooldus<\/h3>\n<p>\u00d5nnetuste v\u00e4ltimiseks ja ballooni kasutusea pikendamiseks tuleks selle konstrueerimisel silmas pidada ohutust ja hoolduse lihtsust. <\/p>\n<\/li>\n<\/ul>\n<p><img decoding=\"async\" src=\"https:\/\/www.hydraulic-cylinders.net\/wp-content\/uploads\/2025\/01\/songte-oil-pipes-and-spare-parts.webp\" alt=\"Kopa silinder Grand CME85-9 pildile\"><\/p>\n<h2>Tihendus ja m\u00e4\u00e4rimine<\/h2>\n<p>Kopasilindril peaksid olema mitmesugused tihendid, n\u00e4iteks kolvi- ja vardatihendid, mis on valmistatud kulumiskindlatest materjalidest, n\u00e4iteks pol\u00fcuretaanist ja nitriilkummist. Silindri korpus ja keermepind tuleks kulumiskindluse parandamiseks peenelt t\u00f6\u00f6delda. Silindri sujuva ja t\u00f5husa t\u00f6\u00f6 tagamiseks on vajalik regulaarne m\u00e4\u00e4rimine sobiva h\u00fcdraulika\u00f5liga.<\/p>\n<h2>Hooldus ja t\u00f5rkeotsing<\/h2>\n<p>Kopasilindri n\u00f5uetekohase toimimise tagamiseks on vajalik regulaarne hooldus ja t\u00f5rkeotsing. Teha tuleks j\u00e4rgmisi toiminguid:<\/p>\n<ul>\n<li>\n<h3>Regulaarne kontroll<\/h3>\n<p>Ballooni ja selle komponentide regulaarne kontroll aitab potentsiaalseid probleeme varakult tuvastada ja \u00f5nnetusi ennetada.<\/p>\n<\/li>\n<li>\n<h3>\u00d5ige m\u00e4\u00e4rimine<\/h3>\n<p>\u00d5ige m\u00e4\u00e4rimine sobiva h\u00fcdraulika\u00f5liga tagab silindri sujuva ja t\u00f5husa t\u00f6\u00f6.<\/p>\n<\/li>\n<li>\n<h3>Tihendi vahetamine ja kalibreerimise kontroll<\/h3>\n<p>Kulunud tihendite vahetamine ja silindri kalibreerimise kontrollimine v\u00f5ivad pikendada selle kasutusiga.<\/p>\n<\/li>\n<\/ul>\n<p><img decoding=\"async\" src=\"https:\/\/www.hydraulic-cylinders.net\/wp-content\/uploads\/2025\/01\/songte-chushion-collar.webp\" alt=\"Kopa silinder Grand CME85-9 pildile\"><\/p>\n<h2>Ohutuskaalutlused ja keskkonnategurid<\/h2>\n<p>Kopasilindri kasutamisel peaks ohutus olema esmat\u00e4htis. \u00d5nnetuste v\u00e4ltimiseks on oluline j\u00e4rgida ohutusjuhiseid ja kanda sobivaid kaitsevahendeid. Ballooni k\u00e4itamisel tuleks arvesse v\u00f5tta ka keskkonnategureid, nagu temperatuur ja niiskus.<\/p>\n<h2>Ettev\u00f5tte tutvustus<\/h2>\n<p>Meie ettev\u00f5te on h\u00fcdrosilindrite tootja, pakkudes laia tootevalikut ning olles \u00fcks juhtivaid h\u00fcdrosilindrite tootjaid ja hulgim\u00fc\u00fcjaid nii sise- kui ka rahvusvahelisel turul. L\u00e4htume suurep\u00e4rase kvaliteedi p\u00f5him\u00f5ttest ja tugineme t\u00e4iustatud tootmist\u00f6\u00f6kodade t\u00f6\u00f6stusliku tootmise juhtimise strateegiale. T\u00e4iustame pidevalt oma tootmisplatvorme, investeerides tehnoloogilisse talenti, digitaalsetesse tipptasemel tootmisseadmetesse ja professionaalsetesse testimiss\u00fcsteemidesse. Meie eesm\u00e4rk on pakkuda klientide vajadustele vastavaid k\u00f5rge efektiivsusega, t\u00e4pseid ja kvaliteetseid tooteid.<\/p>\n<p><img decoding=\"async\" src=\"https:\/\/hzpt.com\/wp-content\/uploads\/2024\/11\/songte-company-1.webp\" alt=\"Kopa silinder Grand CME85-9 pildile\"><\/p>\n<h2>Lisateave<\/h2>\n<p>Meie ettev\u00f5te on tuntud oma professionaalsuse, rahvusvaheliste sertifikaatide, kohandatud teenuste, tootmisseadmete ja m\u00fc\u00fcgij\u00e4rgse teeninduse poolest. Pakume laia tootevalikut ning tagame oma klientidele suurep\u00e4rase kvaliteedi, konkurentsiv\u00f5imelised hinnad ja \u00f5igeaegse tarnimise.<\/p>\n<h2>Autor: lyl<\/h2>","protected":false},"excerpt":{"rendered":"<p>Bucket Cylinder For Grand CME85-9 Introduction The bucket cylinder for Grand CME85-9 is a specialized hydraulic cylinder used to control the movement of the bucket in heavy machinery such as excavators, backhoe loaders, and front end loaders. Its main function is to enable lifting, lowering, and tilting of the bucket to facilitate various material handling [&hellip;]<\/p>","protected":false},"featured_media":14773,"comment_status":"open","ping_status":"closed","template":"","meta":{"_et_pb_use_builder":"","_et_pb_old_content":"","_et_gb_content_width":""},"product_brand":[],"product_cat":[1494],"product_tag":[1495,1496],"class_list":{"0":"post-15381","1":"product","2":"type-product","3":"status-publish","4":"has-post-thumbnail","6":"product_cat-bucket-cylinders","7":"product_tag-bucket-cylinders","8":"product_tag-hydraulic-cylinders","10":"first","11":"instock","12":"shipping-taxable","13":"product-type-simple"},"amp_enabled":true,"_links":{"self":[{"href":"https:\/\/www.hydraulic-cylinders.net\/et\/wp-json\/wp\/v2\/product\/15381","targetHints":{"allow":["GET"]}}],"collection":[{"href":"https:\/\/www.hydraulic-cylinders.net\/et\/wp-json\/wp\/v2\/product"}],"about":[{"href":"https:\/\/www.hydraulic-cylinders.net\/et\/wp-json\/wp\/v2\/types\/product"}],"replies":[{"embeddable":true,"href":"https:\/\/www.hydraulic-cylinders.net\/et\/wp-json\/wp\/v2\/comments?post=15381"}],"wp:featuredmedia":[{"embeddable":true,"href":"https:\/\/www.hydraulic-cylinders.net\/et\/wp-json\/wp\/v2\/media\/14773"}],"wp:attachment":[{"href":"https:\/\/www.hydraulic-cylinders.net\/et\/wp-json\/wp\/v2\/media?parent=15381"}],"wp:term":[{"taxonomy":"product_brand","embeddable":true,"href":"https:\/\/www.hydraulic-cylinders.net\/et\/wp-json\/wp\/v2\/product_brand?post=15381"},{"taxonomy":"product_cat","embeddable":true,"href":"https:\/\/www.hydraulic-cylinders.net\/et\/wp-json\/wp\/v2\/product_cat?post=15381"},{"taxonomy":"product_tag","embeddable":true,"href":"https:\/\/www.hydraulic-cylinders.net\/et\/wp-json\/wp\/v2\/product_tag?post=15381"}],"curies":[{"name":"wp","href":"https:\/\/api.w.org\/{rel}","templated":true}]}}