{"id":15387,"date":"2025-01-19T14:28:01","date_gmt":"2025-01-19T14:28:01","guid":{"rendered":"https:\/\/www.hydraulic-cylinders.net\/product\/bucket-cylinder-for-volvo-small-excavator-ec60c-80d\/"},"modified":"2025-01-19T14:28:03","modified_gmt":"2025-01-19T14:28:03","slug":"bucket-cylinder-for-volvo-small-excavator-ec60c-80d","status":"publish","type":"product","link":"https:\/\/www.hydraulic-cylinders.net\/et\/toode\/bucket-cylinder-for-volvo-small-excavator-ec60c-80d\/","title":{"rendered":"Kopa silinder Volvo v\u00e4ikeekskavaatorile EC60C\/80D"},"content":{"rendered":"<h1>Kopa silinder Volvo v\u00e4ikeekskavaatorile EC60C\/80D<\/h1>\n<h2>Sissejuhatus<\/h2>\n<p>Kopa silinder on spetsiaalselt konstrueeritud h\u00fcdrauliline silinder, mida kasutatakse kopa liikumise juhtimiseks rasketes masinates, n\u00e4iteks ekskavaatorites, laadur-ekskavaatorites ja esilaadurites. Selle peamine \u00fclesanne on v\u00f5imaldada kopa t\u00f5stmist, langetamist ja kallutamist, muutes mitmesuguste materjalik\u00e4itlust\u00f6\u00f6de tegemise lihtsamaks. H\u00fcdraulilises s\u00fcsteemis saavutab kopa silinder kopa t\u00e4pse juhtimise h\u00fcdraulika\u00f5li r\u00f5hu muutuste abil, v\u00f5imaldades operaatoritel t\u00f5husalt k\u00e4sitseda raskeid koormaid ning kohaneda keerukate t\u00f6\u00f6keskkondade ja mitmekesiste t\u00f6\u00f6n\u00f5uetega.<\/p>\n<p><img decoding=\"async\" src=\"https:\/\/www.hydraulic-cylinders.net\/wp-content\/uploads\/2025\/01\/songte-company-2.webp\" alt=\"Kopa silinder Volvo v\u00e4ikeekskavaatorile EC60C\/80D\"><\/p>\n<h2>Omadused<\/h2>\n<ul>\n<li>\n<h3>Suur tugevus ja vastupidavus<\/h3>\n<p>Kopasilindrid on tavaliselt valmistatud \u00fclitugevast terasest v\u00f5i alumiiniumist, mis talub k\u00f5rget r\u00f5hku ja suuri koormusi ning kohandub karmide t\u00f6\u00f6keskkondadega. Projekteerimisel on arvestatud kulumiskindluse ja korrosioonikindlusega, pikendades kasutusiga.<\/p>\n<\/li>\n<li>\n<h3>T\u00f5hus h\u00fcdrauliline t\u00f6\u00f6<\/h3>\n<p>Kopasilindrid kasutavad sujuva pikenemise ja kokkut\u00f5mbumise saavutamiseks h\u00fcdraulilist \u00f5lir\u00f5hku, mis v\u00f5imaldab kiiret reageerimist juhtimisk\u00e4sklustele ning v\u00f5imsat t\u00f5uke- ja t\u00f5mbej\u00f5udu, mis sobib raskete koormate ja keerukate t\u00f6\u00f6\u00fclesannete k\u00e4sitsemiseks.<\/p>\n<\/li>\n<li>\n<h3>Mitmekesised t\u00fc\u00fcbid<\/h3>\n<p>Kopasilindrid saab vastavalt vajadusele valida \u00fchetoimelistena (h\u00fcdraulilist s\u00fcsteemi kasutatakse ainult \u00fches suunas) v\u00f5i kahetoimelistena (h\u00fcdraulilist s\u00fcsteemi kasutatakse m\u00f5lemas suunas), mis v\u00f5imaldab m\u00f5nel mudelil suuremat pikendust ilma v\u00e4lism\u00f5\u00f5tmeid suurendamata, sobides ruumipiirangutega rakenduste jaoks.<\/p>\n<\/li>\n<li>\n<h3>T\u00e4iuslik asendus<\/h3>\n<p>Meie tooted suudavad neid h\u00fcdrosilindreid ideaalselt asendada.<\/p>\n<\/li>\n<\/ul>\n<p><img decoding=\"async\" src=\"https:\/\/www.hydraulic-cylinders.net\/wp-content\/uploads\/2025\/01\/songte-cylinder-head-with-all-kinds-excavator-models.webp\" alt=\"Kopa silinder Volvo v\u00e4ikeekskavaatorile EC60C\/80D\"><\/p>\n<h2>Rakendused<\/h2>\n<ul>\n<li>\n<h3>Ehitustehnika<\/h3>\n<p>Kopasilindrid on ekskavaatorites h\u00e4davajalikud kaevamiseks, laadimiseks ja pinnase v\u00f5i prahi teisaldamiseks. Ekskavaatoritel aitavad kopasilindrid nii kaevamisel kui ka t\u00f5stmisel. Esilaaduritel aitavad need kaupu t\u00f5husalt t\u00f5sta ja t\u00fchjendada.<\/p>\n<\/li>\n<li>\n<h3>P\u00f5llumajandustehnika<\/h3>\n<p>Kopa silindreid kasutatakse esilaaduritel pinnase, heina ja muude materjalide kaevamiseks, t\u00f5stmiseks ja transportimiseks. Ekskavaatorites saavutavad nad kaevamisfunktsiooni, lastes kopal pinnasesse tungida. <\/p>\n<\/li>\n<\/ul>\n<h2>Projekteerimiskaalutlused ja valikukriteeriumid<\/h2>\n<p>Kopasilindri valimisel on oluline arvestada selle kandev\u00f5imet, tihendust, vastupidavust, ohutust ja hooldatavust. <\/p>\n<h3>Kandev\u00f5ime<\/h3>\n<p>H\u00fcdrosilindri kandev\u00f5ime s\u00f5ltub silindri korpuse tugevusest, silindri korpuse sisepinna siledusest, silindri seina paksusest ja \u00fchendusdetailide tugevusest. Lisaks peavad silindri kolb ja \u00fchendusvarras olema valmistatud \u00fclitugevatest materjalidest, et taluda k\u00f5rget r\u00f5hku ja suuri koormusi.<\/p>\n<h3>Tihendus<\/h3>\n<p>Silindri tihendus on \u00f5lilekke v\u00e4ltimiseks ja h\u00fcdros\u00fcsteemi sujuva t\u00f6\u00f6 tagamiseks \u00fclioluline. Silinder peaks olema varustatud mitmesuguste tihenduskomponentidega, n\u00e4iteks kolvitihendite, vardatihendite ja padjatihenditega, mis on valmistatud kulumiskindlatest materjalidest, n\u00e4iteks pol\u00fcuretaanist ja nitriilkummist, et parandada tihendust\u00f5husust ja pikendada kasutusiga.<\/p>\n<h3>Vastupidavus<\/h3>\n<p>Silindri korpus ja silindripea keermestatud otsapind tuleks peenelt t\u00f6\u00f6delda, et parandada kulumiskindlust ja korrosioonikindlust. Silindri vastupidavuse s\u00e4ilitamiseks on vaja ka regulaarset m\u00e4\u00e4rimist.<\/p>\n<h3>Ohutus<\/h3>\n<p>Kopasilindril peaks olema kaitseklapp, et v\u00e4ltida h\u00fcdraulilise r\u00f5hulanguse v\u00f5i muude ootamatute olukordade p\u00f5hjustatud j\u00e4rske r\u00f5hulangusi. Lisaks peaks operaator enne silindri kasutamist tundma t\u00f6\u00f6protseduure, hooldusn\u00f5udeid ja ohutusn\u00f5udeid.<\/p>\n<h3>Hooldatavus<\/h3>\n<p>Kopasilindrit peaks olema lihtne lahti v\u00f5tta ja hooldada. Hea kopasilindri tihendid, kolvivardad ja kulumiskindlad osad peaksid olema kergesti vahetatavad. <\/p>\n<p><img decoding=\"async\" src=\"https:\/\/www.hydraulic-cylinders.net\/wp-content\/uploads\/2025\/01\/songte-oil-pipes-and-spare-parts.webp\" alt=\"Kopa silinder Volvo v\u00e4ikeekskavaatorile EC60C\/80D\"><\/p>\n<h2>Hooldus ja remont<\/h2>\n<p>Regulaarne hooldus ja remont v\u00f5ivad kopasilindri kasutusiga maksimeerida.<\/p>\n<h3>Paigaldamine<\/h3>\n<p>\u00d5ige paigaldus on kopasilindri t\u00f6\u00f6ks kriitilise t\u00e4htsusega. Soovitatav on silinder \u00f5igesti joondada ja kinnitamiseks kasutada sobivaid kinnitusklambreid.<\/p>\n<h3>Hooldus<\/h3>\n<ul>\n<li>Regulaarne kontroll: Kontrollige silindrit regulaarselt, et kulumist ja kahjustusi varakult avastada.<\/li>\n<li>M\u00e4\u00e4rimine: Lisage regulaarselt vajalik kogus h\u00fcdraulika\u00f5li, et silinder oleks m\u00e4\u00e4ritud. <\/li>\n<li>Tihendi vahetamine: \u00d5li lekke v\u00e4ltimiseks vahetage tihendit regulaarselt. <\/li>\n<li>Kalibreerimise kontroll: Kontrollige kopasilindri kalibreerimist, et tagada selle n\u00f5uetekohane t\u00f6\u00f6.<\/li>\n<\/ul>\n<h3>Remont<\/h3>\n<p>Kopasilindri remondiprotsess peaks j\u00e4rgima soovitatud protseduure. Kopasilindri n\u00f5uetekohase t\u00f6\u00f6 tagamiseks on oluline kasutada kvaliteetseid varuosi ja remonditeenuseid.<\/p>\n<p><img decoding=\"async\" src=\"https:\/\/www.hydraulic-cylinders.net\/wp-content\/uploads\/2025\/01\/songte-chushion-collar.webp\" alt=\"Kopa silinder Volvo v\u00e4ikeekskavaatorile EC60C\/80D\"><\/p>\n<h2>Ohutus- ja keskkonnakaalutlused<\/h2>\n<p>Kopasilindri kasutamisel on \u00f5nnetuste v\u00e4ltimiseks oluline j\u00e4rgida ohutusmeetmeid. Samuti tuleks kopasilindris kasutatud h\u00fcdraulika\u00f5li keskkonna kaitsmiseks n\u00f5uetekohaselt utiliseerida.<\/p>\n<h2>Vea diagnoosimine ja levinud probleemid<\/h2>\n<p>Kopasilindrite levinud probleemide hulka kuuluvad \u00f5lileke, ebanormaalne m\u00fcra ja ebapiisav v\u00f5imsus. Nende probleemide diagnoosimiseks ja lahendamiseks on vaja kontrollida h\u00fcdros\u00fcsteemi, vahetada tihendeid, kontrollida kalibreerimist ja silinder \u00fcmber ehitada.<\/p>\n<p><img decoding=\"async\" src=\"https:\/\/www.hydraulic-cylinders.net\/wp-content\/uploads\/2025\/01\/songte-bushings-with-all-kinds-of-excavator-models.webp\" alt=\"Kopa silinder Volvo v\u00e4ikeekskavaatorile EC60C\/80D\"><\/p>\n<h2>Meie ettev\u00f5ttest<\/h2>\n<p>Oleme juhtiv h\u00fcdrauliliste silindrite tootja ja hulgim\u00fc\u00fcja nii sise- kui ka rahvusvahelistel turgudel. Pakume laia valikut tooteid ja teenuseid, sealhulgas kohandamist, tootmist ja m\u00fc\u00fcgij\u00e4rgset tuge. Meie ettev\u00f5te j\u00e4rgib klientide mitmekesiste vajaduste rahuldamiseks k\u00f5rge efektiivsuse, suure t\u00e4psuse ja k\u00f5rge kvaliteedi p\u00f5him\u00f5tteid. <\/p>\n<h3>Professionaalsus<\/h3>\n<p>Meil on professionaalne tehniline meeskond ja t\u00e4iustatud digitaalsed tootmisseadmed, mis v\u00f5imaldavad meil pakkuda oma klientidele kvaliteetseid tooteid ja teenuseid.<\/p>\n<h3>Rahvusvaheline sertifitseerimine<\/h3>\n<p>Meie tooted on l\u00e4binud ISO9001 kvaliteedijuhtimiss\u00fcsteemi sertifikaadi ja CE-sertifikaadi, mis tagab meie toodete kvaliteedi ja ohutuse.<\/p>\n<h3>Kohandamise teenus<\/h3>\n<p>Pakume klientide erivajaduste rahuldamiseks kohandamisteenuseid.<\/p>\n<h3>Tootmisseadmed<\/h3>\n<p>Meil on t\u00e4iustatud digitaalsed tootmisseadmed ja professionaalsed tootmisliinid, et tagada toote kvaliteet ja tootmise efektiivsus.<\/p>\n<h3>M\u00fc\u00fcgij\u00e4rgne teenindus<\/h3>\n<p>Pakume h\u00fcdraulikas\u00fcsteemi t\u00f5rgeteta t\u00f6\u00f6 tagamiseks igak\u00fclgset m\u00fc\u00fcgij\u00e4rgset teenindust, sealhulgas tehnilist tuge, hooldusteenuseid ja varuosade vahetusteenuseid.<\/p>\n<p><img decoding=\"async\" src=\"https:\/\/hzpt.com\/wp-content\/uploads\/2024\/11\/songte-company-1.webp\" alt=\"Kopa silinder Volvo v\u00e4ikeekskavaatorile EC60C\/80D\"><\/p>\n<p>Autor: lyl<\/p>","protected":false},"excerpt":{"rendered":"<p>Bucket Cylinder For Volvo Small Excavator EC60C\/80D Introduction A bucket cylinder is a specially designed hydraulic cylinder used to control the movement of a bucket in heavy machinery such as excavators, backhoe excavators, and front-end loaders. Its primary function is to enable the bucket to lift, lower, and tilt, making it easier to perform various [&hellip;]<\/p>","protected":false},"featured_media":14789,"comment_status":"open","ping_status":"closed","template":"","meta":{"_et_pb_use_builder":"","_et_pb_old_content":"","_et_gb_content_width":""},"product_brand":[],"product_cat":[1494],"product_tag":[1495,1496],"class_list":{"0":"post-15387","1":"product","2":"type-product","3":"status-publish","4":"has-post-thumbnail","6":"product_cat-bucket-cylinders","7":"product_tag-bucket-cylinders","8":"product_tag-hydraulic-cylinders","10":"first","11":"instock","12":"shipping-taxable","13":"product-type-simple"},"amp_enabled":true,"_links":{"self":[{"href":"https:\/\/www.hydraulic-cylinders.net\/et\/wp-json\/wp\/v2\/product\/15387","targetHints":{"allow":["GET"]}}],"collection":[{"href":"https:\/\/www.hydraulic-cylinders.net\/et\/wp-json\/wp\/v2\/product"}],"about":[{"href":"https:\/\/www.hydraulic-cylinders.net\/et\/wp-json\/wp\/v2\/types\/product"}],"replies":[{"embeddable":true,"href":"https:\/\/www.hydraulic-cylinders.net\/et\/wp-json\/wp\/v2\/comments?post=15387"}],"wp:featuredmedia":[{"embeddable":true,"href":"https:\/\/www.hydraulic-cylinders.net\/et\/wp-json\/wp\/v2\/media\/14789"}],"wp:attachment":[{"href":"https:\/\/www.hydraulic-cylinders.net\/et\/wp-json\/wp\/v2\/media?parent=15387"}],"wp:term":[{"taxonomy":"product_brand","embeddable":true,"href":"https:\/\/www.hydraulic-cylinders.net\/et\/wp-json\/wp\/v2\/product_brand?post=15387"},{"taxonomy":"product_cat","embeddable":true,"href":"https:\/\/www.hydraulic-cylinders.net\/et\/wp-json\/wp\/v2\/product_cat?post=15387"},{"taxonomy":"product_tag","embeddable":true,"href":"https:\/\/www.hydraulic-cylinders.net\/et\/wp-json\/wp\/v2\/product_tag?post=15387"}],"curies":[{"name":"wp","href":"https:\/\/api.w.org\/{rel}","templated":true}]}}