{"id":15390,"date":"2025-01-19T14:28:12","date_gmt":"2025-01-19T14:28:12","guid":{"rendered":"https:\/\/www.hydraulic-cylinders.net\/product\/bucket-cylinder-for-volvo-middle-excavator-ec200b\/"},"modified":"2025-01-19T14:28:14","modified_gmt":"2025-01-19T14:28:14","slug":"bucket-cylinder-for-volvo-middle-excavator-ec200b","status":"publish","type":"product","link":"https:\/\/www.hydraulic-cylinders.net\/et\/toode\/bucket-cylinder-for-volvo-middle-excavator-ec200b\/","title":{"rendered":"Kopa silinder Volvo keskmise ekskavaatori EC200B jaoks"},"content":{"rendered":"<h1>Kopa silinder Volvo keskmise ekskavaatori EC200B jaoks<\/h1>\n<h2>Sissejuhatus<\/h2>\n<p>Kopa silinder on spetsiaalselt konstrueeritud h\u00fcdrauliline silinder, mida kasutatakse koppade liikumise juhtimiseks rasketes masinates, n\u00e4iteks ekskavaatorites, laadur-ekskavaatorites ja esilaadurites. Selle peamine \u00fclesanne on kopa t\u00f5stmine, langetamine ja kallutamine, mis lihtsustab mitmesuguste materjalik\u00e4itlust\u00f6\u00f6de tegemist. H\u00fcdraulilises s\u00fcsteemis saavutab kopa silinder kopa t\u00e4pse juhtimise h\u00fcdraulika\u00f5li r\u00f5humuutuste abil, v\u00f5imaldades operaatoritel raskeid koormaid t\u00f5husalt k\u00e4sitseda, kohaneda keerukate t\u00f6\u00f6keskkondade ja mitmekesiste t\u00f6\u00f6n\u00f5uetega.<\/p>\n<p><img decoding=\"async\" src=\"https:\/\/www.hydraulic-cylinders.net\/wp-content\/uploads\/2025\/01\/songte-company-2.webp\" alt=\"\u00c4mbri silindri pilt\"><\/p>\n<h2>Omadused<\/h2>\n<ul>\n<li><strong>Suur tugevus ja vastupidavus:<\/strong> Tavaliselt valmistatud \u00fclitugevast terasest v\u00f5i alumiiniumist, talub see k\u00f5rget r\u00f5hku ja suuri koormusi, kohandudes karmide t\u00f6\u00f6keskkondadega. Projekteerimisel on arvestatud kulumiskindluse ja korrosioonikindlusega, pikendades kasutusiga.<\/li>\n<li><strong>T\u00f5hus h\u00fcdrauliline t\u00f6\u00f6:<\/strong> See saavutab h\u00fcdraulika\u00f5li r\u00f5hu abil sujuva paisumise ja kokkut\u00f5mbumise, reageerib juhtimisk\u00e4sklustele kiiresti, pakub v\u00f5imsat t\u00f5uke- ja t\u00f5mbej\u00f5udu ning sobib raskete koormate ja keerukate t\u00f6\u00f6\u00fclesannete k\u00e4sitsemiseks.<\/li>\n<li><strong>Erinevad t\u00fc\u00fcbid:<\/strong> Vastavalt t\u00f6\u00f6vajadustele saab valida \u00fchetoimelisi (h\u00fcdraulika t\u00f6\u00f6tab ainult \u00fches suunas) v\u00f5i kahetoimelisi (h\u00fcdraulika t\u00f6\u00f6tab m\u00f5lemas suunas) silindreid. M\u00f5ned mudelid on teleskoopilised, mis v\u00f5imaldab suuremat pikendamist ilma v\u00e4lism\u00f5\u00f5tmeid suurendamata, sobides piiratud ruumiga rakenduste jaoks.<\/li>\n<li><strong>Kohandatav tootmine:<\/strong> Meie tooted suudavad neid h\u00fcdrosilindreid ideaalselt asendada.<\/li>\n<li><strong>Laialdaselt kasutatav:<\/strong> Kopasilindrit kasutatakse erinevates valdkondades, n\u00e4iteks ehitustehnika, p\u00f5llumajandustehnika, ekskavaatorite ja esilaadurite puhul. <\/li>\n<\/ul>\n<p><img decoding=\"async\" src=\"https:\/\/www.hydraulic-cylinders.net\/wp-content\/uploads\/2025\/01\/songte-cylinder-head-with-all-kinds-excavator-models.webp\" alt=\"\u00c4mbri silindri asendamise pilt\"><\/p>\n<h2>Rakendused<\/h2>\n<h3>Ehitustehnika<\/h3>\n<p>Ekskavaatorites on need h\u00e4davajalikud kaevamiseks, laadimiseks ja pinnase v\u00f5i prahi teisaldamiseks. Ekskavaator-laadurites aitab kopa silinder nii kaevamisel kui ka t\u00f5stmisel. <\/p>\n<h3>P\u00f5llumajandustehnika<\/h3>\n<p>Kasutatakse esilaadurite jaoks mulla, heina ja muude materjalide \u00fclesv\u00f5tmiseks, t\u00f5stmiseks ja transportimiseks. <\/p>\n<h3>Ekskavaatorid<\/h3>\n<p>Kopa silinder v\u00f5imaldab kaevamist, lastes kopal pinnasesse tungida. <\/p>\n<h3>Eesmised laadurid<\/h3>\n<p>Esilaadurites aitavad need kaupu t\u00f5husalt t\u00f5sta ja t\u00fchjendada. <\/p>\n<p><img decoding=\"async\" src=\"https:\/\/www.hydraulic-cylinders.net\/wp-content\/uploads\/2025\/01\/songte-chushion-collar.webp\" alt=\"Kopa silindri pukside pilt\"><\/p>\n<h2>Projekteerimiskaalutlused ja valikukriteeriumid<\/h2>\n<h3>Kandev\u00f5ime<\/h3>\n<p>Kopa silindril peab olema piisav kandev\u00f5ime, et see taluks maksimaalset koormust ja v\u00e4ldiks ohutusriske.<\/p>\n<h3>Tihendus<\/h3>\n<p>Kasutatakse mitmesuguseid tihenduselemente, n\u00e4iteks kolvitihendeid ja varrastihendeid, mis on valmistatud kulumiskindlatest materjalidest nagu pol\u00fcuretaan ja nitriilkummi. Silindri korpus ja keermeotsad on peenelt t\u00f6\u00f6deldud, mis parandab kulumiskindlust. <\/p>\n<h3>Vastupidavus<\/h3>\n<p>Kopasilindri vastupidavus on kriitilise t\u00e4htsusega, eriti arvestades karmi t\u00f6\u00f6keskkonda. Silinder peab suutma pikka aega riketeta t\u00f6\u00f6tada.<\/p>\n<h3>Ohutus<\/h3>\n<p>Balloon peab vastama ohutusstandarditele, tagades selle ohutu toimimise ega kujuta endast ohtu operaatorile ega teistele t\u00f6\u00f6tajatele.<\/p>\n<h3>Hooldus<\/h3>\n<p>Kopasilindrit peab olema lihtne hooldada ja madalate hoolduskuludega. S\u00fcsteem peaks olema kergesti ligip\u00e4\u00e4setav, v\u00f5imaldades kiiret ja lihtsat hooldust.<\/p>\n<p><img decoding=\"async\" src=\"https:\/\/www.hydraulic-cylinders.net\/wp-content\/uploads\/2025\/01\/songte-oil-pipes-and-spare-parts.webp\" alt=\"Kopasilindri varuosade pilt\"><\/p>\n<h2>Tihendus ja m\u00e4\u00e4rimine<\/h2>\n<p>Kopa silinder sisaldab mitmesuguseid tihendeid, et v\u00e4ltida h\u00fcdraulika\u00f5li lekkimist. Kulumiskindluse tagamiseks kasutatakse tihendusmaterjale, nagu pol\u00fcuretaan ja nitriilkummi. Kopa silindri regulaarne m\u00e4\u00e4rimine h\u00fcdraulika\u00f5liga v\u00f5ib parandada selle t\u00f6\u00f6 efektiivsust ja v\u00e4hendada rikkeohtu. <\/p>\n<h2>Hooldus ja remont<\/h2>\n<h3>Regulaarsed tervisekontrollid<\/h3>\n<p>Regulaarsed kontrollid aitavad tuvastada v\u00f5imalikke probleeme ja v\u00e4ltida silindri rikkeid. Soovitatav on kontrollida silindrit kulumise, deformatsiooni v\u00f5i kahjustuste suhtes ning vajadusel osad v\u00e4lja vahetada.<\/p>\n<h3>\u00d5ige m\u00e4\u00e4rimine<\/h3>\n<p>Kopa silindrit tuleb selle t\u00f5husa t\u00f6\u00f6 tagamiseks \u00f5igesti m\u00e4\u00e4rida. Soovitatav on kasutada h\u00fcdraulika\u00f5li ja lisada seda regulaarselt s\u00fcsteemi.<\/p>\n<h3>Tihendi vahetamine<\/h3>\n<p>Kulunud tihendite vahetamine v\u00f5ib parandada silindri j\u00f5udlust ja v\u00e4ltida \u00f5lilekkeid.<\/p>\n<h3>Kalibreerimiskontroll<\/h3>\n<p>Kalibreerimiskontroll aitab tagada, et kopa silinder t\u00f6\u00f6tab \u00f5igesti ja t\u00f5husalt.<\/p>\n<p><img decoding=\"async\" src=\"https:\/\/www.hydraulic-cylinders.net\/wp-content\/uploads\/2025\/01\/songte-bushings-with-all-kinds-of-excavator-models.webp\" alt=\"Kopa silindri pukside pilt\"><\/p>\n<h2>Ohutuskaalutlused ja keskkonnategurid<\/h2>\n<p>Kopa silinder peab vastama ohutusstandarditele, tagades selle ohutu t\u00f6\u00f6 ja ohutuse operaatorile ega teistele t\u00f6\u00f6tajatele. N\u00f5uetekohane kasutamine ja hooldus aitavad v\u00e4hendada keskkonnam\u00f5ju.<\/p>\n<h2>Levinumad probleemid ja t\u00f5rkeotsing<\/h2>\n<p>Kopasilindril v\u00f5ib esineda mitmesuguseid probleeme, n\u00e4iteks \u00f5lileke, silindri deformatsioon ja mittepikenemine\/kokkut\u00f5mbumine. N\u00f5uetekohane hooldus ja remont v\u00f5ivad enamiku probleemidest lahendada.<\/p>\n<h2>Ettev\u00f5tte tutvustus<\/h2>\n<p>Oleme asendush\u00fcdrauliliste silindrite tootja, pakkudes laia tootevalikut. Olles \u00fcks juhtivaid h\u00fcdrosilindrite tootjaid ja hulgim\u00fc\u00fcjaid nii sise- kui ka rahvusvahelisel turul, j\u00e4rgime tipptaseme p\u00f5him\u00f5tteid, tugineme industrialiseeritud tootmisjuhtimise strateegiatele, mida toetavad keerukad tootmist\u00f6\u00f6kojad, t\u00e4iustame pidevalt t\u00f6\u00f6koja tootmisplatvormi, parandame tootesarja tootmiskvaliteeti ning omame tugevaid loomingulisi v\u00f5imeid. Vastame klientide mitmekesistele vajadustele suure efektiivsuse, t\u00e4psuse ja kvaliteediga.<\/p>\n<p><img decoding=\"async\" src=\"https:\/\/hzpt.com\/wp-content\/uploads\/2024\/11\/songte-company-1.webp\" alt=\"Ettev\u00f5tte kuvand\"><\/p>\n<h3>Professionaalsus<\/h3>\n<p>Meil on meeskond spetsialiste, kellel on rikkalikud teadmised ja kogemused h\u00fcdrauliliste silindrite alal, et tagada meie toodete ja teenuste kvaliteet.<\/p>\n<h3>Rahvusvaheline sertifitseerimine<\/h3>\n<p>Meie tooted on sertifitseeritud vastavalt rahvusvahelistele standarditele, mis tagab nende vastavuse k\u00f5rgeimatele ohutus-, j\u00f5udlus- ja vastupidavusstandarditele.<\/p>\n<h3>Kohandamise teenus<\/h3>\n<p>Pakume klientide ainulaadsete vajaduste rahuldamiseks kohandamisteenuseid.<\/p>\n<h3>Tootmisseadmed<\/h3>\n<p>Meil on t\u00e4ielik tootmisseadmete komplekt, sealhulgas t\u00f6\u00f6tlemiskeskused, CNC-treipingid ja muud keerukad tootmisseadmed, mis tagavad meie toodete kvaliteedi.<\/p>\n<h3>M\u00fc\u00fcgij\u00e4rgne teenindus<\/h3>\n<p>Pakume igak\u00fclgset m\u00fc\u00fcgij\u00e4rgset teenindust, mis h\u00f5lmab hooldust, remonti ja varuosade vahetust.<\/p>\n<p><img decoding=\"async\" src=\"https:\/\/www.hydraulic-cylinders.net\/wp-content\/uploads\/2025\/01\/songte-company-3.webp\" alt=\"Ettev\u00f5tte kuvand\"><\/p>\n<p>Autor: lyl<\/p>","protected":false},"excerpt":{"rendered":"<p>Bucket Cylinder For Volvo Middle Excavator EC200B Introduction A bucket cylinder is a specially designed hydraulic cylinder used to control the movement of buckets in heavy machinery such as excavators, backhoe loaders, and front-end loaders. Its main function is to lift, lower, and tilt the bucket, making it easier to handle various material handling tasks. [&hellip;]<\/p>","protected":false},"featured_media":14785,"comment_status":"open","ping_status":"closed","template":"","meta":{"_et_pb_use_builder":"","_et_pb_old_content":"","_et_gb_content_width":""},"product_brand":[],"product_cat":[1494],"product_tag":[1495,1496],"class_list":{"0":"post-15390","1":"product","2":"type-product","3":"status-publish","4":"has-post-thumbnail","6":"product_cat-bucket-cylinders","7":"product_tag-bucket-cylinders","8":"product_tag-hydraulic-cylinders","10":"first","11":"instock","12":"shipping-taxable","13":"product-type-simple"},"amp_enabled":true,"_links":{"self":[{"href":"https:\/\/www.hydraulic-cylinders.net\/et\/wp-json\/wp\/v2\/product\/15390","targetHints":{"allow":["GET"]}}],"collection":[{"href":"https:\/\/www.hydraulic-cylinders.net\/et\/wp-json\/wp\/v2\/product"}],"about":[{"href":"https:\/\/www.hydraulic-cylinders.net\/et\/wp-json\/wp\/v2\/types\/product"}],"replies":[{"embeddable":true,"href":"https:\/\/www.hydraulic-cylinders.net\/et\/wp-json\/wp\/v2\/comments?post=15390"}],"wp:featuredmedia":[{"embeddable":true,"href":"https:\/\/www.hydraulic-cylinders.net\/et\/wp-json\/wp\/v2\/media\/14785"}],"wp:attachment":[{"href":"https:\/\/www.hydraulic-cylinders.net\/et\/wp-json\/wp\/v2\/media?parent=15390"}],"wp:term":[{"taxonomy":"product_brand","embeddable":true,"href":"https:\/\/www.hydraulic-cylinders.net\/et\/wp-json\/wp\/v2\/product_brand?post=15390"},{"taxonomy":"product_cat","embeddable":true,"href":"https:\/\/www.hydraulic-cylinders.net\/et\/wp-json\/wp\/v2\/product_cat?post=15390"},{"taxonomy":"product_tag","embeddable":true,"href":"https:\/\/www.hydraulic-cylinders.net\/et\/wp-json\/wp\/v2\/product_tag?post=15390"}],"curies":[{"name":"wp","href":"https:\/\/api.w.org\/{rel}","templated":true}]}}