{"id":15394,"date":"2025-01-19T14:28:36","date_gmt":"2025-01-19T14:28:36","guid":{"rendered":"https:\/\/www.hydraulic-cylinders.net\/product\/bucket-cylinder-for-volvo-middle-excavator-ec250d\/"},"modified":"2025-01-19T14:28:38","modified_gmt":"2025-01-19T14:28:38","slug":"bucket-cylinder-for-volvo-middle-excavator-ec250d","status":"publish","type":"product","link":"https:\/\/www.hydraulic-cylinders.net\/et\/toode\/bucket-cylinder-for-volvo-middle-excavator-ec250d\/","title":{"rendered":"Kopa silinder Volvo keskmise ekskavaatori EC250D jaoks"},"content":{"rendered":"<p><!DOCTYPE html><br \/>\n<html><br \/>\n<head><br \/>\n<title>Kopa silinder Volvo keskmise ekskavaatori EC250D jaoks<\/title><br \/>\n<\/head><br \/>\n<body><\/p>\n<h1>Kopa silinder Volvo keskmise ekskavaatori EC250D jaoks<\/h1>\n<h2>Sissejuhatus<\/h2>\n<p>Volvo keskekskavaatori EC250D kopa silinder on spetsiaalselt loodud h\u00fcdrauliline silinder, mida kasutatakse kopa liikumise juhtimiseks rasketes masinates, n\u00e4iteks ekskavaatorites, laadur-ekskavaatorites ja esilaadurites. Selle peamine \u00fclesanne on v\u00f5imaldada kopa t\u00f5stmist, langetamist ja kallutamist, muutes selle lihtsamaks mitmesuguste materjalik\u00e4itlust\u00f6\u00f6de puhul. H\u00fcdraulikas\u00fcsteemis saavutab kopa silinder kopa t\u00e4pse juhtimise h\u00fcdraulika\u00f5li r\u00f5humuutuste abil, v\u00f5imaldades operaatoritel t\u00f5husalt k\u00e4sitseda raskeid koormaid ning kohaneda keerukate t\u00f6\u00f6keskkondade ja mitmekesiste t\u00f6\u00f6n\u00f5uetega.<\/p>\n<p><img decoding=\"async\" src=\"https:\/\/www.hydraulic-cylinders.net\/wp-content\/uploads\/2025\/01\/songte-company-2.webp\" alt=\"\u00c4mbri silindri pilt\"><\/p>\n<h2>Omadused<\/h2>\n<ul>\n<li>Suur tugevus ja vastupidavus: Tavaliselt \u00fclitugevast terasest v\u00f5i alumiiniumist valmistatud kopasilindrid taluvad k\u00f5rget r\u00f5hku ja suuri koormusi, kohandudes karmide t\u00f6\u00f6keskkondadega. Nende konstruktsioonis on arvestatud kulumiskindluse ja korrosioonikindlusega, pikendades nende kasutusiga.<\/li>\n<li>T\u00f5hus h\u00fcdrauliline t\u00f6\u00f6: H\u00fcdraulika\u00f5li r\u00f5hu abil saavutab kopa silinder sujuva pikendus- ja tagasit\u00f5mbamisliigutuse, v\u00f5imaldades kiiret reageerimist juhtimisk\u00e4sklustele ning pakkudes v\u00f5imsaid t\u00f5uke- ja t\u00f5mbej\u00f5ude, mis sobivad raskete koormate ja keerukate t\u00f6\u00f6\u00fclesannete k\u00e4sitsemiseks.<\/li>\n<li>Erinevad t\u00fc\u00fcbid: Kopasilindrit saab vastavalt konkreetsetele t\u00f6\u00f6vajadustele valida \u00fchetoimelise (h\u00fcdrauliline ainult \u00fches suunas) v\u00f5i kahetoimelise (h\u00fcdrauliline m\u00f5lemas suunas) silindrina. M\u00f5ned mudelid on teleskoopilised, mis v\u00f5imaldab suuremat pikendust ilma v\u00e4lism\u00f5\u00f5tmeid suurendamata, mist\u00f5ttu need sobivad ruumipiirangutega rakenduste jaoks.<\/li>\n<li>T\u00e4iuslik asendus: Meie tooted suudavad neid h\u00fcdrosilindreid ideaalselt asendada, pakkudes usaldusv\u00e4\u00e4rset alternatiivset lahendust.<\/li>\n<\/ul>\n<p><img decoding=\"async\" src=\"https:\/\/www.hydraulic-cylinders.net\/wp-content\/uploads\/2025\/01\/songte-cylinder-head-with-all-kinds-excavator-models.webp\" alt=\"Kopasilindri mudelid\"><\/p>\n<h2>Rakendused<\/h2>\n<ul>\n<li>Ehitustehnika: Ekskavaatorites on need olulised kaevamiseks, laadimiseks ja pinnase v\u00f5i prahi teisaldamiseks. Ekskavaatorites aitab kopa silinder nii kaevamisel kui ka t\u00f5stmisel.<\/li>\n<li>P\u00f5llumajandusmasinad: Kasutatakse esilaadurites mulla, heina ja muude materjalide k\u00fchveldamiseks, t\u00f5stmiseks ja transportimiseks.<\/li>\n<li>Ekskavaatorid: Kopa silinder v\u00f5imaldab kaevamist, lastes kopal pinnasesse tungida.<\/li>\n<li>Laadurid: Esilaadurites aitavad need lasti t\u00f5husalt t\u00f5sta ja maha laadida.<\/li>\n<\/ul>\n<h2>Projekteerimiskaalutlused ja valikukriteeriumid<\/h2>\n<ul>\n<li>Kandev\u00f5ime: Kopasilindri konstruktsioon arvestab selle v\u00f5imet taluda suuri koormusi ja t\u00f6\u00f6tada ohutult r\u00f5hu all.<\/li>\n<li>Tihendus: Korraliku tihenduse tagamiseks kasutatakse mitmesuguseid tihendeid, n\u00e4iteks kolvi- ja varrastihendeid, mis on valmistatud kulumiskindlatest materjalidest, n\u00e4iteks pol\u00fcuretaanist ja nitriilkummist. Silindri korpus ja keermestatud otsapinnad l\u00e4bivad t\u00e4pse t\u00f6\u00f6tluse kulumiskindluse suurendamiseks.<\/li>\n<li>Vastupidavus: Kopa silinder on konstrueeritud taluma karme t\u00f6\u00f6tingimusi ja tagama pika kasutusea.<\/li>\n<li>Ohutus: Ohutu t\u00f6\u00f6 tagamiseks ja v\u00f5imalike ohtude minimeerimiseks on konstruktsiooni sisse ehitatud ohutusfunktsioonid.<\/li>\n<li>Hooldatavus: Kopasilindrit on lihtne hooldada ja parandada, mis v\u00f5imaldab t\u00f5husat hooldust ja pikendada selle eluiga.<\/li>\n<\/ul>\n<p><img decoding=\"async\" src=\"https:\/\/www.hydraulic-cylinders.net\/wp-content\/uploads\/2025\/01\/songte-oil-pipes-and-spare-parts.webp\" alt=\"H\u00fcdrauliliste silindrite osad\"><\/p>\n<h2>Tihendus ja m\u00e4\u00e4rimine<\/h2>\n<p>Kopasilindris kasutatakse mitmesuguseid tihendeid, n\u00e4iteks kolvitihendeid ja vardatihendeid, mis on valmistatud kulumiskindlatest materjalidest, n\u00e4iteks pol\u00fcuretaanist ja nitriilkummist. Silindri korpus ja keermestatud otsapinnad on peenelt t\u00f6\u00f6deldud, et parandada kulumiskindlust. Sujuva t\u00f6\u00f6 tagamiseks on vaja regulaarselt m\u00e4\u00e4rida sobiva koguse h\u00fcdraulika\u00f5liga.<\/p>\n<h2>Regulaarne kontroll ja ennetavad hooldusmeetmed<\/h2>\n<ul>\n<li>Kopasilindri regulaarne kontroll on soovitatav, et tuvastada v\u00f5imalikke probleeme ja tagada optimaalne j\u00f5udlus.<\/li>\n<li>\u00d5ige m\u00e4\u00e4rimine on \u00fclioluline kopasilindri toimimise s\u00e4ilitamiseks ja enneaegse kulumise v\u00e4ltimiseks.<\/li>\n<li>Tihendi vahetamine tuleks l\u00e4bi viia kulumise v\u00f5i lekke m\u00e4rke ilmnemisel.<\/li>\n<li>T\u00e4pse t\u00f6\u00f6 tagamiseks tuleks teha kalibreerimiskontrolle.<\/li>\n<\/ul>\n<h2>\u00d5ige paigaldusjuhend<\/h2>\n<p>Kopasilindri \u00f5ige paigaldamine on selle optimaalse j\u00f5udluse tagamiseks h\u00e4davajalik. J\u00e4rgida tuleks j\u00e4rgmisi juhiseid:<\/p>\n<ul>\n<li>Paigaldamise ajal veenduge silindri \u00f5iges asendis.<\/li>\n<li>Kasutage silindri kinnitamiseks sobivaid kinnitusklambreid.<\/li>\n<li>J\u00e4rgige soovitatud kontrolli-, remondi- ja asendusprotseduure.<\/li>\n<li>Andke n\u00e4pun\u00e4iteid \u00e4mbrisilindri eluea pikendamiseks.<\/li>\n<\/ul>\n<p><img decoding=\"async\" src=\"https:\/\/www.hydraulic-cylinders.net\/wp-content\/uploads\/2025\/01\/songte-chushion-collar.webp\" alt=\"Kopa silindri paigaldamine\"><\/p>\n<h2>Ohutuskaalutlused ja keskkonnategurid<\/h2>\n<p>Kopasilindri kasutamisel on oluline seada esikohale ohutusmeetmed, et v\u00e4ltida \u00f5nnetusi ja tagada operaatori heaolu. Arvesse tuleks v\u00f5tta ka keskkonnategureid, nagu n\u00f5uetekohane j\u00e4\u00e4tmete k\u00f5rvaldamine ja eeskirjade j\u00e4rgimine.<\/p>\n<h2>Vea diagnoosimine ja levinud probleemid<\/h2>\n<p>Kopasilindri rikete v\u00f5i probleemide ilmnemisel aitavad j\u00e4rgmised n\u00e4pun\u00e4ited probleeme t\u00f5husalt diagnoosida ja lahendada. Samuti saab soovitada ettevaatusabin\u00f5usid v\u00f5imalike probleemide minimeerimiseks.<\/p>\n<p><img decoding=\"async\" src=\"https:\/\/www.hydraulic-cylinders.net\/wp-content\/uploads\/2025\/01\/songte-bushings-with-all-kinds-of-excavator-models.webp\" alt=\"Kopa silindri puksid\"><\/p>\n<h2>Meie ettev\u00f5ttest<\/h2>\n<p>Oleme asendush\u00fcdrauliliste silindrite tootja, pakkudes laia tootevalikut. Oleme saanud \u00fcheks juhtivaks h\u00fcdrosilindrite tootjaks ja hulgim\u00fc\u00fcjaks nii sise- kui ka rahvusvahelisel turul. Keskendudes suurep\u00e4rasele kvaliteedile ja industrialiseeritud tootmisjuhtimise strateegiatele, t\u00e4iustame pidevalt oma tootmisplatvormi, tootekvaliteedi tootmisviise ning omame tugevaid loomingulisi v\u00f5imeid. Meie eesm\u00e4rk on rahuldada klientide mitmekesiseid vajadusi suure efektiivsuse, t\u00e4psuse ja kvaliteediga.<\/p>\n<p><img decoding=\"async\" src=\"https:\/\/www.hydraulic-cylinders.net\/wp-content\/uploads\/2025\/01\/songte-company-3.webp\" alt=\"Ettev\u00f5tte kuvand\"><\/p>\n<h3>Professionaalsus: <\/h3>\n<p>J\u00e4rgime k\u00f5rgeid professionaalseid standardeid oma tegevuse k\u00f5igis aspektides, alates tootmisest kuni klienditeeninduseni.<\/p>\n<h3>Rahvusvahelised sertifikaadid: <\/h3>\n<p>Omame rahvusvahelisi sertifikaate, mis tagavad meie toodete kvaliteedi ja usaldusv\u00e4\u00e4rsuse.<\/p>\n<h3>Kohandamise teenused: <\/h3>\n<p>Pakume kohandamisteenuseid, et kohandada oma tooteid vastavalt klientide konkreetsetele vajadustele.<\/p>\n<h3>Tootmisseadmed: <\/h3>\n<p>Kasutame tipptasemel tootmisseadmeid, et saavutada k\u00f5rge kvaliteediga toodang.<\/p>\n<h3>M\u00fc\u00fcgij\u00e4rgne teenindus: <\/h3>\n<p>Pakume oma toodete eluea pikendamiseks igak\u00fclgset m\u00fc\u00fcgij\u00e4rgset teenindust, sealhulgas varuosade vahetust ja taastamist.<\/p>\n<p>Autor: lyl<\/p>\n<p><\/body><br \/>\n<\/html><\/p>","protected":false},"excerpt":{"rendered":"<p>Bucket Cylinder For Volvo Middle Excavator EC250D Bucket Cylinder For Volvo Middle Excavator EC250D Introduction The bucket cylinder for Volvo middle excavator EC250D is a specially designed hydraulic cylinder used to control the movement of the bucket in heavy machinery such as excavators, backhoe excavators, and front-end loaders. Its main function is to enable the [&hellip;]<\/p>","protected":false},"featured_media":14778,"comment_status":"open","ping_status":"closed","template":"","meta":{"_et_pb_use_builder":"","_et_pb_old_content":"","_et_gb_content_width":""},"product_brand":[],"product_cat":[1494],"product_tag":[1495,1496],"class_list":{"0":"post-15394","1":"product","2":"type-product","3":"status-publish","4":"has-post-thumbnail","6":"product_cat-bucket-cylinders","7":"product_tag-bucket-cylinders","8":"product_tag-hydraulic-cylinders","10":"first","11":"instock","12":"shipping-taxable","13":"product-type-simple"},"amp_enabled":true,"_links":{"self":[{"href":"https:\/\/www.hydraulic-cylinders.net\/et\/wp-json\/wp\/v2\/product\/15394","targetHints":{"allow":["GET"]}}],"collection":[{"href":"https:\/\/www.hydraulic-cylinders.net\/et\/wp-json\/wp\/v2\/product"}],"about":[{"href":"https:\/\/www.hydraulic-cylinders.net\/et\/wp-json\/wp\/v2\/types\/product"}],"replies":[{"embeddable":true,"href":"https:\/\/www.hydraulic-cylinders.net\/et\/wp-json\/wp\/v2\/comments?post=15394"}],"wp:featuredmedia":[{"embeddable":true,"href":"https:\/\/www.hydraulic-cylinders.net\/et\/wp-json\/wp\/v2\/media\/14778"}],"wp:attachment":[{"href":"https:\/\/www.hydraulic-cylinders.net\/et\/wp-json\/wp\/v2\/media?parent=15394"}],"wp:term":[{"taxonomy":"product_brand","embeddable":true,"href":"https:\/\/www.hydraulic-cylinders.net\/et\/wp-json\/wp\/v2\/product_brand?post=15394"},{"taxonomy":"product_cat","embeddable":true,"href":"https:\/\/www.hydraulic-cylinders.net\/et\/wp-json\/wp\/v2\/product_cat?post=15394"},{"taxonomy":"product_tag","embeddable":true,"href":"https:\/\/www.hydraulic-cylinders.net\/et\/wp-json\/wp\/v2\/product_tag?post=15394"}],"curies":[{"name":"wp","href":"https:\/\/api.w.org\/{rel}","templated":true}]}}