{"id":15397,"date":"2025-01-19T14:28:48","date_gmt":"2025-01-19T14:28:48","guid":{"rendered":"https:\/\/www.hydraulic-cylinders.net\/product\/bucket-cylinder-for-volvo-middle-excavator-ecr235e\/"},"modified":"2025-01-19T14:28:50","modified_gmt":"2025-01-19T14:28:50","slug":"bucket-cylinder-for-volvo-middle-excavator-ecr235e","status":"publish","type":"product","link":"https:\/\/www.hydraulic-cylinders.net\/et\/toode\/bucket-cylinder-for-volvo-middle-excavator-ecr235e\/","title":{"rendered":"Kopa silinder Volvo keskmise ekskavaatori ECR235E jaoks"},"content":{"rendered":"<h1>Kopa silinder Volvo keskmise ekskavaatori ECR235E jaoks<\/h1>\n<h2>Sissejuhatus<\/h2>\n<p>Kopa silinder on spetsiaalselt loodud h\u00fcdrauliline silinder, mida kasutatakse peamiselt kopa liikumise juhtimiseks rasketes masinates, n\u00e4iteks ekskavaatorites, laadur-ekskavaatorites ja esilaadurites. Selle peamine \u00fclesanne on v\u00f5imaldada kopa t\u00f5stmist, langetamist ja kallutamist, muutes mitmesuguste materjalik\u00e4itlust\u00f6\u00f6de tegemise lihtsamaks. H\u00fcdraulilises s\u00fcsteemis saavutab kopa silinder kopa t\u00e4pse juhtimise h\u00fcdraulika\u00f5li r\u00f5hu muutuse abil, v\u00f5imaldades operaatoritel t\u00f5husalt k\u00e4sitseda raskeid koormaid ning kohaneda keerukate t\u00f6\u00f6keskkondade ja mitmekesiste t\u00f6\u00f6n\u00f5uetega.<\/p>\n<p><img decoding=\"async\" src=\"https:\/\/www.hydraulic-cylinders.net\/wp-content\/uploads\/2025\/01\/songte-company-2.webp\" alt=\"Kopa silinder Volvo keskmise ekskavaatori ECR235E jaoks\"><\/p>\n<h2>Omadused<\/h2>\n<ul>\n<li>Suur tugevus ja vastupidavus: Tavaliselt valmistatud \u00fclitugevast terasest v\u00f5i alumiiniumist, see talub k\u00f5rget r\u00f5hku ja suuri koormusi, kohandub karmide t\u00f6\u00f6keskkondadega ning on konstrueeritud kulumiskindluse ja korrosioonikindlusega, et pikendada selle kasutusiga.<\/li>\n<li>T\u00f5hus h\u00fcdrauliline t\u00f6\u00f6: Kasutades h\u00fcdraulika\u00f5li r\u00f5hku sujuva paisumise ja kokkut\u00f5mbumise saavutamiseks, reageerib see kiiresti juhtimisk\u00e4sklustele, pakub v\u00f5imsat t\u00f5uke- ja t\u00f5mbej\u00f5udu ning sobib raskete koormate ja keerukate t\u00f6\u00f6\u00fclesannete k\u00e4sitsemiseks.<\/li>\n<li>Erinevad t\u00fc\u00fcbid: vastavalt vajadusele saab valida \u00fchetoimelisi (h\u00fcdraulilist t\u00f6\u00f6d ainult \u00fches suunas) v\u00f5i kahetoimelisi (h\u00fcdraulilist t\u00f6\u00f6d m\u00f5lemas suunas) silindreid. M\u00f5ned mudelid on teleskoopilised, v\u00f5imaldades suuremat pikendamist ilma v\u00e4lism\u00f5\u00f5tmeid suurendamata, sobides piiratud ruumiga rakenduste jaoks.<\/li>\n<li>T\u00e4iuslik asendus: Meie tooted suudavad neid h\u00fcdrosilindreid ideaalselt asendada.<\/li>\n<\/ul>\n<p><img decoding=\"async\" src=\"https:\/\/www.hydraulic-cylinders.net\/wp-content\/uploads\/2025\/01\/songte-cylinder-head-with-all-kinds-excavator-models.webp\" alt=\"Ideaalne asendus Volvo keskmise ekskavaatori ECR235E jaoks\"><\/p>\n<h2>Rakendused<\/h2>\n<h3>Ehitustehnika:<\/h3>\n<p>Ekskavaatorites on need h\u00e4davajalikud pinnase v\u00f5i prahi kaevamiseks, laadimiseks ja teisaldamiseks. Ekskavaatoritel aitavad kopasilindrid kaevamisel ja t\u00f5stmisel. Esilaaduritel aitavad need lasti t\u00f5husalt t\u00f5sta ja t\u00fchjendada.<\/p>\n<h3>P\u00f5llumajandustehnika:<\/h3>\n<p>Esilaadurites kasutatavaid masinaid kasutatakse pinnase, heina ja muude materjalide \u00fcleskorjamiseks, t\u00f5stmiseks ja transportimiseks. Ekskavaatorites saavutavad kopasilindrid kaevamistoimingu, v\u00f5imaldades kopal pinnasesse tungida.<\/p>\n<h2>Projekteerimiskaalutlused ja valikukriteeriumid<\/h2>\n<h3>Kandev\u00f5ime:<\/h3>\n<p>Valitud h\u00fcdrosilinder peaks suutma kanda masina ja kopa maksimaalset koormust. Oluline on tagada, et silindri kandev\u00f5ime oleks suurem v\u00f5i v\u00f5rdne masina maksimaalse kandev\u00f5imega. <\/p>\n<h3>Tihendus ja m\u00e4\u00e4rimine:<\/h3>\n<p>H\u00fcdrosilindri tihendus ja m\u00e4\u00e4rimine on selle j\u00f5udluse ja pikaealisuse seisukohalt \u00fcliolulised. Silindris kasutatakse mitmesuguseid tihendeid, n\u00e4iteks kolvitihendeid, vardatihendeid jne. Tihendid on valmistatud kulumiskindlatest materjalidest, nagu pol\u00fcuretaan ja nitriilkummi, mis kaitsevad silindrit kulumise eest. Regulaarne m\u00e4\u00e4rimine h\u00fcdraulika\u00f5liga on oluline kulumise v\u00e4hendamiseks ja sujuva t\u00f6\u00f6 tagamiseks. <\/p>\n<p><img decoding=\"async\" src=\"https:\/\/www.hydraulic-cylinders.net\/wp-content\/uploads\/2025\/01\/songte-oil-pipes-and-spare-parts.webp\" alt=\"H\u00fcdraulilised \u00f5litorud ja varuosad\"><\/p>\n<h2>Hooldus ja remont<\/h2>\n<h3>Toote paigaldamine:<\/h3>\n<p>Paigaldamise ajal on oluline balloon \u00f5igesti joondada ja sobivate kinnitusklambritega kinnitada, et v\u00e4ltida joonduse puudumist v\u00f5i kahjustusi. Ballooni pikaealisuse tagamiseks tuleks j\u00e4rgida soovitatud kontrolli-, remondi- ja vahetusprotseduure.<\/p>\n<h3>Hooldust\u00f6\u00f6d:<\/h3>\n<ul>\n<li>Regulaarne kontroll: Ballooni tuleks perioodiliselt kontrollida lekete, kahjustuste v\u00f5i kulumise suhtes.<\/li>\n<li>M\u00e4\u00e4rimine: Silindrit tuleks m\u00e4\u00e4rida h\u00fcdraulika\u00f5liga vastavalt tootja soovitustele.<\/li>\n<li>Tihendi vahetamine: Silindri tihendeid tuleks perioodiliselt vahetada, et tagada silindri korrektne toimimine.<\/li>\n<li>Kalibreerimiskontrollid: Ballooni kalibreerimist tuleks perioodiliselt kontrollida, et tagada selle optimaalne toimimine.<\/li>\n<\/ul>\n<p><img decoding=\"async\" src=\"https:\/\/www.hydraulic-cylinders.net\/wp-content\/uploads\/2025\/01\/songte-chushion-collar.webp\" alt=\"\u00c4mbri silindri padjakrae\"><\/p>\n<h2>Ohutuskaalutlused ja keskkonnategurid<\/h2>\n<p>H\u00fcdrauliliste silindrite kasutamisel tuleb \u00f5nnetuste v\u00e4ltimiseks v\u00f5tta ohutusmeetmeid. Oluline on j\u00e4rgida tootja juhiseid ja suuniseid. Silinder tuleb utiliseerida vastavalt keskkonnaalastele eeskirjadele ja suunistele.<\/p>\n<h2>Rikete diagnoosimine ja t\u00f5rkeotsing<\/h2>\n<p>H\u00fcdrauliliste silindritega seotud levinud probleemide hulka kuuluvad leke, ebapiisav j\u00f5ud ja vale joondus. Probleemi tuvastamiseks ja lahendamiseks tuleks l\u00e4bi viia n\u00f5uetekohane diagnoosimine ja t\u00f5rkeotsing. Regulaarsed kontrollid ja ennetav hooldus aitavad v\u00e4ltida v\u00f5imalikke probleeme.<\/p>\n<p><img decoding=\"async\" src=\"https:\/\/www.hydraulic-cylinders.net\/wp-content\/uploads\/2025\/01\/songte-bushings-with-all-kinds-of-excavator-models.webp\" alt=\"Kopa silindri puksid\"><\/p>\n<h2>Meie ettev\u00f5ttest<\/h2>\n<p>Oleme laia tootevalikuga asendush\u00fcdrauliliste silindrite tootja. Oleme \u00fcks juhtivaid h\u00fcdrauliliste silindrite tootjaid ja hulgim\u00fc\u00fcjaid nii sise- kui ka rahvusvahelisel turul. J\u00e4rgime suurep\u00e4rast kvaliteeti, toetume keeruka tootmist\u00f6\u00f6koja t\u00f6\u00f6stusliku tootmise juhtimise strateegiale ning t\u00e4iustame pidevalt t\u00f6\u00f6koja tootmisplatvormi, kasutades tehnilisi oskusi, digitaalseid tipptasemel tootmisseadmeid ja professionaalseid tuvastuss\u00fcsteeme, et t\u00e4iustada tootekvaliteedi tootmisprotsessi. Meil \u200b\u200bon tugev loominguline v\u00f5imekus ja p\u00fc\u00fcame rahuldada klientide mitmekesiseid vajadusi, j\u00e4rgides k\u00f5rge efektiivsuse, suure t\u00e4psuse ja k\u00f5rge kvaliteedi p\u00f5him\u00f5tteid.<\/p>\n<ul>\n<li>Professionaalsus: Meil \u200b\u200bon kogenud spetsialistide meeskond, kes on p\u00fchendunud kvaliteetsete h\u00fcdrosilindrite pakkumisele.<\/li>\n<li>Rahvusvaheline sertifitseerimine: Meie tooted on sertifitseeritud vastavalt rahvusvahelistele standarditele, tagades k\u00f5rgeimad kvaliteedistandardid.<\/li>\n<li>Kohandamisteenused: Pakume kliendi n\u00f5udmistele vastavaid kohandatud h\u00fcdraulilisi silindreid.<\/li>\n<li>Tootmisseadmed: Meie tootmis\u00fcksused on varustatud t\u00e4iustatud seadmetega, et tagada efektiivsus ja kvaliteet.<\/li>\n<li>M\u00fc\u00fcgij\u00e4rgne teenindus: Pakume m\u00fc\u00fcgij\u00e4rgset teenindust, sealhulgas varuosade vahetust ja taastamisteenuseid, et pikendada h\u00fcdrauliliste silindrite eluiga.<\/li>\n<\/ul>\n<p><img decoding=\"async\" src=\"https:\/\/hzpt.com\/wp-content\/uploads\/2024\/11\/songte-company-1.webp\" alt=\"Meie ettev\u00f5ttest\"><\/p>\n<h4>Autor: lyl<\/h4>","protected":false},"excerpt":{"rendered":"<p>Bucket Cylinder For Volvo Middle Excavator ECR235E Introduction A bucket cylinder is a specially designed hydraulic cylinder primarily used to control the movement of the bucket in heavy machinery such as excavators, backhoe excavators, and front-end loaders. Its main function is to enable the bucket to lift, lower, and tilt, making it easier to handle [&hellip;]<\/p>","protected":false},"featured_media":14771,"comment_status":"open","ping_status":"closed","template":"","meta":{"_et_pb_use_builder":"","_et_pb_old_content":"","_et_gb_content_width":""},"product_brand":[],"product_cat":[1494],"product_tag":[1495,1496],"class_list":{"0":"post-15397","1":"product","2":"type-product","3":"status-publish","4":"has-post-thumbnail","6":"product_cat-bucket-cylinders","7":"product_tag-bucket-cylinders","8":"product_tag-hydraulic-cylinders","10":"first","11":"instock","12":"shipping-taxable","13":"product-type-simple"},"amp_enabled":true,"_links":{"self":[{"href":"https:\/\/www.hydraulic-cylinders.net\/et\/wp-json\/wp\/v2\/product\/15397","targetHints":{"allow":["GET"]}}],"collection":[{"href":"https:\/\/www.hydraulic-cylinders.net\/et\/wp-json\/wp\/v2\/product"}],"about":[{"href":"https:\/\/www.hydraulic-cylinders.net\/et\/wp-json\/wp\/v2\/types\/product"}],"replies":[{"embeddable":true,"href":"https:\/\/www.hydraulic-cylinders.net\/et\/wp-json\/wp\/v2\/comments?post=15397"}],"wp:featuredmedia":[{"embeddable":true,"href":"https:\/\/www.hydraulic-cylinders.net\/et\/wp-json\/wp\/v2\/media\/14771"}],"wp:attachment":[{"href":"https:\/\/www.hydraulic-cylinders.net\/et\/wp-json\/wp\/v2\/media?parent=15397"}],"wp:term":[{"taxonomy":"product_brand","embeddable":true,"href":"https:\/\/www.hydraulic-cylinders.net\/et\/wp-json\/wp\/v2\/product_brand?post=15397"},{"taxonomy":"product_cat","embeddable":true,"href":"https:\/\/www.hydraulic-cylinders.net\/et\/wp-json\/wp\/v2\/product_cat?post=15397"},{"taxonomy":"product_tag","embeddable":true,"href":"https:\/\/www.hydraulic-cylinders.net\/et\/wp-json\/wp\/v2\/product_tag?post=15397"}],"curies":[{"name":"wp","href":"https:\/\/api.w.org\/{rel}","templated":true}]}}