{"id":15404,"date":"2025-01-19T14:29:16","date_gmt":"2025-01-19T14:29:16","guid":{"rendered":"https:\/\/www.hydraulic-cylinders.net\/product\/bucket-cylinder-for-volvo-large-excavator-ec480d\/"},"modified":"2025-01-19T14:29:18","modified_gmt":"2025-01-19T14:29:18","slug":"bucket-cylinder-for-volvo-large-excavator-ec480d","status":"publish","type":"product","link":"https:\/\/www.hydraulic-cylinders.net\/et\/toode\/bucket-cylinder-for-volvo-large-excavator-ec480d\/","title":{"rendered":"Kopa silinder Volvo suurele ekskavaatorile EC480D"},"content":{"rendered":"<p><!DOCTYPE html><br \/>\n<html><br \/>\n<head><br \/>\n    <title>Kopa silinder Volvo suurele ekskavaatorile EC480D<\/title><br \/>\n<\/head><br \/>\n<body><\/p>\n<h2>Sissejuhatus<\/h2>\n<p>\n        <b>Kopa silinder Volvo suurele ekskavaatorile EC480D<\/b> on spetsiaalselt konstrueeritud h\u00fcdrauliline silinder, mida kasutatakse kopa liikumise juhtimiseks rasketes masinates, n\u00e4iteks ekskavaatorites, laadur-ekskavaatorites ja esilaadurites. Selle peamine \u00fclesanne on v\u00f5imaldada kopa t\u00f5stmist, langetamist ja kallutamist, h\u00f5lbustades mitmesuguseid materjali k\u00e4itlemise \u00fclesandeid. H\u00fcdraulilises s\u00fcsteemis saavutab kopa silinder kopa t\u00e4pse juhtimise h\u00fcdraulika\u00f5li r\u00f5hu muutuste abil, v\u00f5imaldades operaatoritel t\u00f5husalt k\u00e4sitseda raskeid koormaid ning kohaneda keerukate t\u00f6\u00f6keskkondade ja mitmekesiste t\u00f6\u00f6vajadustega.\n    <\/p>\n<p>    <img decoding=\"async\" src=\"https:\/\/www.hydraulic-cylinders.net\/wp-content\/uploads\/2025\/01\/songte-company-2.webp\" alt=\"\u00c4mbri silinder\" \/><\/p>\n<h2>Omadused<\/h2>\n<ul>\n<li>\n            <b>Suur tugevus ja vastupidavus:<\/b> Tavaliselt \u00fclitugevast terasest v\u00f5i alumiiniumist valmistatud kopa silinder talub k\u00f5rget r\u00f5hku ja suuri koormusi, kohandudes karmide t\u00f6\u00f6tingimustega. Selle disain tagab kulumiskindluse ja korrosioonikindluse, pikendades selle eluiga.\n        <\/li>\n<li>\n            <b>T\u00f5hus h\u00fcdrauliline t\u00f6\u00f6:<\/b> H\u00fcdraulilise \u00f5lir\u00f5hu abil saavutab kopa silinder sujuva v\u00e4lja- ja tagasit\u00f5mbamise, reageerides juhtimisk\u00e4sklustele kiiresti ja tekitades v\u00f5imsaid t\u00f5uke- ja t\u00f5mbej\u00f5ude, mis sobivad raskete koormate ja keerukate t\u00f6\u00f6\u00fclesannete k\u00e4sitsemiseks.\n        <\/li>\n<li>\n            <b>Erinevad t\u00fc\u00fcbid:<\/b> Kopa silinder v\u00f5ib olla \u00fchetoimeline (h\u00fcdraulika t\u00f6\u00f6tab ainult \u00fches suunas) v\u00f5i kahetoimeline (h\u00fcdraulika t\u00f6\u00f6tab m\u00f5lemas suunas), olenevalt t\u00f6\u00f6vajadustest. M\u00f5ned mudelid on teleskoopilised, mis v\u00f5imaldab suuremat pikendust ilma v\u00e4lism\u00f5\u00f5tmeid suurendamata, mis sobib ideaalselt piiratud ruumiga rakenduste jaoks.\n        <\/li>\n<li>\n            <b>T\u00e4iuslik asendus:<\/b> Meie tooted suudavad neid h\u00fcdrosilindreid ideaalselt asendada.\n        <\/li>\n<\/ul>\n<p>    <img decoding=\"async\" src=\"https:\/\/www.hydraulic-cylinders.net\/wp-content\/uploads\/2025\/01\/songte-cylinder-head-with-all-kinds-excavator-models.webp\" alt=\"Toote pilt\" \/><\/p>\n<h2>Rakendused<\/h2>\n<ul>\n<li>\n<h3>Ehitustehnika:<\/h3>\n<p>Ekskavaatorites on need olulised kaevamisel, laadimisel ja pinnase v\u00f5i prahi teisaldamisel. Ekskavaator-laadurites abistab kopa silinder nii kaevamisel kui ka t\u00f5stmisel.<\/p>\n<\/li>\n<li>\n<h3>P\u00f5llumajandusmasinad:<\/h3>\n<p>Kasutatakse esilaadurites mulla, heina ja muude materjalide kopeerimiseks, t\u00f5stmiseks ja transportimiseks.<\/p>\n<\/li>\n<li>\n<h3>Ekskavaatorid:<\/h3>\n<p>Kopa silinder v\u00f5imaldab kaevamist, lastes kopal pinnasesse tungida.<\/p>\n<\/li>\n<li>\n<h3>Laadurid:<\/h3>\n<p>Esilaadurites aitavad need lasti t\u00f5husalt t\u00f5sta ja maha laadida.<\/p>\n<\/li>\n<\/ul>\n<h2>Projekteerimiskaalutlused ja valikukriteeriumid<\/h2>\n<ul>\n<li>\n<h3>Kandev\u00f5ime:<\/h3>\n<p>Kopasilindrid on konstrueeritud taluma etten\u00e4htud koormust ja t\u00f6\u00f6tingimusi, tagades ohutu ja usaldusv\u00e4\u00e4rse t\u00f6\u00f6.<\/p>\n<\/li>\n<li>\n<h3>Tihendus:<\/h3>\n<p>H\u00fcdraulilise terviklikkuse s\u00e4ilitamiseks ja lekete v\u00e4ltimiseks kasutatakse mitmesuguseid tihenduskomponente, n\u00e4iteks kolvitihendeid ja varrastihendeid.<\/p>\n<\/li>\n<li>\n<h3>Vastupidavus:<\/h3>\n<p>Komponendid on valmistatud vastupidavatest materjalidest ja l\u00e4bivad t\u00e4pse pinnat\u00f6\u00f6tluse, et suurendada kulumiskindlust ja pikendada toote eluiga.<\/p>\n<\/li>\n<li>\n<h3>Ohutus:<\/h3>\n<p>Ohutu t\u00f6\u00f6 tagamiseks v\u00f5etakse arvesse k\u00f5iki meetmeid, sealhulgas ohutusfunktsioonide, n\u00e4iteks \u00fcler\u00f5huventiilide, lisamist.<\/p>\n<\/li>\n<li>\n<h3>Hooldus:<\/h3>\n<p>Hoolduse ja remondi h\u00f5lbustamiseks on lisatud disainielemendid, mis v\u00f5imaldavad komponentidele h\u00f5lpsat juurdep\u00e4\u00e4su ning annavad selged juhised regulaarseks kontrolliks ja hoolduseks.<\/p>\n<\/li>\n<\/ul>\n<p>    <img decoding=\"async\" src=\"https:\/\/www.hydraulic-cylinders.net\/wp-content\/uploads\/2025\/01\/songte-oil-pipes-and-spare-parts.webp\" alt=\"Tihendamine ja hooldus\" \/><\/p>\n<h2>Tihendus ja m\u00e4\u00e4rimine<\/h2>\n<p>Kopasilindrites kasutatakse mitmesuguseid tihendeid, n\u00e4iteks pol\u00fcuretaanist ja nitriilkummist, mis on tuntud oma kulumiskindluse poolest. Silindri korpus ja keermestatud otsad l\u00e4bivad kulumiskindluse parandamiseks peene t\u00f6\u00f6tluse. Sujuva t\u00f6\u00f6 tagamiseks on vajalik regulaarne m\u00e4\u00e4rimine h\u00fcdraulika\u00f5liga.<\/p>\n<h2>Kontroll ja ennetav hooldus<\/h2>\n<ul>\n<li>Kontrollige regulaarselt kopa silindrit kulumise, lekete v\u00f5i kahjustuste suhtes.<\/li>\n<li>Tagage k\u00f5igi liikuvate osade n\u00f5uetekohane m\u00e4\u00e4rimine.<\/li>\n<li>H\u00fcdraulilise terviklikkuse s\u00e4ilitamiseks vahetage tihendeid perioodiliselt.<\/li>\n<li>Optimaalse j\u00f5udluse tagamiseks tehke kalibreerimiskontrolle.<\/li>\n<\/ul>\n<p>    <img decoding=\"async\" src=\"https:\/\/www.hydraulic-cylinders.net\/wp-content\/uploads\/2025\/01\/songte-chushion-collar.webp\" alt=\"Hooldus ja kontroll\" \/><\/p>\n<h2>Ohutuskaalutlused ja keskkonnategurid<\/h2>\n<p>Kopasilindrite kasutamisel on oluline j\u00e4rgida ohutusmeetmeid, et v\u00e4ltida \u00f5nnetusi ja tagada operaatorite ning \u00fcmbritseva personali heaolu. Toote n\u00f5uetekohase toimimise ja pikaealisuse tagamiseks tuleks arvesse v\u00f5tta ka keskkonnategureid, nagu temperatuur ja kokkupuude karmide tingimustega.<\/p>\n<h2>Veaotsing ja levinud probleemid<\/h2>\n<ul>\n<li>\n<h3>Probleem: Leke<\/h3>\n<p>V\u00f5imalikud p\u00f5hjused:<\/p>\n<ul>\n<li>Kulunud tihendid<\/li>\n<li>Kahjustatud silindri korpus<\/li>\n<li>Vale paigaldamine<\/li>\n<\/ul>\n<p>Lahendus: Vahetage kulunud tihendid v\u00e4lja, vajadusel parandage v\u00f5i vahetage silindri korpus v\u00e4lja ja veenduge, et j\u00e4rgitakse \u00f5igeid paigaldusprotseduure.<\/p>\n<\/li>\n<li>\n<h3>Probleem: aeglane v\u00f5i mittet\u00e4ielik liikumine<\/h3>\n<p>V\u00f5imalikud p\u00f5hjused:<\/p>\n<ul>\n<li>M\u00e4\u00e4rimise puudumine<\/li>\n<li>Sisemine kahjustus v\u00f5i ummistus<\/li>\n<li>Rikkis juhtventiilid<\/li>\n<\/ul>\n<p>Lahendus: M\u00e4\u00e4rige k\u00f5iki liikuvaid osi, kontrollige sisemiste kahjustuste v\u00f5i ummistuste suhtes ja kontrollige juhtventiilide n\u00f5uetekohast toimimist.<\/p>\n<\/li>\n<\/ul>\n<p>    <img decoding=\"async\" src=\"https:\/\/www.hydraulic-cylinders.net\/wp-content\/uploads\/2025\/01\/songte-bushings-with-all-kinds-of-excavator-models.webp\" alt=\"Veaotsing ja puksid\" \/><\/p>\n<h2>Hooldus\u00fclesanded<\/h2>\n<ul>\n<li>Regulaarne kontroll<\/li>\n<li>\u00d5ige m\u00e4\u00e4rimine<\/li>\n<li>Tihendi vahetamine<\/li>\n<li>Kalibreerimiskontrollid<\/li>\n<\/ul>\n<p>N\u00f5uetekohane paigaldamine, m\u00e4\u00e4rimine ja reguleerimine on ohutu ja t\u00f5husa t\u00f6\u00f6 tagamiseks \u00fcliolulised. Paigaldamise ajal tuleks anda \u00f5iged joondamisjuhised ning silindri kinnitamiseks on soovitatav kasutada sobivaid kinnitusklambreid. Toote pikaealisuse pikendamiseks on esitatud soovituslikud kontrolli-, remondi- ja asendusprotseduurid.<\/p>\n<h2>Toote pilt<\/h2>\n<p>    <img decoding=\"async\" src=\"https:\/\/hzpt.com\/wp-content\/uploads\/2024\/11\/songte-company-1.webp\" alt=\"Toote pilt\" \/><\/p>\n<h2>Ettev\u00f5tte \u00fclevaade<\/h2>\n<p>\n        Oleme asendush\u00fcdrauliliste silindrite tootja, pakkudes laia tootevalikut. Olles \u00fcks juhtivaid h\u00fcdrosilindrite tootjaid ja hulgim\u00fc\u00fcjaid...<\/p>","protected":false},"excerpt":{"rendered":"<p>Bucket Cylinder For Volvo Large Excavator EC480D Introduction Bucket Cylinder For Volvo Large Excavator EC480D is a specially designed hydraulic cylinder used to control the movement of the bucket in heavy machinery such as excavators, backhoe loaders, and front-end loaders. Its main function is to enable the bucket to lift, lower, and tilt, facilitating various [&hellip;]<\/p>","protected":false},"featured_media":14787,"comment_status":"open","ping_status":"closed","template":"","meta":{"_et_pb_use_builder":"","_et_pb_old_content":"","_et_gb_content_width":""},"product_brand":[],"product_cat":[1494],"product_tag":[1495,1496],"class_list":{"0":"post-15404","1":"product","2":"type-product","3":"status-publish","4":"has-post-thumbnail","6":"product_cat-bucket-cylinders","7":"product_tag-bucket-cylinders","8":"product_tag-hydraulic-cylinders","10":"first","11":"instock","12":"shipping-taxable","13":"product-type-simple"},"amp_enabled":true,"_links":{"self":[{"href":"https:\/\/www.hydraulic-cylinders.net\/et\/wp-json\/wp\/v2\/product\/15404","targetHints":{"allow":["GET"]}}],"collection":[{"href":"https:\/\/www.hydraulic-cylinders.net\/et\/wp-json\/wp\/v2\/product"}],"about":[{"href":"https:\/\/www.hydraulic-cylinders.net\/et\/wp-json\/wp\/v2\/types\/product"}],"replies":[{"embeddable":true,"href":"https:\/\/www.hydraulic-cylinders.net\/et\/wp-json\/wp\/v2\/comments?post=15404"}],"wp:featuredmedia":[{"embeddable":true,"href":"https:\/\/www.hydraulic-cylinders.net\/et\/wp-json\/wp\/v2\/media\/14787"}],"wp:attachment":[{"href":"https:\/\/www.hydraulic-cylinders.net\/et\/wp-json\/wp\/v2\/media?parent=15404"}],"wp:term":[{"taxonomy":"product_brand","embeddable":true,"href":"https:\/\/www.hydraulic-cylinders.net\/et\/wp-json\/wp\/v2\/product_brand?post=15404"},{"taxonomy":"product_cat","embeddable":true,"href":"https:\/\/www.hydraulic-cylinders.net\/et\/wp-json\/wp\/v2\/product_cat?post=15404"},{"taxonomy":"product_tag","embeddable":true,"href":"https:\/\/www.hydraulic-cylinders.net\/et\/wp-json\/wp\/v2\/product_tag?post=15404"}],"curies":[{"name":"wp","href":"https:\/\/api.w.org\/{rel}","templated":true}]}}