{"id":15409,"date":"2025-01-19T14:29:43","date_gmt":"2025-01-19T14:29:43","guid":{"rendered":"https:\/\/www.hydraulic-cylinders.net\/product\/bucket-cylinder-for-volvo-large-excavator-ec350d\/"},"modified":"2025-01-19T14:29:45","modified_gmt":"2025-01-19T14:29:45","slug":"bucket-cylinder-for-volvo-large-excavator-ec350d","status":"publish","type":"product","link":"https:\/\/www.hydraulic-cylinders.net\/et\/toode\/bucket-cylinder-for-volvo-large-excavator-ec350d\/","title":{"rendered":"Kopa silinder Volvo suurele ekskavaatorile EC350D"},"content":{"rendered":"<p><!DOCTYPE html><br \/>\n<html><br \/>\n<head><br \/>\n<title>Kopa silinder Volvo suurele ekskavaatorile EC350D<\/title><br \/>\n<\/head><br \/>\n<body><\/p>\n<h1>Kopa silinder Volvo suurele ekskavaatorile EC350D<\/h1>\n<h2>Sissejuhatus<\/h2>\n<p>Volvo suure ekskavaatori EC350D kopa silinder on spetsiaalselt loodud h\u00fcdrauliline silinder, mida kasutatakse peamiselt kopa liikumise juhtimiseks rasketes masinates, n\u00e4iteks ekskavaatorites, laadur-ekskavaatorites ja esilaadurites. Selle peamine \u00fclesanne on v\u00f5imaldada kopa t\u00f5stmist, langetamist ja kallutamist, muutes selle mugavaks mitmesuguste materjalik\u00e4itlust\u00f6\u00f6de jaoks. H\u00fcdraulikas\u00fcsteemis saavutab kopa silinder kopa t\u00e4pse juhtimise, kasutades h\u00fcdraulika\u00f5li r\u00f5humuutust, v\u00f5imaldades operaatoritel t\u00f5husalt k\u00e4sitseda raskeid koormaid ning kohaneda keerukate t\u00f6\u00f6keskkondade ja mitmekesiste t\u00f6\u00f6n\u00f5uetega.<\/p>\n<p><img decoding=\"async\" src=\"https:\/\/www.hydraulic-cylinders.net\/wp-content\/uploads\/2025\/01\/songte-company-2.webp\" alt=\"\u00c4mbri silindri pilt\"><\/p>\n<h2>Omadused<\/h2>\n<ul>\n<li><strong>Suur tugevus ja vastupidavus:<\/strong> Tavaliselt valmistatud \u00fclitugevast terasest v\u00f5i alumiiniumist, talub k\u00f5rget r\u00f5hku ja suuri koormusi, kohandub karmide t\u00f6\u00f6keskkondadega ning on konstrueeritud kulumiskindlust ja korrosioonikindlust silmas pidades, et pikendada selle eluiga.<\/li>\n<li><strong>T\u00f5hus h\u00fcdrauliline t\u00f6\u00f6:<\/strong> Kasutab h\u00fcdraulika\u00f5li r\u00f5hku sujuvate pikendus- ja tagasit\u00f5mbamisliigutuste saavutamiseks, reageerib kiiresti juhtimisk\u00e4sklustele, pakub v\u00f5imsaid t\u00f5uke- ja t\u00f5mbej\u00f5ude, sobib raskete koormate k\u00e4sitsemiseks ja keerukate t\u00f6\u00f6\u00fclesannete t\u00e4itmiseks.<\/li>\n<li><strong>Erinevad t\u00fc\u00fcbid:<\/strong> Vajadusel saab valida \u00fchetoimeliste (h\u00fcdrauliline ainult \u00fches suunas) v\u00f5i kahetoimeliste (h\u00fcdrauliline m\u00f5lemas suunas) silindrite vahel; teatud mudelid on teleskoopilised, v\u00f5imaldades suuremat pikendust ilma v\u00e4lism\u00f5\u00f5tmeid suurendamata, sobides piiratud ruumiga rakenduste jaoks.<\/li>\n<\/ul>\n<p><img decoding=\"async\" src=\"https:\/\/www.hydraulic-cylinders.net\/wp-content\/uploads\/2025\/01\/songte-cylinder-head-with-all-kinds-excavator-models.webp\" alt=\"\u00c4mbri silindri pilt\"><\/p>\n<h2>Rakendused<\/h2>\n<p>Kopasilindritel on oluline roll erinevates seadmetes:<\/p>\n<ul>\n<li>Ehitusmasinad: Neid leidub ekskavaatorites, kus need on olulised kaevamiseks, laadimiseks ja pinnase v\u00f5i prahi teisaldamiseks. Ekskavaatorlaadurites aitavad kopasilindrid nii kaevamisel kui ka t\u00f5stmisel.<\/li>\n<li>P\u00f5llumajandusmasinad: Kasutatakse esilaadurites mulla, heina ja muude materjalide k\u00fchveldamiseks, t\u00f5stmiseks ja transportimiseks.<\/li>\n<li>Ekskavaatorid: Kopasilindrid v\u00f5imaldavad kaevamist, lastes kopal pinnasesse tungida.<\/li>\n<li>Laadurid: Esilaadurites aitavad need kaupu t\u00f5husalt t\u00f5sta ja maha laadida.<\/li>\n<\/ul>\n<h2>Projekteerimiskaalutlused ja valikukriteeriumid<\/h2>\n<ul>\n<li><strong>Kandev\u00f5ime:<\/strong> Kopasilindri v\u00f5ime kohta taluda suuri koormusi ja s\u00e4ilitada stabiilsust r\u00f5hu all arutatakse.<\/li>\n<li><strong>Tihendus:<\/strong> Erinevate tihenduskomponentide, n\u00e4iteks kolvitihendite ja varrastihendite kasutamise k\u00e4sitlemine kulumiskindlatest materjalidest, nagu pol\u00fcuretaan ja nitriilkummi. Silindri korpus ja keermestatud otsad l\u00e4bivad t\u00e4pse t\u00f6\u00f6tlemise kulumiskindluse suurendamiseks.<\/li>\n<li><strong>Vastupidavus:<\/strong> Ballooni v\u00f5imekuse uurimine taluda karme t\u00f6\u00f6tingimusi ja korrosiooni.<\/li>\n<li><strong>Ohutus:<\/strong> Ohutusmeetmete ja \u00f5nnetuste v\u00e4ltimise kaalutluste arutamine t\u00f6\u00f6 ajal.<\/li>\n<li><strong>Hooldatavus:<\/strong> H\u00f5lmab hoolduse ja remondi lihtsust, sh regulaarseid kontrolle ja soovitatavaid asendusprotseduure.<\/li>\n<\/ul>\n<p><img decoding=\"async\" src=\"https:\/\/www.hydraulic-cylinders.net\/wp-content\/uploads\/2025\/01\/songte-oil-pipes-and-spare-parts.webp\" alt=\"\u00c4mbri silindri pilt\"><\/p>\n<h2>Tihendus ja m\u00e4\u00e4rimine<\/h2>\n<p>Kopasilindris kasutatakse mitmesuguseid tihenduskomponente, n\u00e4iteks kolvitihendeid ja vardatihendeid, mis on valmistatud kulumiskindlatest materjalidest, n\u00e4iteks pol\u00fcuretaanist ja nitriilkummist. Silindri korpus ja keermestatud otsad on kulumiskindluse parandamiseks peenelt t\u00f6\u00f6deldud. Optimaalse j\u00f5udluse tagamiseks on vajalik regulaarne m\u00e4\u00e4rimine sobiva h\u00fcdraulika\u00f5liga.<\/p>\n<h2>Kontroll ja ennetav hooldus<\/h2>\n<p>Kopasilindri pikaealisuse tagamiseks on oluline regulaarne kontroll ja ennetav hooldus. M\u00f5ned soovitatavad meetmed on j\u00e4rgmised:<\/p>\n<ul>\n<li>Regulaarsed kontrollid kulumise, lekete v\u00f5i kahjustuste suhtes.<\/li>\n<li>N\u00f5uetekohane m\u00e4\u00e4rimine h\u00f5\u00f5rdumise v\u00e4hendamiseks ja j\u00f5udluse parandamiseks.<\/li>\n<li>Vajadusel vahetage tihendeid, et s\u00e4ilitada n\u00f5uetekohane tihendust\u00f5husus.<\/li>\n<li>Kalibreerimiskontrollid t\u00e4pse t\u00f6\u00f6 tagamiseks.<\/li>\n<\/ul>\n<p><img decoding=\"async\" src=\"https:\/\/www.hydraulic-cylinders.net\/wp-content\/uploads\/2025\/01\/songte-chushion-collar.webp\" alt=\"\u00c4mbri silindri pilt\"><\/p>\n<h2>Ohutuskaalutlused ja keskkonnategurid<\/h2>\n<p>Kopasilindritega t\u00f6\u00f6tamisel on \u00e4\u00e4rmiselt oluline j\u00e4rgida ohutusmeetmeid. See h\u00f5lmab n\u00f5uetekohast v\u00e4lja\u00f5pet, juhiste j\u00e4rgimist ja isikukaitsevahendite kasutamist. Arvesse tuleks v\u00f5tta ka keskkonnategureid, nagu temperatuur, niiskus ja kokkupuude s\u00f6\u00f6vitavate ainetega.<\/p>\n<h2>Rikete diagnoosimine ja levinud probleemid<\/h2>\n<p>Kopasilindrite vigade tuvastamine ja levinud probleemide lahendamine aitab t\u00f5husalt t\u00f5rkeotsingut ja probleemide lahendamist. M\u00f5ned levinud probleemid ja nende lahendused v\u00f5ivad h\u00f5lmata j\u00e4rgmist:<\/p>\n<ul>\n<li>Leke: Kontrollige ja vahetage kahjustatud tihendid v\u00f5i muud vigased komponendid v\u00e4lja.<\/li>\n<li>Aeglane t\u00f6\u00f6tamine: kontrollige, kas h\u00fcdraulikavedeliku tase on madal, ja veenduge, et m\u00e4\u00e4rimine oleks \u00f5ige.<\/li>\n<li>Ebakorrap\u00e4rased liikumised: kontrollige juhtventiile ja h\u00fcdraulikavoolikuid takistuste v\u00f5i kahjustuste suhtes.<\/li>\n<\/ul>\n<p><img decoding=\"async\" src=\"https:\/\/www.hydraulic-cylinders.net\/wp-content\/uploads\/2025\/01\/songte-bushings-with-all-kinds-of-excavator-models.webp\" alt=\"\u00c4mbri silindri pilt\"><\/p>\n<p>Pea meeles, et artikkel tuleks loogiliselt \u00fcles ehitada, kasutada navigeerimise h\u00f5lbustamiseks alapealkirju, lisada parema arusaamise huvides asjakohaseid pilte v\u00f5i diagramme ning veenduda, et sisu oleks selge, kokkuv\u00f5tlik ja sobiv erineva tehnilise teadmisega lugejatele.<\/p>\n<h2>Meie ettev\u00f5te<\/h2>\n<p>Oleme tootja, mis on spetsialiseerunud asendush\u00fcdrauliliste silindrite tootmisele. Meie ettev\u00f5te pakub laia tootevalikut ja on saanud \u00fcheks juhtivaks h\u00fcdrosilindrite tootjaks ja hulgim\u00fc\u00fcjaks nii sise- kui ka rahvusvahelisel turul. Meie prioriteediks on tippkvaliteet, tuginedes oma keerukates tootmist\u00f6\u00f6kodades t\u00f6\u00f6stusliku tootmise juhtimise strateegiatele. Oma tehniliste annete, t\u00e4iustatud digitaalsete tootmisseadmete ja professionaalsete testimiss\u00fcsteemide abil t\u00e4iustame pidevalt oma tootmisplatvormi, viimistleme tootmisprotsesse parema tootekvaliteedi saavutamiseks ning omame tugevaid v\u00f5imeid klientide mitmekesiste vajaduste t\u00f5husaks rahuldamiseks. <\/p>\n<p><img decoding=\"async\" src=\"https:\/\/hzpt.com\/wp-content\/uploads\/2024\/11\/songte-company-1.webp\" alt=\"\u00c4mbri silindri pilt\"><\/p>\n<h3>Professionaalsus<\/h3>\n<p>Meie tegevuses on oluline professionaalsus, sh meeskonna asjatundlikkus ja rahvusvaheliste sertifikaatide j\u00e4rgimine.<\/p>\n<h3>Kohandamise teenused<\/h3>\n<p>Pakume kohandamisteenuseid vastavalt konkreetsetele n\u00f5uetele, tagades, et meie tooted sobivad ideaalselt klientide rakendustega.<\/p>\n<h3>Tootmisrajatised<\/h3>\n<p>Meie tootmis\u00fcksused on varustatud tipptasemel seadmetega, et tagada k\u00f5rge kvaliteediga tootmisprotsessid.<\/p>\n<h3>M\u00fc\u00fcgij\u00e4rgne teenindus<\/h3>\n<p>Pakume oma h\u00fcdrosilindrite eluea pikendamiseks igak\u00fclgset m\u00fc\u00fcgij\u00e4rgset teenindust, sealhulgas varuosade vahetust ja taastamisteenuseid.<\/p>\n<p><img decoding=\"async\" src=\"https:\/\/www.hydraulic-cylinders.net\/wp-content\/uploads\/2025\/01\/songte-company-3.webp\" alt=\"\u00c4mbri silindri pilt\"><\/p>\n<p>Autor: lyl<\/p>\n<p><\/body><br \/>\n<\/html><\/p>","protected":false},"excerpt":{"rendered":"<p>Bucket Cylinder for Volvo Large Excavator EC350D Bucket Cylinder for Volvo Large Excavator EC350D Introduction The bucket cylinder for Volvo large excavator EC350D is a specially designed hydraulic cylinder primarily used to control the movement of the bucket in heavy machinery such as excavators, backhoe loaders, and front loaders. Its main function is to enable [&hellip;]<\/p>","protected":false},"featured_media":14778,"comment_status":"open","ping_status":"closed","template":"","meta":{"_et_pb_use_builder":"","_et_pb_old_content":"","_et_gb_content_width":""},"product_brand":[],"product_cat":[1494],"product_tag":[1495,1496],"class_list":{"0":"post-15409","1":"product","2":"type-product","3":"status-publish","4":"has-post-thumbnail","6":"product_cat-bucket-cylinders","7":"product_tag-bucket-cylinders","8":"product_tag-hydraulic-cylinders","10":"first","11":"instock","12":"shipping-taxable","13":"product-type-simple"},"amp_enabled":true,"_links":{"self":[{"href":"https:\/\/www.hydraulic-cylinders.net\/et\/wp-json\/wp\/v2\/product\/15409","targetHints":{"allow":["GET"]}}],"collection":[{"href":"https:\/\/www.hydraulic-cylinders.net\/et\/wp-json\/wp\/v2\/product"}],"about":[{"href":"https:\/\/www.hydraulic-cylinders.net\/et\/wp-json\/wp\/v2\/types\/product"}],"replies":[{"embeddable":true,"href":"https:\/\/www.hydraulic-cylinders.net\/et\/wp-json\/wp\/v2\/comments?post=15409"}],"wp:featuredmedia":[{"embeddable":true,"href":"https:\/\/www.hydraulic-cylinders.net\/et\/wp-json\/wp\/v2\/media\/14778"}],"wp:attachment":[{"href":"https:\/\/www.hydraulic-cylinders.net\/et\/wp-json\/wp\/v2\/media?parent=15409"}],"wp:term":[{"taxonomy":"product_brand","embeddable":true,"href":"https:\/\/www.hydraulic-cylinders.net\/et\/wp-json\/wp\/v2\/product_brand?post=15409"},{"taxonomy":"product_cat","embeddable":true,"href":"https:\/\/www.hydraulic-cylinders.net\/et\/wp-json\/wp\/v2\/product_cat?post=15409"},{"taxonomy":"product_tag","embeddable":true,"href":"https:\/\/www.hydraulic-cylinders.net\/et\/wp-json\/wp\/v2\/product_tag?post=15409"}],"curies":[{"name":"wp","href":"https:\/\/api.w.org\/{rel}","templated":true}]}}