{"id":15417,"date":"2025-01-19T14:30:17","date_gmt":"2025-01-19T14:30:17","guid":{"rendered":"https:\/\/www.hydraulic-cylinders.net\/product\/bucket-cylinder-for-volvo-wheel-excavator-dls830-9b\/"},"modified":"2025-01-19T14:30:19","modified_gmt":"2025-01-19T14:30:19","slug":"bucket-cylinder-for-volvo-wheel-excavator-dls830-9b","status":"publish","type":"product","link":"https:\/\/www.hydraulic-cylinders.net\/et\/toode\/bucket-cylinder-for-volvo-wheel-excavator-dls830-9b\/","title":{"rendered":"Volvo ratasekskavaatori DLS830-9B kopa silinder"},"content":{"rendered":"<h1>Volvo ratasekskavaatori DLS830-9B kopa silinder<\/h1>\n<h2>Sissejuhatus<\/h2>\n<h3>Definitsioon<\/h3>\n<p>Kopa silinder on spetsiaalne h\u00fcdrauliline silinder, mida kasutatakse peamiselt koppade liikumise juhtimiseks rasketes masinates, n\u00e4iteks ekskavaatorites, laadur-ekskavaatorites ja esilaadurites. Selle peamine \u00fclesanne on v\u00f5imaldada kopa t\u00f5stmist, langetamist ja kallutamist, muutes selle mugavaks mitmesuguste materjalik\u00e4itlust\u00f6\u00f6de jaoks. H\u00fcdraulilises s\u00fcsteemis saavutab kopa silinder kopa t\u00e4pse juhtimise h\u00fcdraulika\u00f5li r\u00f5hu muutmise abil, v\u00f5imaldades operaatoritel raskeid esemeid t\u00f5husalt k\u00e4sitseda ning kohaneda keerukate t\u00f6\u00f6keskkondade ja mitmekesiste t\u00f6\u00f6n\u00f5uetega.<\/p>\n<p><img decoding=\"async\" src=\"https:\/\/www.hydraulic-cylinders.net\/wp-content\/uploads\/2025\/01\/songte-company-2.webp\" alt=\"Volvo ratasekskavaatori DLS830-9B kopa silinder\"><\/p>\n<h2>Omadused<\/h2>\n<ul>\n<li>Suur tugevus ja vastupidavus: tavaliselt valmistatud \u00fclitugevast terasest v\u00f5i alumiiniumist, talub k\u00f5rget r\u00f5hku ja suuri koormusi, on kohandatav karmide t\u00f6\u00f6keskkondadega, on konstrueeritud kulumiskindlust ja korrosioonikindlust silmas pidades ning pikendatud kasutusiga.<\/li>\n<li>T\u00f5hus h\u00fcdrauliline t\u00f6\u00f6: h\u00fcdro\u00f5li r\u00f5hu kasutamine sujuva pikenduse ja tagasit\u00f5mbamise saavutamiseks, kiire reageerimine juhtimisk\u00e4sklustele, tugev t\u00f5uke- ja t\u00f5mbej\u00f5ud, sobib raskete esemete k\u00e4sitsemiseks ja keerukate t\u00f6\u00f6\u00fclesannete t\u00e4itmiseks.<\/li>\n<li>Erinevaid t\u00fc\u00fcpe: vastavalt vajadusele saab valida \u00fchetoimelisi (h\u00fcdraulikat ainult \u00fches suunas) v\u00f5i kahetoimelisi (h\u00fcdraulikat m\u00f5lemas suunas) silindreid, et rahuldada erinevaid t\u00f6\u00f6vajadusi. M\u00f5ned mudelid on teleskoopilised, v\u00f5imaldades suuremat pikendamist ilma v\u00e4lism\u00f5\u00f5tmeid suurendamata, sobides piiratud ruumides kasutamiseks.<\/li>\n<li>Vahetatav: meie toode saab neid h\u00fcdrosilindreid ideaalselt asendada.<\/li>\n<\/ul>\n<p><img decoding=\"async\" src=\"https:\/\/www.hydraulic-cylinders.net\/wp-content\/uploads\/2025\/01\/songte-cylinder-head-with-all-kinds-excavator-models.webp\" alt=\"Volvo ratasekskavaatori DLS830-9B kopa silinder\"><\/p>\n<h2>Rakendused<\/h2>\n<p>Kopa silindreid kasutatakse erinevates rasketehnika masinates, n\u00e4iteks:<\/p>\n<ul>\n<li>Ehitusseadmed: ekskavaatorites on need h\u00e4davajalikud kaevamiseks, laadimiseks ja pinnase v\u00f5i prahi teisaldamiseks. Ekskavaatoritel aitavad kopasilindrid nii kaevamisel kui ka t\u00f5stmisel. <\/li>\n<li>P\u00f5llumajandusmasinad: kasutatakse esilaadurite jaoks, mulla, heina ja muude materjalide pealev\u00f5tmiseks, t\u00f5stmiseks ja transportimiseks. <\/li>\n<li>Ekskavaatorid: kopasilindrid saavutavad kaevamistoimingud, v\u00f5imaldades kopal pinnasesse tungida. <\/li>\n<li>Laadurid: esilaadurites aitavad need lasti t\u00f5husalt t\u00f5sta ja kallutada. <\/li>\n<\/ul>\n<p>K\u00f5igi nende rakenduste puhul v\u00f5imaldavad kopasilindrid rasketel seadmetel materjalik\u00e4itlus\u00fclesandeid t\u00f5husamalt, t\u00e4psemalt ja ohutumalt t\u00e4ita. Ehitus- ja p\u00f5llumajandust\u00f6\u00f6des suurendab kopasilindrite kasutamine tootlikkust ja lihtsustab t\u00f6\u00f6d.<\/p>\n<h2>Projekteerimiskaalutlused ja valikukriteeriumid<\/h2>\n<h3>Kandev\u00f5ime<\/h3>\n<p>Kopasilindri valimisel on k\u00f5ige olulisem kaalutlus selle kandev\u00f5ime, mis on otseselt seotud k\u00e4ideldavate materjalide kaaluga. Silinder peab suutma koormusele vastu pidada ilma paindumata v\u00f5i surve all deformeerumata.<\/p>\n<h3>Tihendus<\/h3>\n<p>Kopasilindri n\u00f5uetekohaseks t\u00f6\u00f6ks on oluline efektiivne tihendus. Tihenduss\u00fcsteem peab v\u00e4ltima h\u00fcdraulikavedeliku lekkeid, mis v\u00f5ivad p\u00f5hjustada h\u00fcdraulikas\u00fcsteemi rikkeid, r\u00f5hu langust ja masina potentsiaalset kahjustumist. Erinevate tihenduskomponentide, n\u00e4iteks kolvi- ja varrastihendite kasutamine, mis on valmistatud kulumiskindlatest materjalidest, nagu pol\u00fcuretaan ja nitriilkummi, aitab lekkeid v\u00e4ltida.<\/p>\n<h3>Vastupidavus<\/h3>\n<p>Kopaga silinder peaks olema konstrueeritud nii, et see kestaks kaua minimaalse hooldusega. See h\u00f5lmab vastupidavate materjalide kasutamist, mis taluvad karme keskkonnatingimusi ja rasket kasutamist. Silinder peaks olema konstrueeritud nii, et seda oleks lihtne hooldada ja parandada ning selle komponendid peaksid olema kergesti ligip\u00e4\u00e4setavad.<\/p>\n<h3>Ohutus<\/h3>\n<p>Kopasilindri konstrueerimisel tuleks silmas pidada ohutusfunktsioone. See peaks vastu pidama k\u00f5rgele r\u00f5hule ilma purunemata, mis v\u00f5ib p\u00f5hjustada t\u00f5siseid kahjustusi v\u00f5i vigastusi. Silinder peaks olema konstrueeritud nii, et oleks v\u00e4listatud kopasilindri juhuslik aktiveerimine v\u00f5i t\u00f6\u00f6tamine, mis v\u00f5ib p\u00f5hjustada operaatorile t\u00f5siseid vigastusi v\u00f5i kahjustada masinaid.<\/p>\n<h3>M\u00e4\u00e4rimine<\/h3>\n<p>H\u00fcdraulikas\u00fcsteemi sujuva t\u00f6\u00f6 tagamiseks tuleks kopa silindrit regulaarselt m\u00e4\u00e4rida. See h\u00f5lmab h\u00fcdraulika\u00f5li ja m\u00e4\u00e4rdeainete kasutamist ning kulunud v\u00f5i kahjustatud komponentide v\u00e4ljavahetamist.<\/p>\n<p><img decoding=\"async\" src=\"https:\/\/www.hydraulic-cylinders.net\/wp-content\/uploads\/2025\/01\/songte-oil-pipes-and-spare-parts.webp\" alt=\"Volvo ratasekskavaatori DLS830-9B kopa silinder\"><\/p>\n<h2>Hooldus<\/h2>\n<h3>Paigaldamine<\/h3>\n<p>Kopasilindri korrektseks paigaldamiseks tuleb see paigaldada \u00f5igesti. See h\u00f5lmab silindri \u00f5iget joondamist ja sobivate kinnitusklambrite kasutamist silindri kinnitamiseks paigale. Kopasilindri toimivuse s\u00e4ilitamiseks tuleks j\u00e4rgida soovitatud kontrolli-, remondi- ja vahetusprotseduure.<\/p>\n<h3>Ennetav hooldus<\/h3>\n<p>Ennetav hooldus on oluline v\u00f5imalike probleemide minimeerimiseks ja kopasilindri kasutusea maksimeerimiseks. See h\u00f5lmab regulaarset kontrolli, m\u00e4\u00e4rimist ja kulunud v\u00f5i kahjustatud komponentide v\u00e4ljavahetamist. N\u00f5uetekohane paigaldamine, m\u00e4\u00e4rimine ja reguleerimine on kopasilindri korrektseks t\u00f6\u00f6ks \u00fcliolulised.<\/p>\n<h3>Levinumad hooldust\u00f6\u00f6d<\/h3>\n<ul>\n<li>Regulaarne kontroll: ballooni kulumis- v\u00f5i kahjustuste, n\u00e4iteks painutatud v\u00f5i pragunenud osade, lekete v\u00f5i korrosiooni kontrollimine. <\/li>\n<li>N\u00f5uetekohane m\u00e4\u00e4rimine: kasutage soovitatud h\u00fcdraulika\u00f5li ja m\u00e4\u00e4rdeaineid ning veenduge, et k\u00f5ik liikuvad osad on korralikult m\u00e4\u00e4ritud. <\/li>\n<li>Tihendi vahetamine: kulunud v\u00f5i kahjustatud tihendite vahetamine vedeliku lekke v\u00e4ltimiseks ja silindri n\u00f5uetekohase t\u00f6\u00f6 tagamiseks. <\/li>\n<li>Kalibreerimiskontroll: silindri kalibreerimise kontrollimine n\u00f5uetekohase t\u00f6\u00f6 tagamiseks. <\/li>\n<\/ul>\n<p><img decoding=\"async\" src=\"https:\/\/www.hydraulic-cylinders.net\/wp-content\/uploads\/2025\/01\/songte-chushion-collar.webp\" alt=\"Volvo ratasekskavaatori DLS830-9B kopa silinder\"><\/p>\n<h2>Ohutus- ja keskkonnakaalutlused<\/h2>\n<p>Kopasilindrite k\u00e4sitsemisel v\u00f5i kasutamisel tuleb j\u00e4rgida n\u00f5uetekohaseid ohutusn\u00f5udeid. Operaatorid peaksid olema nende kasutamises korralikult koolitatud ja kogu aeg tuleks kanda sobivat kaitsevarustust. Ballooni tuleks kasutada ainult etten\u00e4htud otstarbel ning k\u00f5iki ohutusfunktsioone tuleks korralikult hooldada ja testida.<\/p>\n<p>Kopasilindrite kasutamisel tuleks arvestada ka keskkonnakaalutlustega. Tuleb tagada h\u00fcdrauliliste vedelike ja muude materjalide n\u00f5uetekohane k\u00f5rvaldamine ning j\u00e4rgida k\u00f5iki kohalikke ja riiklikke keskkonnaeeskirju.<\/p>\n<h2>Levinumad probleemid ja t\u00f5rkeotsing<\/h2>\n<p>Kopasilindrite levinud probleemide hulka kuuluvad lekked, painutatud v\u00f5i kahjustatud komponendid ja eba\u00f5ige t\u00f6\u00f6. Veaotsing v\u00f5ib h\u00f5lmata silindri kahjustuste v\u00f5i kulumise kontrollimist, h\u00fcdros\u00fcsteemi lekete kontrollimist ning silindri \u00f5ige kalibreerimise ja t\u00f6\u00f6 kontrollimist.<\/p>\n<p>Ennetavad meetmed, nagu kulunud v\u00f5i kahjustatud komponentide regulaarne kontroll, m\u00e4\u00e4rimine ja remont, aitavad minimeerida v\u00f5imalikke probleeme ja tagada kopasilindri n\u00f5uetekohase t\u00f6\u00f6.<\/p>\n<p><img decoding=\"async\" src=\"https:\/\/www.hydraulic-cylinders.net\/wp-content\/uploads\/2025\/01\/songte-bushings-with-all-kinds-of-excavator-models.webp\" alt=\"Volvo ratasekskavaatori DLS830-9B kopa silinder\"><\/p>\n<h2>Meist<\/h2>\n<p>Oleme h\u00fcdrauliliste silindrite tootja, mis suudavad asendada h\u00fcdraulilisi silindreid. Meie ettev\u00f5te pakub t\u00e4ielikku tootevalikut ja on saanud \u00fcheks juhtivaks h\u00fcdrauliliste silindrite tootjaks ja hulgim\u00fc\u00fcjaks nii sise- kui ka rahvusvahelistel turgudel. J\u00e4rgime suurep\u00e4rase kvaliteedi p\u00f5him\u00f5tteid, tuginedes peentootmist\u00f6\u00f6koja industrialiseeritud tootmisjuhtimise strateegiale. Meie ettev\u00f5te t\u00e4iustab pidevalt t\u00f6\u00f6koja tootmisplatvormi, t\u00e4iustab tootekvaliteedi tootmisliini ning omab tugevat loomingulist v\u00f5imekust rahuldada klientide mitmekesiseid vajadusi suure efektiivsuse, suure t\u00e4psuse ja k\u00f5rge kvaliteediga.<\/p>\n<p>Meie ettev\u00f5te pakub laia teenuste valikut, sealhulgas eritellimusel valmistatud tooteid, rahvusvahelisi sertifikaate, tootmisseadmeid ja m\u00fc\u00fcgij\u00e4rgset teenindust.<\/p>\n<p><img decoding=\"async\" src=\"https:\/\/hzpt.com\/wp-content\/uploads\/2024\/11\/songte-company-1.webp\" alt=\"Volvo ratasekskavaatori DLS830-9B kopa silinder\"><\/p>\n<p><i>Autor: lyl<\/i><\/p>","protected":false},"excerpt":{"rendered":"<p>Bucket Cylinder For Volvo Wheel Excavator DLS830-9B Introduction Definition A bucket cylinder is a specialized hydraulic cylinder used primarily to control the movement of buckets in heavy machinery such as excavators, backhoe excavators, and front-end loaders. Its main function is to enable the bucket to lift, lower, and tilt, making it convenient for various material [&hellip;]<\/p>","protected":false},"featured_media":14789,"comment_status":"open","ping_status":"closed","template":"","meta":{"_et_pb_use_builder":"","_et_pb_old_content":"","_et_gb_content_width":""},"product_brand":[],"product_cat":[1494],"product_tag":[1495,1496],"class_list":{"0":"post-15417","1":"product","2":"type-product","3":"status-publish","4":"has-post-thumbnail","6":"product_cat-bucket-cylinders","7":"product_tag-bucket-cylinders","8":"product_tag-hydraulic-cylinders","10":"first","11":"instock","12":"shipping-taxable","13":"product-type-simple"},"amp_enabled":true,"_links":{"self":[{"href":"https:\/\/www.hydraulic-cylinders.net\/et\/wp-json\/wp\/v2\/product\/15417","targetHints":{"allow":["GET"]}}],"collection":[{"href":"https:\/\/www.hydraulic-cylinders.net\/et\/wp-json\/wp\/v2\/product"}],"about":[{"href":"https:\/\/www.hydraulic-cylinders.net\/et\/wp-json\/wp\/v2\/types\/product"}],"replies":[{"embeddable":true,"href":"https:\/\/www.hydraulic-cylinders.net\/et\/wp-json\/wp\/v2\/comments?post=15417"}],"wp:featuredmedia":[{"embeddable":true,"href":"https:\/\/www.hydraulic-cylinders.net\/et\/wp-json\/wp\/v2\/media\/14789"}],"wp:attachment":[{"href":"https:\/\/www.hydraulic-cylinders.net\/et\/wp-json\/wp\/v2\/media?parent=15417"}],"wp:term":[{"taxonomy":"product_brand","embeddable":true,"href":"https:\/\/www.hydraulic-cylinders.net\/et\/wp-json\/wp\/v2\/product_brand?post=15417"},{"taxonomy":"product_cat","embeddable":true,"href":"https:\/\/www.hydraulic-cylinders.net\/et\/wp-json\/wp\/v2\/product_cat?post=15417"},{"taxonomy":"product_tag","embeddable":true,"href":"https:\/\/www.hydraulic-cylinders.net\/et\/wp-json\/wp\/v2\/product_tag?post=15417"}],"curies":[{"name":"wp","href":"https:\/\/api.w.org\/{rel}","templated":true}]}}