{"id":15428,"date":"2025-01-19T14:31:07","date_gmt":"2025-01-19T14:31:07","guid":{"rendered":"https:\/\/www.hydraulic-cylinders.net\/product\/bucket-cylinder-for-sany-small-excavator-sy155c-9\/"},"modified":"2025-01-19T14:31:09","modified_gmt":"2025-01-19T14:31:09","slug":"bucket-cylinder-for-sany-small-excavator-sy155c-9","status":"publish","type":"product","link":"https:\/\/www.hydraulic-cylinders.net\/et\/toode\/bucket-cylinder-for-sany-small-excavator-sy155c-9\/","title":{"rendered":"Kopa silinder Sany v\u00e4ikese ekskavaatori SY155C-9 jaoks"},"content":{"rendered":"<p><!DOCTYPE html><br \/>\n<html><br \/>\n<head><br \/>\n\t<title>Kopa silinder Sany v\u00e4ikese ekskavaatori SY155C-9 jaoks<\/title><br \/>\n<\/head><br \/>\n<body><\/p>\n<h1>Kopa silinder Sany v\u00e4ikese ekskavaatori SY155C-9 jaoks<\/h1>\n<h2>Sissejuhatus<\/h2>\n<p>Kopa silinder on spetsiaalselt konstrueeritud h\u00fcdrauliline silinder, mida kasutatakse kopa liikumise juhtimiseks rasketes masinates, n\u00e4iteks ekskavaatorites, laadur-ekskavaatorites ja esilaadurites. Selle peamine \u00fclesanne on v\u00f5imaldada kopa t\u00f5stmist, langetamist ja kallutamist, muutes mitmesuguste materjalik\u00e4itlust\u00f6\u00f6de tegemise lihtsamaks. H\u00fcdraulilises s\u00fcsteemis saavutab kopa silinder kopa t\u00e4pse juhtimise, kasutades \u00e4ra h\u00fcdraulika\u00f5li r\u00f5hu muutusi, v\u00f5imaldades operaatoritel t\u00f5husalt k\u00e4sitseda raskeid koormaid ning kohaneda keerukate t\u00f6\u00f6keskkondade ja mitmekesiste t\u00f6\u00f6n\u00f5uetega.<\/p>\n<p>\t<img decoding=\"async\" src=\"https:\/\/www.hydraulic-cylinders.net\/wp-content\/uploads\/2025\/01\/songte-company-2.webp\" alt=\"\u00c4mbri silindri pilt\"><\/p>\n<h2>Omadused<\/h2>\n<ul>\n<li>Suur tugevus ja vastupidavus: Tavaliselt \u00fclitugevast terasest v\u00f5i alumiiniumist valmistatud kopasilindrid taluvad k\u00f5rget r\u00f5hku ja suuri koormusi, kohandudes karmide t\u00f6\u00f6keskkondadega. Nende disain arvestab kulumiskindluse ja korrosioonikindlusega, pikendades nende eluiga.<\/li>\n<li>T\u00f5hus h\u00fcdrauliline t\u00f6\u00f6: H\u00fcdraulilise \u00f5li r\u00f5hu abil saavutab kopa silinder sujuva pikenemise ja tagasit\u00f5mbumise, v\u00f5imaldades kiiret reageerimist juhtimisk\u00e4sklustele ning pakkudes v\u00f5imsaid t\u00f5uke- ja t\u00f5mbej\u00f5ude, mis sobivad raskete koormate ja keerukate t\u00f6\u00f6\u00fclesannete k\u00e4sitsemiseks.<\/li>\n<li>Mitmek\u00fclgsed t\u00fc\u00fcbid: Kopasilindrit saab valida \u00fchetoimelise (h\u00fcdrauliline ainult \u00fches suunas) v\u00f5i kahetoimelise (h\u00fcdrauliline m\u00f5lemas suunas) silindrina vastavalt konkreetsetele t\u00f6\u00f6vajadustele. M\u00f5ned mudelid on teleskoopilised, mis v\u00f5imaldab suuremat pikendamist ilma v\u00e4lism\u00f5\u00f5tmeid suurendamata, sobides piiratud ruumiga rakenduste jaoks.<\/li>\n<li>H\u00fcdrauliliste silindrite ideaalne asendus: meie tooted suudavad ideaalselt asendada olemasolevaid h\u00fcdrosilindreid, pakkudes sama funktsionaalsust ja j\u00f5udlust.<\/li>\n<\/ul>\n<p>\t<img decoding=\"async\" src=\"https:\/\/www.hydraulic-cylinders.net\/wp-content\/uploads\/2025\/01\/songte-cylinder-head-with-all-kinds-excavator-models.webp\" alt=\"H\u00fcdraulilise silindri pilt\"><\/p>\n<h2>Rakendused<\/h2>\n<p>Kopasilindrit kasutatakse erinevates t\u00f6\u00f6stusharudes, sealhulgas:<\/p>\n<ul>\n<li>Ehitusseadmed: Ekskavaatorite jaoks eluliselt t\u00e4htsad, kuna need h\u00f5lbustavad kaevamist, laadimist ja pinnase v\u00f5i prahi teisaldamist. Ekskavaator-laaduritel aitab kopa silinder nii kaevamisel kui ka t\u00f5stmisel.<\/li>\n<li>P\u00f5llumajandusmasinad: Kasutatakse esilaadurites mulla, heina ja muude materjalide k\u00fchveldamiseks, t\u00f5stmiseks ja transportimiseks.<\/li>\n<li>Ekskavaatorid: Kopa silinder v\u00f5imaldab kaevamist, lastes kopal pinnasesse tungida.<\/li>\n<li>Laadurid: Esilaadurites aitavad need kaupu t\u00f5husalt t\u00f5sta ja maha visata.<\/li>\n<\/ul>\n<h2>Projekteerimiskaalutlused ja valikukriteeriumid<\/h2>\n<p>Projekteerimisel on olulised sellised tegurid nagu kandev\u00f5ime, tihendus, vastupidavus, ohutus ja hooldatavus. Siin on m\u00f5ned punktid, mida arvestada:<\/p>\n<p>\t<img decoding=\"async\" src=\"https:\/\/www.hydraulic-cylinders.net\/wp-content\/uploads\/2025\/01\/songte-oil-pipes-and-spare-parts.webp\" alt=\"H\u00fcdraulilise silindri osade pilt\"><\/p>\n<ul>\n<li>Kandev\u00f5ime: Kopa silinder peab olema konstrueeritud nii, et see taluks eeldatavaid koormusi, millega see t\u00f6\u00f6tamise ajal kokku puutub.<\/li>\n<li>Tihendus: N\u00f5uetekohase tihenduse tagamiseks ja lekete v\u00e4ltimiseks kasutatakse mitmesuguseid tihenduselemente, n\u00e4iteks kolvitihendeid ja varrastihendeid, mis on valmistatud kulumiskindlatest materjalidest, n\u00e4iteks pol\u00fcuretaanist ja nitriilkummist.<\/li>\n<li>Vastupidavus: Silindri korpus ja keermestatud otsad l\u00e4bivad hoolika pinnat\u00f6\u00f6tluse, et suurendada kulumiskindlust ja pikaealisust.<\/li>\n<li>Ohutus: Projekteerimisel peaksid olema ohutusfunktsioonid \u00f5nnetuste v\u00e4ltimiseks ja operaatori heaolu tagamiseks t\u00f6\u00f6tamise ajal.<\/li>\n<li>Hooldatavus: Lihtne juurdep\u00e4\u00e4s komponentidele, standardiseeritud osad ja selged hooldus- ja remondijuhised aitavad kaasa kopasilindri \u00fcldisele hooldatavusele.<\/li>\n<\/ul>\n<h2>Tihendus ja m\u00e4\u00e4rimine<\/h2>\n<p>Kopasilindris kasutatakse erinevat t\u00fc\u00fcpi tihendeid, n\u00e4iteks kolvitihendeid ja vardatihendeid, mis on valmistatud kulumiskindlatest materjalidest. Silindri korpus ja keermestatud otsad on t\u00f6\u00f6deldud kulumiskindluse suurendamiseks. N\u00f5uetekohase t\u00f6\u00f6 tagamiseks on vajalik regulaarne m\u00e4\u00e4rimine sobiva koguse h\u00fcdraulika\u00f5liga.<\/p>\n<h2>Hooldus ja ennetavad meetmed<\/h2>\n<ul>\n<li>Regulaarsed kontrollid: Regulaarsed kontrollid on olulised, et tuvastada kopasilindriga seotud probleeme v\u00f5i v\u00f5imalikke probleeme.<\/li>\n<li>\u00d5ige m\u00e4\u00e4rimine: Piisav m\u00e4\u00e4rimine aitab v\u00e4ltida h\u00f5\u00f5rdumist ja s\u00e4ilitada sujuva t\u00f6\u00f6.<\/li>\n<li>Tihendite vahetamine: Kui m\u00f5ni tihend on kulunud v\u00f5i kahjustatud, tuleks see lekke v\u00e4ltimiseks viivitamatult v\u00e4lja vahetada.<\/li>\n<li>Kalibreerimiskontrollid: Regulaarne kalibreerimine tagab kopasilindri t\u00e4pse toimimise.<\/li>\n<\/ul>\n<p>\t<img decoding=\"async\" src=\"https:\/\/www.hydraulic-cylinders.net\/wp-content\/uploads\/2025\/01\/songte-chushion-collar.webp\" alt=\"H\u00fcdraulilise silindri osade pilt\"><\/p>\n<h2>Ohutuskaalutlused ja keskkonnategurid<\/h2>\n<p>H\u00fcdrauliliste silindrite kasutamisel on oluline seada esikohale ohutusmeetmed, et v\u00e4ltida \u00f5nnetusi ja tagada ohutu t\u00f6\u00f6keskkond. N\u00f5uetekohane v\u00e4lja\u00f5pe, ohutusjuhiste j\u00e4rgimine ja seadmete hooldus on h\u00e4davajalikud.<\/p>\n<h2>Rikete diagnoosimine ja levinud probleemid<\/h2>\n<p>M\u00f5ned kopasilindriga seotud levinud probleemid on leke, v\u00e4henenud j\u00f5udlus ja ebanormaalne t\u00f6\u00f6. Siin on m\u00f5ned t\u00f5rkeotsingu n\u00e4pun\u00e4ited ja lahendused:<\/p>\n<p>\t<img decoding=\"async\" src=\"https:\/\/www.hydraulic-cylinders.net\/wp-content\/uploads\/2025\/01\/songte-bushings-with-all-kinds-of-excavator-models.webp\" alt=\"H\u00fcdrauliliste silindrite pukside pilt\"><\/p>\n<ul>\n<li>Leke: Kontrollige ja vahetage v\u00e4lja k\u00f5ik kulunud v\u00f5i kahjustatud tihendid. Tagage korralik m\u00e4\u00e4rimine ja lahendage k\u00f5ik v\u00f5imalikud h\u00fcdraulikas\u00fcsteemi probleemid.<\/li>\n<li>V\u00e4henenud j\u00f5udlus: kontrollige silindrit kahjustuste v\u00f5i joondusvea suhtes, mis v\u00f5ivad selle t\u00f6\u00f6d m\u00f5jutada. Vajadusel reguleerige v\u00f5i vahetage komponendid v\u00e4lja.<\/li>\n<li>Ebanormaalne t\u00f6\u00f6: Anal\u00fc\u00fcsige h\u00fcdraulikas\u00fcsteemi ja kontrollige ummistusi v\u00f5i talitlush\u00e4ireid. Tehke vajalikud remondit\u00f6\u00f6d v\u00f5i vahetused.<\/li>\n<\/ul>\n<h2>Kokkuv\u00f5te<\/h2>\n<p>Kokkuv\u00f5tteks v\u00f5ib \u00f6elda, et Sany v\u00e4ikeekskavaatori SY155C-9 kopa silinder on rasketehnika oluline komponent, mis v\u00f5imaldab t\u00f5husat materjalik\u00e4itlust ja kaevamist\u00f6id. Selle suur tugevus, vastupidavus ja mitmek\u00fclgsus muudavad selle sobivaks mitmesugusteks rakendusteks ehituses, p\u00f5llumajanduses ja muudes t\u00f6\u00f6stusharudes. Meie ettev\u00f5te on spetsialiseerunud kvaliteetsete h\u00fcdrauliliste silindrite tootmisele ja turustamisele, pakkudes laia valikut tooteid, mis sobivad ideaalselt olemasolevate silindrite asendamiseks. P\u00fchendudes tipptasemele ja t\u00e4iustatud tootmisv\u00f5imalustele, p\u00fc\u00fcame rahuldada klientide mitmekesiseid vajadusi ning pakkuda erakordseid tooteid ja teenuseid.<\/p>\n<p>\t<img decoding=\"async\" src=\"https:\/\/www.hydraulic-cylinders.net\/wp-content\/uploads\/2025\/01\/songte-company-3.webp\" alt=\"Ettev\u00f5tte kuvand\"><\/p>\n<h3>Meie ettev\u00f5ttest<\/h3>\n<p>Oleme juhtiv h\u00fcdrauliliste silindrite tootja ja hulgim\u00fc\u00fcja nii sise- kui ka rahvusvahelisel turul. Meie lai tootevalik ja p\u00fchendumus \u00fclimale kvaliteedile on meid positsioneerinud \u00fcheks t\u00f6\u00f6stusharu liidriks. Keskendudes tehnoloogilisele talendile, t\u00e4iustatud tootmisseadmetele ja professionaalsetele testimiss\u00fcsteemidele, t\u00e4iustame pidevalt oma tootmisv\u00f5imalusi ja tootekvaliteeti. Meie ettev\u00f5te pakub asjatundlikkust, rahvusvahelisi sertifikaate, kohandatud teenuseid, tipptasemel tootmisseadmeid ja suurep\u00e4rast m\u00fc\u00fcgij\u00e4rgset teenindust.<\/p>\n<p>\t<img decoding=\"async\" src=\"https:\/\/hzpt.com\/wp-content\/uploads\/2024\/11\/songte-company-1.webp\" alt=\"Ettev\u00f5tte kuvand\"><\/p>\n<p>Autor: lyl<\/p>\n<p><\/body><br \/>\n<\/html><\/p>","protected":false},"excerpt":{"rendered":"<p>Bucket Cylinder For Sany Small Excavator SY155C-9 Bucket Cylinder For Sany Small Excavator SY155C-9 Introduction The bucket cylinder is a specially designed hydraulic cylinder used to control the movement of the bucket in heavy machinery, such as excavators, backhoe loaders, and front loaders. Its main function is to allow the bucket to lift, lower, and [&hellip;]<\/p>","protected":false},"featured_media":14769,"comment_status":"open","ping_status":"closed","template":"","meta":{"_et_pb_use_builder":"","_et_pb_old_content":"","_et_gb_content_width":""},"product_brand":[],"product_cat":[1494],"product_tag":[1495,1496],"class_list":{"0":"post-15428","1":"product","2":"type-product","3":"status-publish","4":"has-post-thumbnail","6":"product_cat-bucket-cylinders","7":"product_tag-bucket-cylinders","8":"product_tag-hydraulic-cylinders","10":"first","11":"instock","12":"shipping-taxable","13":"product-type-simple"},"amp_enabled":true,"_links":{"self":[{"href":"https:\/\/www.hydraulic-cylinders.net\/et\/wp-json\/wp\/v2\/product\/15428","targetHints":{"allow":["GET"]}}],"collection":[{"href":"https:\/\/www.hydraulic-cylinders.net\/et\/wp-json\/wp\/v2\/product"}],"about":[{"href":"https:\/\/www.hydraulic-cylinders.net\/et\/wp-json\/wp\/v2\/types\/product"}],"replies":[{"embeddable":true,"href":"https:\/\/www.hydraulic-cylinders.net\/et\/wp-json\/wp\/v2\/comments?post=15428"}],"wp:featuredmedia":[{"embeddable":true,"href":"https:\/\/www.hydraulic-cylinders.net\/et\/wp-json\/wp\/v2\/media\/14769"}],"wp:attachment":[{"href":"https:\/\/www.hydraulic-cylinders.net\/et\/wp-json\/wp\/v2\/media?parent=15428"}],"wp:term":[{"taxonomy":"product_brand","embeddable":true,"href":"https:\/\/www.hydraulic-cylinders.net\/et\/wp-json\/wp\/v2\/product_brand?post=15428"},{"taxonomy":"product_cat","embeddable":true,"href":"https:\/\/www.hydraulic-cylinders.net\/et\/wp-json\/wp\/v2\/product_cat?post=15428"},{"taxonomy":"product_tag","embeddable":true,"href":"https:\/\/www.hydraulic-cylinders.net\/et\/wp-json\/wp\/v2\/product_tag?post=15428"}],"curies":[{"name":"wp","href":"https:\/\/api.w.org\/{rel}","templated":true}]}}