{"id":15437,"date":"2025-01-19T14:31:48","date_gmt":"2025-01-19T14:31:48","guid":{"rendered":"https:\/\/www.hydraulic-cylinders.net\/product\/bucket-cylinder-for-sany-middle-excavator-sy225c-9\/"},"modified":"2025-01-19T14:31:50","modified_gmt":"2025-01-19T14:31:50","slug":"bucket-cylinder-for-sany-middle-excavator-sy225c-9","status":"publish","type":"product","link":"https:\/\/www.hydraulic-cylinders.net\/et\/toode\/bucket-cylinder-for-sany-middle-excavator-sy225c-9\/","title":{"rendered":"Sany keskmise ekskavaatori SY225C-9 kopa silinder"},"content":{"rendered":"<h1>Sany keskmise ekskavaatori SY225C-9 kopa silinder<\/h1>\n<h2>Sissejuhatus kopasilindrisse<\/h2>\n<h3>Definitsioon<\/h3>\n<p>Kopa silinder on spetsiaalne h\u00fcdrauliline silinder, mis on loodud koppade liikumise juhtimiseks rasketes masinates, n\u00e4iteks ekskavaatorites, laadur-ekskavaatorites ja esilaadurites. Selle peamine \u00fclesanne on v\u00f5imaldada kopa t\u00f5stmist, langetamist ja kallutamist, muutes erinevate materjalide k\u00e4sitsemise lihtsamaks. H\u00fcdraulilises s\u00fcsteemis v\u00f5imaldab kopa silinder kopa t\u00e4pset juhtimist h\u00fcdraulika\u00f5li r\u00f5hu muutmise abil, v\u00f5imaldades operaatoritel t\u00f5husalt k\u00e4sitseda raskeid koormaid ning kohaneda keerukate t\u00f6\u00f6keskkondade ja mitmekesiste t\u00f6\u00f6n\u00f5uetega.<\/p>\n<p><img decoding=\"async\" src=\"https:\/\/www.hydraulic-cylinders.net\/wp-content\/uploads\/2025\/01\/songte-company-2.webp\" alt=\"\u00c4mbri silindri pilt\"><\/p>\n<h2>Kopasilindri omadused<\/h2>\n<ul>\n<li>Suur tugevus ja vastupidavus: Tavaliselt valmistatud \u00fclitugevast terasest v\u00f5i alumiiniumist, talub k\u00f5rget r\u00f5hku ja suuri koormusi, on kohandatav karmide t\u00f6\u00f6keskkondadega, on loodud kulumiskindluse ja korrosioonikindluse tagamiseks, pikendades kasutusiga.<\/li>\n<li>T\u00f5hus h\u00fcdrauliline t\u00f6\u00f6: H\u00fcdraulika\u00f5li r\u00f5hu abil saavutatakse sujuv pikendamine ja tagasit\u00f5mbamine, mis reageerib kiiresti juhtimisk\u00e4sklustele, pakkudes v\u00f5imsaid t\u00f5uke- ja t\u00f5mbej\u00f5ude, mis sobivad raskete koormate ja keerukate t\u00f6\u00f6de k\u00e4sitsemiseks.<\/li>\n<li>Erinevad t\u00fc\u00fcbid: vastavalt konkreetsetele t\u00f6\u00f6vajadustele saab valida \u00fchetoimelise (h\u00fcdrauliline, ainult \u00fches suunas kasutatav) v\u00f5i kahetoimelise (h\u00fcdrauliline, kahes suunas kasutatav) silindri, m\u00f5ned mudelid on teleskoopilised, v\u00f5imaldades suuremat pikendamist ilma v\u00e4lism\u00f5\u00f5tmeid suurendamata, sobides piiratud ruumiga rakenduste jaoks.<\/li>\n<\/ul>\n<p>Me saame seda toodet toota ja meie toode saab neid h\u00fcdrosilindreid ideaalselt asendada.<\/p>\n<p><img decoding=\"async\" src=\"https:\/\/www.hydraulic-cylinders.net\/wp-content\/uploads\/2025\/01\/songte-cylinder-head-with-all-kinds-excavator-models.webp\" alt=\"\u00c4mbri silindri pilt\"><\/p>\n<h2>Kopasilindri rakendused<\/h2>\n<p>Kopa silindreid kasutatakse laialdaselt erinevates rasketehnika masinates. Allpool on toodud m\u00f5ned levinumad rakendused:<\/p>\n<h3>Ehitustehnika<\/h3>\n<p>Ekskavaatorites on need \u00fcliolulised kaevamisel, laadimisel ja pinnase v\u00f5i prahi teisaldamisel. Ekskavaatoritel aitab kopa silinder nii kaevamisel kui ka t\u00f5stmisel. <\/p>\n<h3>P\u00f5llumajandustehnika<\/h3>\n<p>Kasutatakse esilaadurites mulla, heina ja muude materjalide kopeerimiseks, t\u00f5stmiseks ja transportimiseks. <\/p>\n<h3>ekskavaator<\/h3>\n<p>Kopa silinder saavutab kaevamistoimingu, v\u00f5imaldades kopal pinnasesse tungida.<\/p>\n<h3>Laadur<\/h3>\n<p>Esilaadurites aitavad need lasti t\u00f5husalt t\u00f5sta ja kallutada.<\/p>\n<h2>Projekteerimiskaalutlused ja valikukriteeriumid<\/h2>\n<p>Kopasilindrite projekteerimisel on arvestatud mitmesuguste teguritega, nagu kandev\u00f5ime, tihendus, vastupidavus, ohutus ja hooldatavus. <\/p>\n<h3>Kandev\u00f5ime<\/h3>\n<p>Silindri valik peaks p\u00f5hinema t\u00f5stetava koorma kaalul ja selle t\u00f5stmiseks vajalikul h\u00fcdraulilisel r\u00f5hul. <\/p>\n<h3>Tihendus<\/h3>\n<p>Lekkevaba t\u00f6\u00f6 tagamiseks saab kasutada mitmesuguseid tihenduskomponente, n\u00e4iteks kolvitihendeid ja varrastihendeid. Kulumiskindluse tagamiseks kasutatakse tihenduskomponentidena tavaliselt selliseid materjale nagu pol\u00fcuretaan ja nitriilkummi. Silindri korpus ja keermeotsad on kulumiskindluse parandamiseks peent\u00f6\u00f6deldud. Selle m\u00e4\u00e4rimiseks on vaja regulaarselt lisada sobivat h\u00fcdraulika\u00f5li. <\/p>\n<h3>Vastupidavus<\/h3>\n<p>Silinder peaks olema konstrueeritud vastu pidama karmidele keskkonnatingimustele ja kulumisele. <\/p>\n<h3>Ohutus ja hooldatavus<\/h3>\n<p>Kopasilindrid peaksid olema konstrueeritud ohutusfunktsioonidega, n\u00e4iteks r\u00f5huvabastusventiilide ja purunevate ketastega, et v\u00e4ltida \u00fclekoormust. Hooldus ja remont peaksid olema lihtsad, konstrueerides balloonid ligip\u00e4\u00e4setavate komponentide, kergesti eemaldatavate osade ja vahetatavate tihenditega. <\/p>\n<p><img decoding=\"async\" src=\"https:\/\/www.hydraulic-cylinders.net\/wp-content\/uploads\/2025\/01\/songte-oil-pipes-and-spare-parts.webp\" alt=\"\u00c4mbri silindri pilt\"><\/p>\n<h2>Hooldus ja remont<\/h2>\n<p>Kopasilindrite regulaarne hooldus ja remont on vajalik optimaalse j\u00f5udluse ja pika kasutusea tagamiseks. Allpool on toodud m\u00f5ned levinumad hooldust\u00f6\u00f6d:<\/p>\n<h3>Regulaarne kontroll<\/h3>\n<p>Silindri perioodilist kontrolli tuleks teha, et avastada tihendite ja muude komponentide kahjustusi v\u00f5i kulumist. <\/p>\n<h3>M\u00e4\u00e4rimine<\/h3>\n<p>Silindri sujuva t\u00f6\u00f6 tagamiseks on vajalik korralik m\u00e4\u00e4rimine. M\u00e4\u00e4rimata j\u00e4tmine v\u00f5ib p\u00f5hjustada kahjustusi ja l\u00fchendada kasutusiga.<\/p>\n<h3>Tihendi vahetamine ja kalibreerimise kontroll<\/h3>\n<p>Lekete v\u00e4ltimiseks tuleks tihendeid regulaarselt vahetada. Samuti tuleks teha kalibreerimiskontrolle, et tagada silindri \u00f5ige positsioneerimine. <\/p>\n<p><img decoding=\"async\" src=\"https:\/\/www.hydraulic-cylinders.net\/wp-content\/uploads\/2025\/01\/songte-chushion-collar.webp\" alt=\"\u00c4mbri silindri pilt\"><\/p>\n<h2>Ohutuskaalutlused ja keskkonnategurid<\/h2>\n<p>Kopasilindrite k\u00e4itamisel tuleks silmas pidada ohutust. \u00dclekoormuse ja juhuslike kahjustuste v\u00e4ltimiseks tuleks kasutada ohutusmeetmeid, n\u00e4iteks r\u00f5hualandusventiile ja purunevaid kettaid. <\/p>\n<h2>Veaotsing ja levinud probleemid<\/h2>\n<p>M\u00f5ned kopasilindritega esineda v\u00f5ivad levinud probleemid on vedeliku lekked, silindri triiv ja v\u00e4henenud v\u00f5imsus. Nende probleemide diagnoosimiseks ja lahendamiseks on oluline silindrit korralikult kontrollida ja hooldada.<\/p>\n<h2>Meie ettev\u00f5ttest<\/h2>\n<p>Oleme asendush\u00fcdrauliliste silindrite tootja. Meie ettev\u00f5te pakub laia tootevalikut ja on saanud \u00fcheks juhtivaks h\u00fcdrosilindrite tootjaks ja hulgim\u00fc\u00fcjaks nii sise- kui ka rahvusvahelistel turgudel. J\u00e4rgime suurep\u00e4rase kvaliteedi p\u00f5him\u00f5tet ja tugineme keeruka tootmist\u00f6\u00f6koja industrialiseeritud tootmisjuhtimise strateegiale. T\u00e4iustame pidevalt oma tootmisplatvormi, t\u00e4iustame oma tootekvaliteedi tootmismarsruute ja omame tugevaid loomingulisi v\u00f5imeid. Vastame oma klientide mitmekesistele vajadustele suure efektiivsuse, suure t\u00e4psuse ja k\u00f5rge kvaliteediga. <\/p>\n<p><img decoding=\"async\" src=\"https:\/\/hzpt.com\/wp-content\/uploads\/2024\/11\/songte-company-1.webp\" alt=\"\u00c4mbri silindri pilt\"><\/p>\n<h3>Professionaalsus<\/h3>\n<p>Meie meeskond koosneb kogenud spetsialistidest, kes on p\u00fchendunud pakkuma oma klientidele k\u00f5rgeima kvaliteediga tooteid ja teenuseid. <\/p>\n<h3>Rahvusvaheline sertifitseerimine<\/h3>\n<p>Meie tooted on sertifitseeritud rahvusvaheliste standardite, n\u00e4iteks ISO, CE ja RoHS, j\u00e4rgi, mis tagab nende vastavuse k\u00f5rgeimatele kvaliteedi- ja ohutusstandarditele. <\/p>\n<h3>Kohandamise teenused<\/h3>\n<p>Pakume kohandatud h\u00fcdraulilisi silindreid vastavalt klientide konkreetsetele vajadustele ja n\u00f5uetele.<\/p>\n<h3>Tootmisseadmed<\/h3>\n<p>Meie ettev\u00f5te kasutab digitaalseid tipptasemel tootmisseadmeid ja professionaalseid testimiss\u00fcsteeme, et tagada meie toodete vastavus rangetele kvaliteedikontrolli standarditele.<\/p>\n<h3>M\u00fc\u00fcgij\u00e4rgne teenindus<\/h3>\n<p>Pakume klientidele igak\u00fclgset m\u00fc\u00fcgij\u00e4rgset teenindust, mis h\u00f5lmab remondi- ja hooldusteenuseid, varuosi ja \u00fcmberehitusteenuseid, samuti tehnilist tuge ja t\u00f5rkeotsingut. <\/p>\n<p>Autor: lyl<\/p>\n<p><img decoding=\"async\" src=\"https:\/\/www.hydraulic-cylinders.net\/wp-content\/uploads\/2025\/01\/songte-bushings-with-all-kinds-of-excavator-models.webp\" alt=\"\u00c4mbri silindri pilt\"><\/p>","protected":false},"excerpt":{"rendered":"<p>Bucket Cylinder For Sany Middle Excavator SY225C-9 Introduction to Bucket Cylinder Definition A bucket cylinder is a specialized hydraulic cylinder designed to control the movement of buckets in heavy machinery such as excavators, backhoe loaders and front-end loaders. Its main function is to enable the bucket to lift, lower and tilt, making it easier to [&hellip;]<\/p>","protected":false},"featured_media":14782,"comment_status":"open","ping_status":"closed","template":"","meta":{"_et_pb_use_builder":"","_et_pb_old_content":"","_et_gb_content_width":""},"product_brand":[],"product_cat":[1494],"product_tag":[1495,1496],"class_list":{"0":"post-15437","1":"product","2":"type-product","3":"status-publish","4":"has-post-thumbnail","6":"product_cat-bucket-cylinders","7":"product_tag-bucket-cylinders","8":"product_tag-hydraulic-cylinders","10":"first","11":"instock","12":"shipping-taxable","13":"product-type-simple"},"amp_enabled":true,"_links":{"self":[{"href":"https:\/\/www.hydraulic-cylinders.net\/et\/wp-json\/wp\/v2\/product\/15437","targetHints":{"allow":["GET"]}}],"collection":[{"href":"https:\/\/www.hydraulic-cylinders.net\/et\/wp-json\/wp\/v2\/product"}],"about":[{"href":"https:\/\/www.hydraulic-cylinders.net\/et\/wp-json\/wp\/v2\/types\/product"}],"replies":[{"embeddable":true,"href":"https:\/\/www.hydraulic-cylinders.net\/et\/wp-json\/wp\/v2\/comments?post=15437"}],"wp:featuredmedia":[{"embeddable":true,"href":"https:\/\/www.hydraulic-cylinders.net\/et\/wp-json\/wp\/v2\/media\/14782"}],"wp:attachment":[{"href":"https:\/\/www.hydraulic-cylinders.net\/et\/wp-json\/wp\/v2\/media?parent=15437"}],"wp:term":[{"taxonomy":"product_brand","embeddable":true,"href":"https:\/\/www.hydraulic-cylinders.net\/et\/wp-json\/wp\/v2\/product_brand?post=15437"},{"taxonomy":"product_cat","embeddable":true,"href":"https:\/\/www.hydraulic-cylinders.net\/et\/wp-json\/wp\/v2\/product_cat?post=15437"},{"taxonomy":"product_tag","embeddable":true,"href":"https:\/\/www.hydraulic-cylinders.net\/et\/wp-json\/wp\/v2\/product_tag?post=15437"}],"curies":[{"name":"wp","href":"https:\/\/api.w.org\/{rel}","templated":true}]}}