{"id":15445,"date":"2025-01-19T14:32:20","date_gmt":"2025-01-19T14:32:20","guid":{"rendered":"https:\/\/www.hydraulic-cylinders.net\/product\/bucket-cylinder-for-sany-large-excavator-sy285c-8\/"},"modified":"2025-01-19T14:32:22","modified_gmt":"2025-01-19T14:32:22","slug":"bucket-cylinder-for-sany-large-excavator-sy285c-8","status":"publish","type":"product","link":"https:\/\/www.hydraulic-cylinders.net\/et\/toode\/bucket-cylinder-for-sany-large-excavator-sy285c-8\/","title":{"rendered":"Sany suure ekskavaatori SY285C-8 kopa silinder"},"content":{"rendered":"<h1>Sany suure ekskavaatori SY285C-8 kopa silinder<\/h1>\n<h2>Sissejuhatus<\/h2>\n<h3>Definitsioon<\/h3>\n<p>Kopa silinder on spetsiaalselt konstrueeritud h\u00fcdrauliline silinder, mida kasutatakse kopa liikumise juhtimiseks rasketes masinates, n\u00e4iteks ekskavaatorites, laadurites ja esilaadurites. Selle peamine \u00fclesanne on v\u00f5imaldada kopal teostada t\u00f5stmist, langetamist ja kallutamist, muutes mitmesuguste materjalik\u00e4itlust\u00f6\u00f6de tegemise lihtsamaks. H\u00fcdraulilises s\u00fcsteemis saavutab kopa silinder kopa t\u00e4pse juhtimise h\u00fcdraulika\u00f5li r\u00f5hu muutmise abil, v\u00f5imaldades operaatoritel raskeid koormaid t\u00f5husalt k\u00e4sitseda ning kohaneda keerukate t\u00f6\u00f6keskkondade ja mitmekesiste t\u00f6\u00f6vajadustega.<\/p>\n<p><img decoding=\"async\" src=\"https:\/\/www.hydraulic-cylinders.net\/wp-content\/uploads\/2025\/01\/songte-company-2.webp\"\/><\/p>\n<h2>Omadused<\/h2>\n<ul>\n<li>Suur tugevus ja vastupidavus: Tavaliselt valmistatud \u00fclitugevast terasest v\u00f5i alumiiniumist, talub see k\u00f5rget r\u00f5hku ja suuri koormusi, kohandudes karmide t\u00f6\u00f6keskkondadega. Projekteerimisel on arvestatud kulumiskindluse ja korrosioonikindlusega, pikendades kasutusiga.<\/li>\n<li>T\u00f5hus h\u00fcdrauliline t\u00f6\u00f6: H\u00fcdraulika\u00f5li r\u00f5hu abil saavutatakse sujuvad paisumis- ja kokkut\u00f5mbumisliigutused, mis pakuvad v\u00f5imsat t\u00f5ukej\u00f5udu ja reageerivad kiiresti juhtimisk\u00e4sklustele, sobides raskete koormate ja keerukate t\u00f6\u00f6\u00fclesannete k\u00e4sitsemiseks.<\/li>\n<li>Erinevad t\u00fc\u00fcbid: vastavalt t\u00f6\u00f6vajadustele saab valida \u00fchetoimelisi (h\u00fcdraulika t\u00f6\u00f6tab ainult \u00fches suunas) v\u00f5i kahetoimelisi (h\u00fcdraulika t\u00f6\u00f6tab m\u00f5lemas suunas) silindreid. M\u00f5ned mudelid on teleskoopilised, mis v\u00f5imaldab suuremat pikendamist ilma v\u00e4lism\u00f5\u00f5tmeid suurendamata, sobides piiratud ruumiga rakenduste jaoks.<\/li>\n<li>Vahetatav erinevate h\u00fcdrauliliste silindrite vastu.<\/li>\n<li>Kohandatav vastavalt kliendi vajadustele.<\/li>\n<\/ul>\n<p><img decoding=\"async\" src=\"https:\/\/www.hydraulic-cylinders.net\/wp-content\/uploads\/2025\/01\/songte-cylinder-head-with-all-kinds-excavator-models.webp\"\/><\/p>\n<h2>Rakendused<\/h2>\n<p>Kopp-silindreid kasutatakse laialdaselt erinevates t\u00f6\u00f6stusvaldkondades, n\u00e4iteks:<\/p>\n<ul>\n<li>Ehitustehnika: Ekskavaatorites on need h\u00e4davajalikud kaevamiseks, laadimiseks ja pinnase v\u00f5i prahi teisaldamiseks. Ekskavaatorites aitavad kopasilindrid kaevamisel ja t\u00f5stmisel. <\/li>\n<li>P\u00f5llumajandustehnika: Kasutatakse esilaadurites pinnase, heina ja muude materjalide kaevamiseks, t\u00f5stmiseks ja transportimiseks.<\/li>\n<li>Ekskavaatorid: Kopasilindrid saavutavad kaevamistoimingu, v\u00f5imaldades kopal pinnasesse tungida. <\/li>\n<li>Laadurid: Esilaadurites aitavad need kaupu t\u00f5husalt t\u00f5sta ja kallutada.<\/li>\n<\/ul>\n<p>Igas rakenduses m\u00e4ngivad kopasilindrid materjali k\u00e4itlemise \u00fclesannetes olulist rolli. <\/p>\n<h2>Projekteerimiskaalutlused ja valikukriteeriumid<\/h2>\n<h3>Kandev\u00f5ime<\/h3>\n<p>Kopasilindrid on konstrueeritud taluma k\u00f5rget r\u00f5hku ja suuri koormusi. Silindri kandev\u00f5ime tuleb m\u00e4\u00e4rata konkreetse rakenduse ja t\u00f6\u00f6tingimuste p\u00f5hjal.<\/p>\n<h3>Tihendus ja vastupidavus<\/h3>\n<p>Kopasilindri tihenduss\u00fcsteem on selle n\u00f5uetekohaseks t\u00f6\u00f6ks kriitilise t\u00e4htsusega. Erinevad tihenduskomponendid, n\u00e4iteks kolvitihendid ja vardatihendid, tuleb valida vastavalt rakenduse n\u00f5uetele. Silindri korpus ja keermestatud otsapind l\u00e4bivad kulumiskindluse suurendamiseks hoolika t\u00f6\u00f6tlemise. Pikaajalise vastupidavuse tagamiseks on vajalik korralik m\u00e4\u00e4rimine h\u00fcdraulika\u00f5liga.<\/p>\n<p><img decoding=\"async\" src=\"https:\/\/www.hydraulic-cylinders.net\/wp-content\/uploads\/2025\/01\/songte-oil-pipes-and-spare-parts.webp\"\/><\/p>\n<h2>Hooldus ja remont<\/h2>\n<p>Kopasilindrid vajavad optimaalse j\u00f5udluse tagamiseks ja kasutusea pikendamiseks regulaarset hooldust. Levinud \u00fclesannete hulka kuuluvad regulaarne kontroll, n\u00f5uetekohane m\u00e4\u00e4rimine, tihendite vahetamine ja kalibreerimise kontrollimine. \u00d5ige paigaldamine on silindri pikaajalise t\u00f6\u00f6korras olemise seisukohalt \u00fclioluline. Paigaldamise ajal on vajalik \u00f5ige joondamine ja toestamine.<\/p>\n<p><img decoding=\"async\" src=\"https:\/\/www.hydraulic-cylinders.net\/wp-content\/uploads\/2025\/01\/songte-chushion-collar.webp\"\/><\/p>\n<h2>Ohutus- ja keskkonnakaalutlused<\/h2>\n<p>Kopasilindrite kasutamisel tuleb j\u00e4rgida sobivaid ohutusmeetmeid, et v\u00e4ltida \u00f5nnetusi ja edendada ohutut k\u00e4sitsemist. Samuti on oluline arvestada h\u00fcdraulikas\u00fcsteemide keskkonnam\u00f5juga, n\u00e4iteks h\u00fcdraulika\u00f5li n\u00f5uetekohase k\u00f5rvaldamise v\u00f5i ringlussev\u00f5tuga.<\/p>\n<h2>Rikete diagnoosimine ja t\u00f5rkeotsing<\/h2>\n<p>Kopasilindrite levinud probleemide hulka kuuluvad h\u00fcdrauliline leke, aeglane liikumine ja v\u00e4henenud t\u00f6\u00f6v\u00f5imsus. N\u00f5uetekohane t\u00f5rkeotsing ja rikete diagnoosimine on nende probleemide lahendamiseks ja seisakute v\u00e4ltimiseks \u00fcliolulised. Regulaarsed hoolduskontrollid aitavad neid probleeme \u00fcldse \u00e4ra hoida.<\/p>\n<p><img decoding=\"async\" src=\"https:\/\/www.hydraulic-cylinders.net\/wp-content\/uploads\/2025\/01\/songte-bushings-with-all-kinds-of-excavator-models.webp\"\/><\/p>\n<h2>Meie ettev\u00f5ttest<\/h2>\n<p>Oleme juhtiv h\u00fcdrauliliste silindrite tootja ja hulgim\u00fc\u00fcja nii sise- kui ka rahvusvahelistel turgudel. Pakume t\u00e4ielikku h\u00fcdrauliliste silindrite valikut ja kohandatud lahendusi vastavalt klientide vajadustele. J\u00e4rgime rangeid kvaliteedistandardeid ja tugineme t\u00f6\u00f6stusharu tootmisjuhtimise strateegiatele, et oma tootmisplatvorme pidevalt t\u00e4iustada. Meil \u200b\u200bon oskuslike tehnikute meeskond, digitaalsed tootmisseadmed ja professionaalsed testimiss\u00fcsteemid, et tagada toodete k\u00f5rgeim kvaliteet. Pakume m\u00fc\u00fcgij\u00e4rgset teenindust, sealhulgas varuosade vahetust ja taastamisteenuseid, et tagada meie toodete pikaealisus.<\/p>\n<p><img decoding=\"async\" src=\"https:\/\/hzpt.com\/wp-content\/uploads\/2024\/11\/songte-company-1.webp\"\/> <\/p>\n<p>Autor: lyl<\/p>","protected":false},"excerpt":{"rendered":"<p>Bucket Cylinder For Sany Large Excavator SY285C-8 Introduction Definition A bucket cylinder is a specially designed hydraulic cylinder used to control the movement of the bucket in heavy machinery such as excavators, backhoes, and front loaders. Its main function is to enable the bucket to perform lifting, lowering, and tilting, making it easier to handle [&hellip;]<\/p>","protected":false},"featured_media":14762,"comment_status":"open","ping_status":"closed","template":"","meta":{"_et_pb_use_builder":"","_et_pb_old_content":"","_et_gb_content_width":""},"product_brand":[],"product_cat":[1494],"product_tag":[1495,1496],"class_list":{"0":"post-15445","1":"product","2":"type-product","3":"status-publish","4":"has-post-thumbnail","6":"product_cat-bucket-cylinders","7":"product_tag-bucket-cylinders","8":"product_tag-hydraulic-cylinders","10":"first","11":"instock","12":"shipping-taxable","13":"product-type-simple"},"amp_enabled":true,"_links":{"self":[{"href":"https:\/\/www.hydraulic-cylinders.net\/et\/wp-json\/wp\/v2\/product\/15445","targetHints":{"allow":["GET"]}}],"collection":[{"href":"https:\/\/www.hydraulic-cylinders.net\/et\/wp-json\/wp\/v2\/product"}],"about":[{"href":"https:\/\/www.hydraulic-cylinders.net\/et\/wp-json\/wp\/v2\/types\/product"}],"replies":[{"embeddable":true,"href":"https:\/\/www.hydraulic-cylinders.net\/et\/wp-json\/wp\/v2\/comments?post=15445"}],"wp:featuredmedia":[{"embeddable":true,"href":"https:\/\/www.hydraulic-cylinders.net\/et\/wp-json\/wp\/v2\/media\/14762"}],"wp:attachment":[{"href":"https:\/\/www.hydraulic-cylinders.net\/et\/wp-json\/wp\/v2\/media?parent=15445"}],"wp:term":[{"taxonomy":"product_brand","embeddable":true,"href":"https:\/\/www.hydraulic-cylinders.net\/et\/wp-json\/wp\/v2\/product_brand?post=15445"},{"taxonomy":"product_cat","embeddable":true,"href":"https:\/\/www.hydraulic-cylinders.net\/et\/wp-json\/wp\/v2\/product_cat?post=15445"},{"taxonomy":"product_tag","embeddable":true,"href":"https:\/\/www.hydraulic-cylinders.net\/et\/wp-json\/wp\/v2\/product_tag?post=15445"}],"curies":[{"name":"wp","href":"https:\/\/api.w.org\/{rel}","templated":true}]}}