{"id":15452,"date":"2025-01-19T14:32:54","date_gmt":"2025-01-19T14:32:54","guid":{"rendered":"https:\/\/www.hydraulic-cylinders.net\/product\/bucket-cylinder-for-sany-large-excavator-sy365\/"},"modified":"2025-01-19T14:32:56","modified_gmt":"2025-01-19T14:32:56","slug":"bucket-cylinder-for-sany-large-excavator-sy365","status":"publish","type":"product","link":"https:\/\/www.hydraulic-cylinders.net\/et\/toode\/bucket-cylinder-for-sany-large-excavator-sy365\/","title":{"rendered":"Sany suure ekskavaatori SY365 kopa silinder"},"content":{"rendered":"<p><!DOCTYPE html><br \/>\n<html><br \/>\n<head><br \/>\n\t<title>Sany suure ekskavaatori SY365 kopa silinder<\/title><br \/>\n<\/head><br \/>\n<body><\/p>\n<h1>Sany suure ekskavaatori SY365 kopa silinder<\/h1>\n<h2>Kopasilindri tutvustus<\/h2>\n<p>Kopa silinder on spetsiaalselt loodud h\u00fcdrauliline silinder, mida kasutatakse peamiselt kopa liikumise juhtimiseks rasketes masinates, n\u00e4iteks ekskavaatorites, laadur-ekskavaatorites ja esilaadurites. Selle peamine \u00fclesanne on v\u00f5imaldada kopa t\u00f5stmist, langetamist ja kallutamist, muutes selle lihtsamaks mitmesuguste materjalik\u00e4itlust\u00f6\u00f6de puhul. H\u00fcdraulilises s\u00fcsteemis saavutab kopa silinder kopa t\u00e4pse juhtimise, kasutades \u00e4ra h\u00fcdraulika\u00f5li r\u00f5humuutusi, v\u00f5imaldades operaatoritel t\u00f5husalt k\u00e4sitseda raskeid koormaid ning kohaneda keerukate t\u00f6\u00f6keskkondade ja mitmekesiste t\u00f6\u00f6n\u00f5uetega.<\/p>\n<p>\t<img decoding=\"async\" src=\"https:\/\/www.hydraulic-cylinders.net\/wp-content\/uploads\/2025\/01\/songte-company-2.webp\"><\/p>\n<h2>Kopasilindri omadused<\/h2>\n<ul>\n<li><strong>Suur tugevus ja vastupidavus:<\/strong> Tavaliselt valmistatud \u00fclitugevast terasest v\u00f5i alumiiniumist, mis talub k\u00f5rget r\u00f5hku ja suuri koormusi, kohandub karmide t\u00f6\u00f6tingimustega ning on konstrueeritud kulumiskindlust ja korrosioonikindlust silmas pidades, et pikendada kasutusiga.<\/li>\n<li><strong>T\u00f5hus h\u00fcdrauliline t\u00f6\u00f6:<\/strong> Kasutab h\u00fcdraulika\u00f5li r\u00f5hku sujuva pikendus- ja tagasit\u00f5mbamise saavutamiseks, reageerib kiiresti juhtimisk\u00e4sklustele, pakub v\u00f5imsaid t\u00f5uke- ja t\u00f5mbej\u00f5ude ning sobib raskete koormate ja keerukate t\u00f6\u00f6\u00fclesannete k\u00e4sitsemiseks.<\/li>\n<li><strong>Mitmek\u00fclgsed t\u00fc\u00fcbid:<\/strong> Vajadusel saab valida \u00fchetoimeliste (h\u00fcdraulilist s\u00fcsteemi kasutatakse ainult \u00fches suunas) v\u00f5i kahetoimeliste (h\u00fcdraulilist s\u00fcsteemi kasutatakse m\u00f5lemas suunas) silindrite vahel, m\u00f5ned mudelid on teleskoopilised, v\u00f5imaldades suuremat pikendust ilma v\u00e4lism\u00f5\u00f5tmeid suurendamata, sobides piiratud ruumiga rakenduste jaoks.<\/li>\n<li><strong>T\u00e4iuslik asendus:<\/strong> Meie tooted suudavad neid h\u00fcdrosilindreid ideaalselt asendada.<\/li>\n<\/ul>\n<p>\t<img decoding=\"async\" src=\"https:\/\/www.hydraulic-cylinders.net\/wp-content\/uploads\/2025\/01\/songte-cylinder-head-with-all-kinds-excavator-models.webp\"><\/p>\n<h2>Kopasilindri rakendused<\/h2>\n<p>Kopasilindrit kasutatakse laialdaselt erinevates seadmetes ja t\u00f6\u00f6stusharudes, sealhulgas:<\/p>\n<ul>\n<li><strong>Ehitustehnika:<\/strong> Ekskavaatorites leiduvad silindrid on olulised kaevamisel, laadimisel ja pinnase v\u00f5i prahi teisaldamisel. Ekskavaator-laadurites aitab kopa silinder nii kaevamisel kui ka t\u00f5stmisel.<\/li>\n<li><strong>P\u00f5llumajandusmasinad:<\/strong> Kasutatakse esilaadurites mulla, heina ja muude materjalide kopeerimiseks, t\u00f5stmiseks ja transportimiseks.<\/li>\n<li><strong>Ekskavaatorid:<\/strong> Kopa silinder v\u00f5imaldab kaevamist, lastes kopal pinnasesse tungida.<\/li>\n<li><strong>Laadurid:<\/strong> Esilaadurites aitavad need lasti t\u00f5husalt t\u00f5sta ja maha laadida.<\/li>\n<\/ul>\n<h2>Projekteerimiskaalutlused ja valikukriteeriumid<\/h2>\n<p>Kopasilindri projekteerimisel v\u00f5etakse arvesse mitmesuguseid tegureid ja kriteeriume, sealhulgas:<\/p>\n<ul>\n<li><strong>Kandev\u00f5ime:<\/strong> Silinder peab suutma taluda etten\u00e4htud koormust ning olema piisavalt tugev ja stabiilse.<\/li>\n<li><strong>Tihendus:<\/strong> N\u00f5uetekohase tihenduse tagamiseks ja lekete v\u00e4ltimiseks kasutatakse mitmesuguseid tihendeid, n\u00e4iteks kolvitihendeid ja vardatihendeid.<\/li>\n<li><strong>Vastupidavus:<\/strong> Silinder on konstrueeritud vastu pidama rasketehnika n\u00f5udlikele tingimustele ja valmistatud materjalidest, mis pakuvad suurt vastupidavust.<\/li>\n<li><strong>Ohutus:<\/strong> Operaatorite ja seadmete kaitse tagamiseks on konstruktsiooni sisse arvestatud ohutusfunktsioonide ja -kaalutlustega.<\/li>\n<li><strong>Hooldatavus:<\/strong> Silinder on konstrueeritud nii, et seda oleks lihtne hooldada ja teenindada, v\u00f5imaldades vajadusel t\u00f5husat remonti ja vahetust.<\/li>\n<\/ul>\n<p>\t<img decoding=\"async\" src=\"https:\/\/www.hydraulic-cylinders.net\/wp-content\/uploads\/2025\/01\/songte-oil-pipes-and-spare-parts.webp\"><\/p>\n<h2>Silindri tihendamine ja m\u00e4\u00e4rimine<\/h2>\n<p>Kopasilindris kasutatakse mitmesuguseid tihenduskomponente, n\u00e4iteks kolvitihendeid ja vardatihendeid. Need tihendid on valmistatud kulumiskindlatest materjalidest, nagu pol\u00fcuretaan ja nitriilkummi, tagades t\u00f5husa tihenduse. Silindri korpus ja keermestatud otsad on peenelt t\u00f6\u00f6deldud, et suurendada kulumiskindlust. Sujuva t\u00f6\u00f6 tagamiseks ja silindri eluea pikendamiseks on vajalik regulaarne m\u00e4\u00e4rimine sobiva koguse h\u00fcdraulika\u00f5liga.<\/p>\n<h2>Regulaarne kontroll ja ennetav hooldus<\/h2>\n<p>Optimaalse j\u00f5udluse s\u00e4ilitamiseks ja v\u00f5imalike probleemide v\u00e4ltimiseks tuleks l\u00e4bi viia regulaarseid kontrolle ja ennetavaid hooldusmeetmeid, sealhulgas:<\/p>\n<ul>\n<li>Kontrollige silindrit ja selle komponente regulaarselt kulumise, lekete v\u00f5i kahjustuste suhtes.<\/li>\n<li>Veenduge silindri n\u00f5uetekohases m\u00e4\u00e4rimises ja vahetage h\u00fcdraulika\u00f5li vastavalt vajadusele.<\/li>\n<li>Kontrollige ja vahetage tihendeid regulaarselt, et s\u00e4ilitada t\u00f5hus tihendus ja v\u00e4ltida lekkeid.<\/li>\n<li>Tehke kalibreerimiskontrollid, et veenduda silindri t\u00f6\u00f6s n\u00f5utavate spetsifikatsioonide piires.<\/li>\n<\/ul>\n<h2>\u00d5ige paigaldusjuhend<\/h2>\n<p>Kopasilindri optimaalse j\u00f5udluse ja pikaealisuse tagamiseks on \u00f5ige paigaldamine \u00fclioluline. \u00d5ige paigaldamise tagamiseks j\u00e4rgige neid juhiseid:<\/p>\n<ul>\n<li>Paigaldamise ajal joondage silinder \u00f5igesti, j\u00e4rgides kaasasolevaid juhiseid.<\/li>\n<li>Kasutage silindri kinnitamiseks sobivaid kinnitusklambreid.<\/li>\n<li>J\u00e4rgige soovitatud kontrolli-, remondi- ja asendusprotseduure.<\/li>\n<li>Andke n\u00e4pun\u00e4iteid kopasilindri eluea pikendamiseks, n\u00e4iteks kvaliteetsete varuosade ja remonditeenuste kasutamine.<\/li>\n<\/ul>\n<p>\t<img decoding=\"async\" src=\"https:\/\/www.hydraulic-cylinders.net\/wp-content\/uploads\/2025\/01\/songte-chushion-collar.webp\"><\/p>\n<h2>Ohutuskaalutlused ja keskkonnategurid<\/h2>\n<p>Kopasilindri kasutamisel on oluline seada esikohale ohutusmeetmed, et kaitsta operaatoreid ja v\u00e4ltida v\u00f5imalikke ohte. Ballooni pikaealisuse tagamiseks tuleks arvestada ka keskkonnateguritega, nagu temperatuur ja kokkupuude s\u00f6\u00f6vitavate ainetega.<\/p>\n<h2>Rikete diagnoosimine ja levinud probleemid<\/h2>\n<p>Siin on m\u00f5ned levinumad vead ja probleemid, mis v\u00f5ivad kopasilindriga esineda:<\/p>\n<ul>\n<li>H\u00fcdraulikavedeliku leke<\/li>\n<li>Ebapiisav v\u00f5i eba\u00fchtlane pikendamine\/tagasit\u00f5mbamine<\/li>\n<li>Ebanormaalne m\u00fcra t\u00f6\u00f6tamise ajal<\/li>\n<\/ul>\n<p>Pakkuge t\u00f5rkeotsingu n\u00e4pun\u00e4iteid ja lahendusi, mis aitavad lugejatel neid probleeme t\u00f5husalt diagnoosida ja lahendada. Lisaks pakkuge v\u00e4lja ennetavaid meetmeid v\u00f5imalike probleemide minimeerimiseks.<\/p>\n<p>\t<img decoding=\"async\" src=\"https:\/\/www.hydraulic-cylinders.net\/wp-content\/uploads\/2025\/01\/songte-bushings-with-all-kinds-of-excavator-models.webp\"><\/p>\n<h2>Regulaarsed hooldust\u00f6\u00f6d<\/h2>\n<p>Kopasilindri tavaliste hooldust\u00f6\u00f6de hulka kuuluvad:<\/p>\n<ul>\n<li>Regulaarsed kontrollid kulumise, kahjustuste v\u00f5i lekete tuvastamiseks.<\/li>\n<li>N\u00f5uetekohane m\u00e4\u00e4rimine soovitatava h\u00fcdraulika\u00f5liga.<\/li>\n<li>Tihendite vahetamine t\u00f5husa tihenduse s\u00e4ilitamiseks.<\/li>\n<li>Kalibreerimiskontrollid optimaalse j\u00f5udluse tagamiseks.<\/li>\n<\/ul>\n<p>T\u00f5stke esile \u00f5ige paigaldamise, m\u00e4\u00e4rimise ja reguleerimise olulisust. Andke paigaldamise ajal juhiseid silindri \u00f5ige joondamise kohta ja soovitage silindri kinnitamiseks sobivate paigaldusklambrite kasutamist. Soovitage kontrolli, remondi ja asendamise protseduure. Andke n\u00e4pun\u00e4iteid kopasilindri eluea pikendamiseks, n\u00e4iteks komponentide vahetamine ja remonditeenuste kasutamine.<\/p>\n<p>\t<img decoding=\"async\" src=\"https:\/\/www.hydraulic-cylinders.net\/wp-content\/uploads\/2025\/01\/songte-company-1.webp\"><\/p>\n<h2>Meie ettev\u00f5te<\/h2>\n<p>Oleme asendush\u00fcdrauliliste silindrite tootja, pakkudes laia tootevalikut. Oleme \u00fcks juhtivaid h\u00fcdrosilindrite tootjaid ja hulgim\u00fc\u00fcjaid nii sise- kui ka rahvusvahelistel turgudel. Keskendudes tippkvaliteedile, toetume oma peent\u00f6\u00f6des industrialiseeritud tootmisjuhtimise strateegiatele.<\/p>","protected":false},"excerpt":{"rendered":"<p>Bucket Cylinder For Sany Large Excavator SY365 Bucket Cylinder For Sany Large Excavator SY365 Introduction of Bucket Cylinder The bucket cylinder is a specially designed hydraulic cylinder that is primarily used to control the movement of the bucket in heavy machinery such as excavators, backhoe loaders, and front-end loaders. Its main function is to enable [&hellip;]<\/p>","protected":false},"featured_media":14782,"comment_status":"open","ping_status":"closed","template":"","meta":{"_et_pb_use_builder":"","_et_pb_old_content":"","_et_gb_content_width":""},"product_brand":[],"product_cat":[1494],"product_tag":[1495,1496],"class_list":{"0":"post-15452","1":"product","2":"type-product","3":"status-publish","4":"has-post-thumbnail","6":"product_cat-bucket-cylinders","7":"product_tag-bucket-cylinders","8":"product_tag-hydraulic-cylinders","10":"first","11":"instock","12":"shipping-taxable","13":"product-type-simple"},"amp_enabled":true,"_links":{"self":[{"href":"https:\/\/www.hydraulic-cylinders.net\/et\/wp-json\/wp\/v2\/product\/15452","targetHints":{"allow":["GET"]}}],"collection":[{"href":"https:\/\/www.hydraulic-cylinders.net\/et\/wp-json\/wp\/v2\/product"}],"about":[{"href":"https:\/\/www.hydraulic-cylinders.net\/et\/wp-json\/wp\/v2\/types\/product"}],"replies":[{"embeddable":true,"href":"https:\/\/www.hydraulic-cylinders.net\/et\/wp-json\/wp\/v2\/comments?post=15452"}],"wp:featuredmedia":[{"embeddable":true,"href":"https:\/\/www.hydraulic-cylinders.net\/et\/wp-json\/wp\/v2\/media\/14782"}],"wp:attachment":[{"href":"https:\/\/www.hydraulic-cylinders.net\/et\/wp-json\/wp\/v2\/media?parent=15452"}],"wp:term":[{"taxonomy":"product_brand","embeddable":true,"href":"https:\/\/www.hydraulic-cylinders.net\/et\/wp-json\/wp\/v2\/product_brand?post=15452"},{"taxonomy":"product_cat","embeddable":true,"href":"https:\/\/www.hydraulic-cylinders.net\/et\/wp-json\/wp\/v2\/product_cat?post=15452"},{"taxonomy":"product_tag","embeddable":true,"href":"https:\/\/www.hydraulic-cylinders.net\/et\/wp-json\/wp\/v2\/product_tag?post=15452"}],"curies":[{"name":"wp","href":"https:\/\/api.w.org\/{rel}","templated":true}]}}