{"id":15465,"date":"2025-01-19T14:33:53","date_gmt":"2025-01-19T14:33:53","guid":{"rendered":"https:\/\/www.hydraulic-cylinders.net\/product\/bucket-cylinder-for-xcmg-small-excavator-xe65ca\/"},"modified":"2025-01-19T14:33:55","modified_gmt":"2025-01-19T14:33:55","slug":"bucket-cylinder-for-xcmg-small-excavator-xe65ca","status":"publish","type":"product","link":"https:\/\/www.hydraulic-cylinders.net\/et\/toode\/bucket-cylinder-for-xcmg-small-excavator-xe65ca\/","title":{"rendered":"XCMG v\u00e4ikeekskavaatori XE65CA kopa silinder"},"content":{"rendered":"<h1>XCMG v\u00e4ikeekskavaatori XE65CA kopa silinder<\/h1>\n<h2>Sissejuhatus<\/h2>\n<h3>Kopasilindri m\u00e4\u00e4ratlus<\/h3>\n<p>Kopa silinder on spetsiaalselt loodud h\u00fcdrauliline silinder, mida kasutatakse peamiselt kopa liikumise juhtimiseks raskeveokite masinates, nagu ekskavaatorid, laadur-ekskavaatorid ja esilaadurid. Selle peamine \u00fclesanne on v\u00f5imaldada kopa t\u00f5stmist, langetamist ja kallutamist, h\u00f5lbustades mitmesuguseid materjali k\u00e4itlemise \u00fclesandeid. H\u00fcdraulilises s\u00fcsteemis saavutab kopa silinder kopa liikumise t\u00e4pse juhtimise h\u00fcdraulika\u00f5li r\u00f5hu muutuse kaudu, v\u00f5imaldades operaatoritel t\u00f5husalt k\u00e4sitseda raskeid koormaid ning kohaneda keerukate t\u00f6\u00f6keskkondade ja mitmekesiste t\u00f6\u00f6vajadustega.<\/p>\n<p><img decoding=\"async\" src=\"https:\/\/www.hydraulic-cylinders.net\/wp-content\/uploads\/2025\/01\/songte-company-2.webp\" alt=\"\u00e4mbri silindri pilt\"><\/p>\n<h3>Omadused<\/h3>\n<ul>\n<li>Suur tugevus ja vastupidavus: Tavaliselt valmistatud \u00fclitugevast terasest v\u00f5i alumiiniumist, talub see k\u00f5rget r\u00f5hku ja suuri koormusi, kohandudes karmide t\u00f6\u00f6keskkondadega. Projekteerimisel on arvesse v\u00f5etud kulumiskindlust ja korrosioonikindlust, pikendades selle kasutusiga.<\/li>\n<li>T\u00f5hus h\u00fcdrauliline t\u00f6\u00f6: H\u00fcdraulilise \u00f5li r\u00f5hu kasutamine sujuva pikenduse ja tagasit\u00f5mbamise saavutamiseks, kiire reageerimine t\u00f6\u00f6k\u00e4sklustele, v\u00f5imas t\u00f5uke- ja t\u00f5mbej\u00f5ud, sobib raskete koormate ja keerukate \u00fclesannete k\u00e4sitsemiseks.<\/li>\n<li>Erinevad t\u00fc\u00fcbid: vastavalt t\u00f6\u00f6vajadustele saab valida \u00fchetoimelisi (h\u00fcdrauliliselt ainult \u00fches suunas) v\u00f5i kahetoimelisi (h\u00fcdrauliliselt m\u00f5lemas suunas) silindreid. M\u00f5ned mudelid on teleskoopilised, mis v\u00f5imaldavad suuremat pikendamist ilma v\u00e4lism\u00f5\u00f5tmeid suurendamata, sobides piiratud ruumides kasutamiseks.<\/li>\n<li>Vahetatav teiste h\u00fcdrauliliste silindritega<\/li>\n<li>Meie ettev\u00f5tte toodetud<\/li>\n<\/ul>\n<p><img decoding=\"async\" src=\"https:\/\/www.hydraulic-cylinders.net\/wp-content\/uploads\/2025\/01\/songte-cylinder-head-with-all-kinds-excavator-models.webp\" alt=\"\u00e4mbri silindri pilt\"><\/p>\n<h3>Rakendused<\/h3>\n<p>Kopasilindrit kasutatakse laialdaselt erinevates ehitusseadmetes, p\u00f5llumajandusmasinates, kaevandusseadmetes ja muudes t\u00f6\u00f6stusharudes.<\/p>\n<h4>Ehitustehnika<\/h4>\n<ul>\n<li>Ekskavaatorid: Kopa silinder v\u00f5imaldab kaevamist, lastes kopal pinnasesse tungida.<\/li>\n<li>Ekskavaatorlaadurid: Kopa silinder aitab nii kaevamisel kui ka t\u00f5stmisel.<\/li>\n<li>Laadurid: Esilaadurites aitavad kopasilindrid lasti t\u00f5husalt t\u00f5sta ja kallutada.<\/li>\n<\/ul>\n<h4>P\u00f5llumajandustehnika<\/h4>\n<ul>\n<li>Esilaadurid: Kasutatakse mulla, heina ja muude materjalide k\u00fchveldamiseks, t\u00f5stmiseks ja transportimiseks.<\/li>\n<\/ul>\n<h4>Kaevandusseadmed<\/h4>\n<ul>\n<li>Kasutatakse rasketes kaevandusmasinates, n\u00e4iteks kivipuurites ja kaevandusekskavaatorites, raskete koormate t\u00f5husaks ja efektiivseks teisaldamiseks ja t\u00f5stmiseks.<\/li>\n<\/ul>\n<h3>Projekteerimiskaalutlused ja valikukriteeriumid<\/h3>\n<h4>Kujunduskaalutlused<\/h4>\n<ul>\n<li>Kandev\u00f5ime<\/li>\n<li>Tihendusv\u00f5ime<\/li>\n<li>Vastupidavus<\/li>\n<li>Ohutus<\/li>\n<li>Hooldatavus<\/li>\n<\/ul>\n<h4>Valikukriteeriumid<\/h4>\n<ul>\n<li>Kandev\u00f5ime<\/li>\n<li>L\u00f6\u00f6gi pikkus<\/li>\n<li>Ava l\u00e4bim\u00f5\u00f5t<\/li>\n<li>T\u00f6\u00f6r\u00f5hk<\/li>\n<li>Paigaldust\u00fc\u00fcp ja paigutus<\/li>\n<li>Korrosioonikindlus<\/li>\n<\/ul>\n<p><img decoding=\"async\" src=\"https:\/\/www.hydraulic-cylinders.net\/wp-content\/uploads\/2025\/01\/songte-oil-pipes-and-spare-parts.webp\" alt=\"\u00e4mbri silindri pilt\"><\/p>\n<h3>Tihendus ja m\u00e4\u00e4rimine<\/h3>\n<p>Koppsilindrites kasutatakse tihendusomaduste ja vastupidavuse tagamiseks tavaliselt mitmesuguseid tihenduskomponente, n\u00e4iteks kolvitihendeid ja vardatihendeid, mis on valmistatud kulumiskindlatest materjalidest, n\u00e4iteks pol\u00fcuretaanist ja nitriilkummist. Silindri korpus ja keermeotsa pind l\u00e4bivad kulumiskindluse parandamiseks peene t\u00f6\u00f6tluse. Sujuva t\u00f6\u00f6 s\u00e4ilitamiseks on vaja regulaarselt m\u00e4\u00e4rida sobiva koguse h\u00fcdraulika\u00f5liga.<\/p>\n<h3>Hooldus ja remont<\/h3>\n<p>Regulaarne hooldus ja kontroll on kopasilindri kasutusea pikendamiseks \u00fcliolulised. Levinud hooldust\u00f6\u00f6de hulka kuuluvad m\u00e4\u00e4rimine, tihendite vahetamine ja kalibreerimise kontroll. Paigaldamise ajal on oluline anda silindri joondamise kohta \u00f5igeid juhiseid ja kasutada silindri kinnitamiseks sobivaid kinnitusklambreid. Soovitatavad kontrolli-, remondi- ja vahetusprotseduurid leiate toote kasutusjuhendist. Saadaval on ka taastamisteenused ja varuosad.<\/p>\n<p><img decoding=\"async\" src=\"https:\/\/www.hydraulic-cylinders.net\/wp-content\/uploads\/2025\/01\/songte-chushion-collar.webp\" alt=\"\u00e4mbri silindri pilt\"><\/p>\n<h3>Ohutus- ja keskkonnakaalutlused<\/h3>\n<p>Kopasilindrite kasutamisel tuleb v\u00f5tta n\u00f5uetekohaseid ohutusmeetmeid, et v\u00e4ltida operaatorite ja k\u00f5rvalseisjate vigastusi. Arvesse tuleks v\u00f5tta ka keskkonnaprobleeme, n\u00e4iteks \u00f5lireostust, ja v\u00f5tta asjakohaseid meetmeid \u00fcmbritseva keskkonna kaitsmiseks.<\/p>\n<h3>Rikete diagnoosimine ja t\u00f5rkeotsing<\/h3>\n<p>Kopasilindrite levinud probleemide hulka kuuluvad lekkivad tihendid, vigased vardad ja kahjustatud kolvitihendid. Vea diagnoosimine ja t\u00f5rkeotsingu meetodid on esitatud toote kasutusjuhendis. Regulaarne hooldus ja kontroll aitavad samuti potentsiaalseid probleeme v\u00e4ltida.<\/p>\n<p><img decoding=\"async\" src=\"https:\/\/www.hydraulic-cylinders.net\/wp-content\/uploads\/2025\/01\/songte-bushings-with-all-kinds-of-excavator-models.webp\" alt=\"\u00e4mbri silindri pilt\"><\/p>\n<h2>Meist<\/h2>\n<p>Oleme h\u00fcdrosilindrite tootja, pakkudes erinevaid h\u00fcdrosilindreid originaalvaruosade asendamiseks. Oleme saanud \u00fcheks juhtivaks h\u00fcdrosilindrite tootjaks ja hulgim\u00fc\u00fcjaks nii sise- kui ka rahvusvahelisel turul. Meie tootmist\u00f6\u00f6koda j\u00e4rgib suurep\u00e4rase kvaliteediga t\u00f6\u00f6stusliku tootmise juhtimise strateegiat, tuginedes tehnoloogilisele talendile, digitaalsetele tipptasemel tootmisseadmetele ja professionaalsetele testimiss\u00fcsteemidele, t\u00e4iustades pidevalt t\u00f6\u00f6koja tootmisplatvormi, parandades toodete kvaliteetset tootmisprotsessi ja omades tugevat tootmisv\u00f5imsust. Meie eesm\u00e4rk on rahuldada klientide mitmekesiseid vajadusi k\u00f5rge efektiivsuse, suure t\u00e4psuse ja k\u00f5rgete kvaliteedip\u00f5him\u00f5tete abil.<\/p>\n<h3>Professionaalsus<\/h3>\n<p>Meie ettev\u00f5ttes t\u00f6\u00f6tab h\u00fcdrosilindrite valdkonnas aastatepikkuse kogemusega spetsialistide meeskond, kes pakub klientidele professionaalset n\u00f5u ja lahendusi.<\/p>\n<h3>Rahvusvahelised sertifikaadid<\/h3>\n<p>Meie ettev\u00f5te on omandanud mitmeid rahvusvahelisi sertifikaate, n\u00e4iteks ISO 9001 ja CE, mis tagavad meie toodete vastavuse rahvusvahelistele kvaliteedistandarditele.<\/p>\n<h3>Kohandamise teenused<\/h3>\n<p>Pakume klientide ainulaadsete vajaduste rahuldamiseks kohandamisteenuseid, sealhulgas silindrite disaini, suuruse ja materjali valiku osas.<\/p>\n<h3>Tootmisseadmed<\/h3>\n<p>Meie ettev\u00f5ttel on t\u00e4ielik komplekt t\u00e4iustatud tootmisseadmeid, sealhulgas CNC-t\u00f6\u00f6pingid, automaatsed keevitusmasinad, h\u00fcdraulilised pressid ja testimisseadmed, mis tagavad meie toodete stabiilse kvaliteedi.<\/p>\n<h3>M\u00fc\u00fcgij\u00e4rgne teenindus<\/h3>\n<p>Pakume klientidele \u00f5igeaegset m\u00fc\u00fcgij\u00e4rgset teenindust, mis h\u00f5lmab paigaldust, hooldust, remonti ja varuosade vahetamist, tagades, et meie kliendid saavad meie tooteid enesekindlalt kasutada.<\/p>\n<p><img decoding=\"async\" src=\"https:\/\/www.hydraulic-cylinders.net\/wp-content\/uploads\/2025\/01\/songte-company-3.webp\" alt=\"ettev\u00f5tte kuvand\"><\/p>\n<p>Autor: lyl<\/p>","protected":false},"excerpt":{"rendered":"<p>Bucket Cylinder For XCMG Small Excavator XE65CA Introduction Definition of Bucket Cylinder Bucket cylinder is a specifically designed hydraulic cylinder mainly used to control the motion of the bucket in heavy-duty machinery such as excavators, backhoe loaders, and front-end loaders. Its main function is to enable the bucket to lift, lower, and tilt, facilitating various [&hellip;]<\/p>","protected":false},"featured_media":14785,"comment_status":"open","ping_status":"closed","template":"","meta":{"_et_pb_use_builder":"","_et_pb_old_content":"","_et_gb_content_width":""},"product_brand":[],"product_cat":[1494],"product_tag":[1495,1496],"class_list":{"0":"post-15465","1":"product","2":"type-product","3":"status-publish","4":"has-post-thumbnail","6":"product_cat-bucket-cylinders","7":"product_tag-bucket-cylinders","8":"product_tag-hydraulic-cylinders","10":"first","11":"instock","12":"shipping-taxable","13":"product-type-simple"},"amp_enabled":true,"_links":{"self":[{"href":"https:\/\/www.hydraulic-cylinders.net\/et\/wp-json\/wp\/v2\/product\/15465","targetHints":{"allow":["GET"]}}],"collection":[{"href":"https:\/\/www.hydraulic-cylinders.net\/et\/wp-json\/wp\/v2\/product"}],"about":[{"href":"https:\/\/www.hydraulic-cylinders.net\/et\/wp-json\/wp\/v2\/types\/product"}],"replies":[{"embeddable":true,"href":"https:\/\/www.hydraulic-cylinders.net\/et\/wp-json\/wp\/v2\/comments?post=15465"}],"wp:featuredmedia":[{"embeddable":true,"href":"https:\/\/www.hydraulic-cylinders.net\/et\/wp-json\/wp\/v2\/media\/14785"}],"wp:attachment":[{"href":"https:\/\/www.hydraulic-cylinders.net\/et\/wp-json\/wp\/v2\/media?parent=15465"}],"wp:term":[{"taxonomy":"product_brand","embeddable":true,"href":"https:\/\/www.hydraulic-cylinders.net\/et\/wp-json\/wp\/v2\/product_brand?post=15465"},{"taxonomy":"product_cat","embeddable":true,"href":"https:\/\/www.hydraulic-cylinders.net\/et\/wp-json\/wp\/v2\/product_cat?post=15465"},{"taxonomy":"product_tag","embeddable":true,"href":"https:\/\/www.hydraulic-cylinders.net\/et\/wp-json\/wp\/v2\/product_tag?post=15465"}],"curies":[{"name":"wp","href":"https:\/\/api.w.org\/{rel}","templated":true}]}}