{"id":15468,"date":"2025-01-19T14:34:05","date_gmt":"2025-01-19T14:34:05","guid":{"rendered":"https:\/\/www.hydraulic-cylinders.net\/product\/bucket-cylinder-for-xcmg-middle-excavator-xe200c\/"},"modified":"2025-01-19T14:34:07","modified_gmt":"2025-01-19T14:34:07","slug":"bucket-cylinder-for-xcmg-middle-excavator-xe200c","status":"publish","type":"product","link":"https:\/\/www.hydraulic-cylinders.net\/et\/toode\/bucket-cylinder-for-xcmg-middle-excavator-xe200c\/","title":{"rendered":"XCMG keskmise ekskavaatori XE200C kopa silinder"},"content":{"rendered":"<h1>XCMG keskmise ekskavaatori XE200C kopa silinder<\/h1>\n<h2>Sissejuhatus<\/h2>\n<p>XCMG keskmise ekskavaatori XE200C kopa silinder on spetsiaalne h\u00fcdrauliline silinder, mida kasutatakse peamiselt labidate liikumise juhtimiseks rasketes masinates, n\u00e4iteks ekskavaatorites, laadur-ekskavaatorites ja esilaadurites. Selle peamine \u00fclesanne on v\u00f5imaldada labida t\u00f5stmist, langetamist ja kallutamist, muutes mitmesuguste materjalik\u00e4itlust\u00f6\u00f6de tegemise lihtsamaks. H\u00fcdraulikas\u00fcsteemis saavutab kopa silinder labida liikumise t\u00e4pse juhtimise h\u00fcdraulika\u00f5li r\u00f5hu muutuste kaudu, v\u00f5imaldades operaatoritel raskeid koormaid t\u00f5husalt k\u00e4sitseda ning kohaneda keerukate t\u00f6\u00f6keskkondade ja mitmekesiste t\u00f6\u00f6n\u00f5uetega.<\/p>\n<p><img decoding=\"async\" src=\"https:\/\/www.hydraulic-cylinders.net\/wp-content\/uploads\/2025\/01\/songte-company-2.webp\" alt=\"\u00c4mbri silindri pilt\"><\/p>\n<h2>Omadused<\/h2>\n<ul>\n<li>Suur tugevus ja vastupidavus \u2013 \u00fcldiselt valmistatud \u00fclitugevast terasest v\u00f5i alumiiniumist, mis talub k\u00f5rget r\u00f5hku ja suuri koormusi ning on konstrueeritud kulumiskindlust ja korrosioonikindlust silmas pidades, et pikendada kasutusiga.<\/li>\n<li>T\u00f5hus h\u00fcdrauliline t\u00f6\u00f6 \u2013 Kasutab h\u00fcdraulika\u00f5li r\u00f5hku sujuvate pikendus- ja kokkut\u00f5mbumisliigutuste saavutamiseks, reageerib kiiresti juhtimisk\u00e4sklustele, pakub v\u00f5imsaid t\u00f5uke- ja t\u00f5mbej\u00f5ude ning sobib raskete koormate ja keerukate t\u00f6\u00f6\u00fclesannete k\u00e4sitsemiseks.<\/li>\n<li>Erinevad t\u00fc\u00fcbid \u2013 vastavalt vajadusele saab valida \u00fchetoimeliste (h\u00fcdrauliline ainult \u00fches suunas) v\u00f5i kahetoimeliste (h\u00fcdrauliline m\u00f5lemas suunas) silindrite vahel, et rahuldada erinevaid t\u00f6\u00f6vajadusi. M\u00f5ned mudelid on teleskoopilised, mis v\u00f5imaldab suuremat laienemist ilma v\u00e4lism\u00f5\u00f5tmeid suurendamata ja sobib piiratud ruumiga rakenduste jaoks.<\/li>\n<li>T\u00e4iuslik asendus \u2013 Meie toode saab suurep\u00e4raselt asendada teisi h\u00fcdrosilindreid.<\/li>\n<\/ul>\n<p><img decoding=\"async\" src=\"https:\/\/www.hydraulic-cylinders.net\/wp-content\/uploads\/2025\/01\/songte-cylinder-head-with-all-kinds-excavator-models.webp\" alt=\"\u00c4mbri silindri asendamise pilt\"><\/p>\n<h2>Rakendused<\/h2>\n<h3>Ehitustehnika<\/h3>\n<p>Ekskavaatorites on need h\u00e4davajalikud pinnase v\u00f5i prahi kaevamiseks, laadimiseks ja teisaldamiseks. Ekskavaatoritel aitavad labidasilindrid nii kaevamisel kui ka t\u00f5stmisel. Esilaadurites aitavad need t\u00f5husalt koormaid t\u00f5sta ja kallutada.<\/p>\n<h3>P\u00f5llumajandustehnika<\/h3>\n<p>Kasutatakse esilaaduritel mulla, heina ja muude materjalide labidaga kaevamiseks, t\u00f5stmiseks ja transportimiseks. Ekskavaatorites saavutavad kopasilindrid kaevamisfunktsiooni, v\u00f5imaldades labidal pinnasesse tungida. Esilaadurites aitavad need kaupu t\u00f5sta ja t\u00fchjendada.<\/p>\n<p><img decoding=\"async\" src=\"https:\/\/www.hydraulic-cylinders.net\/wp-content\/uploads\/2025\/01\/songte-chushion-collar.webp\" alt=\"Kopasilindri rakenduste pilt\"><\/p>\n<h2>Tootedisain ja valikukriteeriumid<\/h2>\n<ul>\n<li>Kandev\u00f5ime \u2013 Suur kandev\u00f5ime suurtele koormustele vastu pidamiseks.<\/li>\n<li>Tihendus \u2013 silindri sobiv tihendus h\u00fcdraulika\u00f5li lekke v\u00e4ltimiseks.<\/li>\n<li>Vastupidavus \u2013 pikk kasutusiga ning vastupidavus kulumisele ja korrosioonile.<\/li>\n<li>Ohutus \u2013 ohutu t\u00f6\u00f6 ja kaitse v\u00e4listegurite p\u00f5hjustatud kahjustuste eest.<\/li>\n<li>Hooldatavus \u2013 silindri lihtne hooldus ja remont.<\/li>\n<\/ul>\n<p><img decoding=\"async\" src=\"https:\/\/www.hydraulic-cylinders.net\/wp-content\/uploads\/2025\/01\/songte-oil-pipes-and-spare-parts.webp\" alt=\"\u00c4mbri silindri kujunduspilt\"><\/p>\n<h2>Toote tihendamine ja m\u00e4\u00e4rimine<\/h2>\n<p>Kopasilindris kasutatakse mitmesuguseid tihenduskomponente, n\u00e4iteks kolvitihendeid ja vardatihendeid, mis on valmistatud kulumiskindlatest materjalidest, n\u00e4iteks pol\u00fcuretaanist ja nitriilkummist. Silindri korpus ja keermestatud otsapind on peenelt t\u00f6\u00f6deldud, et suurendada kulumiskindlust. M\u00e4\u00e4rimiseks lisage regulaarselt sobivas koguses h\u00fcdraulika\u00f5li.<\/p>\n<h2>Regulaarne kontroll ja ennetavad hooldusmeetmed<\/h2>\n<ul>\n<li>Regulaarne kontroll \u2013 Kontrollige ja hooldage ballooni regulaarselt, et tagada selle n\u00f5uetekohane toimimine.<\/li>\n<li>M\u00e4\u00e4rimine \u2013 sobiv m\u00e4\u00e4rimine, et v\u00e4ltida liikuvate osade vahelise h\u00f5\u00f5rdumise t\u00f5ttu tekkivaid kahjustusi.<\/li>\n<li>Tihendite vahetamine \u2013 H\u00fcdraulika\u00f5li lekke v\u00e4ltimiseks tuleb tihendeid regulaarselt vahetada.<\/li>\n<li>Kalibreerimiskontroll \u2013 regulaarne kalibreerimiskontroll silindri t\u00f6\u00f6 t\u00e4psuse tagamiseks.<\/li>\n<\/ul>\n<p><img decoding=\"async\" src=\"https:\/\/www.hydraulic-cylinders.net\/wp-content\/uploads\/2025\/01\/songte-bushings-with-all-kinds-of-excavator-models.webp\" alt=\"Kopa silindri hoolduspilt\"><\/p>\n<h2>Ohutuskaalutlused ja keskkonnategurid<\/h2>\n<p>Kopasilindri kasutamisel on oluline j\u00e4rgida ohutusmeetmeid. N\u00e4iteks veenduge, et k\u00f5ik h\u00fcdraulilised ja elektrilised \u00fchendused on kindlad. Samuti arvestage keskkonnateguritega, nagu temperatuur ja niiskus.<\/p>\n<h2>Veaotsing ja levinud probleemid<\/h2>\n<ul>\n<li>Aeglane t\u00f6\u00f6 \u2013 kontrollige, kas h\u00fcdraulika\u00f5li on ebapiisavalt v\u00f5i filtrid on m\u00e4\u00e4rdunud.<\/li>\n<li>Leke \u2013 kontrollige tihendeid ja vajadusel vahetage need v\u00e4lja.<\/li>\n<li>M\u00fcrane t\u00f6\u00f6 \u2013 kontrollige silindrit kahjustatud v\u00f5i kulunud osade suhtes.<\/li>\n<\/ul>\n<h2>Ettev\u00f5tte tutvustus<\/h2>\n<p>Oleme h\u00fcdrauliliste silindrite tootja ja \u00fcks juhtivaid h\u00fcdrauliliste silindrite tootjaid ja hulgim\u00fc\u00fcjaid nii sise- kui ka rahvusvahelisel turul. Meie keerukates tootmist\u00f6\u00f6kodades j\u00e4rgime suurep\u00e4rast kvaliteeti ja tugineme industrialiseeritud tootmise juhtimisstrateegiatele. T\u00e4iustame pidevalt oma t\u00f6\u00f6koja tootmisplatvormi, t\u00e4iustame oma tootekvaliteediga tootmisliini ja omame tugevat loomingulist v\u00f5imekust. Meie eesm\u00e4rk on rahuldada klientide mitmekesiseid vajadusi, j\u00e4rgides k\u00f5rge efektiivsuse, suure t\u00e4psuse ja k\u00f5rge kvaliteedi p\u00f5him\u00f5tteid.<\/p>\n<p><img decoding=\"async\" src=\"https:\/\/hzpt.com\/wp-content\/uploads\/2024\/11\/songte-company-1.webp\" alt=\"\u00c4mbrisilindri ettev\u00f5tte pilt\"><\/p>\n<h3>Professionaalsus<\/h3>\n<p>Meil on meeskond k\u00f5rgelt kvalifitseeritud spetsialiste, kellel on pikaajaline praktiline kogemus selles valdkonnas.<\/p>\n<h3>Rahvusvaheline sertifitseerimine<\/h3>\n<p>Meie toodetel on rahvusvahelised sertifikaadid, n\u00e4iteks CE, ISO9001 ja SGS.<\/p>\n<h3>Kohandatud teenus<\/h3>\n<p>Pakume kliendi vajadustele vastavaid kohandatud teenuseid, mis h\u00f5lmavad disaini, tootmist, pakendamist ja saatmist.<\/p>\n<h3>Tootmisseadmed<\/h3>\n<p>Kasutame muuhulgas t\u00e4iustatud tootmisseadmeid, nagu CNC-t\u00f6\u00f6tluskeskused, automaatsed keevitusmasinad ja h\u00fcdrauliliste silindrite katsepingid.<\/p>\n<h3>M\u00fc\u00fcgij\u00e4rgne teenindus<\/h3>\n<p>Pakume m\u00fc\u00fcgij\u00e4rgseid teenuseid, nagu hooldus, remont ja osade vahetus ning h\u00fcdrosilindrite taastamine nende eluea pikendamiseks.<\/p>\n<p>Autor: lyl<\/p>","protected":false},"excerpt":{"rendered":"<p>Bucket Cylinder For XCMG Middle Excavator XE200C Introduction The bucket cylinder for XCMG middle excavator XE200C is a type of specialized hydraulic cylinder mainly used for controlling the movement of shovels in heavy machinery such as excavators, backhoe excavators, and front-end loaders. Its primary function is to enable the shovel to lift, lower, and tilt, [&hellip;]<\/p>","protected":false},"featured_media":14780,"comment_status":"open","ping_status":"closed","template":"","meta":{"_et_pb_use_builder":"","_et_pb_old_content":"","_et_gb_content_width":""},"product_brand":[],"product_cat":[1494],"product_tag":[1495,1496],"class_list":{"0":"post-15468","1":"product","2":"type-product","3":"status-publish","4":"has-post-thumbnail","6":"product_cat-bucket-cylinders","7":"product_tag-bucket-cylinders","8":"product_tag-hydraulic-cylinders","10":"first","11":"instock","12":"shipping-taxable","13":"product-type-simple"},"amp_enabled":true,"_links":{"self":[{"href":"https:\/\/www.hydraulic-cylinders.net\/et\/wp-json\/wp\/v2\/product\/15468","targetHints":{"allow":["GET"]}}],"collection":[{"href":"https:\/\/www.hydraulic-cylinders.net\/et\/wp-json\/wp\/v2\/product"}],"about":[{"href":"https:\/\/www.hydraulic-cylinders.net\/et\/wp-json\/wp\/v2\/types\/product"}],"replies":[{"embeddable":true,"href":"https:\/\/www.hydraulic-cylinders.net\/et\/wp-json\/wp\/v2\/comments?post=15468"}],"wp:featuredmedia":[{"embeddable":true,"href":"https:\/\/www.hydraulic-cylinders.net\/et\/wp-json\/wp\/v2\/media\/14780"}],"wp:attachment":[{"href":"https:\/\/www.hydraulic-cylinders.net\/et\/wp-json\/wp\/v2\/media?parent=15468"}],"wp:term":[{"taxonomy":"product_brand","embeddable":true,"href":"https:\/\/www.hydraulic-cylinders.net\/et\/wp-json\/wp\/v2\/product_brand?post=15468"},{"taxonomy":"product_cat","embeddable":true,"href":"https:\/\/www.hydraulic-cylinders.net\/et\/wp-json\/wp\/v2\/product_cat?post=15468"},{"taxonomy":"product_tag","embeddable":true,"href":"https:\/\/www.hydraulic-cylinders.net\/et\/wp-json\/wp\/v2\/product_tag?post=15468"}],"curies":[{"name":"wp","href":"https:\/\/api.w.org\/{rel}","templated":true}]}}