{"id":15469,"date":"2025-01-19T14:34:09","date_gmt":"2025-01-19T14:34:09","guid":{"rendered":"https:\/\/www.hydraulic-cylinders.net\/product\/bucket-cylinder-for-xcmg-middle-excavator-xe215ca\/"},"modified":"2025-01-19T14:34:11","modified_gmt":"2025-01-19T14:34:11","slug":"bucket-cylinder-for-xcmg-middle-excavator-xe215ca","status":"publish","type":"product","link":"https:\/\/www.hydraulic-cylinders.net\/et\/toode\/bucket-cylinder-for-xcmg-middle-excavator-xe215ca\/","title":{"rendered":"XCMG keskmise ekskavaatori XE215CA kopa silinder"},"content":{"rendered":"<h1>XCMG keskmise ekskavaatori XE215CA kopa silinder<\/h1>\n<h2>Sissejuhatus<\/h2>\n<p>Kopa silinder on spetsiaalselt loodud h\u00fcdrauliline silinder, mida kasutatakse peamiselt koppade liikumise juhtimiseks rasketes masinates, n\u00e4iteks ekskavaatorites, laadur-ekskavaatorites ja esilaadurites. Selle peamine \u00fclesanne on v\u00f5imaldada kopa t\u00f5stmist, langetamist ja kallutamist, muutes mitmesuguste materjalik\u00e4itlust\u00f6\u00f6de tegemise lihtsamaks. H\u00fcdraulilises s\u00fcsteemis saavutab kopa silinder kopa t\u00e4pse juhtimise h\u00fcdraulika\u00f5li r\u00f5hu muutuste abil, v\u00f5imaldades operaatoritel raskeid koormaid t\u00f5husalt k\u00e4sitseda, kohaneda keerukate t\u00f6\u00f6keskkondade ja mitmekesiste t\u00f6\u00f6n\u00f5uetega.<\/p>\n<p><img decoding=\"async\" src=\"https:\/\/www.hydraulic-cylinders.net\/wp-content\/uploads\/2025\/01\/songte-company-2.webp\" \/><\/p>\n<h2>Omadused<\/h2>\n<ul>\n<li>Suur tugevus ja vastupidavus: Tavaliselt valmistatud \u00fclitugevast terasest v\u00f5i alumiiniumist, talub see k\u00f5rget r\u00f5hku ja suuri koormusi, kohandudes karmide t\u00f6\u00f6keskkondadega. Projekteerimisel on arvestatud kulumiskindluse ja korrosioonikindlusega, pikendades kasutusiga.<\/li>\n<li>T\u00f5hus h\u00fcdrauliline t\u00f6\u00f6: Sujuvad pikendus- ja kokkut\u00f5mbumisliigutused saavutatakse h\u00fcdraulilise r\u00f5hu abil, mis reageerib juhtimisk\u00e4sklustele kiiresti, pakkudes v\u00f5imsaid t\u00f5mbe- ja t\u00f5ukej\u00f5ude, mis sobivad raskete koormate ja keerukate t\u00f6\u00f6\u00fclesannete k\u00e4sitlemiseks.<\/li>\n<li>Erinevad t\u00fc\u00fcbid: vastavalt vajadusele saab valida \u00fchetoimelisi (h\u00fcdraulilist s\u00fcsteemi kasutatakse ainult \u00fches suunas) v\u00f5i kahetoimelisi (h\u00fcdraulilist s\u00fcsteemi kasutatakse m\u00f5lemas suunas) silindreid, et rahuldada erinevaid t\u00f6\u00f6vajadusi. M\u00f5ned mudelid on teleskoopilised, mis v\u00f5imaldab suuremat pikendamist ilma v\u00e4lism\u00f5\u00f5tmeid suurendamata, sobides piiratud ruumiga rakenduste jaoks.<\/li>\n<li>Vahetatav: Meie toode saab need h\u00fcdrosilindrid ideaalselt asendada.<\/li>\n<\/ul>\n<p><img decoding=\"async\" src=\"https:\/\/www.hydraulic-cylinders.net\/wp-content\/uploads\/2025\/01\/songte-cylinder-head-with-all-kinds-excavator-models.webp\" \/><\/p>\n<h2>Rakendused<\/h2>\n<p>Kopp-silindreid kasutatakse laialdaselt erinevates t\u00f6\u00f6stusharudes, sealhulgas:<\/p>\n<ul>\n<li>Ehitusseadmed: Ekskavaatorites on need h\u00e4davajalikud pinnase v\u00f5i prahi kaevamiseks, laadimiseks ja teisaldamiseks. Ekskavaatoritel aitavad kopasilindrid nii kaevamisel kui ka t\u00f5stmisel. <\/li>\n<li>P\u00f5llumajandusmasinad: Kasutatakse esilaaduritel mulla, heina ja muude materjalide k\u00fchveldamiseks, t\u00f5stmiseks ja transportimiseks.<\/li>\n<li>Ekskavaatorid: Kopasilindrid saavutavad kaevamistoimingu, v\u00f5imaldades kopal pinnasesse tungida.<\/li>\n<li>Laadurid: Esilaadurites aitavad need kaupu t\u00f5husalt t\u00f5sta ja maha laadida.<\/li>\n<\/ul>\n<p>Vaatleme iga rakendust \u00fcksikasjalikumalt:<\/p>\n<h3>Ehitustehnika<\/h3>\n<p>Ekskavaatorites on kopasilindrid kriitilise t\u00e4htsusega pinnase v\u00f5i prahi kaevamisel, laadimisel ja teisaldamisel. Ekskavaatoritel aitavad kopasilindrid nii kaevamisel kui ka t\u00f5stmisel. Need on kasulikud ka esilaadurites prahi ja muude raskete materjalide k\u00e4itlemiseks.<\/p>\n<h3>P\u00f5llumajandustehnika<\/h3>\n<p>Kopasilindrid on kasulikud p\u00f5llumajandusmasinates mulla, heina ja muude materjalide k\u00e4itlemiseks. Neid kasutatakse esilaaduritel mulla, heina ja muude materjalide kopeerimiseks, t\u00f5stmiseks ja transportimiseks.<\/p>\n<h3>Ekskavaatorid<\/h3>\n<p>Kopasilindrid saavutavad ekskavaatorites kaevamisfunktsiooni, v\u00f5imaldades kopal pinnasesse tungida. Need v\u00f5imaldavad ka kopa t\u00f5stmist, langetamist ja kallutamist, muutes mitmesuguste materjalik\u00e4itlust\u00f6\u00f6de tegemise lihtsamaks.<\/p>\n<h3>Laadurid<\/h3>\n<p>Frontaallaadurites aitavad kopasilindrid kaupu t\u00f5husalt t\u00f5sta ja t\u00fchjendada. V\u00f5imaldades kopa t\u00f5stmist, langetamist ja kallutamist, muudavad need mitmesuguste materjalik\u00e4itlust\u00f6\u00f6de tegemise lihtsaks.<\/p>\n<h2>Projekteerimiskaalutlused ja valikustandardid<\/h2>\n<p>Kopasilindrite projekteerimisel tuleb arvestada mitmete teguritega, sealhulgas kandev\u00f5ime, tihendatus, vastupidavus, ohutus ja hooldatavus. Vaatleme iga punkti \u00fcksikasjalikumalt:<\/p>\n<h3>Kandev\u00f5ime<\/h3>\n<p>Kopasilindrid peavad olema konstrueeritud taluma k\u00f5rget r\u00f5hku ja suuri koormusi, et need sobiksid karmidesse t\u00f6\u00f6keskkondadesse. Need on tavaliselt valmistatud \u00fclitugevast terasest v\u00f5i alumiiniumist.<\/p>\n<h3>Tihendus<\/h3>\n<p>Kopasilindrites kasutatakse lekke v\u00e4ltimiseks mitmesuguseid tihenduskomponente. Tavaliselt kasutatavate tihenduskomponentide hulka kuuluvad kolvitihendid, vardatihendid jne. Tihenduskomponendid on valmistatud kulumiskindlatest materjalidest, n\u00e4iteks pol\u00fcuretaanist ja nitriilkummist.<\/p>\n<h3>Vastupidavus<\/h3>\n<p>Silindri korpus ja keermestatud otsapind on peenelt t\u00f6\u00f6deldud, et parandada kulumiskindlust. Regulaarne sobiva koguse h\u00fcdraulika\u00f5li lisamine aitab silindrit m\u00e4\u00e4rida ja pikendada selle kasutusiga.<\/p>\n<h3>Ohutus<\/h3>\n<p>Kopasilindrid peavad \u00f5nnetuste v\u00e4ltimiseks vastama ohutusstandarditele. Oluline on tagada, et silinder oleks \u00f5igesti paigaldatud ja selle t\u00f6\u00f6tingimused oleksid ohutud.<\/p>\n<h3>Hooldatavus<\/h3>\n<p>Kopasilindrid vajavad pikaajalise t\u00f6\u00f6kindluse tagamiseks perioodilist hooldust. Hooldus h\u00f5lmab regulaarset kontrolli, n\u00f5uetekohast m\u00e4\u00e4rimist, tihendite vahetamist ja kalibreerimise kontrolli.<\/p>\n<p><img decoding=\"async\" src=\"https:\/\/www.hydraulic-cylinders.net\/wp-content\/uploads\/2025\/01\/songte-oil-pipes-and-spare-parts.webp\" \/><\/p>\n<h2>Paigaldusjuhend<\/h2>\n<p>Kopasilindrite paigaldamisel on ohutu ja t\u00f5husa t\u00f6\u00f6 tagamiseks oluline j\u00e4rgida \u00f5igeid protseduure. Siin on m\u00f5ned n\u00e4pun\u00e4ited:<\/p>\n<ul>\n<li>Paigaldamise ajal on silindri \u00f5ige joondamine \u00fclioluline.<\/li>\n<li>Kasutage silindri kinnitamiseks sobivaid kinnitusklambreid.<\/li>\n<li>Soovitatavad kontrolli-, remondi- ja asendusprotseduurid ballooni kasutusea pikendamiseks.<\/li>\n<\/ul>\n<h2>Hooldus ja remont<\/h2>\n<p>Regulaarne hooldus ja remont on kopasilindri n\u00f5uetekohase toimimise tagamiseks kriitilise t\u00e4htsusega. Siin on kolm levinud hooldus\u00fclesannet:<\/p>\n<ul>\n<li>Kontrollige silindrit perioodiliselt kahjustuste v\u00f5i lekete suhtes ning parandage v\u00f5i vahetage kahjustatud komponendid viivitamatult v\u00e4lja.<\/li>\n<li>Sujuva t\u00f6\u00f6 tagamiseks on oluline \u00f5ige m\u00e4\u00e4rimine. Veenduge, et silinder oleks \u00f5igesti m\u00e4\u00e4ritud vastavalt tootja juhistele.<\/li>\n<li>Regulaarne tihendite vahetamine ja kalibreerimise kontrollimine aitab lekkeid v\u00e4ltida ja tagada n\u00f5uetekohase toimimise.<\/li>\n<\/ul>\n<p><img decoding=\"async\" src=\"https:\/\/www.hydraulic-cylinders.net\/wp-content\/uploads\/2025\/01\/songte-chushion-collar.webp\" \/><\/p>\n<h2>Ohutuskaalutlused ja keskkonnategurid<\/h2>\n<p>\u00c4mbriballoonide kasutamisel tuleb \u00f5nnetuste v\u00e4ltimiseks rakendada ohutusmeetmeid. \u00c4mbriballoonide kasutamisel on oluline arvestada ka keskkonnateguritega.<\/p>\n<ul>\n<li>Kopasilindrite kasutamisel j\u00e4rgige tootja juhiseid ja ohutusn\u00f5udeid.<\/li>\n<li>Veenduge, et t\u00f6\u00f6keskkond on ohutu ja vaba ohtudest, mis v\u00f5ivad ballooni t\u00f6\u00f6d m\u00f5jutada.<\/li>\n<li>\u00c4mbriballoonid v\u00f5ivad p\u00f5hjustada keskkonnareostust, kui neid ei kasutata ega utiliseerita \u00f5igesti. Seet\u00f5ttu on oluline j\u00e4rgida asjakohaseid keskkonnaalaseid seadusi ja eeskirju.<\/li>\n<\/ul>\n<p><img decoding=\"async\" src=\"https:\/\/www.hydraulic-cylinders.net\/wp-content\/uploads\/2025\/01\/songte-bushings-with-all-kinds-of-excavator-models.webp\" \/><\/p>\n<h2>Veaotsing ja levinud probleemid<\/h2>\n<p>Kopasilindritel v\u00f5ib esineda probleeme, mis v\u00f5ivad m\u00f5jutada nende j\u00f5udlust. Siin on m\u00f5ned levinud probleemid:<\/p>\n<ul>\n<li>Leke: Kopasilindrite tavaline probleem on \u00f5lileke, mille v\u00f5ivad p\u00f5hjustada kulunud tihendid, halb paigaldus v\u00f5i silindri korpuse v\u00f5i varda kahjustused.<\/li>\n<li>Halb j\u00f5udlus: Kopasilindrid ei pruugi korralikult t\u00f6\u00f6tada silindri korpuse v\u00f5i varda kahjustuste v\u00f5i silindri m\u00e4\u00e4rimiseks ebapiisava h\u00fcdraulika\u00f5li t\u00f5ttu.<\/li>\n<li>M\u00fcrane t\u00f6\u00f6: Selle probleemi v\u00f5ivad p\u00f5hjustada kulunud tihendid, ebapiisav m\u00e4\u00e4rimine v\u00f5i silindri korpuse v\u00f5i varda kahjustused.<\/li>\n<\/ul>\n<p>Siin on m\u00f5ned n\u00e4pun\u00e4ited nende probleemide lahendamiseks:<\/p>\n<ul>\n<li>Leke: Parandage v\u00f5i vahetage kahjustatud v\u00f5i kulunud tihendid, veenduge \u00f5iges paigalduses ning kontrollige silindri korpust ja varrast.<\/li>\n<li>Halb j\u00f5udlus: kontrollige silindrit kahjustuste suhtes, veenduge, et see on \u00f5igesti m\u00e4\u00e4ritud ja et sellel on piisavalt h\u00fcdraulika\u00f5li.<\/li>\n<li>M\u00fcrane t\u00f6\u00f6: Vahetage kulunud tihendid v\u00e4lja, m\u00e4\u00e4rige \u00f5igesti ja kontrollige silindrit kahjustuste suhtes.<\/li>\n<\/ul>\n<h2>Meist<\/h2>\n<p>Oleme h\u00fcdrauliliste silindrite tootja, mis suudavad asendada h\u00fcdraulilisi silindreid. Meie ettev\u00f5ttel on t\u00e4ielik tootevalik, mis teeb sellest \u00fche juhtiva h\u00fcdrauliliste silindrite tootja ja hulgim\u00fc\u00fcja nii sise- kui ka v\u00e4listurul. J\u00e4rgime suurep\u00e4rase kvaliteedi p\u00f5him\u00f5tet, toetume t\u00e4iustatud tootmist\u00f6\u00f6koja t\u00f6\u00f6stusliku tootmise juhtimise strateegiale ning t\u00e4iustame pidevalt t\u00f6\u00f6koja tootmisplatvormi tehnoloogilise talendi, digitaalsete tipptasemel tootmisseadmete ja professionaalsete testimiss\u00fcsteemide abil. Meil \u200b\u200bon tugevad loomingulised v\u00f5imed ning efektiivsuse, t\u00e4psuse ja kvaliteedi p\u00f5him\u00f5tted, et rahuldada klientide mitmekesiseid vajadusi.<\/p>\n<p>Siin on lisateavet meie ettev\u00f5tte kohta:<\/p>\n<ul>\n<li>Professionaalsus: Meil \u200b\u200bon professionaalsete inseneride ja tehnikute meeskond, kes on p\u00fchendunud kvaliteetsete h\u00fcdrosilindrite tootmisele.<\/li>\n<li>Rahvusvaheline sertifitseerimine: Meie tooted on l\u00e4binud rahvusvahelise sertifitseerimise ja vastavad \u00fclemaailmsetele kvaliteedistandarditele.<\/li>\n<li>Kohandamine: Pakume kohandatud teenuseid, et rahuldada oma klientide ainulaadseid vajadusi.<\/li>\n<li>Tootmisseadmed: Kasutame kvaliteetsete h\u00fcdrauliliste silindrite tootmiseks t\u00e4iustatud tootmisseadmeid, sealhulgas CNC-masinaid.<\/li>\n<li>M\u00fc\u00fcgij\u00e4rgne teenindus: Pakume m\u00fc\u00fcgij\u00e4rgset teenindust, et tagada klientide rahulolu ja s\u00e4ilitada pikaajalisi suhteid oma klientidega.<\/li>\n<\/ul>\n<p><img decoding=\"async\" src=\"https:\/\/hzpt.com\/wp-content\/uploads\/2024\/11\/songte-company-1.webp\" \/><\/p>\n<h4>Autor: lyl<\/h4>","protected":false},"excerpt":{"rendered":"<p>Bucket Cylinder For XCMG Middle Excavator XE215CA Introduction A bucket cylinder is a specially designed hydraulic cylinder primarily used to control the movement of buckets in heavy machinery such as excavators, backhoe excavators, and front loaders. Its primary function is to enable the bucket to lift, lower, and tilt, making it easier to handle various [&hellip;]<\/p>","protected":false},"featured_media":14778,"comment_status":"open","ping_status":"closed","template":"","meta":{"_et_pb_use_builder":"","_et_pb_old_content":"","_et_gb_content_width":""},"product_brand":[],"product_cat":[1494],"product_tag":[1495,1496],"class_list":{"0":"post-15469","1":"product","2":"type-product","3":"status-publish","4":"has-post-thumbnail","6":"product_cat-bucket-cylinders","7":"product_tag-bucket-cylinders","8":"product_tag-hydraulic-cylinders","10":"first","11":"instock","12":"shipping-taxable","13":"product-type-simple"},"amp_enabled":true,"_links":{"self":[{"href":"https:\/\/www.hydraulic-cylinders.net\/et\/wp-json\/wp\/v2\/product\/15469","targetHints":{"allow":["GET"]}}],"collection":[{"href":"https:\/\/www.hydraulic-cylinders.net\/et\/wp-json\/wp\/v2\/product"}],"about":[{"href":"https:\/\/www.hydraulic-cylinders.net\/et\/wp-json\/wp\/v2\/types\/product"}],"replies":[{"embeddable":true,"href":"https:\/\/www.hydraulic-cylinders.net\/et\/wp-json\/wp\/v2\/comments?post=15469"}],"wp:featuredmedia":[{"embeddable":true,"href":"https:\/\/www.hydraulic-cylinders.net\/et\/wp-json\/wp\/v2\/media\/14778"}],"wp:attachment":[{"href":"https:\/\/www.hydraulic-cylinders.net\/et\/wp-json\/wp\/v2\/media?parent=15469"}],"wp:term":[{"taxonomy":"product_brand","embeddable":true,"href":"https:\/\/www.hydraulic-cylinders.net\/et\/wp-json\/wp\/v2\/product_brand?post=15469"},{"taxonomy":"product_cat","embeddable":true,"href":"https:\/\/www.hydraulic-cylinders.net\/et\/wp-json\/wp\/v2\/product_cat?post=15469"},{"taxonomy":"product_tag","embeddable":true,"href":"https:\/\/www.hydraulic-cylinders.net\/et\/wp-json\/wp\/v2\/product_tag?post=15469"}],"curies":[{"name":"wp","href":"https:\/\/api.w.org\/{rel}","templated":true}]}}