{"id":15480,"date":"2025-01-19T14:34:59","date_gmt":"2025-01-19T14:34:59","guid":{"rendered":"https:\/\/www.hydraulic-cylinders.net\/product\/bucket-cylinder-for-xcmg-large-excavator-xe1300c\/"},"modified":"2025-01-19T14:35:01","modified_gmt":"2025-01-19T14:35:01","slug":"bucket-cylinder-for-xcmg-large-excavator-xe1300c","status":"publish","type":"product","link":"https:\/\/www.hydraulic-cylinders.net\/et\/toode\/bucket-cylinder-for-xcmg-large-excavator-xe1300c\/","title":{"rendered":"XCMG suure ekskavaatori XE1300C kopa silinder"},"content":{"rendered":"<h1>XCMG suure ekskavaatori XE1300C kopa silinder<\/h1>\n<h2>Sissejuhatus<\/h2>\n<p>Kopa silinder on spetsiaalselt konstrueeritud h\u00fcdrauliline silinder, mida kasutatakse peamiselt kopa liikumise juhtimiseks rasketes masinates, n\u00e4iteks ekskavaatorites, laadur-ekskavaatorites ja esilaadurites. Selle peamine \u00fclesanne on v\u00f5imaldada kopa t\u00f5stmist, langetamist ja kallutamist, muutes selle lihtsaks mitmesuguste materjalik\u00e4itlust\u00f6\u00f6de jaoks. H\u00fcdraulikas\u00fcsteemis v\u00f5imaldab kopa silinder kopa t\u00e4pset juhtimist h\u00fcdraulika\u00f5li r\u00f5hu muutmise abil, mis v\u00f5imaldab operaatoril t\u00f5husalt k\u00e4sitseda raskeid koormaid, kohaneda keerukate t\u00f6\u00f6keskkondade ja mitmekesiste t\u00f6\u00f6n\u00f5uetega.<\/p>\n<p><img decoding=\"async\" src=\"https:\/\/www.hydraulic-cylinders.net\/wp-content\/uploads\/2025\/01\/songte-company-2.webp\"\/><\/p>\n<h2>Omadused<\/h2>\n<ul>\n<li><strong>Suur tugevus ja vastupidavus:<\/strong> Tavaliselt valmistatud \u00fclitugevast terasest v\u00f5i alumiiniumist, talub see k\u00f5rget r\u00f5hku ja suuri koormusi, kohandudes karmide t\u00f6\u00f6keskkondadega. Projekteerimisel on arvestatud kulumiskindluse ja korrosioonikindlusega, pikendades selle kasutusiga.<\/li>\n<li><strong>T\u00f5hus h\u00fcdrauliline t\u00f6\u00f6:<\/strong> Kasutades h\u00fcdraulika\u00f5li r\u00f5hku sujuva paisumise ja kokkut\u00f5mbumise saavutamiseks, reageerib see kiiresti juhtimisk\u00e4sklustele, pakkudes v\u00f5imsaid t\u00f5uke- ja t\u00f5mbej\u00f5ude, mis sobivad raskete koormate ja keerukate t\u00f6\u00f6\u00fclesannete k\u00e4sitlemiseks.<\/li>\n<li><strong>Erinevad t\u00fc\u00fcbid:<\/strong> \u00dchetoimelisi (h\u00fcdraulilist juhtimist kasutatakse ainult \u00fches suunas) v\u00f5i kahetoimelisi (h\u00fcdraulilist juhtimist kasutatakse m\u00f5lemas suunas) silindreid saab valida vastavalt vajadusele, et rahuldada erinevaid t\u00f6\u00f6vajadusi. M\u00f5ned mudelid on teleskoopilised, v\u00f5imaldades suuremat pikendamist ilma v\u00e4lism\u00f5\u00f5tmeid suurendamata, sobides ruumipiirangutega rakenduste jaoks.<\/li>\n<li><strong>Asendamine:<\/strong> Meie tooted suudavad neid h\u00fcdrosilindreid ideaalselt asendada.<\/li>\n<\/ul>\n<p><img decoding=\"async\" src=\"https:\/\/www.hydraulic-cylinders.net\/wp-content\/uploads\/2025\/01\/songte-cylinder-head-with-all-kinds-excavator-models.webp\"\/><\/p>\n<h2>Rakendused<\/h2>\n<p>XCMG suure ekskavaatori XE1300C kopasilindrit saab kasutada erinevates t\u00f6\u00f6stusharudes ja rakendustes, n\u00e4iteks:<\/p>\n<ul>\n<li><strong>Ehitustehnika:<\/strong> Ekskavaatorites on need h\u00e4davajalikud kaevamiseks, laadimiseks ja mulla v\u00f5i prahi teisaldamiseks. Ekskavaator-laadurites aitavad kopasilindrid nii kaevamisel kui ka t\u00f5stmisel. <\/li>\n<li><strong>P\u00f5llumajandustehnika:<\/strong> Esilaadurites pinnase, heina ja muude materjalide kaevamiseks, t\u00f5stmiseks ja transportimiseks kasutatav kopa silinder ekskavaatorites v\u00f5imaldab kaevamist, lastes kopal pinnasesse tungida.<\/li>\n<li><strong>Laadur:<\/strong> Esilaadurites aitavad need kaupu t\u00f5husalt t\u00f5sta ja kallutada.<\/li>\n<\/ul>\n<h2>Projekteerimiskaalutlused ja valikukriteeriumid<\/h2>\n<p>Kopasilindri puhul tuleb arvestada mitmesuguste konstruktsioonikaalutlustega, n\u00e4iteks:<\/p>\n<ul>\n<li><strong>Kandev\u00f5ime:<\/strong> Silinder peab kandma masina ja selle sisu koormust ning vastu pidama h\u00fcdros\u00fcsteemi tekitatud r\u00f5hule.<\/li>\n<li><strong>Tihendus:<\/strong> Silinder peab olema tihendatud, et v\u00e4ltida h\u00fcdraulilise vedeliku lekkimist ja saasteainete sattumist s\u00fcsteemi.<\/li>\n<li><strong>Vastupidavus:<\/strong> Silinder peab olema piisavalt vastupidav, et taluda karmi t\u00f6\u00f6keskkonda ja pikaajalist kasutamist.<\/li>\n<li><strong>Ohutus:<\/strong> Silinder peab vastama ohutusstandarditele, et v\u00e4ltida \u00f5nnetusi t\u00f6\u00f6tamise ajal.<\/li>\n<li><strong>Hooldatavus:<\/strong> Silindrit peab olema lihtne hooldada ja parandada, minimeerides seel\u00e4bi seisakuid.<\/li>\n<\/ul>\n<p><img decoding=\"async\" src=\"https:\/\/www.hydraulic-cylinders.net\/wp-content\/uploads\/2025\/01\/songte-oil-pipes-and-spare-parts.webp\"\/><\/p>\n<h2>Tihendus ja m\u00e4\u00e4rimine<\/h2>\n<p>Kopasilindris kasutatakse mitmesuguseid tihenduskomponente, n\u00e4iteks kolvitihendeid ja vardatihendeid, mis on valmistatud kulumiskindlatest materjalidest, n\u00e4iteks pol\u00fcuretaanist ja nitriilkummist. Silindri korpus ja keermestatud otsapind l\u00e4bivad peent\u00f6\u00f6tluse, et suurendada kulumiskindlust. Silindri m\u00e4\u00e4rimiseks on vaja regulaarselt ja sobivas koguses h\u00fcdraulika\u00f5li.<\/p>\n<h2>Kontrolli- ja ennetushooldusmeetmed<\/h2>\n<p>Kopasilindri regulaarne kontroll ja ennetav hooldus pikendavad selle kasutusiga. M\u00f5ned hooldusmeetmed h\u00f5lmavad j\u00e4rgmist:<\/p>\n<ul>\n<li>H\u00fcdraulikas\u00fcsteemi lekete kontrollimine ja nende kiire parandamine.<\/li>\n<li>Silindri regulaarne m\u00e4\u00e4rimine.<\/li>\n<li>Vajadusel tihendite vahetamine.<\/li>\n<li>Silindri kalibreerimine selle korrektse toimimise tagamiseks.<\/li>\n<\/ul>\n<h2>Paigaldusjuhend<\/h2>\n<p>Kopasilindri \u00f5ige paigaldamine on oluline. Silindri masina k\u00fclge kinnitamiseks kasutage sobivaid kinnitusklambreid. Kontrollige silindri \u00f5iget joondamist ja andke juhiseid joondamiseks. Silindri j\u00f5udluse ja pikaealisuse tagamiseks j\u00e4rgige soovitatud kontrolli-, remondi-, vahetus- ja taastamisprotseduure.<\/p>\n<p><img decoding=\"async\" src=\"https:\/\/www.hydraulic-cylinders.net\/wp-content\/uploads\/2025\/01\/songte-chushion-collar.webp\"\/><\/p>\n<h2>Ohutuskaalutlused ja keskkonnategurid<\/h2>\n<p>Kopasilindri kasutamisel tuleb \u00f5nnetuste ja vigastuste v\u00e4ltimiseks v\u00f5tta ohutusmeetmeid. Keskkonnam\u00f5ju minimeerimiseks tuleb arvestada ka keskkonnateguritega.<\/p>\n<h2>Veaotsing ja levinud probleemid<\/h2>\n<p>Kopasilindrite levinud probleemide hulka kuuluvad lekked, eba\u00f5ige toimimine ja kahjustused. Veaotsingu meetodite hulka kuuluvad h\u00fcdros\u00fcsteemi kontrollimine, silindri kahjustuste kontrollimine ning n\u00f5uetekohase paigaldamise ja joondamise tagamine. Ennetavad meetmed, nagu regulaarne hooldus, kontroll ja puhastamine, aitavad potentsiaalseid probleeme minimeerida.<\/p>\n<p><img decoding=\"async\" src=\"https:\/\/www.hydraulic-cylinders.net\/wp-content\/uploads\/2025\/01\/songte-bushings-with-all-kinds-of-excavator-models.webp\"\/><\/p>\n<h2>Meie ettev\u00f5ttest<\/h2>\n<p>Oleme h\u00fcdrauliliste silindrite tootja, mis suudavad asendada originaalseadmete tootjate silindreid. Pakume t\u00e4ielikku tootevalikut ja oleme saanud \u00fcheks juhtivaks h\u00fcdrauliliste silindrite tootjaks ja hulgim\u00fc\u00fcjaks nii sise- kui ka rahvusvahelisel turul. J\u00e4rgime tipptaseme p\u00f5him\u00f5tteid ja toetume t\u00f6\u00f6stusliku tootmise juhtimise strateegiatele, mis p\u00f5hinevad peenelt viimistletud tootmist\u00f6\u00f6kodadel, tehnoloogilistel annetel, digitaalsetel tipptasemel tootmisseadmetel ja professionaalsetel testimiss\u00fcsteemidel, et pidevalt t\u00e4iustada oma tootmisplatvormi, parandada tootekvaliteeti tootmisliinidel ning omada tugevat v\u00f5imet luua klientide mitmekesiseid vajadusi suure t\u00f5hususega, suure t\u00e4psusega ja kvaliteetsete toodetega.<\/p>\n<p>Pakume professionaalseid, rahvusvaheliselt sertifitseeritud ja kohandatud teenuseid, kasutame t\u00e4iustatud tootmisseadmeid ja pakume klientide rahulolu tagamiseks suurep\u00e4rast m\u00fc\u00fcgij\u00e4rgset teenindust, mis teeb meist ideaalse partneri h\u00fcdrauliliste silindrite lahenduste jaoks.<\/p>\n<p><img decoding=\"async\" src=\"https:\/\/hzpt.com\/wp-content\/uploads\/2024\/11\/songte-company-1.webp\"\/><\/p>\n<p>Autor: lyl.<\/p>","protected":false},"excerpt":{"rendered":"<p>Bucket Cylinder For XCMG Large Excavator XE1300C Introduction A bucket cylinder is a specially designed hydraulic cylinder mainly used to control the movement of the bucket in heavy machinery such as excavators, backhoe loaders, and front loaders. Its main function is to enable the bucket to be lifted, lowered, and tilted, making it easy for [&hellip;]<\/p>","protected":false},"featured_media":14785,"comment_status":"open","ping_status":"closed","template":"","meta":{"_et_pb_use_builder":"","_et_pb_old_content":"","_et_gb_content_width":""},"product_brand":[],"product_cat":[1494],"product_tag":[1495,1496],"class_list":{"0":"post-15480","1":"product","2":"type-product","3":"status-publish","4":"has-post-thumbnail","6":"product_cat-bucket-cylinders","7":"product_tag-bucket-cylinders","8":"product_tag-hydraulic-cylinders","10":"first","11":"instock","12":"shipping-taxable","13":"product-type-simple"},"amp_enabled":true,"_links":{"self":[{"href":"https:\/\/www.hydraulic-cylinders.net\/et\/wp-json\/wp\/v2\/product\/15480","targetHints":{"allow":["GET"]}}],"collection":[{"href":"https:\/\/www.hydraulic-cylinders.net\/et\/wp-json\/wp\/v2\/product"}],"about":[{"href":"https:\/\/www.hydraulic-cylinders.net\/et\/wp-json\/wp\/v2\/types\/product"}],"replies":[{"embeddable":true,"href":"https:\/\/www.hydraulic-cylinders.net\/et\/wp-json\/wp\/v2\/comments?post=15480"}],"wp:featuredmedia":[{"embeddable":true,"href":"https:\/\/www.hydraulic-cylinders.net\/et\/wp-json\/wp\/v2\/media\/14785"}],"wp:attachment":[{"href":"https:\/\/www.hydraulic-cylinders.net\/et\/wp-json\/wp\/v2\/media?parent=15480"}],"wp:term":[{"taxonomy":"product_brand","embeddable":true,"href":"https:\/\/www.hydraulic-cylinders.net\/et\/wp-json\/wp\/v2\/product_brand?post=15480"},{"taxonomy":"product_cat","embeddable":true,"href":"https:\/\/www.hydraulic-cylinders.net\/et\/wp-json\/wp\/v2\/product_cat?post=15480"},{"taxonomy":"product_tag","embeddable":true,"href":"https:\/\/www.hydraulic-cylinders.net\/et\/wp-json\/wp\/v2\/product_tag?post=15480"}],"curies":[{"name":"wp","href":"https:\/\/api.w.org\/{rel}","templated":true}]}}