{"id":15483,"date":"2025-01-19T14:35:12","date_gmt":"2025-01-19T14:35:12","guid":{"rendered":"https:\/\/www.hydraulic-cylinders.net\/product\/bucket-cylinder-for-xcmg-large-excavator-xe500m\/"},"modified":"2025-01-19T14:35:14","modified_gmt":"2025-01-19T14:35:14","slug":"bucket-cylinder-for-xcmg-large-excavator-xe500m","status":"publish","type":"product","link":"https:\/\/www.hydraulic-cylinders.net\/et\/toode\/bucket-cylinder-for-xcmg-large-excavator-xe500m\/","title":{"rendered":"XCMG suure ekskavaatori XE500M kopa silinder"},"content":{"rendered":"<h1>XCMG suure ekskavaatori XE500M kopa silinder<\/h1>\n<h2>Sissejuhatus<\/h2>\n<h3>Definitsioon<\/h3>\n<p>Kopa silinder on spetsiaalselt konstrueeritud h\u00fcdrauliline silinder, mida kasutatakse kopa liikumise juhtimiseks rasketes masinates, n\u00e4iteks ekskavaatorites, laadur-ekskavaatorites ja esilaadurites. Selle peamine \u00fclesanne on kopa t\u00f5stmine, langetamine ja kallutamine, mis lihtsustab mitmesuguste materjalik\u00e4itlust\u00f6\u00f6de tegemist. H\u00fcdraulilises s\u00fcsteemis juhib kopa silinder kopa t\u00e4pset liikumist h\u00fcdraulika\u00f5li r\u00f5hu muutuste kaudu, v\u00f5imaldades operaatoritel raskeid koormaid t\u00f5husalt k\u00e4sitseda ning kohaneda keerukate t\u00f6\u00f6keskkondade ja mitmekesiste t\u00f6\u00f6n\u00f5uetega.<\/p>\n<p><center><img decoding=\"async\" src=\"https:\/\/www.hydraulic-cylinders.net\/wp-content\/uploads\/2025\/01\/songte-company-2.webp\"><\/center><\/p>\n<h3>Omadused<\/h3>\n<ul>\n<li><strong>Suur tugevus ja vastupidavus:<\/strong> Tavaliselt \u00fclitugevast terasest v\u00f5i alumiiniumist valmistatud kopa silinder talub k\u00f5rget r\u00f5hku ja suuri koormusi, kohandudes karmide t\u00f6\u00f6keskkondadega. Projekteerimisel on arvestatud ka kulumiskindluse ja korrosioonikindlusega, pikendades kasutusiga.<\/li>\n<li><strong>T\u00f5hus h\u00fcdrauliline t\u00f6\u00f6:<\/strong> Kasutab h\u00fcdraulika\u00f5li r\u00f5hku sujuvate pikendus- ja kokkut\u00f5mbumisliigutuste saavutamiseks, reageerib kiiresti juhtimisk\u00e4sklustele, pakub v\u00f5imsaid t\u00f5mbe- ja t\u00f5ukej\u00f5ude ning sobib raskete koormate ja keerukate t\u00f6\u00f6\u00fclesannete k\u00e4sitsemiseks.<\/li>\n<li><strong>Erinevad t\u00fc\u00fcbid:<\/strong> Kopasilindrid v\u00f5ivad olla \u00fchetoimelised (h\u00fcdrauliliselt ainult \u00fches suunas) v\u00f5i kahetoimelised (h\u00fcdrauliliselt kahes suunas), olenevalt t\u00f6\u00f6n\u00f5uetest. M\u00f5ned mudelid on teleskoopilised, mis v\u00f5imaldavad suuremat pikendust ilma v\u00e4lism\u00f5\u00f5tmeid suurendamata, sobides piiratud ruumides kasutamiseks.<\/li>\n<li><strong>Lihtne asendada:<\/strong> Meie tooted on nendele h\u00fcdrosilindritele ideaalsed alternatiivid. <\/li>\n<\/ul>\n<p><center><img decoding=\"async\" src=\"https:\/\/www.hydraulic-cylinders.net\/wp-content\/uploads\/2025\/01\/songte-cylinder-head-with-all-kinds-excavator-models.webp\"><\/center><\/p>\n<h3>Taotlus<\/h3>\n<p>Kopasilindrit kasutatakse laialdaselt erinevates t\u00f6\u00f6stusharudes, sealhulgas:<\/p>\n<ul>\n<li><strong>Ehitustehnika:<\/strong> Ekskavaatorites on need h\u00e4davajalikud kaevamiseks, laadimiseks ja pinnase v\u00f5i prahi teisaldamiseks. Ekskavaator-laadurites aitab kopa silinder nii kaevamisel kui ka t\u00f5stmisel. <\/li>\n<li><strong>P\u00f5llumajandustehnika:<\/strong> Kasutatakse esilaadurites mulla, heina ja muude materjalide kopeerimiseks, t\u00f5stmiseks ja transportimiseks. <\/li>\n<li><strong>Ekskavaatorid:<\/strong> Kopa silinder v\u00f5imaldab kopal tungida pinnasesse, et teostada kaevet\u00f6\u00f6d. <\/li>\n<li><strong>Laadurid:<\/strong> Esilaadurites aitavad kopasilindrid kaupu t\u00f5husalt t\u00f5sta ja t\u00fchjendada.<\/li>\n<\/ul>\n<h3>Projekteerimiskaalutlused ja valikukriteeriumid<\/h3>\n<p>Silindriploki projekteerimisel v\u00f5etakse arvesse mitmeid tegureid, sealhulgas:<\/p>\n<ul>\n<li><strong>Kandev\u00f5ime:<\/strong> Kopa silinder peaks suutma kanda masina ja k\u00e4ideldava materjali kandev\u00f5imet. <\/li>\n<li><strong>Tihendus ja vastupidavus:<\/strong> \u00c4mbri silinder vajab lekete v\u00e4ltimiseks ja pikaajalise kasutamise tagamiseks tugevat tihendust, arvestades keskkonnategureid, nagu temperatuur ja kemikaalid. <\/li>\n<li><strong>Ohutus:<\/strong> Kopa silinder tuleb paigaldada kindlalt ja selle jaoks peavad olema paigas meetmed \u00f5nnetuste, n\u00e4iteks ootamatute liikumiste v\u00f5i \u00fclekoormuse v\u00e4ltimiseks.<\/li>\n<li><strong>Hooldus:<\/strong> Kopasilindri optimaalse j\u00f5udluse tagamiseks tuleb seda regulaarselt hooldada, sealhulgas vahetada \u00f5li, tihendeid ja kontrollida kalibreerimist. <\/li>\n<\/ul>\n<p><center><img decoding=\"async\" src=\"https:\/\/www.hydraulic-cylinders.net\/wp-content\/uploads\/2025\/01\/songte-oil-pipes-and-spare-parts.webp\"><\/center><\/p>\n<h3>Tihendus ja m\u00e4\u00e4rimine<\/h3>\n<p>Kopasilindris kasutatakse mitmesuguseid tihenduskomponente, n\u00e4iteks kolvitihendeid, vardatihendeid jne, mis on valmistatud kulumiskindlatest materjalidest, n\u00e4iteks pol\u00fcuretaanist ja NBR-ist. Silindri korpus ja keermestatud otsapind l\u00e4bivad peent\u00f6\u00f6tluse, et parandada kulumiskindlust. Optimaalse j\u00f5udluse s\u00e4ilitamiseks on vaja silindri m\u00e4\u00e4rimiseks regulaarselt lisada sobivas koguses h\u00fcdraulika\u00f5li.<\/p>\n<h3>Hooldus ja remont<\/h3>\n<p>Kopasilindri pikaealisuse tagamiseks on oluline regulaarne hooldus, n\u00e4iteks m\u00e4\u00e4rimine, tihendite vahetamine ja kalibreerimise kontrollimine. Silindri kindlale kinnitamiseks on soovitatav kasutada sobivaid paigaldusklambreid ning silindri \u00f5ige joondamine on \u00fclioluline. <\/p>\n<h3>Ohutus- ja keskkonnakaalutlused<\/h3>\n<p>Kopasilindri kasutamisel on \u00f5nnetuste v\u00e4ltimiseks ja keskkonna kaitsmiseks oluline j\u00e4rgida ohutusjuhiseid. Sobivate isikukaitsevahendite, n\u00e4iteks kinnaste ja kaitseprillide kasutamine ning h\u00fcdraulika\u00f5li n\u00f5uetekohase utiliseerimise tagamine on m\u00f5ned olulised ohutus- ja keskkonnameetmed, mida tuleks arvestada.<\/p>\n<p><center><img decoding=\"async\" src=\"https:\/\/www.hydraulic-cylinders.net\/wp-content\/uploads\/2025\/01\/songte-chushion-collar.webp\"><\/center><\/p>\n<h3>Rikete diagnoosimine ja t\u00f5rkeotsing<\/h3>\n<p>M\u00f5ned levinud kopasilindrite probleemid on \u00f5lilekked, ebapiisav j\u00f5ud ja aeglane liikumine. Probleemi t\u00e4pne diagnoosimine on oluline, et rakendada sobivaid lahendusi. Regulaarsed hoolduskontrollid aitavad potentsiaalseid probleeme ennetada.<\/p>\n<h3>Meie ettev\u00f5ttest<\/h3>\n<p>Oleme h\u00fcdrosilindrite asendusdetailide tootja, pakkudes t\u00e4ielikku tootevalikut. Oleme saanud \u00fcheks juhtivaks h\u00fcdrosilindrite tootjaks ja turustajaks nii sise- kui ka rahvusvahelisel turul. Meie tooted j\u00e4rgivad suurep\u00e4rase kvaliteedi p\u00f5him\u00f5tet ja tuginevad meie keerukas tootmist\u00f6\u00f6kojas rakendatud industrialiseeritud tootmisjuhtimise strateegiale, mis h\u00f5lmab tehnoloogiliste talentide, tipptasemel digitaalsete tootmisseadmete ja professionaalsete testimiss\u00fcsteemide kasutamist. Meie t\u00f5husad, t\u00e4psed ja k\u00f5rgekvaliteedilised p\u00f5him\u00f5tted vastavad meie klientide mitmekesistele vajadustele.<\/p>\n<p>Meie ettev\u00f5te pakub professionaalseid teenuseid kogu maailmas, sealhulgas rahvusvahelisi sertifikaate, eritellimusteenuseid, tipptasemel tootmisseadmeid ja m\u00fc\u00fcgij\u00e4rgset teenindust.<\/p>\n<p><center><img decoding=\"async\" src=\"https:\/\/hzpt.com\/wp-content\/uploads\/2024\/11\/songte-company-1.webp\"><\/center><\/p>\n<h4>Autor: lyl<\/h4>","protected":false},"excerpt":{"rendered":"<p>Bucket Cylinder For XCMG Large Excavator XE500M Introduction Definition A bucket cylinder is a specially designed hydraulic cylinder used to control the movement of the bucket in heavy machinery such as excavators, backhoe loaders, and front-end loaders. Its main function is to lift, lower, and tilt the bucket, making it easier to handle various material [&hellip;]<\/p>","protected":false},"featured_media":14780,"comment_status":"open","ping_status":"closed","template":"","meta":{"_et_pb_use_builder":"","_et_pb_old_content":"","_et_gb_content_width":""},"product_brand":[],"product_cat":[1494],"product_tag":[1495,1496],"class_list":{"0":"post-15483","1":"product","2":"type-product","3":"status-publish","4":"has-post-thumbnail","6":"product_cat-bucket-cylinders","7":"product_tag-bucket-cylinders","8":"product_tag-hydraulic-cylinders","10":"first","11":"instock","12":"shipping-taxable","13":"product-type-simple"},"amp_enabled":true,"_links":{"self":[{"href":"https:\/\/www.hydraulic-cylinders.net\/et\/wp-json\/wp\/v2\/product\/15483","targetHints":{"allow":["GET"]}}],"collection":[{"href":"https:\/\/www.hydraulic-cylinders.net\/et\/wp-json\/wp\/v2\/product"}],"about":[{"href":"https:\/\/www.hydraulic-cylinders.net\/et\/wp-json\/wp\/v2\/types\/product"}],"replies":[{"embeddable":true,"href":"https:\/\/www.hydraulic-cylinders.net\/et\/wp-json\/wp\/v2\/comments?post=15483"}],"wp:featuredmedia":[{"embeddable":true,"href":"https:\/\/www.hydraulic-cylinders.net\/et\/wp-json\/wp\/v2\/media\/14780"}],"wp:attachment":[{"href":"https:\/\/www.hydraulic-cylinders.net\/et\/wp-json\/wp\/v2\/media?parent=15483"}],"wp:term":[{"taxonomy":"product_brand","embeddable":true,"href":"https:\/\/www.hydraulic-cylinders.net\/et\/wp-json\/wp\/v2\/product_brand?post=15483"},{"taxonomy":"product_cat","embeddable":true,"href":"https:\/\/www.hydraulic-cylinders.net\/et\/wp-json\/wp\/v2\/product_cat?post=15483"},{"taxonomy":"product_tag","embeddable":true,"href":"https:\/\/www.hydraulic-cylinders.net\/et\/wp-json\/wp\/v2\/product_tag?post=15483"}],"curies":[{"name":"wp","href":"https:\/\/api.w.org\/{rel}","templated":true}]}}