{"id":15486,"date":"2025-01-19T14:35:24","date_gmt":"2025-01-19T14:35:24","guid":{"rendered":"https:\/\/www.hydraulic-cylinders.net\/product\/bucket-cylinder-for-xcmg-large-excavator-xe490ck\/"},"modified":"2025-01-19T14:35:26","modified_gmt":"2025-01-19T14:35:26","slug":"bucket-cylinder-for-xcmg-large-excavator-xe490ck","status":"publish","type":"product","link":"https:\/\/www.hydraulic-cylinders.net\/et\/toode\/bucket-cylinder-for-xcmg-large-excavator-xe490ck\/","title":{"rendered":"XCMG suure ekskavaatori XE490CK kopa silinder"},"content":{"rendered":"<h1>XCMG suure ekskavaatori XE490CK kopa silinder<\/h1>\n<h2>Sissejuhatus<\/h2>\n<h3>Kopasilindri m\u00e4\u00e4ratlus<\/h3>\n<p>Kopa silinder on spetsiaalselt loodud h\u00fcdrauliline silinder, mida kasutatakse peamiselt koppade liikumise juhtimiseks rasketes masinates, n\u00e4iteks ekskavaatorites, laadur-ekskavaatorites ja esilaadurites. Selle peamine \u00fclesanne on v\u00f5imaldada kopa t\u00f5stmist, langetamist ja kallutamist, muutes mitmesuguste materjalik\u00e4itlust\u00f6\u00f6de tegemise lihtsamaks. H\u00fcdraulilises s\u00fcsteemis saavutab kopa silinder kopa t\u00e4pse juhtimise h\u00fcdraulika\u00f5li r\u00f5hu muutuste abil, v\u00f5imaldades operaatoritel t\u00f5husalt k\u00e4sitseda raskeid koormaid ning kohaneda keerukate t\u00f6\u00f6keskkondade ja mitmekesiste t\u00f6\u00f6n\u00f5uetega.<\/p>\n<p><img decoding=\"async\" src=\"https:\/\/www.hydraulic-cylinders.net\/wp-content\/uploads\/2025\/01\/songte-company-2.webp\" alt=\"\u00c4mbri silinder\"><\/p>\n<h3>Omadused<\/h3>\n<ul>\n<li>Suur tugevus ja vastupidavus: Tavaliselt valmistatud \u00fclitugevast terasest v\u00f5i alumiiniumist, see talub k\u00f5rget r\u00f5hku ja suuri koormusi, kohaneb karmide t\u00f6\u00f6keskkondadega ning on konstrueeritud kulumiskindlust ja korrosioonikindlust silmas pidades, pikendades kasutusiga.<\/li>\n<li>T\u00f5husad h\u00fcdraulilised toimingud: Sujuvad pikendamis- ja tagasit\u00f5mbamisliigutused saavutatakse h\u00fcdraulilise \u00f5lir\u00f5hu abil, mis reageerib kiiresti juhtimisk\u00e4sklustele ja pakub v\u00f5imsaid t\u00f5uke- ja t\u00f5mbej\u00f5ude, muutes selle sobivaks raskete koormate ja keerukate t\u00f6\u00f6\u00fclesannete k\u00e4sitsemiseks.<\/li>\n<li>Erinevad t\u00fc\u00fcbid: Vajadusel saab erinevate t\u00f6\u00f6vajaduste rahuldamiseks valida \u00fchetoimelisi (h\u00fcdraulilist s\u00fcsteemi kasutatakse ainult \u00fches suunas) v\u00f5i kahetoimelisi (h\u00fcdraulilist s\u00fcsteemi kasutatakse m\u00f5lemas suunas) silindreid. M\u00f5ned mudelid on teleskoopilised, mis v\u00f5imaldab suuremat pikendamist ilma v\u00e4lism\u00f5\u00f5tmeid suurendamata, mist\u00f5ttu need sobivad piiratud ruumiga rakenduste jaoks.<\/li>\n<li>Vahetatav: Meie tooted saavad neid h\u00fcdrosilindreid ideaalselt asendada.<\/li>\n<li>Kohandatav: Meie tooteid saab kohandada vastavalt kliendi n\u00f5udmistele, et need vastaksid nende konkreetsetele vajadustele.<\/li>\n<\/ul>\n<p><img decoding=\"async\" src=\"https:\/\/www.hydraulic-cylinders.net\/wp-content\/uploads\/2025\/01\/songte-cylinder-head-with-all-kinds-excavator-models.webp\" alt=\"Kohandatav \u00e4mbrisilinder\"><\/p>\n<h3>Rakendused<\/h3>\n<p>Kopasilindrid on laialdaselt kasutusel erinevates t\u00f6\u00f6stusharudes, sealhulgas:<\/p>\n<h4>Ehitustehnika<\/h4>\n<p>Ekskavaatorites on need olulised pinnase v\u00f5i prahi kaevamiseks, laadimiseks ja teisaldamiseks. Ekskavaatoritel aitab kopa silinder nii kaevamisel kui ka t\u00f5stmisel. Esilaaduritel aitavad need lasti t\u00f5husalt t\u00f5sta ja t\u00fchjendada.<\/p>\n<h4>P\u00f5llumajandustehnika<\/h4>\n<p>Kasutatakse esilaadurites pinnase, heina ja muude materjalide kaevamiseks, t\u00f5stmiseks ja transportimiseks. Ekskavaatorites v\u00f5imaldab kopa silinder kaevamist, lastes kopal pinnasesse tungida.<\/p>\n<h4>Muud rakendused<\/h4>\n<p>Kopa silindreid kasutatakse ka muudes rakendustes, n\u00e4iteks kaevanduses, metsanduses ja j\u00e4\u00e4tmek\u00e4itluses.<\/p>\n<h3>Projekteerimiskaalutlused ja valikukriteeriumid<\/h3>\n<h4>Kandev\u00f5ime<\/h4>\n<p>Kopa silindri kandev\u00f5ime on \u00fclioluline kaalutlus. See peaks suutma taluda t\u00f5stetava materjali raskust ilma purunemise v\u00f5i p\u00fcsiva deformatsioonita.<\/p>\n<h4>Tihendus ja m\u00e4\u00e4rimine<\/h4>\n<p>Kopasilindri n\u00f5uetekohaseks t\u00f6\u00f6ks ja hoolduseks on oluline tihendamine ja m\u00e4\u00e4rimine. Lekete v\u00e4ltimiseks kasutatakse mitmesuguseid tihenduskomponente, n\u00e4iteks kolvitihendeid ja vardatihendeid. Silindri kulumise v\u00e4hendamiseks ja eluea pikendamiseks on vaja regulaarset m\u00e4\u00e4rimist h\u00fcdraulika\u00f5liga.<\/p>\n<h4>Vastupidavus ja hooldus<\/h4>\n<p>Kopa silinder peaks vastu pidama karmile t\u00f6\u00f6keskkonnale ja sagedasele kasutamisele. Seda peaks olema lihtne hooldada ja parandada, et minimeerida seisakuid.<\/p>\n<p><img decoding=\"async\" src=\"https:\/\/www.hydraulic-cylinders.net\/wp-content\/uploads\/2025\/01\/songte-oil-pipes-and-spare-parts.webp\" alt=\"Kopa silindri osad\"><\/p>\n<h3>Hooldus<\/h3>\n<p>Kopasilindri pikaealisuse ja usaldusv\u00e4\u00e4rse t\u00f6\u00f6 tagamiseks on oluline n\u00f5uetekohane hooldus. Regulaarsed hooldust\u00f6\u00f6d h\u00f5lmavad j\u00e4rgmist:<\/p>\n<ul>\n<li>Kontrollige lekkeid ja muid kulumisj\u00e4lgi<\/li>\n<li>Regulaarne m\u00e4\u00e4rimine<\/li>\n<li>Tihendi vahetamine<\/li>\n<li>Kalibreerimiskontrollid<\/li>\n<\/ul>\n<p><img decoding=\"async\" src=\"https:\/\/www.hydraulic-cylinders.net\/wp-content\/uploads\/2025\/01\/songte-chushion-collar.webp\" alt=\"Kaelarihm\"><\/p>\n<h3>Ohutus- ja keskkonnakaalutlused<\/h3>\n<p>Kopasilindrid t\u00f6\u00f6tavad k\u00f5rge r\u00f5hu ja raskete koormuste all, seega on nende paigaldamisel, k\u00e4itamisel ja hooldamisel oluline j\u00e4rgida n\u00f5uetekohaseid ohutusn\u00f5udeid. Operaatorid peaksid kandma sobivaid kaitsevahendeid ja \u00f5nnetuste v\u00e4ltimiseks tuleb j\u00e4rgida k\u00f5iki ohutusn\u00f5udeid.<\/p>\n<h3>Levinumad probleemid ja t\u00f5rkeotsing<\/h3>\n<p>Kopasilindrite levinud probleemide hulka kuuluvad leke, eba\u00f5ige t\u00f6\u00f6tamine ning suutmatus korralikult v\u00e4lja v\u00f5i sisse t\u00f5mmata. Veaotsing h\u00f5lmab probleemi p\u00f5hjuse v\u00e4ljaselgitamist ja parandusmeetmete v\u00f5tmist, n\u00e4iteks kahjustatud tihendite v\u00f5i muude komponentide v\u00e4ljavahetamist.<\/p>\n<p><img decoding=\"async\" src=\"https:\/\/www.hydraulic-cylinders.net\/wp-content\/uploads\/2025\/01\/songte-bushings-with-all-kinds-of-excavator-models.webp\" alt=\"Kopa silindri puksid\"><\/p>\n<h2>Meist<\/h2>\n<p>Oleme juhtiv h\u00fcdrauliliste silindrite tootja ja hulgim\u00fc\u00fcja nii sise- kui ka rahvusvahelisel turul. Meie tooted on mitmekesised ja laiaulatuslikud ning j\u00e4rgime suurep\u00e4rase kvaliteedi ja t\u00f5husa tootmisjuhtimise p\u00f5him\u00f5tteid.<\/p>\n<h3>Professionaalsus<\/h3>\n<p>Our products are designed and manufactured by a team of experienced professionals who use the latest technology and equipment to produce high-quality hydraulic cylinders that meet our customers&#8217; needs.<\/p>\n<h3>Rahvusvaheline sertifitseerimine<\/h3>\n<p>Meie tooted on l\u00e4binud rahvusvahelised sertifikaadid nagu ISO9001 ja CE, mis tagab nende vastavuse k\u00f5rgeimatele kvaliteedistandarditele.<\/p>\n<h3>Kohandamise teenused<\/h3>\n<p>Pakume klientide erivajaduste rahuldamiseks kohandamisteenuseid.<\/p>\n<h3>Tootmisseadmed<\/h3>\n<p>Kasutame t\u00e4iustatud ja kvaliteetseid tootmisseadmeid, et tagada oma toodete kvaliteet ja t\u00f6\u00f6kindlus ning parandada tootmise efektiivsust.<\/p>\n<h3>M\u00fc\u00fcgij\u00e4rgne teenindus<\/h3>\n<p>Pakume oma klientidele igak\u00fclgset m\u00fc\u00fcgij\u00e4rgset teenindust, sealhulgas varuosi ja remonditeenuseid, et aidata neil pikendada oma h\u00fcdrosilindrite eluiga.<\/p>\n<p><img decoding=\"async\" src=\"https:\/\/hzpt.com\/wp-content\/uploads\/2024\/11\/songte-company-1.webp\" alt=\"Meist\"><\/p>\n<h4>Autor: lyl.<\/h4>","protected":false},"excerpt":{"rendered":"<p>Bucket Cylinder For XCMG Large Excavator XE490CK Introduction Definition of Bucket Cylinder A Bucket Cylinder is a specially designed hydraulic cylinder mainly used to control the movement of buckets in heavy machinery such as excavators, backhoe excavators, and front loaders. Its main function is to enable the bucket to lift, lower, and tilt, making it [&hellip;]<\/p>","protected":false},"featured_media":14773,"comment_status":"open","ping_status":"closed","template":"","meta":{"_et_pb_use_builder":"","_et_pb_old_content":"","_et_gb_content_width":""},"product_brand":[],"product_cat":[1494],"product_tag":[1495,1496],"class_list":{"0":"post-15486","1":"product","2":"type-product","3":"status-publish","4":"has-post-thumbnail","6":"product_cat-bucket-cylinders","7":"product_tag-bucket-cylinders","8":"product_tag-hydraulic-cylinders","10":"first","11":"instock","12":"shipping-taxable","13":"product-type-simple"},"amp_enabled":true,"_links":{"self":[{"href":"https:\/\/www.hydraulic-cylinders.net\/et\/wp-json\/wp\/v2\/product\/15486","targetHints":{"allow":["GET"]}}],"collection":[{"href":"https:\/\/www.hydraulic-cylinders.net\/et\/wp-json\/wp\/v2\/product"}],"about":[{"href":"https:\/\/www.hydraulic-cylinders.net\/et\/wp-json\/wp\/v2\/types\/product"}],"replies":[{"embeddable":true,"href":"https:\/\/www.hydraulic-cylinders.net\/et\/wp-json\/wp\/v2\/comments?post=15486"}],"wp:featuredmedia":[{"embeddable":true,"href":"https:\/\/www.hydraulic-cylinders.net\/et\/wp-json\/wp\/v2\/media\/14773"}],"wp:attachment":[{"href":"https:\/\/www.hydraulic-cylinders.net\/et\/wp-json\/wp\/v2\/media?parent=15486"}],"wp:term":[{"taxonomy":"product_brand","embeddable":true,"href":"https:\/\/www.hydraulic-cylinders.net\/et\/wp-json\/wp\/v2\/product_brand?post=15486"},{"taxonomy":"product_cat","embeddable":true,"href":"https:\/\/www.hydraulic-cylinders.net\/et\/wp-json\/wp\/v2\/product_cat?post=15486"},{"taxonomy":"product_tag","embeddable":true,"href":"https:\/\/www.hydraulic-cylinders.net\/et\/wp-json\/wp\/v2\/product_tag?post=15486"}],"curies":[{"name":"wp","href":"https:\/\/api.w.org\/{rel}","templated":true}]}}