{"id":15488,"date":"2025-01-19T14:35:32","date_gmt":"2025-01-19T14:35:32","guid":{"rendered":"https:\/\/www.hydraulic-cylinders.net\/product\/bucket-cylinder-for-xcmg-large-excavator-xe3000\/"},"modified":"2025-01-19T14:35:40","modified_gmt":"2025-01-19T14:35:40","slug":"bucket-cylinder-for-xcmg-large-excavator-xe3000","status":"publish","type":"product","link":"https:\/\/www.hydraulic-cylinders.net\/et\/toode\/bucket-cylinder-for-xcmg-large-excavator-xe3000\/","title":{"rendered":"XCMG suure ekskavaatori XE3000 kopa silinder"},"content":{"rendered":"<h1>XCMG suure ekskavaatori XE3000 kopa silinder<\/h1>\n<h2>Sissejuhatus<\/h2>\n<h3>Definitsioon<\/h3>\n<p>A bucket cylinder is specially designed hydraulic cylinder used to control the movement of the bucket in heavy machinery such as excavators, backhoe loaders, and front loaders. Its main function is to enable the bucket to lift, lower, and tilt, making it easier to handle various material handling tasks. In the hydraulic system, the bucket cylinder controls the bucket&#8217;s precise movement by the pressure changes of hydraulic oil, allowing the operator to handle heavy loads efficiently, adapt to complex working environments, and diverse operational needs.<\/p>\n<p><img decoding=\"async\" src=\"https:\/\/www.hydraulic-cylinders.net\/wp-content\/uploads\/2025\/01\/songte-company-2.webp\" alt=\"XCMG suure ekskavaatori XE3000 kopa silinder\" \/><\/p>\n<h2>Omadused<\/h2>\n<ul>\n<li><strong>Suur tugevus ja vastupidavus:<\/strong> Valmistatud \u00fclitugevast terasest v\u00f5i alumiiniumist, see talub k\u00f5rget r\u00f5hku ja suuri koormusi, kohaneb karmide t\u00f6\u00f6keskkondadega ning on konstrueeritud kulumiskindlust ja korrosioonikindlust silmas pidades, et pikendada selle kasutusiga.<\/li>\n<li><strong>T\u00f5hus h\u00fcdrauliline t\u00f6\u00f6:<\/strong> Sujuv pikendamine ja tagasit\u00f5mbamine saavutatakse h\u00fcdraulika\u00f5li r\u00f5hu abil. See reageerib juhtimisk\u00e4sklustele kiiresti, pakub v\u00f5imsat t\u00f5uke- ja t\u00f5mbej\u00f5udu ning sobib raskete koormate ja keerukate t\u00f6\u00f6\u00fclesannete k\u00e4sitsemiseks.<\/li>\n<li><strong>Erinevad t\u00fc\u00fcbid:<\/strong> \u00dchetoimelisi (h\u00fcdrauliline \u00fches suunas) v\u00f5i kahetoimelisi (h\u00fcdrauliline m\u00f5lemas suunas) silindreid saab valida vastavalt vajadustele, et rahuldada erinevaid t\u00f6\u00f6tingimusi. M\u00f5ned mudelid on teleskoopilised, mis v\u00f5imaldab suuremat pikendamist ilma v\u00e4lism\u00f5\u00f5tmeid suurendamata, mist\u00f5ttu sobivad need rakendusteks, kus ruum on piiratud.<\/li>\n<li><strong>Ideaalne asendus h\u00fcdraulilistele silindritele:<\/strong> Meie tooted suudavad neid h\u00fcdrosilindreid ideaalselt asendada.<\/li>\n<\/ul>\n<p><img decoding=\"async\" src=\"https:\/\/www.hydraulic-cylinders.net\/wp-content\/uploads\/2025\/01\/songte-cylinder-head-with-all-kinds-excavator-models.webp\" alt=\"XCMG suure ekskavaatori XE3000 kopa silinder\" \/><\/p>\n<h2>Rakendused<\/h2>\n<p>Kopasilindrit kasutatakse paljudes rasketes masinates, sealhulgas:<\/p>\n<ul>\n<li><strong>Ehitustehnika:<\/strong> See on ekskavaatorite jaoks \u00fclioluline pinnase v\u00f5i prahi kaevamiseks, laadimiseks ja teisaldamiseks. Ekskavaator-laaduritel aitab see kaevamisel ja t\u00f5stmisel. <\/li>\n<li><strong>P\u00f5llumajandustehnika:<\/strong> Kasutatakse esilaadurite jaoks mulla, heina ja muude materjalide \u00fclesv\u00f5tmiseks, t\u00f5stmiseks ja transportimiseks. <\/li>\n<li><strong>Ekskavaatorid:<\/strong> Kopa silinder v\u00f5imaldab kopal pinnasesse tungida. <\/li>\n<li><strong>Esilaadurid:<\/strong> Need aitavad kaupu t\u00f5husalt t\u00f5sta ja kallutada. <\/li>\n<\/ul>\n<p>Let&#8217;s explore each application in detail:<\/p>\n<h3>Ehitustehnika<\/h3>\n<p>Ehitustehnika on mitmesuguste ehitust\u00f6\u00f6de jaoks h\u00e4davajalik. Kopa silinder aitab kaevata auke, kaevikuid ja vundamente. See aitab ka mulda ja prahti laadida ja teisaldada. Ekskavaator-laadurites aitab see kaevamisel ja t\u00f5stmisel. Seda kasutatakse ka teedeehitusmasinates maa puhastamiseks ja tasandamiseks.<\/p>\n<h3>P\u00f5llumajandustehnika<\/h3>\n<p>Kopa silindreid kasutatakse esilaadurites, mida kasutatakse pinnase, heina ja muude materjalide \u00fcleskorjamiseks, t\u00f5stmiseks ja transportimiseks. Lisaks kasutatakse neid traktorites ja muudes p\u00f5llumajandusmasinates raskete koormate k\u00e4sitsemiseks. <\/p>\n<h3>Ekskavaatorid<\/h3>\n<p>The bucket cylinder enables the bucket to penetrate the soil, helping with construction, digging, and demolition. With the bucket cylinder&#8217;s help, the excavator can work on different soil types.<\/p>\n<h3>Esilaadurid<\/h3>\n<p>Kopa silinder aitab kaupu t\u00f5husalt t\u00f5sta ja kallutada. Seda kasutatakse esilaadurites erinevatel eesm\u00e4rkidel, n\u00e4iteks materjalide k\u00e4itlemiseks ladudes, materjalide k\u00e4itlemiseks sadamates ja varude korrastamiseks.<\/p>\n<p><img decoding=\"async\" src=\"https:\/\/hzpt.com\/wp-content\/uploads\/2024\/11\/songte-company-1.webp\" alt=\"XCMG suure ekskavaatori XE3000 kopa silinder\" \/><\/p>\n<h2>Projekteerimiskaalutlused ja valikukriteeriumid<\/h2>\n<p>J\u00e4rgnevalt on toodud kopasilindrite projekteerimiskaalutlused ja valikukriteeriumid:<\/p>\n<ul>\n<li><strong>Kandev\u00f5ime:<\/strong> Kopasilindritel peab olema suur kandev\u00f5ime, et toetada raskeid koormusi.<\/li>\n<li><strong>Tihendus:<\/strong> Kvaliteetne tihenduss\u00fcsteem tagab, et h\u00fcdraulikavedelikud ei leki, mis v\u00f5ib silindrit kahjustada. <\/li>\n<li><strong>Vastupidavus:<\/strong> Kopasilindrite jaoks kasutatavad materjalid peaksid olema vastupidavad, et taluda karmi keskkonda ja korduvat kasutamist.<\/li>\n<li><strong>Ohutus:<\/strong> \u00c4mbrisilindrid peavad olema konstrueeritud ohutust silmas pidades, et v\u00e4ltida \u00f5nnetusi ja vigastusi.<\/li>\n<li><strong>Hooldatavus:<\/strong> Kopasilindrit peaks olema lihtne hooldada ja parandada ning varuosad ja remonditeenused peaksid olema kergesti k\u00e4ttesaadavad.<\/li>\n<\/ul>\n<p><img decoding=\"async\" src=\"https:\/\/www.hydraulic-cylinders.net\/wp-content\/uploads\/2025\/01\/songte-oil-pipes-and-spare-parts.webp\" alt=\"XCMG suure ekskavaatori XE3000 kopa silinder\" \/><\/p>\n<h2>Tihendus ja m\u00e4\u00e4rimine<\/h2>\n<p>Bucket cylinders feature various sealing components like piston seals and rod seals that prevent hydraulic fluid leakage. The cylinder&#8217;s surface is finely processed to improve its wear resistance, and it requires regular lubrication to maintain its smooth operation. <\/p>\n<h2>Hooldus ja remont<\/h2>\n<p>Kopasilindrite hooldus- ja remondit\u00f6\u00f6d on j\u00e4rgmised:<\/p>\n<ul>\n<li>Regulaarne kontroll<\/li>\n<li>\u00d5ige m\u00e4\u00e4rimine<\/li>\n<li>Tihendi vahetamine<\/li>\n<li>Kalibreerimiskontroll<\/li>\n<\/ul>\n<p>Proper installation, lubrication, and adjustment are crucial for ensuring the bucket cylinder&#8217;s longevity. During installation, the cylinder must be correctly aligned, and adequate support should be provided to prevent damage. Regular inspection, repair, and replacement of components are necessary to ensure the bucket cylinder&#8217;s long-lasting performance.<\/p>\n<p><img decoding=\"async\" src=\"https:\/\/www.hydraulic-cylinders.net\/wp-content\/uploads\/2025\/01\/songte-chushion-collar.webp\" alt=\"XCMG suure ekskavaatori XE3000 kopa silinder\" \/><\/p>\n<h2>Ohutuskaalutlused ja keskkonnategurid<\/h2>\n<p>Bucket cylinders should be operated following safety guidelines to prevent accidents and injuries. Environmental factors like temperature and humidity can affect the cylinder&#8217;s performance and must be considered during operation.<\/p>\n<h2>Levinumad probleemid ja t\u00f5rkeotsing<\/h2>\n<p>J\u00e4rgnevalt on toodud kopasilindrite levinumad probleemid ja t\u00f5rkeotsing:<\/p>\n<ul>\n<li>Leke<\/li>\n<li>Ebapiisav j\u00f5ud<\/li>\n<li>Kehv sooritus<\/li>\n<\/ul>\n<p>Regulaarne kontroll ja hooldus aitavad nende probleemide esinemist minimeerida. Probleemi ilmnemisel tuleks see koheselt lahendada, et v\u00e4ltida silindri kahjustamist.<\/p>\n<h2>Meist<\/h2>\n<p>We are a hydraulic cylinder manufacturer that specializes in replacing hydraulic cylinders. We offer a complete range of products and have become one of the leading manufacturers and wholesalers of hydraulic cylinders in the domestic and international markets. We follow excellent quality and rely on the industrial production management strategy of the fine manufacturing workshop. Our company has continuously improved the manufacturing platform of the workshop from the use of technology talents, digital high-end manufacturing equipment, and professional testing systems to improve the production quality route of product quality. We have strong creative ability and adhere to the principles of high efficiency, high accuracy, and high quality to meet customers&#8217; diverse requirements.<\/p>\n<p>Pakume kohandatud teenuseid ja meie tooted on rahvusvaheliselt sertifitseeritud. Meie ettev\u00f5te kasutab tootmiseks tipptasemel seadmeid ja pakume suurep\u00e4rast m\u00fc\u00fcgij\u00e4rgset teenindust.<\/p>\n<p><img decoding=\"async\" src=\"https:\/\/www.hydraulic-cylinders.net\/wp-content\/uploads\/2025\/01\/songte-company-3.webp\" alt=\"XCMG suure ekskavaatori XE3000 kopa silinder\" \/><\/p>\n<p>Autor: lyl<\/p>","protected":false},"excerpt":{"rendered":"<p>Bucket Cylinder For XCMG Large Excavator XE3000 Introduction Definition A bucket cylinder is specially designed hydraulic cylinder used to control the movement of the bucket in heavy machinery such as excavators, backhoe loaders, and front loaders. Its main function is to enable the bucket to lift, lower, and tilt, making it easier to handle various [&hellip;]<\/p>","protected":false},"featured_media":14769,"comment_status":"open","ping_status":"closed","template":"","meta":{"_et_pb_use_builder":"","_et_pb_old_content":"","_et_gb_content_width":""},"product_brand":[],"product_cat":[1494],"product_tag":[1495,1496],"class_list":{"0":"post-15488","1":"product","2":"type-product","3":"status-publish","4":"has-post-thumbnail","6":"product_cat-bucket-cylinders","7":"product_tag-bucket-cylinders","8":"product_tag-hydraulic-cylinders","10":"first","11":"instock","12":"shipping-taxable","13":"product-type-simple"},"amp_enabled":true,"_links":{"self":[{"href":"https:\/\/www.hydraulic-cylinders.net\/et\/wp-json\/wp\/v2\/product\/15488","targetHints":{"allow":["GET"]}}],"collection":[{"href":"https:\/\/www.hydraulic-cylinders.net\/et\/wp-json\/wp\/v2\/product"}],"about":[{"href":"https:\/\/www.hydraulic-cylinders.net\/et\/wp-json\/wp\/v2\/types\/product"}],"replies":[{"embeddable":true,"href":"https:\/\/www.hydraulic-cylinders.net\/et\/wp-json\/wp\/v2\/comments?post=15488"}],"wp:featuredmedia":[{"embeddable":true,"href":"https:\/\/www.hydraulic-cylinders.net\/et\/wp-json\/wp\/v2\/media\/14769"}],"wp:attachment":[{"href":"https:\/\/www.hydraulic-cylinders.net\/et\/wp-json\/wp\/v2\/media?parent=15488"}],"wp:term":[{"taxonomy":"product_brand","embeddable":true,"href":"https:\/\/www.hydraulic-cylinders.net\/et\/wp-json\/wp\/v2\/product_brand?post=15488"},{"taxonomy":"product_cat","embeddable":true,"href":"https:\/\/www.hydraulic-cylinders.net\/et\/wp-json\/wp\/v2\/product_cat?post=15488"},{"taxonomy":"product_tag","embeddable":true,"href":"https:\/\/www.hydraulic-cylinders.net\/et\/wp-json\/wp\/v2\/product_tag?post=15488"}],"curies":[{"name":"wp","href":"https:\/\/api.w.org\/{rel}","templated":true}]}}