{"id":15489,"date":"2025-01-19T14:35:42","date_gmt":"2025-01-19T14:35:42","guid":{"rendered":"https:\/\/www.hydraulic-cylinders.net\/product\/bucket-cylinder-for-xcmg-wheel-excavator-xe150w\/"},"modified":"2025-01-19T14:35:44","modified_gmt":"2025-01-19T14:35:44","slug":"bucket-cylinder-for-xcmg-wheel-excavator-xe150w","status":"publish","type":"product","link":"https:\/\/www.hydraulic-cylinders.net\/et\/toode\/bucket-cylinder-for-xcmg-wheel-excavator-xe150w\/","title":{"rendered":"XCMG ratasekskavaatori XE150W kopa silinder"},"content":{"rendered":"<h1>XCMG ratasekskavaatori XE150W kopa silinder<\/h1>\n<h2>Sissejuhatus<\/h2>\n<p>Kopa silinder on spetsiaalselt konstrueeritud h\u00fcdrauliline silinder, mida kasutatakse peamiselt kopa liikumise juhtimiseks rasketes masinates, n\u00e4iteks ekskavaatorites, laadur-ekskavaatorites ja esilaadurites. Selle peamine \u00fclesanne on v\u00f5imaldada kopa t\u00f5stmist, langetamist ja kallutamist, muutes mitmesuguste materjalik\u00e4itlust\u00f6\u00f6de tegemise lihtsamaks. H\u00fcdraulilises s\u00fcsteemis saavutab kopa silinder kopa t\u00e4pse juhtimise h\u00fcdraulika\u00f5li r\u00f5hu muutuste abil, v\u00f5imaldades operaatoritel t\u00f5husalt k\u00e4sitseda raskeid koormaid ning kohaneda keerukate t\u00f6\u00f6keskkondade ja mitmekesiste t\u00f6\u00f6vajadustega.<\/p>\n<p><img decoding=\"async\" src=\"https:\/\/www.hydraulic-cylinders.net\/wp-content\/uploads\/2025\/01\/songte-company-2.webp\" alt=\"\u00e4mbri silindri pilt\"><\/p>\n<h2>Omadused<\/h2>\n<ul>\n<li>\n<h3>Suur tugevus ja vastupidavus<\/h3>\n<p>Kopasilindrid on tavaliselt valmistatud \u00fclitugevast terasest v\u00f5i alumiiniumist, mis taluvad k\u00f5rget r\u00f5hku ja suuri koormusi ning on konstrueeritud kulumiskindlust ja korrosioonikindlust silmas pidades, et pikendada kasutusiga.<\/p>\n<\/li>\n<li>\n<h3>T\u00f5hus h\u00fcdrauliline t\u00f6\u00f6<\/h3>\n<p>Kopasilindrid kasutavad h\u00fcdraulilist \u00f5lir\u00f5hku sujuvate pikendus- ja tagasit\u00f5mbamisliigutuste saavutamiseks, reageerivad kiiresti juhtimisk\u00e4sklustele ning pakuvad v\u00f5imsaid t\u00f5uke- ja t\u00f5mbej\u00f5ude, mis sobivad raskete koormate ja keerukate t\u00f6\u00f6\u00fclesannete k\u00e4sitsemiseks.<\/p>\n<\/li>\n<li>\n<h3>Erinevad t\u00fc\u00fcbid<\/h3>\n<p>Kopa silindrid saab valida \u00fchetoimelistena (h\u00fcdraulika abil ainult \u00fches suunas) v\u00f5i kahetoimelistena (h\u00fcdraulika abil m\u00f5lemas suunas), olenevalt t\u00f6\u00f6vajadustest. M\u00f5ned mudelid on teleskoopilised, mis v\u00f5imaldab suuremat ulatust ilma v\u00e4lism\u00f5\u00f5tmeid suurendamata, mist\u00f5ttu need sobivad piiratud ruumiga rakenduste jaoks.<\/p>\n<\/li>\n<li>\n<h3>Asendamise saadavus<\/h3>\n<p>Me saame seda toodet toota ja meie toode saab neid h\u00fcdrosilindreid ideaalselt asendada.<\/p>\n<p>    <img decoding=\"async\" src=\"https:\/\/www.hydraulic-cylinders.net\/wp-content\/uploads\/2025\/01\/songte-cylinder-head-with-all-kinds-excavator-models.webp\" alt=\"asendusmaterjali saadavuse pilt\">\n  <\/li>\n<\/ul>\n<h2>Rakendused<\/h2>\n<p>Kopa silindreid kasutatakse erinevates rasketehnika rakendustes, n\u00e4iteks:<\/p>\n<ul>\n<li>\n<h3>Ehitustehnika:<\/h3>\n<p>Ekskavaatorites on need eluliselt t\u00e4htsad kaevamisel, laadimisel ja mulla v\u00f5i prahi teisaldamisel. Ekskavaatoritel abistab kopa silinder nii kaevamisel kui ka t\u00f5stmisel. <\/p>\n<\/li>\n<li>\n<h3>P\u00f5llumajandusmasinad:<\/h3>\n<p>Kasutatakse esilaaduritel mulla, heina ja muude materjalide kopeerimiseks, t\u00f5stmiseks ja transportimiseks. <\/p>\n<\/li>\n<li>\n<h3>Ekskavaatorid:<\/h3>\n<p>Kopa silinder v\u00f5imaldab kaevamist, lastes kopal l\u00e4bi pinnase tungida.<\/p>\n<\/li>\n<li>\n<h3>Laadur:<\/h3>\n<p>Esilaadurites aitavad need lasti t\u00f5husalt t\u00f5sta ja maha laadida. <\/p>\n<\/li>\n<\/ul>\n<p>Iga rakendust kirjeldatakse \u00fcksikasjalikult j\u00e4rgmiselt:<\/p>\n<ul>\n<li>\n<h3>Ehitustehnika:<\/h3>\n<p>Ekskavaatorites kasutatakse kopasilindrit pinnase v\u00f5i prahi kaevamiseks, laadimiseks ja teisaldamiseks. T\u00e4nu tugevale konstruktsioonile ja h\u00fcdraulilisele t\u00f6\u00f6le saab see t\u00f5husalt hakkama raskete koormatega. Ekskavaator-laadurites abistab kopasilindrit nii kaevamisel kui ka t\u00f5stmisel, muutes selle mitmek\u00fclgseks t\u00f6\u00f6riistaks ehitust\u00f6\u00f6del. <\/p>\n<\/li>\n<li>\n<h3>P\u00f5llumajandusmasinad:<\/h3>\n<p>Kopa silinder on kasulik esilaaduritel, kus see aitab mulda, heina ja muid materjale kopaga t\u00f5sta, t\u00f5sta ja transportida. H\u00fcdraulilise t\u00f6\u00f6 abil saab see t\u00f5husalt k\u00e4sitseda raskeid koormaid, muutes selle p\u00f5llumajandust\u00f6\u00f6del oluliseks t\u00f6\u00f6riistaks.<\/p>\n<\/li>\n<li>\n<h3>Ekskavaatorid:<\/h3>\n<p>Kopa silinder v\u00f5imaldab kaevamist, lastes kopal l\u00e4bi pinnase tungida. H\u00fcdraulilise juhtimisega saab see kopa liikumist t\u00e4pselt juhtida, muutes selle ekskavaatori oluliseks osaks.<\/p>\n<\/li>\n<li>\n<h3>Laadur:<\/h3>\n<p>Esilaadurites aitab kopa silinder lasti t\u00f5husalt t\u00f5sta ja t\u00fchjendada. H\u00fcdraulilise t\u00f6\u00f6 abil saab see kopa liikumist t\u00e4pselt juhtida, muutes selle laaduri oluliseks osaks.<\/p>\n<\/li>\n<\/ul>\n<h2>Projekteerimiskaalutlused ja valikukriteeriumid<\/h2>\n<p>Kopasilindrite projekteerimisel tuleks arvestada j\u00e4rgmisega:<\/p>\n<ul>\n<li>\n<h3>Kandev\u00f5ime<\/h3>\n<p>Kopa silinder peaks vastu pidama rasketele koormustele ja k\u00f5rgele r\u00f5hule ilma deformatsiooni v\u00f5i purunemiseta.<\/p>\n<\/li>\n<li>\n<h3>Tihendus<\/h3>\n<p>Kopa silinder vajab h\u00fcdraulilise vedeliku lekke v\u00e4ltimiseks ja \u00f5ige h\u00fcdraulilise r\u00f5hu s\u00e4ilitamiseks mitmesuguseid tihendeid, n\u00e4iteks kolvitihendeid ja vardatihendeid.<\/p>\n<\/li>\n<li>\n<h3>Vastupidavus<\/h3>\n<p>The bucket cylinder should be constructed with materials that can withstand wear and corrosion, extending the product&#8217;s service life.<\/p>\n<\/li>\n<li>\n<h3>Ohutus<\/h3>\n<p>Kopa silinder peaks olema konstrueeritud ohutusfunktsioonidega, et v\u00e4ltida \u00f5nnetusi v\u00f5i vigastusi t\u00f6\u00f6tamise ajal.<\/p>\n<\/li>\n<li>\n<h3>Hooldatavus<\/h3>\n<p>Kopa silinder peaks olema konstrueeritud hoolduse lihtsust silmas pidades, v\u00f5imaldades osade h\u00f5lpsat vahetamist ja t\u00f5husat remonti.<\/p>\n<\/li>\n<\/ul>\n<p>\u00d5litorude ja varuosade pilt:<\/p>\n<p><img decoding=\"async\" src=\"https:\/\/www.hydraulic-cylinders.net\/wp-content\/uploads\/2025\/01\/songte-oil-pipes-and-spare-parts.webp\" alt=\"\u00f5litorude ja varuosade pilt\"><\/p>\n<h2>Tihendus ja m\u00e4\u00e4rimine<\/h2>\n<p>Kopasilindris kasutatakse mitmesuguseid tihenduskomponente, n\u00e4iteks kolvitihendeid ja vardatihendeid, et v\u00e4ltida h\u00fcdraulilise vedeliku lekkeid ja s\u00e4ilitada \u00f5ige h\u00fcdrauliline r\u00f5hk. Tihendid on valmistatud vastupidavatest materjalidest, nagu pol\u00fcuretaan ja nitriilkummi, et taluda kulumist. Silindri korpus ja keermestatud otsapinnad on peenelt t\u00f6\u00f6deldud, et parandada kulumiskindlust. Kopasilindrit tuleb regulaarselt m\u00e4\u00e4rida h\u00fcdraulika\u00f5liga, et see t\u00f6\u00f6taks sujuvalt ja pikendaks selle kasutusiga.<\/p>\n<h2>Perioodiline kontroll ja ennetav hooldus<\/h2>\n<p>Kopa silinder vajab t\u00f5husa t\u00f6\u00f6 ja kasutusea pikendamise tagamiseks perioodilist \u00fclevaatust ja ennetavat hooldust. Teha tuleks j\u00e4rgmised hooldust\u00f6\u00f6d:<\/p>\n<ul>\n<li>\n<h3>Regulaarne kontroll:<\/h3>\n<p>Silindri korpuse, kolvi ja varda kontroll kulumise, kahjustuste v\u00f5i lekete avastamiseks.<\/p>\n<\/li>\n<li>\n<h3>M\u00e4\u00e4rimine:<\/h3>\n<p>Regulaarne m\u00e4\u00e4rimine h\u00fcdraulika\u00f5liga, et silinder t\u00f6\u00f6taks sujuvalt.<\/p>\n<\/li>\n<li>\n<h3>Tihendi vahetamine:<\/h3>\n<p>Kulunud v\u00f5i kahjustatud tihendite, n\u00e4iteks kolvi- ja varrastihendite vahetamine \u00f5ige h\u00fcdraulilise r\u00f5hu s\u00e4ilitamiseks.<\/p>\n<\/li>\n<li>\n<h3>Kalibreerimise kontroll:<\/h3>\n<p>Regulaarne kalibreerimiskontroll, et tagada kopa silindri korrektne t\u00f6\u00f6.<\/p>\n<\/li>\n<\/ul>\n<p>Polsterdatud krae pilt:<\/p>\n<p><img decoding=\"async\" src=\"https:\/\/www.hydraulic-cylinders.net\/wp-content\/uploads\/2025\/01\/songte-chushion-collar.webp\" alt=\"polsterdatud krae pilt\"><\/p>\n<h2>Ohutuskaalutlused ja keskkonnategurid<\/h2>\n<p>Kopasilindri kasutamisel on \u00f5nnetuste v\u00f5i vigastuste v\u00e4ltimiseks oluline j\u00e4rgida ohutusn\u00f5udeid. Regulaarne hooldus ja kontroll aitavad v\u00e4ltida v\u00f5imalikke ohutusriske. Samuti on oluline arvestada keskkonnateguritega, nagu h\u00fcdraulikavedeliku leke ja selle k\u00f5rvaldamine, et minimeerida keskkonnam\u00f5ju.<\/p>\n<h2>Veaotsing ja levinud probleemid<\/h2>\n<p>Kopasilindrite k\u00f5ige levinumad probleemid on leke, kahjustused ja kulumine. Kui kopasilindrist lekib h\u00fcdraulikavedelikku, v\u00f5ib see olla tingitud kulunud v\u00f5i kahjustatud tihenditest v\u00f5i silindri korpuse osadest. Kui kopasilindril on kahjustus v\u00f5i kulumine, v\u00f5ib see vajada remonti v\u00f5i v\u00e4ljavahetamist. Regulaarne kontroll ja ennetav hooldus aitavad probleeme varakult avastada ja v\u00e4ltida kulukaid remondit\u00f6id.<\/p>\n<p>K\u00f5ikide ekskavaatorimudelite pukside pilt:<\/p>\n<p><img decoding=\"async\" src=\"https:\/\/www.hydraulic-cylinders.net\/wp-content\/uploads\/2025\/01\/songte-bushings-with-all-kinds-of-excavator-models.webp\" alt=\"puksid igasuguste ekskavaatorimudelite pildiga\"><\/p>\n<h2>Meie ettev\u00f5ttest<\/h2>\n<p>We are a manufacturer of replacement hydraulic cylinders, offering a complete range of products that has become one of the leading manufacturers and wholesale distributors of hydraulic cylinders in the domestic and international markets. We follow the principle of excellence in quality, relying on industrialized production management strategies in finely-manufactured workshops, and we continuously improve our manufacturing platform, perfect our product quality production lines, and have strong creative capabilities. We satisfy customers&#8217; diverse needs with high efficiency, high precision, and high quality. <\/p>\n<p>Meie ettev\u00f5tte pilt:<\/p>\n<p><img decoding=\"async\" src=\"https:\/\/hzpt.com\/wp-content\/uploads\/2024\/11\/songte-company-1.webp\" alt=\"ettev\u00f5tte kuvand\"><\/p>\n<p>Meie ettev\u00f5te on spetsialiseerunud h\u00fcdrauliliste silindrite tootmisele, j\u00e4rgides muuhulgas k\u00f5rgeimaid professionaalsuse, rahvusvahelise sertifitseerimise, kohandamisteenuste, tootmisseadmete ja m\u00fc\u00fcgij\u00e4rgse teeninduse standardeid. <\/p>\n<p><em>Autor: lyl<\/em><\/p>","protected":false},"excerpt":{"rendered":"<p>Bucket Cylinder For XCMG Wheel Excavator XE150W Introduction A bucket cylinder is a specially designed hydraulic cylinder that is mainly used to control the movement of the bucket in heavy machinery such as excavators, backhoe loaders, and front-end loaders. Its primary function is to enable the bucket to lift, lower, and tilt, making it easier [&hellip;]<\/p>","protected":false},"featured_media":14765,"comment_status":"open","ping_status":"closed","template":"","meta":{"_et_pb_use_builder":"","_et_pb_old_content":"","_et_gb_content_width":""},"product_brand":[],"product_cat":[1494],"product_tag":[1495,1496],"class_list":{"0":"post-15489","1":"product","2":"type-product","3":"status-publish","4":"has-post-thumbnail","6":"product_cat-bucket-cylinders","7":"product_tag-bucket-cylinders","8":"product_tag-hydraulic-cylinders","10":"first","11":"instock","12":"shipping-taxable","13":"product-type-simple"},"amp_enabled":true,"_links":{"self":[{"href":"https:\/\/www.hydraulic-cylinders.net\/et\/wp-json\/wp\/v2\/product\/15489","targetHints":{"allow":["GET"]}}],"collection":[{"href":"https:\/\/www.hydraulic-cylinders.net\/et\/wp-json\/wp\/v2\/product"}],"about":[{"href":"https:\/\/www.hydraulic-cylinders.net\/et\/wp-json\/wp\/v2\/types\/product"}],"replies":[{"embeddable":true,"href":"https:\/\/www.hydraulic-cylinders.net\/et\/wp-json\/wp\/v2\/comments?post=15489"}],"wp:featuredmedia":[{"embeddable":true,"href":"https:\/\/www.hydraulic-cylinders.net\/et\/wp-json\/wp\/v2\/media\/14765"}],"wp:attachment":[{"href":"https:\/\/www.hydraulic-cylinders.net\/et\/wp-json\/wp\/v2\/media?parent=15489"}],"wp:term":[{"taxonomy":"product_brand","embeddable":true,"href":"https:\/\/www.hydraulic-cylinders.net\/et\/wp-json\/wp\/v2\/product_brand?post=15489"},{"taxonomy":"product_cat","embeddable":true,"href":"https:\/\/www.hydraulic-cylinders.net\/et\/wp-json\/wp\/v2\/product_cat?post=15489"},{"taxonomy":"product_tag","embeddable":true,"href":"https:\/\/www.hydraulic-cylinders.net\/et\/wp-json\/wp\/v2\/product_tag?post=15489"}],"curies":[{"name":"wp","href":"https:\/\/api.w.org\/{rel}","templated":true}]}}