{"id":15491,"date":"2025-01-19T14:35:51","date_gmt":"2025-01-19T14:35:51","guid":{"rendered":"https:\/\/www.hydraulic-cylinders.net\/product\/bucket-cylinder-for-xcmg-wheel-excavator-et110\/"},"modified":"2025-01-19T14:35:53","modified_gmt":"2025-01-19T14:35:53","slug":"bucket-cylinder-for-xcmg-wheel-excavator-et110","status":"publish","type":"product","link":"https:\/\/www.hydraulic-cylinders.net\/et\/toode\/bucket-cylinder-for-xcmg-wheel-excavator-et110\/","title":{"rendered":"XCMG ratasekskavaatori ET110 kopa silinder"},"content":{"rendered":"<h1>XCMG ratasekskavaatori ET110 kopa silinder<\/h1>\n<h2>Sissejuhatus<\/h2>\n<p>Kopa silinder on h\u00fcdrauliline silinder, mis on spetsiaalselt loodud kopa liikumise juhtimiseks rasketes masinates, n\u00e4iteks ekskavaatorites, laadurites ja esilaadurites. Selle peamine \u00fclesanne on v\u00f5imaldada kopa t\u00f5stmist, langetamist ja kallutamist, muutes mitmesuguste materjalide k\u00e4sitsemise lihtsamaks. H\u00fcdraulilises s\u00fcsteemis saavutab kopa silinder kopa t\u00e4pse juhtimise h\u00fcdraulika\u00f5li r\u00f5hu muutuste abil, v\u00f5imaldades operaatoritel t\u00f5husalt k\u00e4sitseda raskeid koormaid ning kohaneda keerukate t\u00f6\u00f6keskkondade ja mitmekesiste t\u00f6\u00f6n\u00f5uetega.<\/p>\n<p><img decoding=\"async\" src=\"https:\/\/www.hydraulic-cylinders.net\/wp-content\/uploads\/2025\/01\/songte-company-2.webp\" alt=\"\u00c4mbri silinder\"><\/p>\n<h2>Omadused<\/h2>\n<ul>\n<li>Suur tugevus ja vastupidavus: Tavaliselt valmistatud \u00fclitugevast terasest v\u00f5i alumiiniumist, talub see k\u00f5rget r\u00f5hku ja suuri koormusi, kohandudes karmide t\u00f6\u00f6keskkondadega. Projekteerimisel on arvesse v\u00f5etud kulumiskindlust ja korrosioonikindlust, pikendades selle kasutusiga.<\/li>\n<li>T\u00f5hus h\u00fcdrauliline t\u00f6\u00f6: Kasutades h\u00fcdraulika\u00f5li r\u00f5hku sujuva paisumise ja kokkut\u00f5mbumise saavutamiseks, reageerib see kiiresti juhtimisk\u00e4sklustele, pakkudes v\u00f5imsaid t\u00f5uke- ja t\u00f5mbej\u00f5ude, mis sobivad raskete koormate ja keerukate t\u00f6\u00f6\u00fclesannete k\u00e4sitsemiseks.<\/li>\n<li>Erinevad t\u00fc\u00fcbid: vastavalt vajadusele saab valida \u00fchetoimelisi (h\u00fcdrauliliselt ainult \u00fches suunas) v\u00f5i kahetoimelisi (h\u00fcdrauliliselt m\u00f5lemas suunas) silindreid, et rahuldada erinevaid t\u00f6\u00f6vajadusi. M\u00f5ned mudelid on teleskoopilised, mis v\u00f5imaldab suuremat laienemist ilma v\u00e4lism\u00f5\u00f5tmeid suurendamata, sobides piiratud ruumiga rakenduste jaoks.<\/li>\n<li>T\u00e4iuslik asendus: Meie toode saab need h\u00fcdraulilised silindrid ideaalselt asendada.<\/li>\n<li>Kohandatud disain: Pakume kohandatud lahendusi vastavalt kliendi n\u00f5uetele ja spetsifikatsioonidele, sh suurus, k\u00e4ik, r\u00f5huklass, kinnitusviis ja palju muud.<\/li>\n<\/ul>\n<p><img decoding=\"async\" src=\"https:\/\/www.hydraulic-cylinders.net\/wp-content\/uploads\/2025\/01\/songte-cylinder-head-with-all-kinds-excavator-models.webp\" alt=\"Silindripea\"><\/p>\n<h2>Taotlus<\/h2>\n<p>Kopasilindrit kasutatakse laialdaselt erinevates rasketehnika masinates, sealhulgas:<\/p>\n<h3>Ehitustehnika<\/h3>\n<p>Ekskavaatorites on need h\u00e4davajalikud kaevamiseks, laadimiseks ja pinnase v\u00f5i prahi teisaldamiseks. Ekskavaator-laadurites aitab kopa silinder kaevamisel ja t\u00f5stmisel. <\/p>\n<h3>P\u00f5llumajandustehnika<\/h3>\n<p>Kasutatakse esilaadurites pinnase, heina ja muude materjalide kaevamiseks, t\u00f5stmiseks ja transportimiseks. Ekskavaatorites v\u00f5imaldavad kopasilindrid kaevamistoiminguid, lastes kopal pinnasesse tungida. Esilaadurites aitavad need lasti t\u00f5husalt t\u00f5sta ja t\u00fchjendada.<\/p>\n<p><img decoding=\"async\" src=\"https:\/\/www.hydraulic-cylinders.net\/wp-content\/uploads\/2025\/01\/songte-bushings-with-all-kinds-of-excavator-models.webp\" alt=\"Puksid\"><\/p>\n<h2>Projekteerimiskaalutlused ja valikukriteeriumid<\/h2>\n<p>Silindrite projekteerimisel ja valimisel tuleb arvestada mitmete teguritega, sealhulgas:<\/p>\n<h3>Kandev\u00f5ime<\/h3>\n<p>Silinder peab suutma vastu pidada maksimaalsele koormusele, millele see kokku puutub, ilma purunemata.<\/p>\n<h3>Tihendus<\/h3>\n<p>H\u00fcdraulikavedeliku lekke ja saastumise v\u00e4ltimiseks kasutatakse mitmesuguseid tihendeid, n\u00e4iteks kolvitihendeid ja varrastihendeid. Tihendimaterjalid, nagu pol\u00fcuretaan ja nitriilkummi, valitakse nende kulumiskindluse ja vastupidavuse t\u00f5ttu.<\/p>\n<h3>Vastupidavus<\/h3>\n<p>Silindri materjal tuleks valida selle vastupidavuse j\u00e4rgi l\u00f6\u00f6kidele, kulumisele ja korrosioonile.<\/p>\n<h3>Ohutus<\/h3>\n<p>Projekteerimisel tuleb arvesse v\u00f5tta ohutuskaalutlusi, sealhulgas ballooni rikke v\u00f5imalust ja sellise rikke tagaj\u00e4rgi.<\/p>\n<h3>Hooldus<\/h3>\n<p>Disain peaks olema kergesti hooldatav, osadele peaks olema lihtne juurde p\u00e4\u00e4seda ja neid vahetada.<\/p>\n<p><img decoding=\"async\" src=\"https:\/\/www.hydraulic-cylinders.net\/wp-content\/uploads\/2025\/01\/songte-oil-pipes-and-spare-parts.webp\" alt=\"\u00d5litorud ja varuosad\"><\/p>\n<h2>Tihendus ja m\u00e4\u00e4rimine<\/h2>\n<p>Kopasilindris kasutatakse mitmesuguseid tihendeid, et v\u00e4ltida h\u00fcdraulikavedeliku lekkeid ja minimeerida saastumist. Kolvi- ja varrastihendid on tavaliselt valmistatud kulumiskindlatest materjalidest, nagu pol\u00fcuretaan ja nitriilkummi. Silindri korpus ja keermeotsa pind on t\u00e4pselt t\u00f6\u00f6deldud, et parandada kulumiskindlust. Sujuva t\u00f6\u00f6 tagamiseks ja kasutusea pikendamiseks on vaja regulaarset m\u00e4\u00e4rimist sobiva h\u00fcdraulika\u00f5liga.<\/p>\n<h2>Kontroll ja ennetav hooldus<\/h2>\n<p>Regulaarne kontroll ja ennetav hooldus aitavad tuvastada ja lahendada v\u00f5imalikke probleeme enne, kui need p\u00f5hjustavad kahjustusi v\u00f5i rikkeid. Kolm levinud hooldus\u00fclesannet on j\u00e4rgmised:<\/p>\n<ul>\n<li>Regulaarsed tervisekontrollid<\/li>\n<li>\u00d5ige m\u00e4\u00e4rimine<\/li>\n<li>Tihendi vahetamine ja kalibreerimise kontroll<\/li>\n<\/ul>\n<p>\u00d5ige paigaldamine on kopasilindri pikaealisuse jaoks kriitilise t\u00e4htsusega. Soovitatav on silindri \u00f5ige joondamine paigaldamise ajal ja sobivate kinnitusklambrite kasutamine silindri kinnitamiseks paigale. Esitatakse soovituslik kontrolli-, remondi- ja asendusprotseduur, mis h\u00f5lmab osade vahetamist ja taastamisteenuseid silindri kasutusea pikendamiseks.<\/p>\n<p><img decoding=\"async\" src=\"https:\/\/www.hydraulic-cylinders.net\/wp-content\/uploads\/2025\/01\/songte-chushion-collar.webp\" alt=\"Kaelarihm\"><\/p>\n<h2>Ohutuskaalutlused ja keskkonnategurid<\/h2>\n<p>Kopasilindri kasutamisel tuleb \u00f5nnetuste v\u00e4ltimiseks v\u00f5tta ohutusmeetmeid. Nende meetmete hulka kuuluvad sobivate kaitsevahendite kandmine, n\u00f5uetekohaste t\u00f6\u00f6protseduuride j\u00e4rgimine ja regulaarsete kontrollide tegemine seadmete heas seisukorras hoidmiseks. Keskkonnategurid, n\u00e4iteks temperatuur ja niiskus, v\u00f5ivad samuti m\u00f5jutada h\u00fcdrauliliste silindrite j\u00f5udlust. Soovitatud temperatuurivahemikus ja niiskustasemel t\u00f6\u00f6tamine aitab tagada optimaalse j\u00f5udluse ja v\u00e4ltida kahjustusi.<\/p>\n<h2>Veaotsing ja levinud probleemid<\/h2>\n<p>Kopasilindriga seotud levinud probleemide hulka kuuluvad lekked, kahjustused ja eba\u00f5ige t\u00f6\u00f6tamine. Lugejatel on probleemide t\u00f5husaks diagnoosimiseks ja lahendamiseks esitatud t\u00f5rkeotsingu n\u00e4pun\u00e4ited ja lahendused. Samuti on soovitatavad ennetavad meetmed v\u00f5imalike probleemide minimeerimiseks ja n\u00f5uetekohase hoolduse tagamiseks.<\/p>\n<p><img decoding=\"async\" src=\"https:\/\/hzpt.com\/wp-content\/uploads\/2024\/11\/songte-company-1.webp\" alt=\"Ettev\u00f5te\"><\/p>\n<h2>Meist<\/h2>\n<p>Oleme asendush\u00fcdrauliliste silindrite tootja. Meie tootevalik on t\u00e4ielik, mis teeb meist \u00fche juhtiva h\u00fcdrauliliste silindrite tootja ja hulgim\u00fc\u00fcja nii sise- kui ka rahvusvahelisel turul. J\u00e4rgime suurep\u00e4rase kvaliteedi ja industrialiseeritud tootmisjuhtimise strateegia p\u00f5him\u00f5tteid, mis p\u00f5hinevad tehnilise talendi, digitaalsete tipptasemel tootmisseadmete ja professionaalsete testimiss\u00fcsteemide kasutamisel. T\u00e4iustame pidevalt t\u00f6\u00f6koja tootmisplatvormi, parandame tootekvaliteedi tootmisprotsessi ning meil on tugevad loomingulised v\u00f5imed, et rahuldada klientide mitmekesiseid vajadusi suure efektiivsuse, suure t\u00e4psuse ja k\u00f5rgete kvaliteedip\u00f5him\u00f5tetega. <\/p>\n<p>Pakume kohandatud teenuseid, rahvusvahelist sertifitseerimist ja spetsialiseeritud m\u00fc\u00fcgij\u00e4rgset teenindust. Meie tootmisseadmed on tipptasemel ning pakume t\u00e4ielikku valikut hooldus- ja remonditeenuseid. <\/p>\n<p><img decoding=\"async\" src=\"https:\/\/www.hydraulic-cylinders.net\/wp-content\/uploads\/2025\/01\/songte-company-3.webp\" alt=\"Ettev\u00f5te\"><\/p>\n<p><em>Autor: lyl<\/em><\/p>","protected":false},"excerpt":{"rendered":"<p>Bucket Cylinder For XCMG Wheel Excavator ET110 Introduction A bucket cylinder is a hydraulic cylinder specially designed to control the movement of the bucket in heavy machinery such as excavators, backhoes, and front-end loaders. Its main function is to allow the bucket to lift, lower, and tilt, making it easier to handle a variety of [&hellip;]<\/p>","protected":false},"featured_media":14761,"comment_status":"open","ping_status":"closed","template":"","meta":{"_et_pb_use_builder":"","_et_pb_old_content":"","_et_gb_content_width":""},"product_brand":[],"product_cat":[1494],"product_tag":[1495,1496],"class_list":{"0":"post-15491","1":"product","2":"type-product","3":"status-publish","4":"has-post-thumbnail","6":"product_cat-bucket-cylinders","7":"product_tag-bucket-cylinders","8":"product_tag-hydraulic-cylinders","10":"first","11":"instock","12":"shipping-taxable","13":"product-type-simple"},"amp_enabled":true,"_links":{"self":[{"href":"https:\/\/www.hydraulic-cylinders.net\/et\/wp-json\/wp\/v2\/product\/15491","targetHints":{"allow":["GET"]}}],"collection":[{"href":"https:\/\/www.hydraulic-cylinders.net\/et\/wp-json\/wp\/v2\/product"}],"about":[{"href":"https:\/\/www.hydraulic-cylinders.net\/et\/wp-json\/wp\/v2\/types\/product"}],"replies":[{"embeddable":true,"href":"https:\/\/www.hydraulic-cylinders.net\/et\/wp-json\/wp\/v2\/comments?post=15491"}],"wp:featuredmedia":[{"embeddable":true,"href":"https:\/\/www.hydraulic-cylinders.net\/et\/wp-json\/wp\/v2\/media\/14761"}],"wp:attachment":[{"href":"https:\/\/www.hydraulic-cylinders.net\/et\/wp-json\/wp\/v2\/media?parent=15491"}],"wp:term":[{"taxonomy":"product_brand","embeddable":true,"href":"https:\/\/www.hydraulic-cylinders.net\/et\/wp-json\/wp\/v2\/product_brand?post=15491"},{"taxonomy":"product_cat","embeddable":true,"href":"https:\/\/www.hydraulic-cylinders.net\/et\/wp-json\/wp\/v2\/product_cat?post=15491"},{"taxonomy":"product_tag","embeddable":true,"href":"https:\/\/www.hydraulic-cylinders.net\/et\/wp-json\/wp\/v2\/product_tag?post=15491"}],"curies":[{"name":"wp","href":"https:\/\/api.w.org\/{rel}","templated":true}]}}