{"id":15493,"date":"2025-01-19T14:35:58","date_gmt":"2025-01-19T14:35:58","guid":{"rendered":"https:\/\/www.hydraulic-cylinders.net\/product\/bucket-cylinder-for-zoomlion-small-excavator-ze85e\/"},"modified":"2025-01-19T14:36:00","modified_gmt":"2025-01-19T14:36:00","slug":"bucket-cylinder-for-zoomlion-small-excavator-ze85e","status":"publish","type":"product","link":"https:\/\/www.hydraulic-cylinders.net\/et\/toode\/bucket-cylinder-for-zoomlion-small-excavator-ze85e\/","title":{"rendered":"Zoomlion v\u00e4ikeekskavaatori ZE85E kopa silinder"},"content":{"rendered":"<h1>Zoomlion v\u00e4ikeekskavaatori ZE85E kopa silinder<\/h1>\n<h2>Sissejuhatus<\/h2>\n<p>Kopa silinder on spetsiaalselt konstrueeritud h\u00fcdrauliline silinder, mida kasutatakse koppade liikumise juhtimiseks rasketes masinates, n\u00e4iteks ekskavaatorites, laadurites ja esilaadurites. Selle peamine \u00fclesanne on kopa t\u00f5stmine, langetamine ja kallutamine, mis lihtsustab mitmesuguste materjalik\u00e4itlust\u00f6\u00f6de tegemist. H\u00fcdraulilises s\u00fcsteemis saavutab kopa silinder kopa liikumise t\u00e4pse juhtimise h\u00fcdraulika\u00f5li r\u00f5hu muutmise abil, v\u00f5imaldades operaatoritel raskeid koormaid t\u00f5husalt k\u00e4sitseda ning kohaneda keerukate t\u00f6\u00f6keskkondade ja mitmekesiste t\u00f6\u00f6vajadustega.<\/p>\n<p><img decoding=\"async\" src=\"https:\/\/www.hydraulic-cylinders.net\/wp-content\/uploads\/2025\/01\/songte-company-2.webp\"><\/p>\n<h2>Omadused<\/h2>\n<ul>\n<li>Suur tugevus ja vastupidavus: Tavaliselt valmistatud \u00fclitugevast terasest v\u00f5i alumiiniumist, mis talub k\u00f5rget r\u00f5hku ja suuri koormusi ning on konstrueeritud kulumiskindlust ja korrosioonikindlust silmas pidades, et pikendada kasutusiga.<\/li>\n<li>T\u00f5hus h\u00fcdrauliline t\u00f6\u00f6: saavutab h\u00fcdraulilise \u00f5lir\u00f5hu abil sujuvad pikendus- ja kokkut\u00f5mbumisliigutused, reageerib kiiresti juhtimisk\u00e4sklustele, pakub v\u00f5imsat t\u00f5uke- ja t\u00f5mbej\u00f5udu ning sobib raskete koormate ja keerukate t\u00f6\u00f6\u00fclesannete k\u00e4sitsemiseks.<\/li>\n<li>Mitu t\u00fc\u00fcpi: vastavalt vajadusele saab valida \u00fchetoimelisi (h\u00fcdrauliliselt ainult \u00fches suunas) v\u00f5i kahetoimelisi (h\u00fcdrauliliselt kahes suunas) silindreid, et rahuldada erinevaid t\u00f6\u00f6vajadusi. M\u00f5ned mudelid on teleskoopilised, v\u00f5imaldades suuremat pikendamist ilma v\u00e4lism\u00f5\u00f5tmeid suurendamata, sobides piiratud ruumiga rakenduste jaoks.<\/li>\n<li>Lihtne vahetada: meie tooted sobivad ideaalselt nende h\u00fcdrosilindrite asendamiseks.<\/li>\n<\/ul>\n<p><img decoding=\"async\" src=\"https:\/\/www.hydraulic-cylinders.net\/wp-content\/uploads\/2025\/01\/songte-cylinder-head-with-all-kinds-excavator-models.webp\"><\/p>\n<h2>Rakendused<\/h2>\n<p>Kopa silindreid kasutatakse tavaliselt erinevates ehitus- ja p\u00f5llumajandusmasinates, n\u00e4iteks:<\/p>\n<ul>\n<li>Ekskavaatorid: V\u00f5imaldab kaevamist, lastes kopal pinnasesse tungida<\/li>\n<li>Laadurid: Aitab lasti t\u00f5husalt t\u00f5sta ja kallutada<\/li>\n<li>Ekskavaatorid: Kopa silinder aitab kaevamisel ja t\u00f5stmisel<\/li>\n<li>P\u00f5llumajandustehnika: Kasutatakse esilaadurites pinnase, heina ja muude materjalide kaevamiseks, t\u00f5stmiseks ja transportimiseks<\/li>\n<\/ul>\n<h2>Kujunduskaalutlused<\/h2>\n<p>Kopasilindrite puhul on olulised j\u00e4rgmised projekteerimiskaalutlused:<\/p>\n<h3>Kandev\u00f5ime<\/h3>\n<p>Silinder peab suutma taluda \u00e4mbri ja sellega veetavate materjalide kaalu ja koormust.<\/p>\n<h3>Tihendus<\/h3>\n<p>Silinder peaks olema konstrueeritud kvaliteetsete tihenditega, et v\u00e4ltida h\u00fcdraulikavedeliku lekkeid ja v\u00e4hendada hoolduskulusid.<\/p>\n<h3>Vastupidavus<\/h3>\n<p>Silinder peab olema konstrueeritud taluma kulumist raskest kasutamisest ja t\u00f6\u00f6tama karmides keskkondades.<\/p>\n<h3>Ohutus<\/h3>\n<p>Balloon peab olema konstrueeritud ohutusfunktsioonidega, et v\u00e4ltida \u00f5nnetusi ja kaitsta selle \u00fcmber t\u00f6\u00f6tavaid inimesi.<\/p>\n<h3>Hooldus<\/h3>\n<p>Silinder peab olema konstrueeritud nii, et seda oleks lihtne hooldada ja parandada, et tagada pikk kasutusiga.<\/p>\n<p><img decoding=\"async\" src=\"https:\/\/www.hydraulic-cylinders.net\/wp-content\/uploads\/2025\/01\/songte-oil-pipes-and-spare-parts.webp\"><\/p>\n<h2>Tihendus ja m\u00e4\u00e4rimine<\/h2>\n<p>Kopasilindrites kasutatakse mitmesuguseid tihenduskomponente, n\u00e4iteks kolvitihendeid, vardatihendeid jne, mis on valmistatud kulumiskindlatest materjalidest, nagu pol\u00fcuretaan, nitriilkummi jne. Silindri korpus ja keermeotsa pinnad on peenelt t\u00f6\u00f6deldud, et parandada kulumiskindlust. N\u00f5uetekohase m\u00e4\u00e4rimise tagamiseks on vaja regulaarselt lisada sobivat kogust h\u00fcdraulika\u00f5li.<\/p>\n<h2>Hooldus ja remont<\/h2>\n<p>Kopasilindrite pikaajaliseks kasutamiseks on olulised j\u00e4rgmised hooldust\u00f6\u00f6d:<\/p>\n<h3>Regulaarne kontroll<\/h3>\n<p>Silindri ja selle komponentide regulaarne kontroll on vajalik, et tagada selle korrektne t\u00f6\u00f6 ja tuvastada v\u00f5imalikud probleemid.<\/p>\n<h3>M\u00e4\u00e4rimine<\/h3>\n<p>Silindri ja selle komponentide n\u00f5uetekohane m\u00e4\u00e4rimine aitab v\u00e4hendada kulumist ja pikendada kasutusiga.<\/p>\n<h3>Tihendite vahetamine<\/h3>\n<p>Kulunud tihendite vahetamine on vajalik h\u00fcdraulikavedeliku lekete v\u00e4ltimiseks ja hoolduskulude v\u00e4hendamiseks.<\/p>\n<p>Kopasilindrite toimimise ja ohutuse tagamiseks on oluline n\u00f5uetekohane paigaldamine. Silindri \u00f5ige joondamine on selle n\u00f5uetekohaseks t\u00f6\u00f6ks \u00fclioluline. Silindri kinnitamiseks on soovitatav kasutada sobivaid paigaldusklambreid. Kasutusea pikendamiseks on soovitatav osade regulaarne kontroll, remont ja vahetamine.<\/p>\n<p><img decoding=\"async\" src=\"https:\/\/www.hydraulic-cylinders.net\/wp-content\/uploads\/2025\/01\/songte-chushion-collar.webp\"><\/p>\n<h2>Ohutus ja keskkond<\/h2>\n<p>Kopasilindrite t\u00f6\u00f6tamise ajal \u00f5nnetuste v\u00e4ltimiseks on vaja rakendada n\u00f5uetekohaseid ohutusmeetmeid. Ohutusmeetmete j\u00e4rgimise olulisust ei saa \u00fcle hinnata. Kasutatud h\u00fcdraulika\u00f5li n\u00f5uetekohane utiliseerimine on keskkonna kaitsmiseks vajalik.<\/p>\n<h2>Diagnoos ja t\u00f5rkeotsing<\/h2>\n<p>Kopasilindrite levinud probleemide hulka kuuluvad lekked, eba\u00f5ige t\u00f6\u00f6tamine ja tihendite kahjustused. Regulaarne kontroll, hooldus ja \u00f5ige m\u00e4\u00e4rimine aitavad neid probleeme v\u00e4ltida. Probleemide ilmnemisel on soovitatav p\u00f6\u00f6rduda diagnoosi ja remondi saamiseks eksperdi poole.<\/p>\n<p><img decoding=\"async\" src=\"https:\/\/www.hydraulic-cylinders.net\/wp-content\/uploads\/2025\/01\/songte-bushings-with-all-kinds-of-excavator-models.webp\"><\/p>\n<h2>Meist<\/h2>\n<p>Oleme juhtiv h\u00fcdrauliliste silindrite tootja ja hulgim\u00fc\u00fcja nii sise- kui ka rahvusvahelisel turul. Pakume laia valikut tooteid ja j\u00e4rgime tootmisjuhtimise strateegiat, mis tugineb suurep\u00e4rasele kvaliteedile, tehnilisele talendile, tipptasemel digitaalsetele tootmisseadmetele ja professionaalsetele testimiss\u00fcsteemidele. Meie tooted on valmistatud keerukal tootmisplatvormil, mis keskendub suurele t\u00f5hususele, suurele t\u00e4psusele ja k\u00f5rgele kvaliteedile, et rahuldada meie klientide mitmekesiseid vajadusi.<\/p>\n<p>Meie ettev\u00f5te pakub professionaalseid teenuseid, mis h\u00f5lmavad rahvusvahelist sertifitseerimist, kohandamist, tootmisseadmeid ja m\u00fc\u00fcgij\u00e4rgset teenindust.<\/p>\n<p><img decoding=\"async\" src=\"https:\/\/hzpt.com\/wp-content\/uploads\/2024\/11\/songte-company-1.webp\"><\/p>\n<p>Autor: lyl<\/p>","protected":false},"excerpt":{"rendered":"<p>Bucket Cylinder For Zoomlion Small Excavator ZE85E Introduction A bucket cylinder is a specially designed hydraulic cylinder used to control the movement of buckets in heavy machinery such as excavators, backhoes, and front-end loaders. Its main function is to lift, lower, and tilt the bucket, making it easy to handle various material handling tasks. In [&hellip;]<\/p>","protected":false},"featured_media":14788,"comment_status":"open","ping_status":"closed","template":"","meta":{"_et_pb_use_builder":"","_et_pb_old_content":"","_et_gb_content_width":""},"product_brand":[],"product_cat":[1494],"product_tag":[1495,1496],"class_list":{"0":"post-15493","1":"product","2":"type-product","3":"status-publish","4":"has-post-thumbnail","6":"product_cat-bucket-cylinders","7":"product_tag-bucket-cylinders","8":"product_tag-hydraulic-cylinders","10":"first","11":"instock","12":"shipping-taxable","13":"product-type-simple"},"amp_enabled":true,"_links":{"self":[{"href":"https:\/\/www.hydraulic-cylinders.net\/et\/wp-json\/wp\/v2\/product\/15493","targetHints":{"allow":["GET"]}}],"collection":[{"href":"https:\/\/www.hydraulic-cylinders.net\/et\/wp-json\/wp\/v2\/product"}],"about":[{"href":"https:\/\/www.hydraulic-cylinders.net\/et\/wp-json\/wp\/v2\/types\/product"}],"replies":[{"embeddable":true,"href":"https:\/\/www.hydraulic-cylinders.net\/et\/wp-json\/wp\/v2\/comments?post=15493"}],"wp:featuredmedia":[{"embeddable":true,"href":"https:\/\/www.hydraulic-cylinders.net\/et\/wp-json\/wp\/v2\/media\/14788"}],"wp:attachment":[{"href":"https:\/\/www.hydraulic-cylinders.net\/et\/wp-json\/wp\/v2\/media?parent=15493"}],"wp:term":[{"taxonomy":"product_brand","embeddable":true,"href":"https:\/\/www.hydraulic-cylinders.net\/et\/wp-json\/wp\/v2\/product_brand?post=15493"},{"taxonomy":"product_cat","embeddable":true,"href":"https:\/\/www.hydraulic-cylinders.net\/et\/wp-json\/wp\/v2\/product_cat?post=15493"},{"taxonomy":"product_tag","embeddable":true,"href":"https:\/\/www.hydraulic-cylinders.net\/et\/wp-json\/wp\/v2\/product_tag?post=15493"}],"curies":[{"name":"wp","href":"https:\/\/api.w.org\/{rel}","templated":true}]}}