{"id":15498,"date":"2025-01-19T14:36:19","date_gmt":"2025-01-19T14:36:19","guid":{"rendered":"https:\/\/www.hydraulic-cylinders.net\/product\/bucket-cylinder-for-zoomlion-middle-excavator-ze220elc\/"},"modified":"2025-01-19T14:36:21","modified_gmt":"2025-01-19T14:36:21","slug":"bucket-cylinder-for-zoomlion-middle-excavator-ze220elc","status":"publish","type":"product","link":"https:\/\/www.hydraulic-cylinders.net\/et\/toode\/bucket-cylinder-for-zoomlion-middle-excavator-ze220elc\/","title":{"rendered":"Zoomlion keskmise ekskavaatori ZE220ELC kopa silinder"},"content":{"rendered":"<h1> Zoomlion keskmise ekskavaatori ZE220ELC kopa silinder <\/h1>\n<h2> Sissejuhatus <\/h2>\n<h3> Kopa silindri m\u00e4\u00e4ratlemine <\/h3>\n<p> Kopa silinder on spetsiaalne h\u00fcdrauliline silinder, mida kasutatakse peamiselt kopa liikumise juhtimiseks rasketes masinates, nagu ekskavaatorid, laadur-ekskavaatorid ja esilaadurid. Selle peamine \u00fclesanne on v\u00f5imaldada kopa t\u00f5stmist, langetamist ja kallutamist, muutes mitmesuguste materjalik\u00e4itlust\u00f6\u00f6de tegemise lihtsamaks. H\u00fcdraulilises s\u00fcsteemis saavutab kopa silinder kopa t\u00e4pse juhtimise h\u00fcdraulika\u00f5li r\u00f5hu muutuse abil, v\u00f5imaldades operaatoril raskeid koormaid t\u00f5husalt k\u00e4sitseda ning kohaneda keerukate t\u00f6\u00f6keskkondade ja mitmekesiste t\u00f6\u00f6n\u00f5uetega. <\/p>\n<p><img decoding=\"async\" src=\"https:\/\/www.hydraulic-cylinders.net\/wp-content\/uploads\/2025\/01\/songte-company-2.webp\" alt=\"\u00c4mbri silindri pilt\"><\/p>\n<h3> Kopasilindri omadused <\/h3>\n<ul>\n<li> Suur tugevus ja vastupidavus: Tavaliselt valmistatud \u00fclitugevast terasest v\u00f5i alumiiniumist, see talub k\u00f5rget r\u00f5hku ja suuri koormusi, kohaneb karmide t\u00f6\u00f6keskkondadega ning on konstrueeritud kulumiskindlaks ja korrosioonikindlaks, pikendades kasutusiga.<\/li>\n<li> T\u00f5hus h\u00fcdrauliline t\u00f6\u00f6: Kasutab sujuva teleskoopliikumise saavutamiseks h\u00fcdraulika\u00f5li r\u00f5hku, reageerib kiiresti juhtimisk\u00e4sklustele, pakub v\u00f5imsaid t\u00f5uke- ja t\u00f5mbej\u00f5ude, sobib raskete koormate ja keerukate t\u00f6\u00f6\u00fclesannete k\u00e4sitsemiseks.<\/li>\n<li> Erinevad t\u00fc\u00fcbid: vastavalt vajadusele saab valida \u00fchetoimelisi (h\u00fcdrauliliselt ainult \u00fches suunas) v\u00f5i kahetoimelisi (h\u00fcdrauliliselt kahes suunas) silindreid, et rahuldada erinevaid t\u00f6\u00f6vajadusi. M\u00f5ned mudelid on teleskoopilised, v\u00f5imaldades suuremat pikendamist ilma v\u00e4lism\u00f5\u00f5tmeid suurendamata, sobides piiratud ruumiga rakenduste jaoks.<\/li>\n<\/ul>\n<p> Meie toode saab neid h\u00fcdrosilindreid ideaalselt asendada. <\/p>\n<p><img decoding=\"async\" src=\"https:\/\/www.hydraulic-cylinders.net\/wp-content\/uploads\/2025\/01\/songte-cylinder-head-with-all-kinds-excavator-models.webp\" alt=\"H\u00fcdraulilise silindri pilt\"><\/p>\n<h2> Kopasilindri rakendused <\/h2>\n<p> Kopp-silindreid kasutatakse laialdaselt erinevates t\u00f6\u00f6stusharudes, sealhulgas: <\/p>\n<h3> Ehitustehnika <\/h3>\n<p> Kopasilindrid on ekskavaatorite jaoks olulised pinnase v\u00f5i killustiku kaevamisel, laadimisel ja teisaldamisel. Ekskavaatoritel abistab kopa silinder nii kaevamisel kui ka t\u00f5stmisel. <\/p>\n<h3> P\u00f5llumajandustehnika <\/h3>\n<p> Kasutatakse esilaadurites mulla, heina ja muude materjalide kopeerimiseks, t\u00f5stmiseks ja transportimiseks. <\/p>\n<h3> Ekskavaatorid <\/h3>\n<p> Kopa silinder saavutab kaevamistoimingu, v\u00f5imaldades kopal pinnasesse tungida. <\/p>\n<h3> Laadurid <\/h3>\n<p> Esilaadurites aitavad need lasti t\u00f5husalt t\u00f5sta ja kallutada. <\/p>\n<h2> Projekteerimiskaalutlused ja standardid <\/h2>\n<h3> Kandev\u00f5ime <\/h3>\n<p> Kopasilindri kandev\u00f5ime on oluline konstruktsioonikaalutlus. See peaks suutma taluda koorma raskust ja t\u00f6\u00f6 ajal rakendatavat j\u00f5udu. <\/p>\n<h3> Tihendus <\/h3>\n<p> \u00d5lilekete v\u00e4ltimiseks ja silindri t\u00f5husa t\u00f6\u00f6 tagamiseks on oluline korralik tihendus. H\u00fcdraulikavedeliku saastumise v\u00e4ltimiseks ja silindri j\u00f5udluse s\u00e4ilitamiseks on vaja kvaliteetseid kolvi- ja varrastihendeid. <\/p>\n<h3> Vastupidavus <\/h3>\n<p> Kopa silinder on konstrueeritud vastu pidama karmidele t\u00f6\u00f6keskkondadele, sealhulgas kokkupuutele tolmu, niiskuse ja \u00e4\u00e4rmuslike temperatuuridega. Selle konstruktsioon peab vastu pidama igap\u00e4evase kasutamise raskustele, et tagada pikaealisus ja t\u00f6\u00f6kindlus. <\/p>\n<h3> Ohutus <\/h3>\n<p> Raskete masinatega t\u00f6\u00f6tamisel on ohutus esmat\u00e4htis. Kopa silinder peab olema konstrueeritud nii, et see v\u00e4ldiks \u00f5nnetusi ja minimeeriks operaatori ohtu. <\/p>\n<h3> Hooldus <\/h3>\n<p> Kopasilindri optimaalse j\u00f5udluse tagamiseks on vajalik regulaarne hooldus. Silindri eluea pikendamiseks on oluline n\u00f5uetekohane m\u00e4\u00e4rimine, kontrollimine ja kulunud osade vahetamine. <\/p>\n<p><img decoding=\"async\" src=\"https:\/\/www.hydraulic-cylinders.net\/wp-content\/uploads\/2025\/01\/songte-oil-pipes-and-spare-parts.webp\" alt=\"Kopasilindri varuosade pilt\"><\/p>\n<h2> Tihendus ja m\u00e4\u00e4rimine <\/h2>\n<p> Kopasilindris kasutatakse \u00f5lilekete v\u00e4ltimiseks mitmesuguseid tihendeid, sealhulgas kolvitihendeid ja vardatihendeid. Need tihendid on valmistatud kulumiskindlatest materjalidest, nagu pol\u00fcuretaan ja nitriilkummi. Silindri korpus ja keermestatud otsapinnad on peenelt viimistletud, et parandada kulumiskindlust. Samuti on vaja regulaarselt lisada m\u00e4\u00e4rimiseks sobiv kogus h\u00fcdraulika\u00f5li. <\/p>\n<h2> Ennetavad ja hooldusmeetmed <\/h2>\n<p> Kopasilindri optimaalse j\u00f5udluse ja eluea tagamiseks on vaja ennetavaid ja hooldusmeetmeid. <\/p>\n<h3> Paigaldamine <\/h3>\n<p> \u00d5ige paigaldamine on kopasilindri toimivuse ja ohutuse seisukohalt kriitilise t\u00e4htsusega. Silindri kinnitamiseks ja paigaldamise ajal n\u00f5uetekohaseks juhendamiseks on soovitatav kasutada sobivaid paigaldusklambreid. <\/p>\n<h3> M\u00e4\u00e4rimine <\/h3>\n<p> Silindri sujuva t\u00f6\u00f6 tagamiseks on oluline \u00f5ige m\u00e4\u00e4rimine. Silindri sisemiste osade kulumise v\u00e4ltimiseks on oluline seda regulaarselt soovitatud h\u00fcdraulika\u00f5liga m\u00e4\u00e4rida. <\/p>\n<h3> Tihendite vahetamine <\/h3>\n<p> Kolvi- ja varrastihendeid tuleks regulaarselt vahetada, et v\u00e4ltida \u00f5lilekkeid ja tagada t\u00f5hus t\u00f6\u00f6. <\/p>\n<p><img decoding=\"async\" src=\"https:\/\/www.hydraulic-cylinders.net\/wp-content\/uploads\/2025\/01\/songte-chushion-collar.webp\" alt=\"\u00c4mbri silindri padjakrae pilt\"><\/p>\n<h2> Ohutuskaalutlused ja keskkonnategurid <\/h2>\n<p> Raskete masinatega, sealhulgas kopasilindritega t\u00f6\u00f6tamisel on ohutus esmat\u00e4htis. \u00d5nnetuste v\u00e4ltimiseks ja operaatori ning keskkonna ohtude minimeerimiseks on oluline j\u00e4rgida ohutusjuhiseid. <\/p>\n<h2> Rikete diagnoosimine ja t\u00f5rkeotsing <\/h2>\n<p> Kopasilindri probleemide tuvastamiseks ja lahendamiseks on vaja rikkeid diagnoosida ja t\u00f5rkeotsingut teha. Levinud probleemide hulka kuuluvad \u00f5lilekked, silindri triiv ja v\u00e4henenud j\u00f5udlus. Edasiste kahjustuste v\u00e4ltimiseks ja optimaalse j\u00f5udluse tagamiseks on oluline j\u00e4rgida \u00f5igeid diagnostika- ja remondiprotseduure. <\/p>\n<h2> Meie ettev\u00f5ttest <\/h2>\n<p> Meie ettev\u00f5te on juhtiv h\u00fcdrauliliste silindrite tootja ja hulgim\u00fc\u00fcja nii sise- kui ka rahvusvahelisel turul. J\u00e4rgime suurep\u00e4rase kvaliteedi p\u00f5him\u00f5tteid ja tugineme keeruka tootmist\u00f6\u00f6koja industrialiseeritud tootmisjuhtimise strateegiale. T\u00e4iustame pidevalt t\u00f6\u00f6koja tootmisplatvormi, t\u00e4iustame tootekvaliteedi tootmisprotsessi ning omame tugevaid loomisv\u00f5imekusi, et rahuldada klientide mitmekesiseid vajadusi. <\/p>\n<p> Pakume oma klientidele professionaalseid, rahvusvaheliselt sertifitseeritud ja kohandatud teenuseid. Meie tootmisseadmed ja m\u00fc\u00fcgij\u00e4rgne teenindus on tipptasemel, tagades meie toodete vastavuse k\u00f5rgeimatele kvaliteedistandarditele. <\/p>\n<p><img decoding=\"async\" src=\"https:\/\/hzpt.com\/wp-content\/uploads\/2024\/11\/songte-company-1.webp\" alt=\"Ettev\u00f5tte kuvand\"><\/p>\n<p> Autor: lyl <\/p>","protected":false},"excerpt":{"rendered":"<p>Bucket Cylinder For Zoomlion Middle Excavator ZE220ELC Introduction Defining Bucket Cylinder A bucket cylinder is a specialized hydraulic cylinder that is mainly used to control the movement of the bucket in heavy-duty machinery such as excavators, backhoe excavators, and front-end loaders. Its primary function is to enable the bucket to lift, lower, and tilt, making [&hellip;]<\/p>","protected":false},"featured_media":14780,"comment_status":"open","ping_status":"closed","template":"","meta":{"_et_pb_use_builder":"","_et_pb_old_content":"","_et_gb_content_width":""},"product_brand":[],"product_cat":[1494],"product_tag":[1495,1496],"class_list":{"0":"post-15498","1":"product","2":"type-product","3":"status-publish","4":"has-post-thumbnail","6":"product_cat-bucket-cylinders","7":"product_tag-bucket-cylinders","8":"product_tag-hydraulic-cylinders","10":"first","11":"instock","12":"shipping-taxable","13":"product-type-simple"},"amp_enabled":true,"_links":{"self":[{"href":"https:\/\/www.hydraulic-cylinders.net\/et\/wp-json\/wp\/v2\/product\/15498","targetHints":{"allow":["GET"]}}],"collection":[{"href":"https:\/\/www.hydraulic-cylinders.net\/et\/wp-json\/wp\/v2\/product"}],"about":[{"href":"https:\/\/www.hydraulic-cylinders.net\/et\/wp-json\/wp\/v2\/types\/product"}],"replies":[{"embeddable":true,"href":"https:\/\/www.hydraulic-cylinders.net\/et\/wp-json\/wp\/v2\/comments?post=15498"}],"wp:featuredmedia":[{"embeddable":true,"href":"https:\/\/www.hydraulic-cylinders.net\/et\/wp-json\/wp\/v2\/media\/14780"}],"wp:attachment":[{"href":"https:\/\/www.hydraulic-cylinders.net\/et\/wp-json\/wp\/v2\/media?parent=15498"}],"wp:term":[{"taxonomy":"product_brand","embeddable":true,"href":"https:\/\/www.hydraulic-cylinders.net\/et\/wp-json\/wp\/v2\/product_brand?post=15498"},{"taxonomy":"product_cat","embeddable":true,"href":"https:\/\/www.hydraulic-cylinders.net\/et\/wp-json\/wp\/v2\/product_cat?post=15498"},{"taxonomy":"product_tag","embeddable":true,"href":"https:\/\/www.hydraulic-cylinders.net\/et\/wp-json\/wp\/v2\/product_tag?post=15498"}],"curies":[{"name":"wp","href":"https:\/\/api.w.org\/{rel}","templated":true}]}}