{"id":15504,"date":"2025-01-19T14:36:49","date_gmt":"2025-01-19T14:36:49","guid":{"rendered":"https:\/\/www.hydraulic-cylinders.net\/product\/bucket-cylinder-for-zoomlion-middle-excavator-ze230e-9\/"},"modified":"2025-01-19T14:36:51","modified_gmt":"2025-01-19T14:36:51","slug":"bucket-cylinder-for-zoomlion-middle-excavator-ze230e-9","status":"publish","type":"product","link":"https:\/\/www.hydraulic-cylinders.net\/et\/toode\/bucket-cylinder-for-zoomlion-middle-excavator-ze230e-9\/","title":{"rendered":"Zoomlion keskmise ekskavaatori ZE230E-9 kopa silinder"},"content":{"rendered":"<h1>Zoomlion keskmise ekskavaatori ZE230E-9 kopa silinder<\/h1>\n<h2>Sissejuhatus<\/h2>\n<p>Kopa silinder on spetsiaalne h\u00fcdrauliline silinder, mida kasutatakse peamiselt kopa liikumise juhtimiseks rasketes masinates, n\u00e4iteks ekskavaatorites, laadur-ekskavaatorites ja esilaadurites. Selle peamine \u00fclesanne on v\u00f5imaldada kopa t\u00f5stmist, langetamist ja kallutamist, muutes mitmesuguste materjalik\u00e4itlust\u00f6\u00f6de tegemise lihtsamaks. H\u00fcdraulilises s\u00fcsteemis saavutab kopa silinder kopa t\u00e4pse juhtimise h\u00fcdraulika\u00f5li r\u00f5hu muutuste abil, v\u00f5imaldades operaatoritel t\u00f5husalt k\u00e4sitseda raskeid koormaid ning kohaneda keerukate t\u00f6\u00f6keskkondade ja mitmekesiste t\u00f6\u00f6vajadustega.<\/p>\n<p><img decoding=\"async\" src=\"https:\/\/www.hydraulic-cylinders.net\/wp-content\/uploads\/2025\/01\/songte-company-2.webp\"\/><\/p>\n<h2>Omadused<\/h2>\n<ul>\n<li>Suur tugevus ja vastupidavus: Tavaliselt valmistatud \u00fclitugevast terasest v\u00f5i alumiiniumist, talub k\u00f5rget r\u00f5hku ja suuri koormusi, sobib karmidesse t\u00f6\u00f6keskkondadesse, on loodud kulumis- ja korrosioonikindlaks ning pikema kasutuseaga.<\/li>\n<li>T\u00f5hus h\u00fcdrauliline t\u00f6\u00f6: Sujuv teleskoopliikumine saavutatakse h\u00fcdraulilise \u00f5lir\u00f5hu abil, mis reageerib kiiresti juhtimisk\u00e4sklustele, pakub v\u00f5imsaid t\u00f5uke- ja t\u00f5mbej\u00f5ude ning sobib raskete koormate ja keerukate t\u00f6\u00f6\u00fclesannete k\u00e4sitsemiseks.<\/li>\n<li>Erinevad t\u00fc\u00fcbid: \u00fchetoimelise (h\u00fcdraulilist juhtimist kasutatakse ainult \u00fches suunas) v\u00f5i kahetoimelise (h\u00fcdraulilist juhtimist kasutatakse kahes suunas) silindri saab valida vastavalt vajadustele, et see vastaks erinevatele t\u00f6\u00f6tingimustele. M\u00f5ned mudelid on teleskoopilised, v\u00f5imaldades suuremat pikendamist ilma v\u00e4lism\u00f5\u00f5tmeid suurendamata, sobides piiratud ruumiga rakenduste jaoks.<\/li>\n<\/ul>\n<p>Me saame seda toodet toota ja meie toode saab neid h\u00fcdrosilindreid ideaalselt asendada.<\/p>\n<p><img decoding=\"async\" src=\"https:\/\/www.hydraulic-cylinders.net\/wp-content\/uploads\/2025\/01\/songte-cylinder-head-with-all-kinds-excavator-models.webp\"\/><\/p>\n<h2>Rakendused<\/h2>\n<p>Kopasilindrit kasutatakse laialdaselt erinevates rasketehnika masinates, sealhulgas:<\/p>\n<ul>\n<li>Ehitustehnika: Ekskavaatorites on need \u00fcliolulised kaevamisel, laadimisel ja pinnase v\u00f5i prahi teisaldamisel. Ekskavaatoritel aitavad kopasilindrid kaevamisel ja t\u00f5stmisel. Esilaadurites aitavad need kaupu t\u00f5husalt t\u00f5sta ja kallutada.<\/li>\n<li>P\u00f5llumajandusmasinad: Kasutatakse esilaadurites mulla, heina ja muude materjalide kaevamiseks, t\u00f5stmiseks ja transportimiseks.<\/li>\n<li>Ekskavaatorid: Kopa silinder v\u00f5imaldab kopal tungida pinnasesse, et saavutada kaevamistoiming.<\/li>\n<\/ul>\n<h2>Projekteerimiskaalutlused ja valikukriteeriumid<\/h2>\n<p>Projekteerimise seisukohast on peamisteks kaalutlusteks kandev\u00f5ime, tihendus, vastupidavus, ohutus ja hooldatavus. <\/p>\n<ul>\n<li>Kandev\u00f5ime: Kopa silinder peaks suutma taluda k\u00f5rget r\u00f5hku ja suuri koormusi.<\/li>\n<li>Tihendus: Erinevad tihendid, n\u00e4iteks kolvitihendid ja varrastihendid, peaksid olema valmistatud kulumiskindlatest materjalidest, n\u00e4iteks pol\u00fcuretaanist ja nitriilkummist. Silindri korpus ja keermestatud otsapinnad tuleks kulumiskindluse parandamiseks peenelt t\u00f6\u00f6delda. <\/li>\n<li>Vastupidavus: Kopa silinder peaks olema valmistatud \u00fclitugevatest materjalidest, mis on konstrueeritud kulumiskindlust ja korrosioonikindlust silmas pidades ning mis peab vastu pidama karmidele t\u00f6\u00f6keskkondadele. <\/li>\n<li>Ohutus: Silinder peaks olema konstrueeritud ohutusfunktsioonidega, n\u00e4iteks kaitseventiilide ja lukustatavate h\u00fcdrauliliste ahelatega, et v\u00e4ltida ootamatuid liikumisi ja tagada ohutu t\u00f6\u00f6.<\/li>\n<li>Hooldatavus: Kopa silinder peaks olema konstrueeritud hoolduse lihtsust silmas pidades, v\u00f5imaldades p\u00f5hikomponentide regulaarset kontrolli ja vahetamist.<\/li>\n<\/ul>\n<p><img decoding=\"async\" src=\"https:\/\/www.hydraulic-cylinders.net\/wp-content\/uploads\/2025\/01\/songte-oil-pipes-and-spare-parts.webp\"\/><\/p>\n<h2>Tihendus ja m\u00e4\u00e4rimine<\/h2>\n<p>Kopasilindris kasutatakse h\u00fcdraulika\u00f5li lekke v\u00e4ltimiseks mitmesuguseid tihendeid, sealhulgas kolvitihendeid ja vardatihendeid. Need tihendid peaksid olema valmistatud kulumiskindlatest materjalidest, nagu pol\u00fcuretaan ja nitriilkummi. Silindri korpus ja keermestatud otsapinnad peaksid olema peenelt t\u00f6\u00f6deldud, et parandada kulumiskindlust. Optimaalse j\u00f5udluse tagamiseks on vaja regulaarselt h\u00fcdraulika\u00f5liga m\u00e4\u00e4rida.<\/p>\n<h2>Hooldus ja remont<\/h2>\n<p>Kopasilindri eluea pikendamiseks on oluline regulaarne hooldus ja ennetavad meetmed. Levinumad hooldust\u00f6\u00f6d h\u00f5lmavad j\u00e4rgmist:<\/p>\n<ul>\n<li>Regulaarne kontroll kulumise v\u00f5i kahjustuste m\u00e4rke tuvastamiseks<\/li>\n<li>Silindri sobiv m\u00e4\u00e4rimine<\/li>\n<li>Kahjustatud tihendite v\u00f5i muude oluliste komponentide asendamine<\/li>\n<\/ul>\n<p>Kopasilindri optimaalse j\u00f5udluse ja pikaealisuse tagamiseks on oluline \u00f5ige paigaldamine. Oluline on silinder \u00f5igesti joondada ja kinnitamiseks kasutada sobivaid kinnitusklambreid. J\u00e4rgida tuleks soovitatud kontrolli-, remondi- ja vahetusprotseduure.<\/p>\n<p><img decoding=\"async\" src=\"https:\/\/www.hydraulic-cylinders.net\/wp-content\/uploads\/2025\/01\/songte-chushion-collar.webp\"\/><\/p>\n<h2>Ohutus- ja keskkonnakaalutlused<\/h2>\n<p>Kopasilindri kasutamisel tuleks paigaldada ohutusmeetmed, n\u00e4iteks kaitseklapid ja lukustatavad h\u00fcdraulikaahelad, et v\u00e4ltida ootamatuid liigutusi ja tagada ohutu t\u00f6\u00f6. Keskkonnategurid, n\u00e4iteks \u00f5lileke, tuleks k\u00f5rvaldada, et v\u00e4ltida \u00fcmbritseva keskkonna saastumist.<\/p>\n<h2>Veaotsing ja levinud probleemid<\/h2>\n<p>Kopasilindrite levinud probleemide hulka kuuluvad h\u00fcdraulika\u00f5li leke ja tihendite kahjustused. Probleemide diagnoosimiseks ja lahendamiseks tuleks anda t\u00f5rkeotsingu n\u00e4pun\u00e4iteid ja lahendusi. Samuti tuleks soovitada ennetavaid meetmeid v\u00f5imalike probleemide minimeerimiseks.<\/p>\n<p><img decoding=\"async\" src=\"https:\/\/www.hydraulic-cylinders.net\/wp-content\/uploads\/2025\/01\/songte-bushings-with-all-kinds-of-excavator-models.webp\"\/><\/p>\n<h2>Meie ettev\u00f5ttest<\/h2>\n<p>Oleme laia tootevalikuga asendush\u00fcdrauliliste silindrite tootja ning oleme saanud \u00fcheks juhtivaks h\u00fcdrosilindrite tootjaks ja hulgim\u00fc\u00fcjaks nii sise- kui ka rahvusvahelisel turul. J\u00e4rgime suurep\u00e4rase kvaliteedi p\u00f5him\u00f5tet, tugineme peenvalmistatud t\u00f6\u00f6kodades industrialiseeritud tootmisjuhtimise strateegiatele, t\u00e4iustame pidevalt tootmisplatvormi, parandame tootekvaliteedi tootmisliini ning omame tugevat loomingulist v\u00f5imekust. P\u00fc\u00fcame rahuldada oma klientide mitmekesiseid vajadusi suure efektiivsuse, suure t\u00e4psuse ja k\u00f5rge kvaliteediga.<\/p>\n<p><img decoding=\"async\" src=\"https:\/\/hzpt.com\/wp-content\/uploads\/2024\/11\/songte-company-1.webp\"\/><\/p>\n<h3>Professionaalsus<\/h3>\n<p>Meil on kogenud spetsialistide meeskond, kes p\u00fc\u00fcab pakkuda klientidele parimaid v\u00f5imalikke lahendusi nende konkreetsete vajaduste rahuldamiseks. Meil \u200b\u200bon tugev teadus- ja arendusmeeskond, mis hoiab end kursis uusimate tehnoloogiate ja turusuundumustega, et tagada pidev tooteinnovatsioon.<\/p>\n<h3>Rahvusvaheline sertifitseerimine<\/h3>\n<p>Oleme omandanud mitu rahvusvahelist sertifikaati, n\u00e4iteks ISO9001 ja CE, mis n\u00e4itavad meie p\u00fchendumust kvaliteedile ja usaldusv\u00e4\u00e4rsusele.<\/p>\n<h3>Kohandamise teenused<\/h3>\n<p>Pakume klientide erivajaduste rahuldamiseks kohandamisteenuseid. Saame kohandada h\u00fcdrauliliste silindrite disaini, suurust ja muid spetsifikatsioone vastavalt teie konkreetsetele n\u00f5uetele.<\/p>\n<h3>Tootmisseadmed<\/h3>\n<p>Kasutame t\u00e4iustatud tootmisseadmeid, nagu CNC-masinad ja t\u00e4iustatud testimisseadmed, et tagada toodete k\u00f5rge kvaliteet.<\/p>\n<h3>M\u00fc\u00fcgij\u00e4rgne teenindus<\/h3>\n<p>Pakume h\u00fcdrauliliste silindrite pikaealisuse ja optimaalse j\u00f5udluse tagamiseks igak\u00fclgset m\u00fc\u00fcgij\u00e4rgset teenindust, sealhulgas hooldust, remonti ja osade vahetust.<\/p>\n<p>Autor: lyl<\/p>","protected":false},"excerpt":{"rendered":"<p>Bucket Cylinder For Zoomlion Middle Excavator ZE230E-9 Introduction A bucket cylinder is a specialized hydraulic cylinder used primarily to control the movement of the bucket in heavy machinery such as excavators, backhoe excavators, and front-end loaders. Its main function is to enable the bucket to be lifted, lowered, and tilted, making it easier to handle [&hellip;]<\/p>","protected":false},"featured_media":14765,"comment_status":"open","ping_status":"closed","template":"","meta":{"_et_pb_use_builder":"","_et_pb_old_content":"","_et_gb_content_width":""},"product_brand":[],"product_cat":[1494],"product_tag":[1495,1496],"class_list":{"0":"post-15504","1":"product","2":"type-product","3":"status-publish","4":"has-post-thumbnail","6":"product_cat-bucket-cylinders","7":"product_tag-bucket-cylinders","8":"product_tag-hydraulic-cylinders","10":"first","11":"instock","12":"shipping-taxable","13":"product-type-simple"},"amp_enabled":true,"_links":{"self":[{"href":"https:\/\/www.hydraulic-cylinders.net\/et\/wp-json\/wp\/v2\/product\/15504","targetHints":{"allow":["GET"]}}],"collection":[{"href":"https:\/\/www.hydraulic-cylinders.net\/et\/wp-json\/wp\/v2\/product"}],"about":[{"href":"https:\/\/www.hydraulic-cylinders.net\/et\/wp-json\/wp\/v2\/types\/product"}],"replies":[{"embeddable":true,"href":"https:\/\/www.hydraulic-cylinders.net\/et\/wp-json\/wp\/v2\/comments?post=15504"}],"wp:featuredmedia":[{"embeddable":true,"href":"https:\/\/www.hydraulic-cylinders.net\/et\/wp-json\/wp\/v2\/media\/14765"}],"wp:attachment":[{"href":"https:\/\/www.hydraulic-cylinders.net\/et\/wp-json\/wp\/v2\/media?parent=15504"}],"wp:term":[{"taxonomy":"product_brand","embeddable":true,"href":"https:\/\/www.hydraulic-cylinders.net\/et\/wp-json\/wp\/v2\/product_brand?post=15504"},{"taxonomy":"product_cat","embeddable":true,"href":"https:\/\/www.hydraulic-cylinders.net\/et\/wp-json\/wp\/v2\/product_cat?post=15504"},{"taxonomy":"product_tag","embeddable":true,"href":"https:\/\/www.hydraulic-cylinders.net\/et\/wp-json\/wp\/v2\/product_tag?post=15504"}],"curies":[{"name":"wp","href":"https:\/\/api.w.org\/{rel}","templated":true}]}}