{"id":15505,"date":"2025-01-19T14:36:53","date_gmt":"2025-01-19T14:36:53","guid":{"rendered":"https:\/\/www.hydraulic-cylinders.net\/product\/bucket-cylinder-for-zoomlion-large-excavator-ze330e\/"},"modified":"2025-01-19T14:36:55","modified_gmt":"2025-01-19T14:36:55","slug":"bucket-cylinder-for-zoomlion-large-excavator-ze330e","status":"publish","type":"product","link":"https:\/\/www.hydraulic-cylinders.net\/et\/toode\/bucket-cylinder-for-zoomlion-large-excavator-ze330e\/","title":{"rendered":"Zoomlion suure ekskavaatori ZE330E kopa silinder"},"content":{"rendered":"<h1>Zoomlion suure ekskavaatori ZE330E kopa silinder<\/h1>\n<h2>Sissejuhatus<\/h2>\n<p>Zoomlioni suure ekskavaatori ZE330E kopa silinder on spetsiaalselt loodud h\u00fcdrauliline silinder, mida kasutatakse peamiselt kopa liikumise juhtimiseks rasketes masinates, n\u00e4iteks ekskavaatorites, laadur-ekskavaatorites ja esilaadurites. Selle peamine \u00fclesanne on v\u00f5imaldada kopa t\u00f5stmist, langetamist ja kallutamist, muutes mitmesuguste materjalik\u00e4itlust\u00f6\u00f6de tegemise lihtsamaks. H\u00fcdraulikas\u00fcsteemis saavutab kopa silinder kopa liikumise t\u00e4pse juhtimise h\u00fcdraulika\u00f5li r\u00f5hu muutmise abil, v\u00f5imaldades operaatoritel t\u00f5husalt k\u00e4sitseda raskeid koormaid ning kohaneda keerukate t\u00f6\u00f6keskkondade ja mitmekesiste t\u00f6\u00f6n\u00f5uetega.<\/p>\n<p><img decoding=\"async\" src=\"https:\/\/www.hydraulic-cylinders.net\/wp-content\/uploads\/2025\/01\/songte-company-2.webp\" alt=\"\u00c4mbri silinder\" \/><\/p>\n<h2>Toote omadused<\/h2>\n<ul>\n<li>\n<h3>Suur tugevus ja vastupidavus<\/h3>\n<p>Kopasilindrid on tavaliselt valmistatud \u00fclitugevast terasest v\u00f5i alumiiniumist, mis taluvad k\u00f5rget r\u00f5hku ja suuri koormusi, kohanduvad karmide t\u00f6\u00f6keskkondadega ning on konstrueeritud kulumiskindlust ja korrosioonikindlust silmas pidades, pikendades nende kasutusiga.<\/p>\n<\/li>\n<li>\n<h3>T\u00f5hus h\u00fcdrauliline t\u00f6\u00f6<\/h3>\n<p>Kopasilindrid kasutavad sujuva teleskoopliikumise saavutamiseks h\u00fcdraulika\u00f5li r\u00f5hku, reageerivad kiiresti juhtimisk\u00e4sklustele, pakuvad v\u00f5imsat t\u00f5uke- ja t\u00f5mbej\u00f5udu ning sobivad raskete koormate ja keerukate t\u00f6\u00f6\u00fclesannete k\u00e4sitsemiseks.<\/p>\n<\/li>\n<li>\n<h3>Mitmekesised t\u00fc\u00fcbid<\/h3>\n<p>Kopasilindrid v\u00f5ivad olenevalt n\u00f5uetest olla \u00fchetoimelised (h\u00fcdraulikat kasutades ainult \u00fches suunas) v\u00f5i kahetoimelised (h\u00fcdraulikat kasutades m\u00f5lemas suunas) ning m\u00f5ned mudelid on teleskoopsed, mis v\u00f5imaldab suuremat laienemist ilma v\u00e4lism\u00f5\u00f5tmeid suurendamata, mist\u00f5ttu need sobivad piiratud ruumiga rakenduste jaoks.<\/p>\n<\/li>\n<li>\n<h3>Toodete asendamine<\/h3>\n<p>Meie tooted suudavad neid h\u00fcdrosilindreid ideaalselt asendada.<\/p>\n<\/li>\n<\/ul>\n<p><img decoding=\"async\" src=\"https:\/\/www.hydraulic-cylinders.net\/wp-content\/uploads\/2025\/01\/songte-cylinder-head-with-all-kinds-excavator-models.webp\" alt=\"Silindripea\" \/><\/p>\n<h2>Kopasilindri rakendused<\/h2>\n<p>Kopasilindrit kasutatakse tavaliselt erinevates ehitusseadmetes, sealhulgas:<\/p>\n<ul>\n<li>\n<h3>Ekskavaatorid<\/h3>\n<p>Kopa silinder v\u00f5imaldab kaevamist, lastes kopal pinnasesse tungida.<\/p>\n<\/li>\n<li>\n<h3>Ekskavaatorlaadurid<\/h3>\n<p>Kopa silinder aitab nii kaevamisel kui ka t\u00f5stmisel.<\/p>\n<\/li>\n<li>\n<h3>Eestlaadurid<\/h3>\n<p>Kopa silinder aitab laaduri koppa t\u00f5sta ja kallutada, muutes materjalide mahalaadimise ja t\u00fchjendamise t\u00f5husaks.<\/p>\n<\/li>\n<\/ul>\n<h2>Projekteerimiskaalutlused ja valikukriteeriumid<\/h2>\n<p>Kopasilindrite valimisel ja projekteerimisel on oluline arvestada selliste p\u00f5hitegurega nagu kandev\u00f5ime, tihendus, vastupidavus, ohutus ja hooldatavus. Siin on m\u00f5ned olulised punktid, mida arvestada:<\/p>\n<ul>\n<li>\n<h3>Kandev\u00f5ime<\/h3>\n<p>Kopa silinder peab olema konstrueeritud taluma koormust, mida see kannab, mis m\u00e4\u00e4ratakse k\u00e4ideldava materjali kaalu ja selle liikumisega seotud j\u00f5udude j\u00e4rgi.<\/p>\n<\/li>\n<li>\n<h3>Tihendus ja vastupidavus<\/h3>\n<p>Kopasilindrid vajavad kvaliteetseid tihendusmaterjale, n\u00e4iteks kolvitihendeid ja vardatihendeid, mis on valmistatud kulumiskindlatest materjalidest, n\u00e4iteks pol\u00fcuretaanist ja nitriilkummist. Samuti on oluline tagada, et silindri korpuse ja keermeotsa pind oleks peenelt t\u00f6\u00f6deldud, et parandada kulumiskindlust. Vajalik on regulaarselt lisada \u00f5iget kogust h\u00fcdraulika\u00f5li m\u00e4\u00e4rimiseks.<\/p>\n<\/li>\n<li>\n<h3>Ohutus ja hooldatavus<\/h3>\n<p>Kopasilindrid peavad olema konstrueeritud ohutust silmas pidades, sisseehitatud ohutusfunktsioonidega, nagu r\u00f5hualandusventiilid ja lukustusventiilid, samuti peavad need olema h\u00f5lpsasti hooldatavad ja parandatavad, pakkudes h\u00f5lpsasti vahetatavaid ja taastatavaid osi ning sobivaid hooldusprotseduure nende kasutusea pikendamiseks. <\/p>\n<\/li>\n<\/ul>\n<p><img decoding=\"async\" src=\"https:\/\/www.hydraulic-cylinders.net\/wp-content\/uploads\/2025\/01\/songte-oil-pipes-and-spare-parts.webp\" alt=\"\u00d5litorud\"\/><\/p>\n<h2>Hooldus ja t\u00f5rkeotsing<\/h2>\n<p>Kopasilindri heas t\u00f6\u00f6korras hoidmiseks on oluline regulaarne kontroll ja ennetav hooldus. Siin on m\u00f5ned levinumad hooldust\u00f6\u00f6d:<\/p>\n<ul>\n<li>\n<h3>Regulaarne kontroll<\/h3>\n<p>Kontrollige lekete, m\u00f5lkide v\u00f5i kriimustuste suhtes, veenduge, et silinder on korralikult m\u00e4\u00e4ritud ja puhas ning kontrollige h\u00fcdraulikavoolikuid ja \u00fchendusi kahjustuste v\u00f5i kulumise suhtes.<\/p>\n<\/li>\n<li>\n<h3>M\u00e4\u00e4rimine<\/h3>\n<p>Sujuva ja t\u00f5husa t\u00f6\u00f6 tagamiseks ning kulumise eest kaitsmiseks on oluline kasutada \u00f5iget t\u00fc\u00fcpi ja kogust h\u00fcdraulika\u00f5li.<\/p>\n<\/li>\n<li>\n<h3>Tihendi vahetamine ja kalibreerimise kontroll<\/h3>\n<p>Vahetage kulunud tihendusdetailid v\u00e4lja ja kontrollige kalibreerimist, tehke vajalikud seadistused silindri t\u00e4pse liikumise tagamiseks.<\/p>\n<\/li>\n<\/ul>\n<p>Kopasilindri hooldamisel on oluline arvestada \u00f5ige paigalduse, m\u00e4\u00e4rimise ja reguleerimisega, et v\u00e4ltida v\u00f5imalikke probleeme, nagu leke, v\u00e4henenud j\u00f5udlus v\u00f5i t\u00e4ielik rike. Oluline on anda korralikke juhiseid paigaldamise, silindri kinnitamiseks sobivate kinnitusklambrite kasutamise, kontrolli-, remondi- ja vahetusprotseduuride soovitamise ning n\u00e4pun\u00e4idete andmisega kopasilindri eluea pikendamiseks.<\/p>\n<p><img decoding=\"async\" src=\"https:\/\/www.hydraulic-cylinders.net\/wp-content\/uploads\/2025\/01\/songte-chushion-collar.webp\" alt=\"Kaelarihm\"\/><\/p>\n<h2>Ohutuskaalutlused ja keskkonnategurid<\/h2>\n<p>Kopasilindritega t\u00f6\u00f6tamisel on oluline j\u00e4rgida ohutusmeetmeid, n\u00e4iteks kanda sobivaid kaitsevahendeid, hoida k\u00e4ed ja riided liikuvatest osadest eemal ning veenduda, et seadmed on heas t\u00f6\u00f6korras. Keskkonna kaitsmiseks on oluline ka h\u00fcdraulika\u00f5li n\u00f5uetekohane utiliseerimine.<\/p>\n<p><img decoding=\"async\" src=\"https:\/\/www.hydraulic-cylinders.net\/wp-content\/uploads\/2025\/01\/songte-bushings-with-all-kinds-of-excavator-models.webp\" alt=\"Puksid\"\/><\/p>\n<h2>Meie ettev\u00f5ttest<\/h2>\n<p>Oleme t\u00e4ieliku tootevalikuga asendush\u00fcdrauliliste silindrite tootja, olles \u00fcks juhtivaid h\u00fcdrosilindrite tootjaid ja hulgim\u00fc\u00fcjaid nii sise- kui ka rahvusvahelisel turul. J\u00e4rgime suurep\u00e4rase kvaliteedi p\u00f5him\u00f5tet, tugineme peentootmist\u00f6\u00f6kodades industrialiseeritud tootmise juhtimise strateegiatele, t\u00e4iustame pidevalt tootmisplatvormi, parandame tootekvaliteedi tootmisliini ning omame tugevat innovatsiooniv\u00f5imet. Rahuldame klientide mitmekesiseid vajadusi k\u00f5rge efektiivsuse, suure t\u00e4psuse ja k\u00f5rge kvaliteedi p\u00f5him\u00f5tetega.<\/p>\n<p>Meie ettev\u00f5te pakub professionaalseid teenuseid, rahvusvahelist sertifitseerimist, kohandatud teenuseid, t\u00e4iustatud tootmisseadmeid ja m\u00fc\u00fcgij\u00e4rgset teenindust.<\/p>\n<p><img decoding=\"async\" src=\"https:\/\/hzpt.com\/wp-content\/uploads\/2024\/11\/songte-company-1.webp\" alt=\"Ettev\u00f5tte profiil\"\/><\/p>\n<p>Autor: lyl<\/p>","protected":false},"excerpt":{"rendered":"<p>Bucket Cylinder For Zoomlion Large Excavator ZE330E Introduction The bucket cylinder for Zoomlion large excavator ZE330E is a specially designed hydraulic cylinder mainly used to control the movement of the bucket in heavy machinery such as excavators, backhoe loaders, and front loaders. Its main function is to enable the bucket to lift, lower, and tilt, [&hellip;]<\/p>","protected":false},"featured_media":14762,"comment_status":"open","ping_status":"closed","template":"","meta":{"_et_pb_use_builder":"","_et_pb_old_content":"","_et_gb_content_width":""},"product_brand":[],"product_cat":[1494],"product_tag":[1495,1496],"class_list":{"0":"post-15505","1":"product","2":"type-product","3":"status-publish","4":"has-post-thumbnail","6":"product_cat-bucket-cylinders","7":"product_tag-bucket-cylinders","8":"product_tag-hydraulic-cylinders","10":"first","11":"instock","12":"shipping-taxable","13":"product-type-simple"},"amp_enabled":true,"_links":{"self":[{"href":"https:\/\/www.hydraulic-cylinders.net\/et\/wp-json\/wp\/v2\/product\/15505","targetHints":{"allow":["GET"]}}],"collection":[{"href":"https:\/\/www.hydraulic-cylinders.net\/et\/wp-json\/wp\/v2\/product"}],"about":[{"href":"https:\/\/www.hydraulic-cylinders.net\/et\/wp-json\/wp\/v2\/types\/product"}],"replies":[{"embeddable":true,"href":"https:\/\/www.hydraulic-cylinders.net\/et\/wp-json\/wp\/v2\/comments?post=15505"}],"wp:featuredmedia":[{"embeddable":true,"href":"https:\/\/www.hydraulic-cylinders.net\/et\/wp-json\/wp\/v2\/media\/14762"}],"wp:attachment":[{"href":"https:\/\/www.hydraulic-cylinders.net\/et\/wp-json\/wp\/v2\/media?parent=15505"}],"wp:term":[{"taxonomy":"product_brand","embeddable":true,"href":"https:\/\/www.hydraulic-cylinders.net\/et\/wp-json\/wp\/v2\/product_brand?post=15505"},{"taxonomy":"product_cat","embeddable":true,"href":"https:\/\/www.hydraulic-cylinders.net\/et\/wp-json\/wp\/v2\/product_cat?post=15505"},{"taxonomy":"product_tag","embeddable":true,"href":"https:\/\/www.hydraulic-cylinders.net\/et\/wp-json\/wp\/v2\/product_tag?post=15505"}],"curies":[{"name":"wp","href":"https:\/\/api.w.org\/{rel}","templated":true}]}}