{"id":15506,"date":"2025-01-19T14:36:57","date_gmt":"2025-01-19T14:36:57","guid":{"rendered":"https:\/\/www.hydraulic-cylinders.net\/product\/bucket-cylinder-for-zoomlion-large-excavator-ze520e\/"},"modified":"2025-01-19T14:36:59","modified_gmt":"2025-01-19T14:36:59","slug":"bucket-cylinder-for-zoomlion-large-excavator-ze520e","status":"publish","type":"product","link":"https:\/\/www.hydraulic-cylinders.net\/et\/toode\/bucket-cylinder-for-zoomlion-large-excavator-ze520e\/","title":{"rendered":"Zoomlion suure ekskavaatori ZE520E kopa silinder"},"content":{"rendered":"<h1>Zoomlion suure ekskavaatori ZE520E kopa silinder<\/h1>\n<h2>Sissejuhatus<\/h2>\n<p>Zoomlioni suure ekskavaatori ZE520E kopa silinder on spetsiaalselt loodud h\u00fcdrauliline silinder, mida kasutatakse peamiselt kopa liikumise juhtimiseks rasketes masinates, n\u00e4iteks ekskavaatorites, laadur-ekskavaatorites ja esilaadurites. Selle peamine \u00fclesanne on v\u00f5imaldada kopa t\u00f5stmist, langetamist ja kallutamist, muutes mitmesuguste materjalik\u00e4itlust\u00f6\u00f6de tegemise lihtsamaks. H\u00fcdraulikas\u00fcsteemis juhib kopa silinder kopa t\u00e4pset liikumist h\u00fcdraulika\u00f5li r\u00f5hu muutuste kaudu, v\u00f5imaldades operaatoril raskeid koormaid t\u00f5husalt k\u00e4sitseda ning kohaneda keerukate t\u00f6\u00f6keskkondade ja mitmekesiste t\u00f6\u00f6vajadustega.<\/p>\n<p><img decoding=\"async\" src=\"https:\/\/www.hydraulic-cylinders.net\/wp-content\/uploads\/2025\/01\/songte-company-2.webp\" alt=\"Zoomlion suure ekskavaatori ZE520E kopa silinder\"><\/p>\n<h2>Omadused<\/h2>\n<ul>\n<li>Suur tugevus ja vastupidavus: Tavaliselt valmistatud \u00fclitugevast terasest v\u00f5i alumiiniumist, see talub k\u00f5rget r\u00f5hku ja suuri koormusi, kohaneb karmide t\u00f6\u00f6keskkondadega ning on konstrueeritud kulumiskindla ja korrosioonikindlana, et pikendada kasutusiga.<\/li>\n<li>T\u00f5hus h\u00fcdrauliline t\u00f6\u00f6: H\u00fcdraulilise \u00f5lir\u00f5hu abil saavutatakse sujuv pikendamine ja kokkut\u00f5mbumine, see reageerib kiiresti juhtimisk\u00e4sklustele, pakub v\u00f5imsaid t\u00f5uke- ja t\u00f5mbej\u00f5ude, sobib raskete koormate ja keerukate t\u00f6\u00f6de k\u00e4sitsemiseks.<\/li>\n<li>Erinevad t\u00fc\u00fcbid: Vajadusel saab valida \u00fchetoimelisi (h\u00fcdraulilist s\u00fcsteemi kasutatakse ainult \u00fches suunas) v\u00f5i kahetoimelisi (h\u00fcdraulilist s\u00fcsteemi kasutatakse m\u00f5lemas suunas) silindreid, et rahuldada erinevaid t\u00f6\u00f6vajadusi. M\u00f5ned mudelid on teleskoopilised, mis v\u00f5imaldab suuremat pikendamist ilma v\u00e4lism\u00f5\u00f5tmeid suurendamata, sobides ruumipiirangutega rakenduste jaoks.<\/li>\n<li>Vahetatav: Meie tooted suudavad neid h\u00fcdrosilindreid ideaalselt asendada.<\/li>\n<\/ul>\n<p><img decoding=\"async\" src=\"https:\/\/www.hydraulic-cylinders.net\/wp-content\/uploads\/2025\/01\/songte-cylinder-head-with-all-kinds-excavator-models.webp\" alt=\"Zoomlion suure ekskavaatori ZE520E kopa silinder\"><\/p>\n<h2>Rakendused<\/h2>\n<p>Zoomlioni suure ekskavaatori ZE520E kopasilindrit saab kasutada erinevates valdkondades, sealhulgas:<\/p>\n<ul>\n<li>Ehitustehnika: Ekskavaatorites on need h\u00e4davajalikud kaevamiseks, laadimiseks ja pinnase v\u00f5i prahi teisaldamiseks. Ekskavaator-laadurites aitavad kopasilindrid kaevamisel ja t\u00f5stmisel. <\/li>\n<li>P\u00f5llumajandusmasinad: Kasutatakse esilaadurite jaoks, pinnase, heina ja muude materjalide \u00fclesv\u00f5tmiseks, t\u00f5stmiseks ja transportimiseks. <\/li>\n<li>Ekskavaatorid: Kopasilindrid v\u00f5imaldavad kaevamist, lastes kopal pinnasesse tungida.<\/li>\n<li>Laadurid: Esilaadurites aitavad need lasti t\u00f5husalt t\u00f5sta ja kallutada.<\/li>\n<\/ul>\n<h2>Projekteerimiskaalutlused ja valikukriteeriumid<\/h2>\n<p>Projekteerimisel tuleb kopasilindri valikul arvesse v\u00f5tta selliseid v\u00f5tmetegureid nagu kandev\u00f5ime, tihendus, vastupidavus, ohutus ja hooldatavus. <\/p>\n<ul>\n<li>Kandev\u00f5ime: Silinder peaks n\u00f5uetekohase t\u00f6\u00f6 tagamiseks suutma taluda k\u00f5rget r\u00f5hku ja suuri koormusi.<\/li>\n<li>Tihendus: Erinevate tihendite, n\u00e4iteks kulumiskindlatest materjalidest (nt pol\u00fcuretaanist ja nitriilkummist) valmistatud kolvi- ja varrastihendite kasutamine aitab v\u00e4ltida \u00f5lilekkeid ja saastumist.<\/li>\n<li>Vastupidavus: silindri pinda tuleks t\u00e4pselt t\u00f6\u00f6delda, et suurendada kulumiskindlust ja korrosioonikindlust ning pikendada selle kasutusiga.<\/li>\n<li>Ohutus: Ballooni konstruktsioon peaks olema ohutu kasutada, minimeerides \u00f5nnetuste ja vigastuste ohtu.<\/li>\n<li>Hooldatavus: Juurdep\u00e4\u00e4s olulistele osadele peaks olema lihtne, v\u00f5imaldades t\u00f5husat ja \u00f5igeaegset asendamist ja parandamist.<\/li>\n<\/ul>\n<p><img decoding=\"async\" src=\"https:\/\/www.hydraulic-cylinders.net\/wp-content\/uploads\/2025\/01\/songte-oil-pipes-and-spare-parts.webp\" alt=\"Zoomlion suure ekskavaatori ZE520E kopa silinder\"><\/p>\n<h2>Tihendus ja m\u00e4\u00e4rimine<\/h2>\n<p>Zoomlioni suure ekskavaatori ZE520E kopasilindris kasutatakse \u00f5lilekke ja saastumise v\u00e4ltimiseks mitmesuguseid tihenduskomponente, n\u00e4iteks kolvi- ja vardatihendeid, mis on valmistatud kulumiskindlatest materjalidest, n\u00e4iteks pol\u00fcuretaanist ja nitriilkummist. Silindri pind on t\u00e4pselt t\u00f6\u00f6deldud, et suurendada kulumiskindlust ja korrosioonikindlust ning pikendada selle kasutusiga. H\u00f5\u00f5rdumisest tingitud kulumise v\u00e4ltimiseks ja n\u00f5uetekohase t\u00f6\u00f6 tagamiseks on vajalik regulaarne m\u00e4\u00e4rimine sobiva koguse h\u00fcdraulika\u00f5liga.<\/p>\n<p><img decoding=\"async\" src=\"https:\/\/www.hydraulic-cylinders.net\/wp-content\/uploads\/2025\/01\/songte-chushion-collar.webp\" alt=\"Zoomlion suure ekskavaatori ZE520E kopa silinder\"><\/p>\n<h2>Hooldus ja t\u00f5rkeotsing<\/h2>\n<p>Regulaarne hooldus on \u00fclioluline, et tagada kopasilindri n\u00f5uetekohane t\u00f6\u00f6 ja pikendada selle kasutusiga. Levinud hooldust\u00f6\u00f6de hulka kuuluvad regulaarsed kontrollid, asjakohane m\u00e4\u00e4rimine, tihendite vahetamine ja kalibreerimiskontrollid. N\u00f5uetekohane paigaldamine, m\u00e4\u00e4rimine ja reguleerimine on kopasilindri t\u00f5husa t\u00f6\u00f6 tagamiseks kriitilise t\u00e4htsusega. \u00d5ige joondamise ja sobivate kinnitusklambrite kasutamise olulisust silindri kinnitamiseks ei saa \u00fcle hinnata. Saadaval on soovitatavad kontrolli-, remondi- ja asendusprotseduurid, mis pakuvad varuosi ja taastamisteenuseid ning n\u00e4pun\u00e4iteid silindri kasutusea pikendamiseks. <\/p>\n<p><img decoding=\"async\" src=\"https:\/\/www.hydraulic-cylinders.net\/wp-content\/uploads\/2025\/01\/songte-bushings-with-all-kinds-of-excavator-models.webp\" alt=\"Zoomlion suure ekskavaatori ZE520E kopa silinder\"><\/p>\n<h2>Ohutuskaalutlused ja keskkonnategurid<\/h2>\n<p>Kopasilindri ohutu t\u00f6\u00f6 on kriitilise t\u00e4htsusega ning silindri paigaldamisel, kasutamisel ja hooldamisel tuleks alati v\u00f5tta ohutusmeetmeid. Regulaarsed kontrollid ja ennetav hooldus aitavad v\u00e4hendada v\u00f5imalikke probleeme ja tagada ohutu t\u00f6\u00f6. Silindri n\u00f5uetekohase t\u00f6\u00f6 tagamiseks ja kahjustuste v\u00e4ltimiseks tuleb arvesse v\u00f5tta keskkonnategureid, nagu temperatuur, niiskus ja maastik.<\/p>\n<h2>Meie ettev\u00f5ttest<\/h2>\n<p>Oleme h\u00fcdrosilindrite tootja, mis on spetsialiseerunud h\u00fcdrosilindrite asendamisele. Meie ettev\u00f5te pakub t\u00e4ielikku tootevalikut ning on saanud \u00fcheks juhtivaks h\u00fcdrosilindrite tootjaks ja hulgim\u00fc\u00fcjaks nii sise- kui ka rahvusvahelisel turul. J\u00e4rgime suurep\u00e4rast kvaliteeti ja tugineme t\u00f6\u00f6stusliku tootmise juhtimise strateegiatele, mis p\u00f5hinevad keerukatel tootmist\u00f6\u00f6kodadel, t\u00e4iustades pidevalt oma tootmisplatvormi ja tootekvaliteediga tootmisliine. Meil \u200b\u200bon tugev loominguline v\u00f5imekus, pakkudes t\u00f5husaid, t\u00e4pseid ja kvaliteetseid teenuseid, et rahuldada klientide mitmekesiseid vajadusi. <\/p>\n<p><img decoding=\"async\" src=\"https:\/\/hzpt.com\/wp-content\/uploads\/2024\/11\/songte-company-1.webp\" alt=\"Zoomlion suure ekskavaatori ZE520E kopa silinder\"><\/p>\n<ul>\n<li>Professionaalsus, rahvusvaheline sertifitseerimine ja kohandatud teenused<\/li>\n<li>Tootmisseadmed ja m\u00fc\u00fcgij\u00e4rgne teenindus<\/li>\n<\/ul>\n<p>Autor: lyl<\/p>","protected":false},"excerpt":{"rendered":"<p>Bucket Cylinder For Zoomlion Large Excavator ZE520E Introduction The bucket cylinder for Zoomlion large excavator ZE520E is a specially designed hydraulic cylinder that is mainly used to control the movement of the bucket in heavy machinery such as excavators, backhoe loaders, and front-end loaders. Its main function is to enable the bucket to lift, lower, [&hellip;]<\/p>","protected":false},"featured_media":14761,"comment_status":"open","ping_status":"closed","template":"","meta":{"_et_pb_use_builder":"","_et_pb_old_content":"","_et_gb_content_width":""},"product_brand":[],"product_cat":[1494],"product_tag":[1495,1496],"class_list":{"0":"post-15506","1":"product","2":"type-product","3":"status-publish","4":"has-post-thumbnail","6":"product_cat-bucket-cylinders","7":"product_tag-bucket-cylinders","8":"product_tag-hydraulic-cylinders","10":"first","11":"instock","12":"shipping-taxable","13":"product-type-simple"},"amp_enabled":true,"_links":{"self":[{"href":"https:\/\/www.hydraulic-cylinders.net\/et\/wp-json\/wp\/v2\/product\/15506","targetHints":{"allow":["GET"]}}],"collection":[{"href":"https:\/\/www.hydraulic-cylinders.net\/et\/wp-json\/wp\/v2\/product"}],"about":[{"href":"https:\/\/www.hydraulic-cylinders.net\/et\/wp-json\/wp\/v2\/types\/product"}],"replies":[{"embeddable":true,"href":"https:\/\/www.hydraulic-cylinders.net\/et\/wp-json\/wp\/v2\/comments?post=15506"}],"wp:featuredmedia":[{"embeddable":true,"href":"https:\/\/www.hydraulic-cylinders.net\/et\/wp-json\/wp\/v2\/media\/14761"}],"wp:attachment":[{"href":"https:\/\/www.hydraulic-cylinders.net\/et\/wp-json\/wp\/v2\/media?parent=15506"}],"wp:term":[{"taxonomy":"product_brand","embeddable":true,"href":"https:\/\/www.hydraulic-cylinders.net\/et\/wp-json\/wp\/v2\/product_brand?post=15506"},{"taxonomy":"product_cat","embeddable":true,"href":"https:\/\/www.hydraulic-cylinders.net\/et\/wp-json\/wp\/v2\/product_cat?post=15506"},{"taxonomy":"product_tag","embeddable":true,"href":"https:\/\/www.hydraulic-cylinders.net\/et\/wp-json\/wp\/v2\/product_tag?post=15506"}],"curies":[{"name":"wp","href":"https:\/\/api.w.org\/{rel}","templated":true}]}}