{"id":15507,"date":"2025-01-19T14:37:01","date_gmt":"2025-01-19T14:37:01","guid":{"rendered":"https:\/\/www.hydraulic-cylinders.net\/product\/bucket-cylinder-for-zoomlion-large-excavator-ze480esp\/"},"modified":"2025-01-19T14:37:03","modified_gmt":"2025-01-19T14:37:03","slug":"bucket-cylinder-for-zoomlion-large-excavator-ze480esp","status":"publish","type":"product","link":"https:\/\/www.hydraulic-cylinders.net\/et\/toode\/bucket-cylinder-for-zoomlion-large-excavator-ze480esp\/","title":{"rendered":"Zoomlion suure ekskavaatori ZE480ESP kopa silinder"},"content":{"rendered":"<h1>Zoomlion suure ekskavaatori ZE480ESP kopa silinder<\/h1>\n<h2>Sissejuhatus<\/h2>\n<p>Zoomlion suure ekskavaatori ZE480ESP kopa silinder on spetsiaalne h\u00fcdrauliline silinder, mis on loodud kopa liikumise juhtimiseks rasketes masinates, n\u00e4iteks ekskavaatorites, laadur-ekskavaatorites ja esilaadurites. Selle peamine \u00fclesanne on v\u00f5imaldada kopa t\u00f5stmist, langetamist ja kallutamist, muutes mitmesuguste materjalik\u00e4itlust\u00f6\u00f6de tegemise lihtsamaks. H\u00fcdraulikas\u00fcsteemis juhib kopa silinder kopa t\u00e4pset liikumist, muutes h\u00fcdraulika\u00f5li r\u00f5hku, v\u00f5imaldades operaatoril raskeid esemeid t\u00f5husalt k\u00e4sitseda ning kohaneda keerukate t\u00f6\u00f6keskkondade ja mitmekesiste t\u00f6\u00f6n\u00f5uetega. <\/p>\n<p><img decoding=\"async\" src=\"https:\/\/www.hydraulic-cylinders.net\/wp-content\/uploads\/2025\/01\/songte-company-2.webp\"><\/p>\n<h2>Omadused<\/h2>\n<ul>\n<li>\n<h3>Suur tugevus ja vastupidavus<\/h3>\n<p>Kopasilindrid on tavaliselt valmistatud \u00fclitugevast terasest v\u00f5i alumiiniumist, mis talub k\u00f5rget r\u00f5hku ja suuri koormusi ning kohandub karmide t\u00f6\u00f6keskkondadega. Projekteerimisel on arvestatud kulumiskindluse ja korrosioonikindlusega, pikendades kasutusiga.<\/p>\n<\/li>\n<li>\n<h3>T\u00f5hus h\u00fcdrauliline t\u00f6\u00f6<\/h3>\n<p>Kopasilindrid kasutavad sujuva paisumise ja kokkut\u00f5mbumise saavutamiseks h\u00fcdraulika\u00f5li r\u00f5hku, reageerivad kiiresti juhtimisk\u00e4sklustele, pakuvad v\u00f5imsat t\u00f5uke- ja t\u00f5mbej\u00f5udu ning sobivad raskete esemete ja keerukate t\u00f6\u00f6\u00fclesannete k\u00e4sitsemiseks.<\/p>\n<\/li>\n<li>\n<h3>Mitmekesised t\u00fc\u00fcbid<\/h3>\n<p>Kopasilindrid v\u00f5ivad olla \u00fchetoimelised (h\u00fcdraulilist s\u00fcsteemi kasutatakse ainult \u00fches suunas) v\u00f5i kahetoimelised (h\u00fcdraulilist s\u00fcsteemi kasutatakse kahes suunas), mida saab valida vastavalt vajadustele, et rahuldada erinevaid t\u00f6\u00f6tingimusi. M\u00f5ned mudelid on teleskoopilised, v\u00f5imaldades suuremat pikendust ilma v\u00e4lism\u00f5\u00f5tmeid suurendamata, sobides piiratud ruumiga rakenduste jaoks.<\/p>\n<\/li>\n<li>\n<h3>Asendustooted<\/h3>\n<p>Meie tooted suudavad neid h\u00fcdrosilindreid ideaalselt asendada.<\/p>\n<\/li>\n<\/ul>\n<p><img decoding=\"async\" src=\"https:\/\/www.hydraulic-cylinders.net\/wp-content\/uploads\/2025\/01\/songte-cylinder-head-with-all-kinds-excavator-models.webp\"><\/p>\n<h2>Rakendused<\/h2>\n<p>Zoomlion suure ekskavaatori ZE480ESP kopasilindrit kasutatakse laialdaselt erinevates rasketehnika masinates mitmesuguste \u00fclesannete t\u00e4itmiseks. M\u00f5ned rakendused h\u00f5lmavad j\u00e4rgmist:<\/p>\n<ul>\n<li>\n<h3>Ehitustehnika<\/h3>\n<p>Ehitusmasinad kasutavad kopasilindriid kaevamiseks, laadimiseks ja pinnase v\u00f5i prahi teisaldamiseks. Ekskavaatoritel aitavad kopasilindrid kaevamisel ja t\u00f5stmisel.<\/p>\n<\/li>\n<li>\n<h3>P\u00f5llumajandustehnika<\/h3>\n<p>Kopasilindrid on m\u00f5eldud esilaaduritele pinnase, heina ja muude materjalide kaevamiseks, t\u00f5stmiseks ja transportimiseks. Ekskavaatorites v\u00f5imaldavad kopasilindrid kaevamist, lastes kopal pinnasesse tungida.<\/p>\n<\/li>\n<li>\n<h3>Laaduri seadmed<\/h3>\n<p>Kopasilindrid aitavad esilaaduritel lasti t\u00f5husalt t\u00f5sta ja t\u00fchjendada.<\/p>\n<\/li>\n<\/ul>\n<h2>Projekteerimiskaalutlused ja valikukriteeriumid<\/h2>\n<p>Kopasilindrid on konstrueeritud raskete koormuste k\u00e4sitsemiseks, seega on disainikaalutlused ja valikukriteeriumid toote toimivuse seisukohalt \u00fcliolulised. M\u00f5ned disainikaalutlused h\u00f5lmavad j\u00e4rgmist:<\/p>\n<ul>\n<li>\n<h3>Kandev\u00f5ime<\/h3>\n<p>Silindri v\u00f5imet taluda suuri koormusi m\u00e4\u00e4rab kandev\u00f5ime, mis arvutatakse silindri l\u00e4bim\u00f5\u00f5du, varda suuruse ja r\u00f5huklassi p\u00f5hjal.<\/p>\n<\/li>\n<li>\n<h3>Tihendusomadused<\/h3>\n<p>Kopasilindris kasutatavad kummist tihendid peavad vastu pidama k\u00f5rgetele temperatuuridele, k\u00f5rgele r\u00f5hule ja abrasiivsete osakeste v\u00f5imalusele. Tavaliselt kasutatakse pol\u00fcuretaan- ja nitriilkummi.<\/p>\n<\/li>\n<li>\n<h3>Vastupidavus<\/h3>\n<p>Ballooni vastupidavust m\u00e4\u00e4ravad sellised tegurid nagu kasutatud materjal, pinnat\u00f6\u00f6tlus ja tootmisprotsess, mis peavad vastu pidama karmidele t\u00f6\u00f6keskkondadele ja pikaajalisele kasutamisele.<\/p>\n<\/li>\n<li>\n<h3>Ohutus ja hooldus<\/h3>\n<p>Kopasilindrid peavad vastama ohutusstandarditele ja vajavad optimaalse j\u00f5udluse tagamiseks ja \u00f5nnetuste v\u00e4ltimiseks regulaarset hooldust.<\/p>\n<\/li>\n<\/ul>\n<p><img decoding=\"async\" src=\"https:\/\/www.hydraulic-cylinders.net\/wp-content\/uploads\/2025\/01\/songte-oil-pipes-and-spare-parts.webp\"><\/p>\n<h2>Toote tihendamine ja m\u00e4\u00e4rimine<\/h2>\n<p>Kopasilindrites kasutatakse h\u00fcdraulilise vedeliku lekke v\u00e4ltimiseks mitmesuguseid tihendeid, n\u00e4iteks kolvitihendeid, vardatihendeid ja klaasipuhasti tihendeid. Tihendid peavad olema valmistatud kulumiskindlatest materjalidest, n\u00e4iteks pol\u00fcuretaanist ja nitriilkummist. Silindri korpuse pind ja keermeotsad vajavad kulumiskindluse parandamiseks t\u00e4pset t\u00f6\u00f6tlemist. Silindri regulaarne m\u00e4\u00e4rimine hoiab \u00e4ra kulumise ja v\u00e4hendab lekke v\u00f5imalust. <\/p>\n<h2>Regulaarne kontroll ja ennetavad hooldusmeetmed<\/h2>\n<p>Kopasilindri regulaarne kontroll ja ennetav hooldus on toote pikaealisuse tagamiseks h\u00e4davajalikud. M\u00f5ned meetmed h\u00f5lmavad j\u00e4rgmist:<\/p>\n<ul>\n<li>\n<h3>Regulaarne kontroll<\/h3>\n<p>Ballooni v\u00e4lispinna, tihendite ja \u00fchenduste regulaarne kontroll kulumise, kahjustuste v\u00f5i lekete tuvastamiseks.<\/p>\n<\/li>\n<li>\n<h3>Sobiv m\u00e4\u00e4rimine<\/h3>\n<p>Silindri asjakohane m\u00e4\u00e4rimine h\u00fcdraulika\u00f5li v\u00f5i m\u00e4\u00e4rdega, et v\u00e4ltida kulumist ja v\u00e4hendada lekke v\u00f5imalust.<\/p>\n<\/li>\n<li>\n<h3>Tihendi vahetamine ja kalibreerimise kontroll<\/h3>\n<p>Optimaalse j\u00f5udluse tagamiseks tuleb tihendeid regulaarselt vahetada ja kalibreerida.<\/p>\n<\/li>\n<\/ul>\n<p><img decoding=\"async\" src=\"https:\/\/www.hydraulic-cylinders.net\/wp-content\/uploads\/2025\/01\/songte-chushion-collar.webp\"><\/p>\n<h2>Ohutuskaalutlused ja keskkonnategurid<\/h2>\n<p>Kopp-silindreid kasutatakse rasketes masinates ja need n\u00f5uavad ohutusmeetmeid, n\u00e4iteks silindri n\u00f5uetekohase joondamise ja kinnitamise tagamist. Keskkonnategurid, nagu temperatuur ja niiskus, v\u00f5ivad m\u00f5jutada silindri j\u00f5udlust ja neid tuleb j\u00e4lgida.<\/p>\n<h2>Vea diagnoosimine ja levinud probleemid<\/h2>\n<p>Kopasilindrite levinud probleemide hulka kuuluvad leke, silindri triivimine ja aeglane reageerimisaeg. Vea diagnoosimine h\u00f5lmab probleemi allika kindlakstegemist ja selle parandamiseks asjakohaste meetmete v\u00f5tmist. Ennetavad meetmed, nagu regulaarne kontroll ja hooldus, v\u00f5ivad v\u00e4hendada probleemide tekkimise v\u00f5imalust.<\/p>\n<p><img decoding=\"async\" src=\"https:\/\/www.hydraulic-cylinders.net\/wp-content\/uploads\/2025\/01\/songte-bushings-with-all-kinds-of-excavator-models.webp\"><\/p>\n<h2>Meist<\/h2>\n<p>Oleme juhtiv h\u00fcdrauliliste silindrite tootja ja hulgim\u00fc\u00fcja nii sise- kui ka rahvusvahelisel turul. Meie tootevalik on mitmekesine ja me p\u00fc\u00fcdleme suurep\u00e4rase kvaliteedi poole, kasutades tootmisjuhtimise strateegiat, mis p\u00f5hineb keerukate tootmist\u00f6\u00f6kodade industrialiseerimisel. Tehnoloogiliste talentide, tipptasemel digitaalsete tootmisseadmete ja professionaalse testimiss\u00fcsteemi abil t\u00e4iustame pidevalt tootmisplatvormi, parandame toodete kvaliteeti ja tootmismarsruute ning meil on tugevad loomingulised v\u00f5imed. Meie eesm\u00e4rk on rahuldada klientide mitmekesiseid vajadusi suure t\u00f5hususega, suure t\u00e4psuse ja k\u00f5rge kvaliteediga.<\/p>\n<ul>\n<li>\n<h3>Professionaalsus<\/h3>\n<p>Meil on professionaalsete inseneride ja tehnikute meeskond, kellel on ulatuslikud kogemused h\u00fcdrauliliste silindrite projekteerimisel ja tootmisel.<\/p>\n<\/li>\n<li>\n<h3>Rahvusvaheline sertifitseerimine<\/h3>\n<p>Meie h\u00fcdrosilindrid on sertifitseeritud vastavalt ISO 9001 ja CE standarditele, mis tagab kvaliteedi ja ohutuse.<\/p>\n<\/li>\n<li>\n<h3>Kohandamise teenused<\/h3>\n<p>Pakume kliendi erivajadustele vastavaid kohandamisteenuseid.<\/p>\n<\/li>\n<li>\n<h3>Tootmisseadmed<\/h3>\n<p>Kasutame t\u00e4iustatud tootmisseadmeid, nagu CNC-t\u00f6\u00f6tluskeskused, automaatsed keevitusmasinad ja pinnat\u00f6\u00f6tlusseadmed.<\/p>\n<\/li>\n<li>\n<h3>M\u00fc\u00fcgij\u00e4rgne teenindus<\/h3>\n<p>Pakume m\u00fc\u00fcgij\u00e4rgset teenindust, mis h\u00f5lmab hooldust, remonti ja varuosade vahetust, et tagada klientide rahulolu.<\/p>\n<\/li>\n<\/ul>\n<p><img decoding=\"async\" src=\"https:\/\/hzpt.com\/wp-content\/uploads\/2024\/11\/songte-company-1.webp\"><\/p>\n<h3>Autor: lyl<\/h3>","protected":false},"excerpt":{"rendered":"<p>Bucket Cylinder For Zoomlion Large Excavator ZE480ESP Introduction The Bucket Cylinder for Zoomlion Large Excavator ZE480ESP is a specialized hydraulic cylinder designed to control the movement of the bucket in heavy machinery such as excavators, backhoe excavators, and front-end loaders. Its main function is to enable the bucket to lift, lower, and tilt, making it [&hellip;]<\/p>","protected":false},"featured_media":14789,"comment_status":"open","ping_status":"closed","template":"","meta":{"_et_pb_use_builder":"","_et_pb_old_content":"","_et_gb_content_width":""},"product_brand":[],"product_cat":[1494],"product_tag":[1495,1496],"class_list":{"0":"post-15507","1":"product","2":"type-product","3":"status-publish","4":"has-post-thumbnail","6":"product_cat-bucket-cylinders","7":"product_tag-bucket-cylinders","8":"product_tag-hydraulic-cylinders","10":"first","11":"instock","12":"shipping-taxable","13":"product-type-simple"},"amp_enabled":true,"_links":{"self":[{"href":"https:\/\/www.hydraulic-cylinders.net\/et\/wp-json\/wp\/v2\/product\/15507","targetHints":{"allow":["GET"]}}],"collection":[{"href":"https:\/\/www.hydraulic-cylinders.net\/et\/wp-json\/wp\/v2\/product"}],"about":[{"href":"https:\/\/www.hydraulic-cylinders.net\/et\/wp-json\/wp\/v2\/types\/product"}],"replies":[{"embeddable":true,"href":"https:\/\/www.hydraulic-cylinders.net\/et\/wp-json\/wp\/v2\/comments?post=15507"}],"wp:featuredmedia":[{"embeddable":true,"href":"https:\/\/www.hydraulic-cylinders.net\/et\/wp-json\/wp\/v2\/media\/14789"}],"wp:attachment":[{"href":"https:\/\/www.hydraulic-cylinders.net\/et\/wp-json\/wp\/v2\/media?parent=15507"}],"wp:term":[{"taxonomy":"product_brand","embeddable":true,"href":"https:\/\/www.hydraulic-cylinders.net\/et\/wp-json\/wp\/v2\/product_brand?post=15507"},{"taxonomy":"product_cat","embeddable":true,"href":"https:\/\/www.hydraulic-cylinders.net\/et\/wp-json\/wp\/v2\/product_cat?post=15507"},{"taxonomy":"product_tag","embeddable":true,"href":"https:\/\/www.hydraulic-cylinders.net\/et\/wp-json\/wp\/v2\/product_tag?post=15507"}],"curies":[{"name":"wp","href":"https:\/\/api.w.org\/{rel}","templated":true}]}}