{"id":15511,"date":"2025-01-19T14:37:16","date_gmt":"2025-01-19T14:37:16","guid":{"rendered":"https:\/\/www.hydraulic-cylinders.net\/product\/bucket-cylinder-for-zoomlion-large-excavator-ze1250e\/"},"modified":"2025-01-19T14:37:18","modified_gmt":"2025-01-19T14:37:18","slug":"bucket-cylinder-for-zoomlion-large-excavator-ze1250e","status":"publish","type":"product","link":"https:\/\/www.hydraulic-cylinders.net\/et\/toode\/bucket-cylinder-for-zoomlion-large-excavator-ze1250e\/","title":{"rendered":"Zoomlion suure ekskavaatori ZE1250E kopa silinder"},"content":{"rendered":"<h1>Zoomlion suure ekskavaatori ZE1250E kopa silinder<\/h1>\n<h2>Sissejuhatus<\/h2>\n<h3>Definitsioon<\/h3>\n<p>A bucket cylinder is a type of hydraulic cylinder specially designed for controlling the movement of the bucket in heavy machinery such as excavators, backhoes, and front-end loaders. Its primary function is to enable the bucket to be lifted, lowered, and tilted, making it easier for the machine to handle a variety of materials. In the hydraulic system, the bucket cylinder controls the bucket&#8217;s precise movement through changes in hydraulic oil pressure, allowing operators to efficiently handle heavy loads and adapt to complex work environments and diverse operational needs.<\/p>\n<p><img decoding=\"async\" src=\"https:\/\/www.hydraulic-cylinders.net\/wp-content\/uploads\/2025\/01\/songte-company-2.webp\" alt=\"\u00c4mbri silindri pilt\"><\/p>\n<h2>Toote omadused<\/h2>\n<h3>Suur tugevus ja vastupidavus<\/h3>\n<p>Kopasilindrid on tavaliselt valmistatud \u00fclitugevast terasest v\u00f5i alumiiniumist, mis v\u00f5imaldab neil taluda k\u00f5rget r\u00f5hku ja suuri koormusi, kohaneda karmide t\u00f6\u00f6keskkondadega ning on konstrueeritud kulumis- ja korrosioonikindlust silmas pidades, pikendades nende kasutusiga.<\/p>\n<h3>T\u00f5hus h\u00fcdrauliline t\u00f6\u00f6<\/h3>\n<p>Kopa silinder kasutab sujuva pikenemise ja tagasit\u00f5mbamise saavutamiseks h\u00fcdraulilist \u00f5lir\u00f5hku, mis v\u00f5imaldab sellel kiiresti reageerida juhtimisk\u00e4sklustele, pakkuda v\u00f5imsaid t\u00f5uke- ja t\u00f5mbej\u00f5ude ning sobida raskete koormate ja keerukate t\u00f6\u00f6\u00fclesannete k\u00e4sitsemiseks.<\/p>\n<h3>Erinevad t\u00fc\u00fcbid<\/h3>\n<p>Kopasilindrid v\u00f5ivad olenevalt t\u00f6\u00f6vajadustest olla \u00fchetoimelised (h\u00fcdraulilist s\u00fcsteemi kasutatakse ainult \u00fches suunas) v\u00f5i kahetoimelised (h\u00fcdraulilist s\u00fcsteemi kasutatakse m\u00f5lemas suunas). M\u00f5ned mudelid on teleskoopilised, mis v\u00f5imaldab suuremat pikendust ilma v\u00e4lism\u00f5\u00f5tmeid suurendamata, mist\u00f5ttu need sobivad ruumipiirangutega rakenduste jaoks.<\/p>\n<h3>Toote saadavus<\/h3>\n<p>Meie ettev\u00f5te toodab ja tarnib mitmesuguseid kopasilindrite mudeleid, mis sobivad ideaalselt nende h\u00fcdrosilindrite asendamiseks.<\/p>\n<p><img decoding=\"async\" src=\"https:\/\/www.hydraulic-cylinders.net\/wp-content\/uploads\/2025\/01\/songte-cylinder-head-with-all-kinds-excavator-models.webp\" alt=\"Kopasilindri mudelid\"><\/p>\n<h2>Rakendused<\/h2>\n<h3>Ehitustehnika<\/h3>\n<p>Ekskavaatorites on need h\u00e4davajalikud pinnase v\u00f5i prahi kaevamiseks, laadimiseks ja teisaldamiseks. Ekskavaatoritel abistab kopa silinder kaevamisel ja t\u00f5stmisel. Esilaadurites aitavad need lasti t\u00f5husalt t\u00f5sta ja t\u00fchjendada.<\/p>\n<h3>P\u00f5llumajandustehnika<\/h3>\n<p>Kasutatakse esilaaduritel pinnase, heina ja muude materjalide kaevamiseks, t\u00f5stmiseks ja transportimiseks. Ekskavaatorites v\u00f5imaldab kopa silinder kaevamist, lastes kopal pinnasesse tungida.<\/p>\n<h2>Projekteerimiskaalutlused ja valikukriteeriumid<\/h2>\n<h3>Kandev\u00f5ime<\/h3>\n<p>The bucket cylinder&#8217;s ability to bear loads is a critical design consideration. It should be able to withstand the forces generated by the bucket and the materials it carries.<\/p>\n<h3>Tihendus<\/h3>\n<p>The bucket cylinder&#8217;s sealing is essential because if the cylinder is not well-sealed, the hydraulic oil could leak, and the cylinder&#8217;s function could be compromised. The piston seal ring, rod seal ring, and other sealing elements must be made of materials that are resistant to wear and corrosion.<\/p>\n<h3>Vastupidavus<\/h3>\n<p>The bucket cylinder&#8217;s durability is a crucial aspect of its design. The cylinder must be able to withstand harsh environmental conditions, such as extreme temperatures, moisture, saltwater, and other corrosive substances, without experiencing significant wear or damage.<\/p>\n<h3>Ohutus<\/h3>\n<p>\u00c4mbriballoon tuleb konstrueerida ohutust silmas pidades. Ballooni \u00fclekoormuse v\u00f5i \u00f5nnetuste v\u00e4ltimiseks tuleks paigaldada ohutusfunktsioonid, n\u00e4iteks \u00fcler\u00f5huventiilid, tagasil\u00f6\u00f6giklapid ja muud ohutusseadmed.<\/p>\n<h3>Hooldus<\/h3>\n<p>Kopa silinder peaks olema konstrueeritud h\u00f5lpsaks hooldamiseks. See peaks olema kergesti ligip\u00e4\u00e4setav, lahtiv\u00f5etav ja uuesti kokkupandav, v\u00f5imaldades hoolduspersonalil osi h\u00f5lpsalt kontrollida, vahetada v\u00f5i parandada.<\/p>\n<p><img decoding=\"async\" src=\"https:\/\/www.hydraulic-cylinders.net\/wp-content\/uploads\/2025\/01\/songte-oil-pipes-and-spare-parts.webp\" alt=\"Kopa silindri osad\"><\/p>\n<h2>Tihendus ja m\u00e4\u00e4rimine<\/h2>\n<p>Kopasilindri tihendamiseks kasutatakse mitmesuguseid tihendeid, n\u00e4iteks kolvi- ja vardatihendeid, mis on valmistatud kulumiskindlatest materjalidest, n\u00e4iteks pol\u00fcuretaanist ja nitriilkummist. Silindri korpus ja keermestatud ava pind l\u00e4bivad peene t\u00f6\u00f6tluse, et parandada kulumiskindlust. Silindri m\u00e4\u00e4rimiseks ja sujuva t\u00f6\u00f6 tagamiseks lisatakse regulaarselt piisavalt h\u00fcdraulika\u00f5li.<\/p>\n<h2>Kontrolli ja ennetava hoolduse meetmed<\/h2>\n<p>Regular maintenance, lubrication, and replacement of worn seals are essential maintenance tasks for bucket cylinders. Correct installation, lubrication, and adjustment of the cylinder are crucial to its performance. During the installation process, aligning the cylinder correctly and using appropriate installation brackets to secure it is recommended. We also recommend following the recommended inspection, repair, and replacement procedures to extend the cylinder&#8217;s service life.<\/p>\n<p><img decoding=\"async\" src=\"https:\/\/www.hydraulic-cylinders.net\/wp-content\/uploads\/2025\/01\/songte-chushion-collar.webp\" alt=\"\u00c4mbri silindri krae\"><\/p>\n<h2>Ohutus- ja keskkonnakaalutlused<\/h2>\n<p>Kopasilindrite kasutamisel tuleb \u00f5nnetuste v\u00e4ltimiseks v\u00f5tta ohutusmeetmeid. Operaatoritele tuleks pakkuda koolitust, et nad m\u00f5istaksid n\u00f5uetekohast kasutamist ja ohutusprotseduure. Kasutatud h\u00fcdraulika\u00f5li, filtrite ja muude komponentide n\u00f5uetekohane utiliseerimine on keskkonnam\u00f5ju minimeerimiseks \u00fclioluline.<\/p>\n<h2>Veaotsing ja levinud probleemid<\/h2>\n<p>Kopasilindrite k\u00f5ige levinumad probleemid on lekked, vigased tihendid ja silindri kahjustused. Regulaarne kontroll ja hooldus aitavad neid probleeme v\u00e4ltida. Probleemide ilmnemisel on oluline need kiiresti diagnoosida ja parandada, et v\u00e4ltida edasisi kahjustusi, mis v\u00f5ivad viia seadmete riketeni.<\/p>\n<p><img decoding=\"async\" src=\"https:\/\/www.hydraulic-cylinders.net\/wp-content\/uploads\/2025\/01\/songte-bushings-with-all-kinds-of-excavator-models.webp\" alt=\"Kopa silindri puksid\"><\/p>\n<h2>Meie ettev\u00f5ttest<\/h2>\n<p>Oleme asendush\u00fcdrauliliste silindrite tootja, pakkudes laia tootevalikut ning olles \u00fcks juhtivaid h\u00fcdrosilindrite tootjaid ja hulgim\u00fc\u00fcjaid nii sise- kui ka rahvusvahelistel turgudel. J\u00e4rgime kvaliteedi tipptaseme p\u00f5him\u00f5tet, tugineme peentootmist\u00f6\u00f6kodades industrialiseeritud tootmise juhtimise strateegiatele ning t\u00e4iustame pidevalt tootmisplatvormi ja tootekvaliteedi teed tehnoloogiliste oskuste, digitaalsete tipptasemel tootmisseadmete ja professionaalsete testimiss\u00fcsteemide osas. Meie tooted on t\u00f5husad, t\u00e4psed ja kvaliteetsed, vastates klientide erinevatele vajadustele.<\/p>\n<p><strong>Eriala:<\/strong> Meie ettev\u00f5te on spetsialiseerunud asendush\u00fcdrauliliste silindrite tootmisele.<\/p>\n<p><strong>Rahvusvaheline sertifitseerimine:<\/strong> Meie tooted on sertifitseeritud rahvusvaheliste standardite, n\u00e4iteks ISO, SGS ja CE, j\u00e4rgi.<\/p>\n<p><strong>Kohandamise teenus:<\/strong> Pakume kliendi spetsifikatsioonidele vastavaid kohandamisteenuseid.<\/p>\n<p><strong>Tootmisseadmed:<\/strong> Meil on t\u00e4iustatud tootmisseadmed, n\u00e4iteks CNC-treipingid, CNC-t\u00f6\u00f6tluskeskused ja testimisseadmed.<\/p>\n<p><strong>M\u00fc\u00fcgij\u00e4rgne teenindus:<\/strong> Pakume klientidele tehnilist tuge, garantiiteenindust ja tehnilist abi kaugteenusena. <\/p>\n<p><img decoding=\"async\" src=\"https:\/\/hzpt.com\/wp-content\/uploads\/2024\/11\/songte-company-1.webp\" alt=\"Ettev\u00f5tte kuvand\"><\/p>\n<p>Autor: lyl<\/p>","protected":false},"excerpt":{"rendered":"<p>Bucket Cylinder For Zoomlion Large Excavator ZE1250E Introduction Definition A bucket cylinder is a type of hydraulic cylinder specially designed for controlling the movement of the bucket in heavy machinery such as excavators, backhoes, and front-end loaders. Its primary function is to enable the bucket to be lifted, lowered, and tilted, making it easier for [&hellip;]<\/p>","protected":false},"featured_media":14784,"comment_status":"open","ping_status":"closed","template":"","meta":{"_et_pb_use_builder":"","_et_pb_old_content":"","_et_gb_content_width":""},"product_brand":[],"product_cat":[1494],"product_tag":[1495,1496],"class_list":{"0":"post-15511","1":"product","2":"type-product","3":"status-publish","4":"has-post-thumbnail","6":"product_cat-bucket-cylinders","7":"product_tag-bucket-cylinders","8":"product_tag-hydraulic-cylinders","10":"first","11":"instock","12":"shipping-taxable","13":"product-type-simple"},"amp_enabled":true,"_links":{"self":[{"href":"https:\/\/www.hydraulic-cylinders.net\/et\/wp-json\/wp\/v2\/product\/15511","targetHints":{"allow":["GET"]}}],"collection":[{"href":"https:\/\/www.hydraulic-cylinders.net\/et\/wp-json\/wp\/v2\/product"}],"about":[{"href":"https:\/\/www.hydraulic-cylinders.net\/et\/wp-json\/wp\/v2\/types\/product"}],"replies":[{"embeddable":true,"href":"https:\/\/www.hydraulic-cylinders.net\/et\/wp-json\/wp\/v2\/comments?post=15511"}],"wp:featuredmedia":[{"embeddable":true,"href":"https:\/\/www.hydraulic-cylinders.net\/et\/wp-json\/wp\/v2\/media\/14784"}],"wp:attachment":[{"href":"https:\/\/www.hydraulic-cylinders.net\/et\/wp-json\/wp\/v2\/media?parent=15511"}],"wp:term":[{"taxonomy":"product_brand","embeddable":true,"href":"https:\/\/www.hydraulic-cylinders.net\/et\/wp-json\/wp\/v2\/product_brand?post=15511"},{"taxonomy":"product_cat","embeddable":true,"href":"https:\/\/www.hydraulic-cylinders.net\/et\/wp-json\/wp\/v2\/product_cat?post=15511"},{"taxonomy":"product_tag","embeddable":true,"href":"https:\/\/www.hydraulic-cylinders.net\/et\/wp-json\/wp\/v2\/product_tag?post=15511"}],"curies":[{"name":"wp","href":"https:\/\/api.w.org\/{rel}","templated":true}]}}