{"id":15514,"date":"2025-01-19T14:37:28","date_gmt":"2025-01-19T14:37:28","guid":{"rendered":"https:\/\/www.hydraulic-cylinders.net\/product\/bucket-cylinder-for-sunward-small-excavator-swe90e\/"},"modified":"2025-01-19T14:37:30","modified_gmt":"2025-01-19T14:37:30","slug":"bucket-cylinder-for-sunward-small-excavator-swe90e","status":"publish","type":"product","link":"https:\/\/www.hydraulic-cylinders.net\/et\/toode\/bucket-cylinder-for-sunward-small-excavator-swe90e\/","title":{"rendered":"Kopa silinder Sunward v\u00e4ikeekskavaatorile SWE90E"},"content":{"rendered":"<p><!DOCTYPE html><br \/>\n<html><br \/>\n<head><br \/>\n  <title>Kopa silinder Sunward v\u00e4ikeekskavaatorile SWE90E<\/title><br \/>\n<\/head><br \/>\n<body><\/p>\n<h1>Kopa silinder Sunward v\u00e4ikeekskavaatorile SWE90E<\/h1>\n<h2>Sissejuhatus<\/h2>\n<p>Kopa silinder on spetsiaalselt konstrueeritud h\u00fcdrauliline silinder, mida kasutatakse kopa liikumise juhtimiseks rasketes masinates, n\u00e4iteks ekskavaatorites, laadurites ja laadurites. Selle peamine \u00fclesanne on v\u00f5imaldada kopa t\u00f5stmist, langetamist ja kallutamist, muutes selle lihtsamaks mitmesuguste materjalik\u00e4itlust\u00f6\u00f6de jaoks. H\u00fcdraulilises s\u00fcsteemis saavutab kopa silinder kopa t\u00e4pse juhtimise h\u00fcdraulika\u00f5li r\u00f5humuutuse abil, v\u00f5imaldades operaatoritel t\u00f5husalt k\u00e4sitseda raskeid koormaid ning kohaneda keerukate t\u00f6\u00f6keskkondade ja mitmekesiste t\u00f6\u00f6vajadustega.<\/p>\n<p>  <img decoding=\"async\" src=\"https:\/\/www.hydraulic-cylinders.net\/wp-content\/uploads\/2025\/01\/songte-company-2.webp\" alt=\"\u00c4mbri silindri pilt\"><\/p>\n<h2>Omadused<\/h2>\n<ul>\n<li>Suur tugevus ja vastupidavus: Tavaliselt valmistatud \u00fclitugevast terasest v\u00f5i alumiiniumist, talub k\u00f5rget r\u00f5hku ja suuri koormusi, kohandub karmide t\u00f6\u00f6keskkondadega. Projekteerimisel on arvestatud kulumiskindluse ja korrosioonikindlusega, pikendades selle eluiga.<\/li>\n<li>T\u00f5hus h\u00fcdrauliline t\u00f6\u00f6: H\u00fcdraulika\u00f5li r\u00f5hu kasutamine sujuva pikendus- ja tagasit\u00f5mbamise saavutamiseks, kiire reageerimine juhtimisk\u00e4sklustele, pakkudes v\u00f5imsaid t\u00f5uke- ja t\u00f5mbej\u00f5ude, mis sobivad raskete koormate ja keerukate t\u00f6\u00f6\u00fclesannete k\u00e4sitsemiseks.<\/li>\n<li>Erinevad t\u00fc\u00fcbid: Saab valida \u00fchetoimeliste (h\u00fcdrauliline ainult \u00fches suunas) v\u00f5i kahetoimeliste (h\u00fcdrauliline m\u00f5lemas suunas) silindritena, et rahuldada erinevaid t\u00f6\u00f6vajadusi. M\u00f5ned mudelid on teleskoopilised, v\u00f5imaldades suuremat pikendust ilma v\u00e4lism\u00f5\u00f5tmeid suurendamata, sobides piiratud ruumiga rakenduste jaoks.<\/li>\n<li>Rakenduse mitmek\u00fclgsus: Kopasilindrid m\u00e4ngivad olulist rolli erinevates ehitusmasinates, n\u00e4iteks ekskavaatorites, laadurites ja tagalaadurites. Need aitavad nendes masinates kaevamis-, t\u00f5stmis-, laadimis- ja t\u00fchjendust\u00f6\u00f6del.<\/li>\n<li>T\u00e4iuslik asendus: Meie tooted suudavad neid h\u00fcdrosilindreid ideaalselt asendada. <\/li>\n<\/ul>\n<p>  <img decoding=\"async\" src=\"https:\/\/www.hydraulic-cylinders.net\/wp-content\/uploads\/2025\/01\/songte-cylinder-head-with-all-kinds-excavator-models.webp\" alt=\"\u00c4mbri silindri asendamise pilt\"><\/p>\n<h2>Rakendused<\/h2>\n<h3>Ehitustehnika<\/h3>\n<p>Ekskavaatorites on need h\u00e4davajalikud kaevamiseks, laadimiseks ja pinnase v\u00f5i prahi teisaldamiseks. Ekskavaatorites aitavad kopasilindrid nii kaevamisel kui ka t\u00f5stmisel. <\/p>\n<h3>P\u00f5llumajandustehnika<\/h3>\n<p>Esilaadurite jaoks kasutatakse neid mulla, heina ja muude materjalide k\u00fchveldamisel, t\u00f5stmisel ja transportimisel.<\/p>\n<h3>Ekskavaatorid<\/h3>\n<p>Kopasilindrid v\u00f5imaldavad kaevamistoiminguid, lastes kopal pinnasesse tungida. <\/p>\n<h3>Laadurid<\/h3>\n<p>Esilaadurites aitavad need kaupu t\u00f5husalt t\u00f5sta ja kallutada.<\/p>\n<p>  <img decoding=\"async\" src=\"https:\/\/www.hydraulic-cylinders.net\/wp-content\/uploads\/2025\/01\/songte-bushings-with-all-kinds-of-excavator-models.webp\" alt=\"Kopasilindri rakenduste pilt\"><\/p>\n<h2>Projekteerimiskaalutlused ja valikukriteeriumid<\/h2>\n<ul>\n<li>Kandev\u00f5ime: Silindri konstruktsioonil tuleks arvestada kandev\u00f5imega, et tagada t\u00f5hus ja ohutu t\u00f6\u00f6.<\/li>\n<li>Tihendus: Kasutatakse mitmesuguseid tihenduskomponente, n\u00e4iteks kolvitihendeid ja varrastihendeid, mis on valmistatud kulumiskindlatest materjalidest, n\u00e4iteks pol\u00fcuretaanist ja nitriilkummist. Silindri korpus ja keermestatud otsad l\u00e4bivad kulumiskindluse suurendamiseks hoolika t\u00f6\u00f6tluse.<\/li>\n<li>Vastupidavus: Projekteerimisel tuleks seada esikohale pikaealisus, v\u00f5ttes arvesse selliseid tegureid nagu korrosioonikindlus ja v\u00f5ime taluda karme t\u00f6\u00f6tingimusi.<\/li>\n<li>Ohutus: Ohutu t\u00f6\u00f6 tagamiseks on arvesse v\u00f5etud ohutusfunktsioone, nagu r\u00f5huvabastusventiilid ja n\u00f5uetekohased paigaldusjuhised.<\/li>\n<li>Hooldus: Projekteerimine peaks h\u00f5lbustama h\u00f5lpsat hooldust ja remonti ning sisaldama soovitusi regulaarsete kontrollide, m\u00e4\u00e4rimise ja tihendite vahetamise kohta.<\/li>\n<\/ul>\n<p>  <img decoding=\"async\" src=\"https:\/\/www.hydraulic-cylinders.net\/wp-content\/uploads\/2025\/01\/songte-oil-pipes-and-spare-parts.webp\" alt=\"\u00c4mbri silindri kujunduspilt\"><\/p>\n<h2>Tihendus ja m\u00e4\u00e4rimine<\/h2>\n<p>Kasutatakse mitmesuguseid tihenduskomponente, n\u00e4iteks kolvitihendeid ja varrastihendeid. Need tihenduskomponendid on valmistatud vastupidavatest materjalidest, nagu pol\u00fcuretaan ja nitriilkummi, et taluda kulumist. Silindri korpus ja keermestatud otsad l\u00e4bivad t\u00e4pse t\u00f6\u00f6tluse, et parandada kulumiskindlust. N\u00f5uetekohaseks t\u00f6\u00f6ks on vajalik regulaarne m\u00e4\u00e4rimine sobiva koguse h\u00fcdraulika\u00f5liga.<\/p>\n<h2>Regulaarsed kontrollid ja ennetav hooldus<\/h2>\n<p>Kopasilindri pikaealisuse tagamiseks on \u00fclioluline regulaarne kontroll ja ennetav hooldus. J\u00e4rgida tuleks j\u00e4rgmisi meetmeid:<\/p>\n<ul>\n<li>Kontrollige silindrit kulumise, lekke v\u00f5i kahjustuste suhtes.<\/li>\n<li>M\u00e4\u00e4rige k\u00f5iki liikuvaid osi korralikult.<\/li>\n<li>Optimaalse j\u00f5udluse s\u00e4ilitamiseks vahetage tihendeid regulaarselt.<\/li>\n<li>T\u00e4pse t\u00f6\u00f6 tagamiseks tehke kalibreerimiskontroll.<\/li>\n<\/ul>\n<p>  <img decoding=\"async\" src=\"https:\/\/www.hydraulic-cylinders.net\/wp-content\/uploads\/2025\/01\/songte-chushion-collar.webp\" alt=\"Kopa silindri hoolduspilt\"><\/p>\n<h2>Ohutuskaalutlused ja keskkonnategurid<\/h2>\n<p>Kopasilindrite kasutamisel on oluline j\u00e4rgida ohutusmeetmeid, et v\u00e4ltida \u00f5nnetusi ja tagada ohutu t\u00f6\u00f6. Riskide minimeerimiseks on \u00fclioluline piisav v\u00e4lja\u00f5pe ja ohutusjuhiste j\u00e4rgimine. Arvesse tuleks v\u00f5tta ka keskkonnategureid, n\u00e4iteks kasutatud h\u00fcdraulika\u00f5li n\u00f5uetekohast k\u00f5rvaldamist ja keskkonnan\u00f5uete j\u00e4rgimist.<\/p>\n<h2>Veaotsing ja levinud probleemid<\/h2>\n<p>Kopasilindritega seotud levinud probleemide hulka kuuluvad leke, ebapiisav j\u00f5ud ja eba\u00fchtlane liikumine. Nende probleemide lahendamiseks toimige j\u00e4rgmiselt.<\/p>\n<ul>\n<li>Kontrollige n\u00e4htavaid lekkeid ja parandage need viivitamatult.<\/li>\n<li>Veenduge, et h\u00fcdraulikas\u00fcsteemis on \u00f5ige r\u00f5hk ja vedeliku tase.<\/li>\n<li>Kontrollige ja puhastage silindri osi regulaarselt, et eemaldada praht v\u00f5i saaste.<\/li>\n<li>Kui probleemid p\u00fcsivad, p\u00f6\u00f6rduge edasiseks t\u00f5rkeotsinguks ja remondiks spetsialisti poole.<\/li>\n<\/ul>\n<p>  <img decoding=\"async\" src=\"https:\/\/hzpt.com\/wp-content\/uploads\/2024\/11\/songte-company-1.webp\" alt=\"\u00c4mbrisilindri t\u00f5rkeotsingu pilt\"><\/p>\n<h2>Ettev\u00f5tte \u00fclevaade<\/h2>\n<p>  <img decoding=\"async\" src=\"https:\/\/www.hydraulic-cylinders.net\/wp-content\/uploads\/2025\/01\/songte-company-3.webp\" alt=\"Ettev\u00f5tte \u00fclevaate pilt\"><\/p>\n<p>We are a manufacturer of replacement hydraulic cylinders and one of the leading manufacturers and wholesale distributors in the domestic and international markets. With a focus on excellent quality and industrialized production management strategies in our sophisticated manufacturing workshops, we constantly improve our manufacturing platform and product quality production routes. Our company has a strong creative ability, aiming to meet customers&#8217; diverse needs with high efficiency, high precision, and high-quality principles.<\/p>\n<h3>Meie tugevused:<\/h3>\n<ul>\n<li>Professionaalsus<\/li>\n<li>Rahvusvahelised sertifikaadid<\/li>\n<li>Kohandamise teenused<\/li>\n<li>T\u00e4iustatud tootmisseadmed<\/li>\n<li>M\u00fc\u00fcgij\u00e4rgne teenindus<\/li>\n<\/ul>\n<p>Pane t\u00e4hele, et selle artikli autor on lyl.<\/p>\n<p><\/body><br \/>\n<\/html><\/p>","protected":false},"excerpt":{"rendered":"<p>Bucket Cylinder For Sunward Small Excavator SWE90E Bucket Cylinder For Sunward Small Excavator SWE90E Introduction A bucket cylinder is a specially designed hydraulic cylinder used to control the movement of the bucket in heavy machinery such as excavators, backhoes, and loaders. Its main function is to enable the bucket to lift, lower, and tilt, making [&hellip;]<\/p>","protected":false},"featured_media":14778,"comment_status":"open","ping_status":"closed","template":"","meta":{"_et_pb_use_builder":"","_et_pb_old_content":"","_et_gb_content_width":""},"product_brand":[],"product_cat":[1494],"product_tag":[1495,1496],"class_list":{"0":"post-15514","1":"product","2":"type-product","3":"status-publish","4":"has-post-thumbnail","6":"product_cat-bucket-cylinders","7":"product_tag-bucket-cylinders","8":"product_tag-hydraulic-cylinders","10":"first","11":"instock","12":"shipping-taxable","13":"product-type-simple"},"amp_enabled":true,"_links":{"self":[{"href":"https:\/\/www.hydraulic-cylinders.net\/et\/wp-json\/wp\/v2\/product\/15514","targetHints":{"allow":["GET"]}}],"collection":[{"href":"https:\/\/www.hydraulic-cylinders.net\/et\/wp-json\/wp\/v2\/product"}],"about":[{"href":"https:\/\/www.hydraulic-cylinders.net\/et\/wp-json\/wp\/v2\/types\/product"}],"replies":[{"embeddable":true,"href":"https:\/\/www.hydraulic-cylinders.net\/et\/wp-json\/wp\/v2\/comments?post=15514"}],"wp:featuredmedia":[{"embeddable":true,"href":"https:\/\/www.hydraulic-cylinders.net\/et\/wp-json\/wp\/v2\/media\/14778"}],"wp:attachment":[{"href":"https:\/\/www.hydraulic-cylinders.net\/et\/wp-json\/wp\/v2\/media?parent=15514"}],"wp:term":[{"taxonomy":"product_brand","embeddable":true,"href":"https:\/\/www.hydraulic-cylinders.net\/et\/wp-json\/wp\/v2\/product_brand?post=15514"},{"taxonomy":"product_cat","embeddable":true,"href":"https:\/\/www.hydraulic-cylinders.net\/et\/wp-json\/wp\/v2\/product_cat?post=15514"},{"taxonomy":"product_tag","embeddable":true,"href":"https:\/\/www.hydraulic-cylinders.net\/et\/wp-json\/wp\/v2\/product_tag?post=15514"}],"curies":[{"name":"wp","href":"https:\/\/api.w.org\/{rel}","templated":true}]}}