{"id":15530,"date":"2025-01-19T14:38:38","date_gmt":"2025-01-19T14:38:38","guid":{"rendered":"https:\/\/www.hydraulic-cylinders.net\/product\/bucket-cylinder-for-sunward-wheel-excavator-swe130w\/"},"modified":"2025-01-19T14:38:46","modified_gmt":"2025-01-19T14:38:46","slug":"bucket-cylinder-for-sunward-wheel-excavator-swe130w","status":"publish","type":"product","link":"https:\/\/www.hydraulic-cylinders.net\/et\/toode\/bucket-cylinder-for-sunward-wheel-excavator-swe130w\/","title":{"rendered":"Kopa silinder Sunward ratasekskavaatorile SWE130W"},"content":{"rendered":"<p><!DOCTYPE html><br \/>\n<html><br \/>\n<head><br \/>\n<title>Kopa silinder Sunward ratasekskavaatorile SWE130W<\/title><br \/>\n<\/head><br \/>\n<body><\/p>\n<h1>Kopa silinder Sunward ratasekskavaatorile SWE130W<\/h1>\n<h2>Sissejuhatus<\/h2>\n<p>Kopa silinder on spetsiaalselt konstrueeritud h\u00fcdrauliline silinder, mida kasutatakse kopa liikumise juhtimiseks rasketes masinates, n\u00e4iteks ekskavaatorites, laadur-ekskavaatorites ja rataslaadurites. Selle peamine \u00fclesanne on v\u00f5imaldada kopa t\u00f5stmist, langetamist ja kallutamist, h\u00f5lbustades mitmesuguseid materjali k\u00e4itlemise \u00fclesandeid. H\u00fcdraulilises s\u00fcsteemis saavutab kopa silinder kopa t\u00e4pse juhtimise h\u00fcdraulika\u00f5li r\u00f5humuutuste abil, v\u00f5imaldades operaatoritel t\u00f5husalt k\u00e4sitseda raskeid koormaid ning kohaneda keerukate t\u00f6\u00f6keskkondade ja mitmekesiste t\u00f6\u00f6n\u00f5uetega.<\/p>\n<p><img decoding=\"async\" src=\"https:\/\/www.hydraulic-cylinders.net\/wp-content\/uploads\/2025\/01\/songte-company-2.webp\"><\/p>\n<h2>Omadused<\/h2>\n<ul>\n<li>Suur tugevus ja vastupidavus: Tavaliselt valmistatud \u00fclitugevast terasest v\u00f5i alumiiniumist, talub k\u00f5rget r\u00f5hku ja suuri koormusi, on kohandatav karmide t\u00f6\u00f6keskkondadega, on konstrueeritud kulumiskindlust ja korrosioonikindlust silmas pidades, pikendades kasutusiga.<\/li>\n<li>T\u00f5hus h\u00fcdrauliline t\u00f6\u00f6: Kasutab h\u00fcdraulika\u00f5li r\u00f5hku sujuvate pikendus- ja tagasit\u00f5mbamisliigutuste saavutamiseks, reageerib kiiresti juhtimisk\u00e4sklustele, pakub v\u00f5imsaid t\u00f5uke- ja t\u00f5mbej\u00f5ude, sobib raskete koormate ja keerukate t\u00f6\u00f6\u00fclesannete k\u00e4sitsemiseks.<\/li>\n<li>Erinevad t\u00fc\u00fcbid: vastavalt vajadusele saab valida \u00fchetoimelisi (h\u00fcdrauliliselt ainult \u00fches suunas) v\u00f5i kahetoimelisi (h\u00fcdrauliliselt m\u00f5lemas suunas) silindreid, m\u00f5ned mudelid on teleskoopilised, v\u00f5imaldades suuremat pikendamist ilma v\u00e4lism\u00f5\u00f5tmeid suurendamata, sobides piiratud ruumiga rakenduste jaoks.<\/li>\n<\/ul>\n<p><img decoding=\"async\" src=\"https:\/\/www.hydraulic-cylinders.net\/wp-content\/uploads\/2025\/01\/songte-cylinder-head-with-all-kinds-excavator-models.webp\"><\/p>\n<h2>Rakendused<\/h2>\n<h3>Ehitustehnika<\/h3>\n<p>Ekskavaatorites on need olulised kaevamiseks, laadimiseks ja pinnase v\u00f5i prahi teisaldamiseks. Ekskavaator-laadurites aitab kopa silinder nii kaevamisel kui ka t\u00f5stmisel.<\/p>\n<h3>P\u00f5llumajandustehnika<\/h3>\n<p>Kasutatakse esilaadurites mulla, heina ja muude materjalide kopeerimiseks, t\u00f5stmiseks ja transportimiseks.<\/p>\n<h3>Ekskavaatorid<\/h3>\n<p>Kopasilindrid v\u00f5imaldavad kaevamistoiminguid, lastes kopal pinnasesse tungida.<\/p>\n<h3>Rataslaadurid<\/h3>\n<p>Frontaallaadurites aitavad need kaupu t\u00f5husalt t\u00f5sta ja maha laadida.<\/p>\n<h2>Projekteerimiskaalutlused ja valikukriteeriumid<\/h2>\n<ul>\n<li>Kandev\u00f5ime: Silinder peaks olema konstrueeritud nii, et see taluks etten\u00e4htud koormusi ilma purunemata.<\/li>\n<li>Tihendus: N\u00f5uetekohase tihenduse tagamiseks tuleks kasutada mitmesuguseid tihenduselemente, n\u00e4iteks kolvitihendeid ja varrastihendeid, mis on valmistatud kulumiskindlatest materjalidest, n\u00e4iteks pol\u00fcuretaanist ja nitriilkummist.<\/li>\n<li>Vastupidavus: Silindri korpus ja keermestatud otsad peaksid kulumiskindluse suurendamiseks l\u00e4bima peene t\u00f6\u00f6tluse.<\/li>\n<li>Ohutus: \u00d5nnetuste v\u00e4ltimiseks ja operaatori kaitse tagamiseks tuleks projekteerimisel arvestada ohutuskaalutlustega.<\/li>\n<li>Hooldatavus: Silinder peaks olema konstrueeritud nii, et seda oleks lihtne hooldada ja osi oleks mugav vahetada.<\/li>\n<\/ul>\n<p><img decoding=\"async\" src=\"https:\/\/www.hydraulic-cylinders.net\/wp-content\/uploads\/2025\/01\/songte-oil-pipes-and-spare-parts.webp\"><\/p>\n<h2>Tihendus ja m\u00e4\u00e4rimine<\/h2>\n<p>Kasutada tuleks mitmesuguseid tihenduskomponente, n\u00e4iteks kulumiskindlatest materjalidest kolvitihendeid ja varrastihendeid. Silindri korpus ja keermestatud otsad tuleks kulumiskindluse parandamiseks peenelt t\u00f6\u00f6delda. Sujuva t\u00f6\u00f6 tagamiseks on vaja regulaarselt m\u00e4\u00e4rida sobiva koguse h\u00fcdraulika\u00f5liga.<\/p>\n<h2>Regulaarne kontroll ja ennetav hooldus<\/h2>\n<ul>\n<li>Kontrollige silindrit regulaarselt lekete, kahjustuste v\u00f5i kulumise tunnuste suhtes.<\/li>\n<li>Tagage k\u00f5igi liikuvate osade n\u00f5uetekohane m\u00e4\u00e4rimine.<\/li>\n<li>Optimaalse j\u00f5udluse s\u00e4ilitamiseks vahetage kulunud tihendeid regulaarselt.<\/li>\n<li>T\u00e4pse t\u00f6\u00f6 tagamiseks tehke kalibreerimiskontroll.<\/li>\n<\/ul>\n<p><img decoding=\"async\" src=\"https:\/\/www.hydraulic-cylinders.net\/wp-content\/uploads\/2025\/01\/songte-chushion-collar.webp\"><\/p>\n<h2>Ohutuskaalutlused ja keskkonnategurid<\/h2>\n<p>H\u00fcdrauliliste silindrite kasutamisel on oluline j\u00e4rgida ohutusmeetmeid, et v\u00e4ltida \u00f5nnetusi ja tagada operaatorite heaolu. Silindri pikaealisuse ja j\u00f5udluse tagamiseks tuleks arvesse v\u00f5tta ka keskkonnategureid, nagu temperatuur ja kokkupuude kemikaalidega.<\/p>\n<h2>Veaotsing ja levinud probleemid<\/h2>\n<ul>\n<li>Probleem: Silindrilt lekib \u00f5li.<\/li>\n<li>Lahendus: Kontrollige kahjustatud tihendeid ja vajadusel vahetage need v\u00e4lja.<\/li>\n<li>Probleem: Silinder ei ulatu korralikult v\u00e4lja ega t\u00f5mbu tagasi.<\/li>\n<li>Lahendus: Kontrollige ummistusi v\u00f5i kahjustatud sisemisi komponente ja tehke vajalikud parandust\u00f6\u00f6d.<\/li>\n<\/ul>\n<p><img decoding=\"async\" src=\"https:\/\/www.hydraulic-cylinders.net\/wp-content\/uploads\/2025\/01\/songte-bushings-with-all-kinds-of-excavator-models.webp\"><\/p>\n<p>Regulaarne hooldus ja kiire t\u00f5rkeotsing aitavad probleeme t\u00f5husalt diagnoosida ja lahendada. Ennetavate meetmete rakendamine aitab potentsiaalseid probleeme minimeerida.<\/p>\n<h2>Meie ettev\u00f5ttest<\/h2>\n<p>Oleme asendush\u00fcdrauliliste silindrite tootja, pakkudes laia tootevalikut. Olles \u00fcks juhtivaid h\u00fcdrosilindrite tootjaid ja hulgim\u00fc\u00fcjaid nii sise- kui ka rahvusvahelisel turul, j\u00e4rgime suurep\u00e4rase kvaliteedi p\u00f5him\u00f5tteid. Meie t\u00e4iustatud tootmist\u00f6\u00f6kojas tugineme t\u00f6\u00f6stusliku tootmise juhtimise strateegiatele, et pidevalt oma tootmisplatvormi t\u00e4iustada. Tugeva innovatsiooniv\u00f5imega p\u00fc\u00fcame rahuldada klientide mitmekesiseid vajadusi suure t\u00f5hususega, t\u00e4psuse ja kvaliteediga. <\/p>\n<p><img decoding=\"async\" src=\"https:\/\/www.hydraulic-cylinders.net\/wp-content\/uploads\/2025\/01\/songte-company-3.webp\"><\/p>\n<h3>Professionaalsus<\/h3>\n<p>Meie ettev\u00f5te j\u00e4rgib k\u00f5rgeid professionaalsuse standardeid k\u00f5igis oma tegevuse aspektides.<\/p>\n<h3>Rahvusvaheline sertifitseerimine<\/h3>\n<p>Meil on rahvusvahelised sertifikaadid, mis kinnitavad meie toodete kvaliteeti ja usaldusv\u00e4\u00e4rsust.<\/p>\n<h3>Kohandamise teenused<\/h3>\n<p>Pakume kohandatud lahendusi, et rahuldada klientide erivajadusi.<\/p>\n<h3>Tootmisseadmed<\/h3>\n<p>Kasutame t\u00e4iustatud tootmisseadmeid, et tagada meie toodete t\u00e4psus ja kvaliteet.<\/p>\n<h3>M\u00fc\u00fcgij\u00e4rgne teenindus<\/h3>\n<p>Pakume oma toodete pikaealisuse tagamiseks igak\u00fclgset m\u00fc\u00fcgij\u00e4rgset teenindust, mis h\u00f5lmab nii varuosi kui ka remondit\u00f6id.<\/p>\n<p><img decoding=\"async\" src=\"https:\/\/hzpt.com\/wp-content\/uploads\/2024\/11\/songte-company-1.webp\"><\/p>\n<p>Pea meeles, et artikkel tuleb loogiliselt \u00fcles ehitada, navigeerimise h\u00f5lbustamiseks kasutada alapealkirju, arusaadavuse parandamiseks lisada asjakohaseid pilte v\u00f5i diagramme ning veenduda, et sisu on selge, kokkuv\u00f5tlik ja sobib erineva tehnilise teadmisega lugejatele.<\/p>\n<p>Autor: lyl<\/p>\n<p><\/body><br \/>\n<\/html><\/p>","protected":false},"excerpt":{"rendered":"<p>Bucket Cylinder For Sunward Wheel Excavator SWE130W Bucket Cylinder For Sunward Wheel Excavator SWE130W Introduction The bucket cylinder is a specially designed hydraulic cylinder used to control the movement of the bucket in heavy machinery such as excavators, backhoe loaders, and wheel loaders. Its main function is to enable the bucket to lift, lower, and [&hellip;]<\/p>","protected":false},"featured_media":14776,"comment_status":"open","ping_status":"closed","template":"","meta":{"_et_pb_use_builder":"","_et_pb_old_content":"","_et_gb_content_width":""},"product_brand":[],"product_cat":[1494],"product_tag":[1495,1496],"class_list":{"0":"post-15530","1":"product","2":"type-product","3":"status-publish","4":"has-post-thumbnail","6":"product_cat-bucket-cylinders","7":"product_tag-bucket-cylinders","8":"product_tag-hydraulic-cylinders","10":"first","11":"instock","12":"shipping-taxable","13":"product-type-simple"},"amp_enabled":true,"_links":{"self":[{"href":"https:\/\/www.hydraulic-cylinders.net\/et\/wp-json\/wp\/v2\/product\/15530","targetHints":{"allow":["GET"]}}],"collection":[{"href":"https:\/\/www.hydraulic-cylinders.net\/et\/wp-json\/wp\/v2\/product"}],"about":[{"href":"https:\/\/www.hydraulic-cylinders.net\/et\/wp-json\/wp\/v2\/types\/product"}],"replies":[{"embeddable":true,"href":"https:\/\/www.hydraulic-cylinders.net\/et\/wp-json\/wp\/v2\/comments?post=15530"}],"wp:featuredmedia":[{"embeddable":true,"href":"https:\/\/www.hydraulic-cylinders.net\/et\/wp-json\/wp\/v2\/media\/14776"}],"wp:attachment":[{"href":"https:\/\/www.hydraulic-cylinders.net\/et\/wp-json\/wp\/v2\/media?parent=15530"}],"wp:term":[{"taxonomy":"product_brand","embeddable":true,"href":"https:\/\/www.hydraulic-cylinders.net\/et\/wp-json\/wp\/v2\/product_brand?post=15530"},{"taxonomy":"product_cat","embeddable":true,"href":"https:\/\/www.hydraulic-cylinders.net\/et\/wp-json\/wp\/v2\/product_cat?post=15530"},{"taxonomy":"product_tag","embeddable":true,"href":"https:\/\/www.hydraulic-cylinders.net\/et\/wp-json\/wp\/v2\/product_tag?post=15530"}],"curies":[{"name":"wp","href":"https:\/\/api.w.org\/{rel}","templated":true}]}}