{"id":15531,"date":"2025-01-19T14:38:49","date_gmt":"2025-01-19T14:38:49","guid":{"rendered":"https:\/\/www.hydraulic-cylinders.net\/product\/bucket-cylinder-for-sunward-hybrid-excavator-swe230s\/"},"modified":"2025-01-19T14:38:51","modified_gmt":"2025-01-19T14:38:51","slug":"bucket-cylinder-for-sunward-hybrid-excavator-swe230s","status":"publish","type":"product","link":"https:\/\/www.hydraulic-cylinders.net\/et\/toode\/bucket-cylinder-for-sunward-hybrid-excavator-swe230s\/","title":{"rendered":"Kopa silinder Sunward h\u00fcbriidekskavaatorile SWE230S"},"content":{"rendered":"<h1>Kopa silinder Sunward h\u00fcbriidekskavaatorile SWE230S<\/h1>\n<h2>Sissejuhatus<\/h2>\n<p>The bucket cylinder, also known as a hydraulic cylinder, is a specialized cylinder designed to control the movement of the bucket in heavy machinery such as excavators, backhoes, and front loaders. Its main function is to enable the bucket to lift, lower, and tilt, making it easier to handle various material handling tasks. In the hydraulic system, the bucket cylinder achieves precise control of the bucket&#8217;s movement through changes in hydraulic oil pressure, allowing operators to efficiently handle heavy loads and adapt to complex work environments and diverse job requirements.<\/p>\n<p><img decoding=\"async\" src=\"https:\/\/www.hydraulic-cylinders.net\/wp-content\/uploads\/2025\/01\/songte-company-2.webp\" alt=\"\u00c4mbri silindri pilt\"><\/p>\n<h2>Omadused<\/h2>\n<ul>\n<li>\n<h3>Suur tugevus ja vastupidavus<\/h3>\n<p>Kopa silinder on tavaliselt valmistatud \u00fclitugevast terasest v\u00f5i alumiiniumist, mis talub k\u00f5rget r\u00f5hku ja suuri koormusi, ning selle konstruktsioon on kulumiskindlust ja korrosioonikindlust silmas pidades pikendanud selle kasutusiga.<\/p>\n<\/li>\n<li>\n<h3>T\u00f5hus h\u00fcdrauliline t\u00f6\u00f6<\/h3>\n<p>Kopa silinder kasutab sujuva teleskoopliikumise saavutamiseks h\u00fcdraulilist \u00f5lir\u00f5hku, mis reageerib kiiresti juhtimisk\u00e4sklustele, pakub v\u00f5imsat t\u00f5uke- ja t\u00f5mbej\u00f5udu ning sobib raskete koormate ja keerukate t\u00f6\u00f6\u00fclesannete k\u00e4sitsemiseks.<\/p>\n<\/li>\n<li>\n<h3>T\u00fc\u00fcpide rohkus<\/h3>\n<p>Kopasilindrit saab valida \u00fchetoimelise (h\u00fcdrauliline ainult \u00fches suunas) v\u00f5i kahetoimelise (h\u00fcdrauliline m\u00f5lemas suunas) silindrina vastavalt erinevatele t\u00f6\u00f6tingimustele. M\u00f5ned mudelid on teleskoopilised, v\u00f5imaldades suuremat pikendust ilma v\u00e4lism\u00f5\u00f5tmeid suurendamata, mist\u00f5ttu sobivad need piiratud ruumiga rakenduste jaoks.<\/p>\n<\/li>\n<li>\n<h3>Teiste h\u00fcdrauliliste silindrite asendamine<\/h3>\n<p>Meie toode suudab neid h\u00fcdrosilindreid ideaalselt asendada, pakkudes kvaliteetset teenust madalama hinnaga.<\/p>\n<\/li>\n<\/ul>\n<p><img decoding=\"async\" src=\"https:\/\/www.hydraulic-cylinders.net\/wp-content\/uploads\/2025\/01\/songte-cylinder-head-with-all-kinds-excavator-models.webp\" alt=\"\u00c4mbri silindri asendamise pilt\"><\/p>\n<h2>Rakendused<\/h2>\n<p>Kopasilindrit kasutatakse laialdaselt erinevates rasketes masinates ja seadmetes:<\/p>\n<ul>\n<li>\n<h3>Ehitustehnika<\/h3>\n<p>Ekskavaatorites leiduvad kopad on olulised kaevamiseks, laadimiseks ja pinnase v\u00f5i prahi teisaldamiseks. Ekskavaatoritel aitab kopa silinder nii kaevamisel kui ka t\u00f5stmisel. <\/p>\n<\/li>\n<li>\n<h3>P\u00f5llumajandustehnika<\/h3>\n<p>Kasutatakse esilaadurites pinnase, heina ja muude materjalide kaevamiseks, t\u00f5stmiseks ja transportimiseks. Ekskavaatorites v\u00f5imaldab kopa silinder kaevamist, lastes kopal pinnasesse tungida.<\/p>\n<\/li>\n<li>\n<h3>Laaduri seadmed<\/h3>\n<p>Esilaadurites aitavad need kaupu t\u00f5husalt t\u00f5sta ja kallutada.<\/p>\n<\/li>\n<\/ul>\n<h2>Projekteerimiskaalutlused ja valikukriteeriumid<\/h2>\n<p>Silindrite valimisel ja projekteerimisel tuleks arvestada j\u00e4rgmiste teguritega:<\/p>\n<ul>\n<li>\n<h3>Kandev\u00f5ime<\/h3>\n<p>Kopa silinder peab suutma kanda kantava koorma raskust ning taluma v\u00e4liseid j\u00f5ude, nagu kiirendus, l\u00f6\u00f6k ja vibratsioon.<\/p>\n<\/li>\n<li>\n<h3>Tihendus<\/h3>\n<p>Kopasilindril peaks olema t\u00f5hus tihend, et v\u00e4ltida h\u00fcdraulika\u00f5li lekkeid ja minimeerida silindri komponentide kulumist. Kolvi- ja vardatihendite jaoks on soovitatav kasutada kulumiskindlaid materjale, n\u00e4iteks pol\u00fcuretaani ja nitriilkummi. Silindri korpust ja keermestatud otsapindu tuleks kulumiskindluse suurendamiseks hoolikalt t\u00f6\u00f6delda. M\u00e4\u00e4rimiseks on vaja regulaarselt lisada sobivat kogust h\u00fcdraulika\u00f5li.<\/p>\n<\/li>\n<li>\n<h3>Vastupidavus<\/h3>\n<p>Kopa silinder peaks vastu pidama karmidele t\u00f6\u00f6tingimustele, korrosioonile ja pika kasutuseaga. K\u00f5rge tugevusega materjalide kasutamine, hoolikas kuumt\u00f6\u00f6tlus ja t\u00e4ppist\u00f6\u00f6tlus v\u00f5ivad suurendada silindri vastupidavust.<\/p>\n<\/li>\n<li>\n<h3>Ohutus ja hooldus<\/h3>\n<p>Kopasilindril peaksid olema ohutusfunktsioonid, n\u00e4iteks avariiventiilid ja \u00fclekoormuskaitse, et tagada ohutu t\u00f6\u00f6. N\u00f5uetekohase toimimise tagamiseks ning v\u00f5imalike probleemide avastamiseks ja parandamiseks enne nende t\u00f5siseks muutumist on vaja regulaarset kontrolli ja hooldust. Kopasilindri kasutusea pikendamiseks on soovitatav kulunud osade v\u00e4ljavahetamine ja taastamisteenused.<\/p>\n<\/li>\n<\/ul>\n<p><img decoding=\"async\" src=\"https:\/\/www.hydraulic-cylinders.net\/wp-content\/uploads\/2025\/01\/songte-oil-pipes-and-spare-parts.webp\" alt=\"Kopa silindri osade pilt\"><\/p>\n<h2>Paigaldusjuhend<\/h2>\n<p>Kopasilindri \u00f5ige paigaldamine on ohutu ja t\u00f5husa t\u00f6\u00f6 tagamiseks h\u00e4davajalik. J\u00e4rgida tuleks j\u00e4rgmisi juhiseid:<\/p>\n<ul>\n<li>\n<h3>Joondage silinder \u00f5igesti<\/h3>\n<p>Joondage silinder ja kinnitusklambrid, et tagada \u00f5ige paigaldusasend.<\/p>\n<\/li>\n<li>\n<h3>Kasutage sobivaid kinnitusklambreid<\/h3>\n<p>Silindri kinnitamiseks kasutage sobivaid kinnitusklambreid.<\/p>\n<\/li>\n<li>\n<h3>Regulaarne kontroll ja hooldus<\/h3>\n<p>Kopasilindri n\u00f5uetekohase toimimise tagamiseks tehke regulaarset kontrolli ja hooldust, sh m\u00e4\u00e4rimine, tihendite vahetamine ja kalibreerimise kontrollimine.<\/p>\n<\/li>\n<\/ul>\n<p><img decoding=\"async\" src=\"https:\/\/www.hydraulic-cylinders.net\/wp-content\/uploads\/2025\/01\/songte-chushion-collar.webp\" alt=\"\u00c4mbrisilindri paigalduspilt\"><\/p>\n<h2>Ohutuskaalutlused ja keskkonnategurid<\/h2>\n<p>Kopasilindri kasutamisel tuleks \u00f5nnetuste ja vigastuste v\u00e4ltimiseks v\u00f5tta ohutusmeetmeid. Ballooni n\u00f5uetekohane kasutamine ja hooldamine aitavad v\u00e4hendada ka selle keskkonnam\u00f5ju.<\/p>\n<h2>Veaotsing ja levinud probleemid<\/h2>\n<p>Kopasilindri levinud probleemide hulka kuuluvad \u00f5lilekked, silindri korpuse, kolvi, varda ja tihendite kahjustused ning h\u00fcdros\u00fcsteemi talitlush\u00e4ired. Edasiste kahjustuste ja \u00f5nnetuste v\u00e4ltimiseks tuleks t\u00f5rkeotsing ja remont teha nii kiiresti kui v\u00f5imalik.<\/p>\n<h2>Kokkuv\u00f5te<\/h2>\n<p>Meie ettev\u00f5te on juhtiv h\u00fcdrauliliste silindrite tootja ja hulgim\u00fc\u00fcja nii sise- kui ka rahvusvahelisel turul, pakkudes laia tootevalikut ja suurep\u00e4rast kvaliteeti. P\u00fc\u00fcdleme selle poole, et pakkuda klientide mitmekesiste vajaduste rahuldamiseks suure t\u00f5hususega, suure t\u00e4psusega ja kvaliteetseid tooteid ja teenuseid.<\/p>\n<p><img decoding=\"async\" src=\"https:\/\/hzpt.com\/wp-content\/uploads\/2024\/11\/songte-company-1.webp\" alt=\"\u00c4mbrisilindri ettev\u00f5tte pilt\"><\/p>\n<h3>Autor: lyl<\/h3>","protected":false},"excerpt":{"rendered":"<p>Bucket Cylinder For Sunward Hybrid Excavator SWE230S Introduction The bucket cylinder, also known as a hydraulic cylinder, is a specialized cylinder designed to control the movement of the bucket in heavy machinery such as excavators, backhoes, and front loaders. Its main function is to enable the bucket to lift, lower, and tilt, making it easier [&hellip;]<\/p>","protected":false},"featured_media":14773,"comment_status":"open","ping_status":"closed","template":"","meta":{"_et_pb_use_builder":"","_et_pb_old_content":"","_et_gb_content_width":""},"product_brand":[],"product_cat":[1494],"product_tag":[1495,1496],"class_list":{"0":"post-15531","1":"product","2":"type-product","3":"status-publish","4":"has-post-thumbnail","6":"product_cat-bucket-cylinders","7":"product_tag-bucket-cylinders","8":"product_tag-hydraulic-cylinders","10":"first","11":"instock","12":"shipping-taxable","13":"product-type-simple"},"amp_enabled":true,"_links":{"self":[{"href":"https:\/\/www.hydraulic-cylinders.net\/et\/wp-json\/wp\/v2\/product\/15531","targetHints":{"allow":["GET"]}}],"collection":[{"href":"https:\/\/www.hydraulic-cylinders.net\/et\/wp-json\/wp\/v2\/product"}],"about":[{"href":"https:\/\/www.hydraulic-cylinders.net\/et\/wp-json\/wp\/v2\/types\/product"}],"replies":[{"embeddable":true,"href":"https:\/\/www.hydraulic-cylinders.net\/et\/wp-json\/wp\/v2\/comments?post=15531"}],"wp:featuredmedia":[{"embeddable":true,"href":"https:\/\/www.hydraulic-cylinders.net\/et\/wp-json\/wp\/v2\/media\/14773"}],"wp:attachment":[{"href":"https:\/\/www.hydraulic-cylinders.net\/et\/wp-json\/wp\/v2\/media?parent=15531"}],"wp:term":[{"taxonomy":"product_brand","embeddable":true,"href":"https:\/\/www.hydraulic-cylinders.net\/et\/wp-json\/wp\/v2\/product_brand?post=15531"},{"taxonomy":"product_cat","embeddable":true,"href":"https:\/\/www.hydraulic-cylinders.net\/et\/wp-json\/wp\/v2\/product_cat?post=15531"},{"taxonomy":"product_tag","embeddable":true,"href":"https:\/\/www.hydraulic-cylinders.net\/et\/wp-json\/wp\/v2\/product_tag?post=15531"}],"curies":[{"name":"wp","href":"https:\/\/api.w.org\/{rel}","templated":true}]}}