{"id":15538,"date":"2025-01-19T14:39:22","date_gmt":"2025-01-19T14:39:22","guid":{"rendered":"https:\/\/www.hydraulic-cylinders.net\/product\/bucket-cylinder-for-lishide-middle-excavator-sc200-8\/"},"modified":"2025-01-19T14:39:24","modified_gmt":"2025-01-19T14:39:24","slug":"bucket-cylinder-for-lishide-middle-excavator-sc200-8","status":"publish","type":"product","link":"https:\/\/www.hydraulic-cylinders.net\/et\/toode\/bucket-cylinder-for-lishide-middle-excavator-sc200-8\/","title":{"rendered":"Lishide'i keskmise ekskavaatori SC200.8 kopa silinder"},"content":{"rendered":"<h2>Lishide'i keskmise ekskavaatori SC200.8 kopa silinder<\/h2>\n<h3>Sissejuhatus<\/h3>\n<p>Kopa silinder on spetsiaalselt konstrueeritud h\u00fcdrauliline silinder, mida kasutatakse raskete masinate, n\u00e4iteks ekskavaatorite, laadur-ekskavaatorite ja esilaadurite koppade liikumise juhtimiseks. Selle peamine \u00fclesanne on kopa t\u00f5stmine, langetamine ja kallutamine, mis h\u00f5lbustab mitmesuguste materjalide k\u00e4sitsemist. H\u00fcdraulilises s\u00fcsteemis saavutab kopa silinder kopa t\u00e4pse juhtimise h\u00fcdraulika\u00f5li r\u00f5hu muutmise abil, v\u00f5imaldades operaatoritel t\u00f5husalt k\u00e4sitseda raskeid esemeid ning kohaneda keerukate t\u00f6\u00f6keskkondade ja mitmekesiste t\u00f6\u00f6vajadustega.<\/p>\n<p><img decoding=\"async\" src=\"https:\/\/www.hydraulic-cylinders.net\/wp-content\/uploads\/2025\/01\/songte-company-2.webp\" alt=\"\u00c4mbri silinder\" \/><\/p>\n<h3>Omadused<\/h3>\n<ul>\n<li><strong>Suur tugevus ja vastupidavus:<\/strong> Tavaliselt valmistatud \u00fclitugevast terasest v\u00f5i alumiiniumist, mis talub k\u00f5rget r\u00f5hku ja suuri koormusi ning on konstrueeritud kulumiskindlust ja korrosioonikindlust silmas pidades, pikendades nende kasutusiga.<\/li>\n<li><strong>T\u00f5hus h\u00fcdrauliline t\u00f6\u00f6:<\/strong> Kasutab sujuva pikenemise ja tagasit\u00f5mbamise saavutamiseks h\u00fcdraulika\u00f5li r\u00f5hku, reageerib kiiresti t\u00f6\u00f6k\u00e4sklustele, pakub v\u00f5imsaid t\u00f5uke- ja t\u00f5mbej\u00f5ude ning sobib raskete koormate ja keerukate \u00fclesannete k\u00e4sitsemiseks.<\/li>\n<li><strong>Erinevad t\u00fc\u00fcbid:<\/strong> Erinevate t\u00f6\u00f6tingimuste rahuldamiseks saab valida \u00fchetoimelisi (h\u00fcdraulikat ainult \u00fches suunas) v\u00f5i kahetoimelisi (h\u00fcdraulikat m\u00f5lemas suunas) silindreid. M\u00f5ned mudelid on teleskoopilised, mis v\u00f5imaldavad suuremat pikendamist ilma v\u00e4lism\u00f5\u00f5tmeid suurendamata, mis sobib piiratud ruumiga rakenduste jaoks.<\/li>\n<li><strong>Toote asendamine:<\/strong> Meie tooted suudavad neid h\u00fcdrosilindreid ideaalselt asendada.<\/li>\n<\/ul>\n<p><img decoding=\"async\" src=\"https:\/\/www.hydraulic-cylinders.net\/wp-content\/uploads\/2025\/01\/songte-cylinder-head-with-all-kinds-excavator-models.webp\" alt=\"Kopasilindri mudelid\" \/><\/p>\n<h3>Rakendused<\/h3>\n<p>Kopasilindrid on tavaliselt kasutusel mitmesugustes rasketes masinates, sealhulgas:<\/p>\n<ul>\n<li><strong>Ehitustehnika:<\/strong> Ekskavaatorites on need \u00fcliolulised kaevamisel, laadimisel ja pinnase v\u00f5i prahi teisaldamisel. Ekskavaatorites aitavad kopasilindrid kaevamisel ja t\u00f5stmisel. <\/li>\n<li><strong>P\u00f5llumajandusmasinad:<\/strong> Kasutatakse esilaadurites mulla, heina ja muude materjalide kopeerimiseks, t\u00f5stmiseks ja transportimiseks. <\/li>\n<li><strong>Ekskavaatorid:<\/strong> Kopasilindrid v\u00f5imaldavad kaevamistoiminguid, lastes kopal pinnasesse tungida. <\/li>\n<li><strong>Laadurid:<\/strong> Esilaadurites aitavad need lasti t\u00f5husalt t\u00f5sta ja kallutada.<\/li>\n<\/ul>\n<h3>Projekteerimiskaalutlused ja valikukriteeriumid<\/h3>\n<p>Kopasilindrite projekteerimisel tuleb arvesse v\u00f5tta mitmeid olulisi kaalutlusi, nagu kandev\u00f5ime, tihendus, vastupidavus, ohutus ja hooldatavus. <\/p>\n<ul>\n<li><strong>Kandev\u00f5ime:<\/strong> Kopa silinder peaks vastu pidama t\u00f6\u00f6koormusele ilma deformatsiooni v\u00f5i purunemiseta.<\/li>\n<li><strong>Tihendus:<\/strong> N\u00f5uetekohase tihenduse tagamiseks ja lekete v\u00e4ltimiseks kasutatakse mitmesuguseid tihendeid, n\u00e4iteks kolvitihendeid ja varrastihendeid, mis on valmistatud kulumiskindlatest materjalidest nagu pol\u00fcuretaan ja nitriilkummi.<\/li>\n<li><strong>Vastupidavus:<\/strong> Silindri korpus, kolvivarras ja muud komponendid peaksid olema valmistatud kvaliteetsetest materjalidest ja l\u00e4bima hoolika pinnat\u00f6\u00f6tluse, et parandada kulumiskindlust, korrosioonikindlust ja pikendada kasutusiga.<\/li>\n<li><strong>Ohutus:<\/strong> \u00c4mbri silinder peaks olema konstrueeritud ohutusfunktsioonidega, et v\u00e4ltida \u00f5nnetusi t\u00f6\u00f6tamise ajal, n\u00e4iteks r\u00f5huvabastusventiilid, turvalukud ja puhverseadmed.<\/li>\n<li><strong>Hooldatavus:<\/strong> Silindrile hoolduse ja remondi jaoks on oluline lihtne juurdep\u00e4\u00e4s. Komponente peaks olema lihtne eemaldada ning tagada mugav lahtiv\u00f5tmise ja kokkupaneku protsess.<\/li>\n<\/ul>\n<p><img decoding=\"async\" src=\"https:\/\/www.hydraulic-cylinders.net\/wp-content\/uploads\/2025\/01\/songte-oil-pipes-and-spare-parts.webp\" alt=\"Varuosad\" \/><\/p>\n<h3>Tihendus ja m\u00e4\u00e4rimine<\/h3>\n<p>Kopasilindrites kasutatakse mitmesuguseid tihenduskomponente, n\u00e4iteks kolvitihendeid ja vardatihendeid, mis on valmistatud kulumiskindlatest materjalidest, n\u00e4iteks pol\u00fcuretaanist ja nitriilkummist, et tagada korralik tihendus ja v\u00e4ltida lekkeid. Silindri korpus, kolvivarras ja muud komponendid l\u00e4bivad hoolika pinnat\u00f6\u00f6tluse, et parandada kulumiskindlust ja korrosioonikindlust. Silindri m\u00e4\u00e4rimiseks ja n\u00f5uetekohase toimimise s\u00e4ilitamiseks on vaja regulaarselt h\u00fcdraulika\u00f5li lisada.<\/p>\n<h3>Hooldus ja t\u00f5rkeotsing<\/h3>\n<p>Kopasilindrite tavalised hooldust\u00f6\u00f6d on regulaarne kontroll, n\u00f5uetekohane m\u00e4\u00e4rimine ja kulunud tihendite vahetamine. Lisaks:<\/p>\n<ul>\n<li><strong>\u00d5ige paigaldamine:<\/strong> \u00d5ige joondamine ja sobivate paigaldusklambrite kasutamine on optimaalse j\u00f5udluse tagamiseks ja kopasilindri eluea pikendamiseks \u00fcliolulised.<\/li>\n<li><strong>Kontrollid:<\/strong> Kopasilindri efektiivsuse ja ohutuse s\u00e4ilitamiseks on soovitatav regulaarsed kontrollid, n\u00e4iteks kalibreerimise kontrollimine ja tihendite vahetamine.<\/li>\n<li><strong>\u00dcmberehitus:<\/strong> T\u00f5sise kahjustuse korral saab kopasilindri j\u00f5udluse taastamiseks varuosade abil \u00fcmber ehitada.<\/li>\n<\/ul>\n<p><img decoding=\"async\" src=\"https:\/\/www.hydraulic-cylinders.net\/wp-content\/uploads\/2025\/01\/songte-chushion-collar.webp\" alt=\"Padjakaelus\" \/><\/p>\n<h3>Ohutus- ja keskkonnakaalutlused<\/h3>\n<p>Kopasilindrite k\u00e4itamisel tuleks rakendada n\u00f5uetekohaseid ohutusmeetmeid, sealhulgas kanda kaitsevarustust, j\u00e4rgida tootja juhiseid ja ohutusn\u00f5udeid. Samuti tuleks keskkonnam\u00f5ju leevendamiseks v\u00f5tta asjakohaseid keskkonnameetmeid, n\u00e4iteks n\u00f5uetekohane j\u00e4\u00e4tmek\u00e4itlus.<\/p>\n<h3>Levinumad probleemid ja t\u00f5rkeotsing<\/h3>\n<p>K\u00f5ige levinumad kopasilindri probleemid on lekked, tihendite kulumine ja halb j\u00f5udlus. Veaotsingu meetodite hulka kuuluvad h\u00fcdraulilise r\u00f5hu kontrollimine, tihendite kontrollimine ja kulunud osade v\u00e4ljavahetamine.<\/p>\n<p><img decoding=\"async\" src=\"https:\/\/www.hydraulic-cylinders.net\/wp-content\/uploads\/2025\/01\/songte-bushings-with-all-kinds-of-excavator-models.webp\" alt=\"Puksid\" \/><\/p>\n<h3>Meie ettev\u00f5ttest<\/h3>\n<p>Oleme tootja, mis toodab kopp-silindreid, mis asendavad olemasolevaid h\u00fcdrosilindreid. Meie ettev\u00f5te pakub laia tootevalikut, mis teeb meist \u00fche juhtiva h\u00fcdrosilindrite tootja ja hulgim\u00fc\u00fcja nii sise- kui ka rahvusvahelistel turgudel. J\u00e4rgime suurep\u00e4rast kvaliteeti ja tugineme peentootmist\u00f6\u00f6kodade t\u00f6\u00f6stusliku tootmise juhtimise strateegiale, t\u00e4iustades pidevalt oma tootmisplatvormide t\u00f5husust, t\u00e4psust ja kvaliteeti. Tugeva loomingulise v\u00f5imekusega vastame oma klientide mitmekesistele vajadustele, j\u00e4rgides k\u00f5rge efektiivsuse, suure t\u00e4psuse ja k\u00f5rge kvaliteedi p\u00f5him\u00f5tteid.<\/p>\n<ul>\n<li><strong>Professionaalsus:<\/strong> Meie ettev\u00f5ttel on professionaalne meeskond, mis on p\u00fchendunud h\u00fcdrauliliste silindrite uurimis- ja arendustegevusele, tootmisele ja m\u00fc\u00fcgile. <\/li>\n<li><strong>Rahvusvaheline sertifitseerimine:<\/strong> Meie tooted on l\u00e4binud ISO 9001 sertifikaadi, mis tagab nende vastavuse rahvusvahelistele kvaliteedijuhtimiss\u00fcsteemide standarditele.<\/li>\n<li><strong>Kohandatud teenused:<\/strong> Pakume kohandatud teenuseid, et rahuldada oma klientide erivajadusi.<\/li>\n<li><strong>Tootmisseadmed:<\/strong> Meie ettev\u00f5te kasutab t\u00e4iustatud seadmeid, nagu CNC-masinad ja automaatsed keevitusmasinad, mis tagavad meie toodete t\u00e4psuse ja korrektsuse.<\/li>\n<li><strong>M\u00fc\u00fcgij\u00e4rgne teenindus:<\/strong> Pakume m\u00fc\u00fcgij\u00e4rgseid teenuseid, nagu varuosad ja remonditeenused, tagades meie toodete pikaealisuse.<\/li>\n<\/ul>\n<p><img decoding=\"async\" src=\"https:\/\/hzpt.com\/wp-content\/uploads\/2024\/11\/songte-company-1.webp\" alt=\"Ettev\u00f5te\" \/><\/p>\n<p>Autor: lyl.<\/p>","protected":false},"excerpt":{"rendered":"<p>Bucket Cylinder For Lishide Middle Excavator SC200.8 Introduction A bucket cylinder is a specially designed hydraulic cylinder used to control the movements of buckets in heavy machinery such as excavators, backhoe excavators, and front loaders. Its main function is to lift, lower, and tilt the bucket, making it easier to handle a variety of materials. [&hellip;]<\/p>","protected":false},"featured_media":14788,"comment_status":"open","ping_status":"closed","template":"","meta":{"_et_pb_use_builder":"","_et_pb_old_content":"","_et_gb_content_width":""},"product_brand":[],"product_cat":[1494],"product_tag":[1495,1496],"class_list":{"0":"post-15538","1":"product","2":"type-product","3":"status-publish","4":"has-post-thumbnail","6":"product_cat-bucket-cylinders","7":"product_tag-bucket-cylinders","8":"product_tag-hydraulic-cylinders","10":"first","11":"instock","12":"shipping-taxable","13":"product-type-simple"},"amp_enabled":true,"_links":{"self":[{"href":"https:\/\/www.hydraulic-cylinders.net\/et\/wp-json\/wp\/v2\/product\/15538","targetHints":{"allow":["GET"]}}],"collection":[{"href":"https:\/\/www.hydraulic-cylinders.net\/et\/wp-json\/wp\/v2\/product"}],"about":[{"href":"https:\/\/www.hydraulic-cylinders.net\/et\/wp-json\/wp\/v2\/types\/product"}],"replies":[{"embeddable":true,"href":"https:\/\/www.hydraulic-cylinders.net\/et\/wp-json\/wp\/v2\/comments?post=15538"}],"wp:featuredmedia":[{"embeddable":true,"href":"https:\/\/www.hydraulic-cylinders.net\/et\/wp-json\/wp\/v2\/media\/14788"}],"wp:attachment":[{"href":"https:\/\/www.hydraulic-cylinders.net\/et\/wp-json\/wp\/v2\/media?parent=15538"}],"wp:term":[{"taxonomy":"product_brand","embeddable":true,"href":"https:\/\/www.hydraulic-cylinders.net\/et\/wp-json\/wp\/v2\/product_brand?post=15538"},{"taxonomy":"product_cat","embeddable":true,"href":"https:\/\/www.hydraulic-cylinders.net\/et\/wp-json\/wp\/v2\/product_cat?post=15538"},{"taxonomy":"product_tag","embeddable":true,"href":"https:\/\/www.hydraulic-cylinders.net\/et\/wp-json\/wp\/v2\/product_tag?post=15538"}],"curies":[{"name":"wp","href":"https:\/\/api.w.org\/{rel}","templated":true}]}}