{"id":15559,"date":"2025-01-19T14:41:01","date_gmt":"2025-01-19T14:41:01","guid":{"rendered":"https:\/\/www.hydraulic-cylinders.net\/product\/bucket-cylinder-for-lovol-middle-excavator-fr220\/"},"modified":"2025-01-19T14:41:03","modified_gmt":"2025-01-19T14:41:03","slug":"bucket-cylinder-for-lovol-middle-excavator-fr220","status":"publish","type":"product","link":"https:\/\/www.hydraulic-cylinders.net\/et\/toode\/bucket-cylinder-for-lovol-middle-excavator-fr220\/","title":{"rendered":"Kopa silinder Lovol keskmise ekskavaatori FR220 jaoks"},"content":{"rendered":"<h1>Kopa silinder Lovol keskmise ekskavaatori FR220 jaoks<\/h1>\n<h2>Sissejuhatus<\/h2>\n<p>Lovoli keskekskavaatori FR220 kopa silinder on spetsiaalselt loodud h\u00fcdrauliline silinder, mida kasutatakse kopa liikumise juhtimiseks rasketes masinates, n\u00e4iteks ekskavaatorites, laadur-ekskavaatorites ja esilaadurites. Selle peamine \u00fclesanne on v\u00f5imaldada kopa t\u00f5stmist, langetamist ja kallutamist, muutes mitmesuguste materjalik\u00e4itlust\u00f6\u00f6de tegemise lihtsamaks. H\u00fcdraulikas\u00fcsteemis kasutatakse kopa silindrit kopa t\u00e4pse liikumise juhtimiseks h\u00fcdraulika\u00f5li r\u00f5hu muutmise abil, mis v\u00f5imaldab operaatoritel t\u00f5husalt k\u00e4sitseda raskeid esemeid ning kohaneda keerukate t\u00f6\u00f6keskkondade ja mitmekesiste t\u00f6\u00f6n\u00f5uetega.<\/p>\n<p><img loading=\"lazy\" decoding=\"async\" src=\"https:\/\/www.hydraulic-cylinders.net\/wp-content\/uploads\/2025\/01\/songte-company-2.webp\" alt=\"Kopa silinder Lovol keskmise ekskavaatori FR220 jaoks\" width=\"600\" height=\"400\"><\/p>\n<h2>Omadused<\/h2>\n<ul>\n<li>\n<h3>Suur tugevus ja vastupidavus<\/h3>\n<p>Kopa silinder on tavaliselt valmistatud \u00fclitugevast terasest v\u00f5i alumiiniumist, mis talub k\u00f5rget r\u00f5hku ja suuri koormusi ning on konstrueeritud taluma kulumist ja korrosiooni, pikendades seel\u00e4bi selle kasutusiga.<\/p>\n<\/li>\n<li>\n<h3>T\u00f5hus h\u00fcdrauliline t\u00f6\u00f6<\/h3>\n<p>Kopa silinder kasutab h\u00fcdraulika\u00f5li r\u00f5hku sujuva pikenemise ja kokkut\u00f5mbumise saavutamiseks, reageerib kiiresti juhtimisk\u00e4sklustele, tagab tugeva t\u00f5uke- ja t\u00f5mbej\u00f5u ning sobib raskete esemete ja keerukate t\u00f6\u00f6\u00fclesannete k\u00e4sitsemiseks.<\/p>\n<\/li>\n<li>\n<h3>Erinevad t\u00fc\u00fcbid<\/h3>\n<p>Kopa silinder v\u00f5ib olenevalt t\u00f6\u00f6vajadustest olla \u00fchetoimeline silinder (h\u00fcdraulikat kasutab ainult \u00fches suunas) v\u00f5i kahetoimeline silinder (h\u00fcdraulikat kasutab m\u00f5lemas suunas). M\u00f5ned mudelid on teleskoopilised, mis v\u00f5imaldab suuremat pikendamist ilma v\u00e4lism\u00f5\u00f5tmeid suurendamata, mist\u00f5ttu need sobivad piiratud ruumiga rakenduste jaoks.<\/p>\n<\/li>\n<li>\n<h3>Otsene asendamine<\/h3>\n<p>Meie toode saab neid h\u00fcdrosilindreid ideaalselt asendada.<\/p>\n<p>        <img loading=\"lazy\" decoding=\"async\" src=\"https:\/\/www.hydraulic-cylinders.net\/wp-content\/uploads\/2025\/01\/songte-cylinder-head-with-all-kinds-excavator-models.webp\" alt=\"Kopa silindri vahetamine\" width=\"600\" height=\"400\">\n    <\/li>\n<li>\n<h3>Laialdaselt kasutatav erinevates rakendustes<\/h3>\n<p>Kopasilindrit kasutatakse laialdaselt erinevates rakendustes, n\u00e4iteks ehitusseadmetes, p\u00f5llumajandusmasinates, ekskavaatorites ja esilaadurites.<\/p>\n<\/li>\n<\/ul>\n<h2>Projekteerimiskaalutlused ja valikukriteeriumid<\/h2>\n<ul>\n<li>\n<h3>Kandev\u00f5ime<\/h3>\n<p>Kopa silinder peab olema konstrueeritud taluma k\u00f5rgsurvekoormusi ja raskeid koormusi ning olema v\u00f5imeline taluma kulumist ja korrosiooni, et pikendada selle kasutusiga.<\/p>\n<\/li>\n<li>\n<h3>Tihendus ja vastupidavus<\/h3>\n<p>Kopasilindri tihendid peaksid olema kvaliteetsed, n\u00e4iteks kolvi- ja varrastihendid, mis on valmistatud kulumiskindlatest materjalidest, n\u00e4iteks pol\u00fcuretaanist ja nitriilkummist. Silindri korpus ja keermeotsa pind tuleks peenelt t\u00f6\u00f6delda, et parandada kulumiskindlust. M\u00e4\u00e4rimiseks on vaja regulaarselt \u00f5li lisada.<\/p>\n<p>        <img loading=\"lazy\" decoding=\"async\" src=\"https:\/\/www.hydraulic-cylinders.net\/wp-content\/uploads\/2025\/01\/songte-oil-pipes-and-spare-parts.webp\" alt=\"Kopa silindri varuosad\" width=\"600\" height=\"400\">\n    <\/li>\n<li>\n<h3>Ohutus ja hooldus<\/h3>\n<p>Kopasilindrit tuleks regulaarselt kontrollida ja hooldada, et v\u00e4ltida v\u00f5imalikke probleeme. Toote pikaealisuse tagamiseks on oluline \u00f5ige paigaldamine, m\u00e4\u00e4rimine ja reguleerimine. Paigaldamise ajal tuleks anda joondamisjuhiseid ja silindri kinnitamiseks tuleks kasutada sobivaid paigaldusklambreid.<\/p>\n<p>        <img loading=\"lazy\" decoding=\"async\" src=\"https:\/\/www.hydraulic-cylinders.net\/wp-content\/uploads\/2025\/01\/songte-chushion-collar.webp\" alt=\"Kopa silindri paigaldamine\" width=\"600\" height=\"400\">\n    <\/li>\n<\/ul>\n<h2>Taotlus<\/h2>\n<p>Kopasilindrit saab kasutada erinevates rakendustes, sealhulgas, kuid mitte ainult:<\/p>\n<ul>\n<li>Ehitustehnika: h\u00e4davajalik pinnase v\u00f5i prahi kaevamiseks, laadimiseks ja teisaldamiseks ekskavaatorites ja ekskavaatorlaadurites.<\/li>\n<li>P\u00f5llumajandustehnika: kasutatakse esilaadurites mulla, heina ja muude materjalide k\u00fchveldamiseks, t\u00f5stmiseks ja transportimiseks.<\/li>\n<li>Ekskavaatorid: kopa silinder v\u00f5imaldab kopal tungida pinnasesse, et teostada kaevamistoimingut.<\/li>\n<li>Esilaadurid: need aitavad kaupu t\u00f5husalt t\u00f5sta ja t\u00fchjendada.<\/li>\n<\/ul>\n<h2>Ohutuskaalutlused ja keskkonnategurid<\/h2>\n<p>Kopasilindri kasutamisel tuleb v\u00f5imalike ohtude v\u00e4ltimiseks v\u00f5tta arvesse ohutusmeetmeid. Silindrit tuleb kasutada vastavalt kaasasolevatele juhistele. Kasutatud h\u00fcdraulika\u00f5li n\u00f5uetekohane utiliseerimine on keskkonnakaitse seisukohast \u00fclioluline.<\/p>\n<h2>Rikete diagnoosimine ja t\u00f5rkeotsing<\/h2>\n<p>M\u00f5ned levinud probleemid, mis kopasilindri kasutamisel v\u00f5ivad tekkida, on \u00f5lileke, ebapiisav t\u00f5ukej\u00f5ud ja aeglane liikumine. Regulaarne kontroll ja hooldus aitavad neid probleeme v\u00e4ltida. Probleemide ilmnemisel saab neid diagnoosida ja lahendada kulunud tihendite vahetamise, silindri puhastamise ning paigaldusasendite ja kronsteinide reguleerimise teel.<\/p>\n<p><img loading=\"lazy\" decoding=\"async\" src=\"https:\/\/www.hydraulic-cylinders.net\/wp-content\/uploads\/2025\/01\/songte-bushings-with-all-kinds-of-excavator-models.webp\" alt=\"\u00c4mbri silindri t\u00f5rkeotsing\" width=\"600\" height=\"400\"><\/p>\n<h2>Meie ettev\u00f5ttest<\/h2>\n<p>Oleme h\u00fcdrosilindrite varuosade tootja. Meie ettev\u00f5te pakub t\u00e4ielikku tootevalikut ja on saanud \u00fcheks juhtivaks h\u00fcdrosilindrite tootjaks ja hulgim\u00fc\u00fcjaks nii sise- kui ka rahvusvahelisel turul. J\u00e4rgime kvaliteedi tipptaseme p\u00f5him\u00f5tet, tugineme t\u00e4iustatud tootmist\u00f6\u00f6koja industrialiseeritud tootmisjuhtimise strateegiale ning t\u00e4iustame pidevalt t\u00f6\u00f6koja tootmisplatvormi, parandame toote kvaliteetset tootmisprotsessi ja omame tugevat loomingulist v\u00f5imekust. Vastame klientide mitmekesistele vajadustele suure efektiivsuse, suure t\u00e4psuse ja k\u00f5rge kvaliteediga.<\/p>\n<p><img loading=\"lazy\" decoding=\"async\" src=\"https:\/\/hzpt.com\/wp-content\/uploads\/2024\/11\/songte-company-1.webp\" alt=\"Meie ettev\u00f5te\" width=\"600\" height=\"400\"><\/p>\n<h3>Meie ettev\u00f5te pakub:<\/h3>\n<ul>\n<li>Professionaalsus<\/li>\n<li>Rahvusvaheline sertifitseerimine<\/li>\n<li>Kohandamise teenused<\/li>\n<li>T\u00e4iustatud tootmisseadmed<\/li>\n<li>M\u00fc\u00fcgij\u00e4rgne teenindus<\/li>\n<\/ul>\n<p>Artikli loogilise \u00fclesehituse ja alapealkirjade, asjakohaste piltide v\u00f5i diagrammide ning selge ja kokkuv\u00f5tliku keele kasutamise abil, mis sobib erineva tehnilise teadmisega lugejatele, loodame pakkuda lugejatele igak\u00fclgset arusaama Lovoli keskastme ekskavaatori FR220 kopasilindrist ning meie ettev\u00f5tte toodetest ja teenustest.<\/p>\n<p>Autor: lyl.<\/p>","protected":false},"excerpt":{"rendered":"<p>Bucket Cylinder For Lovol Middle Excavator FR220 Introduction A bucket cylinder for Lovol middle excavator FR220 is a specifically designed hydraulic cylinder used to control the movement of the bucket in heavy-duty machinery such as excavators, backhoe loaders, and front-end loaders. Its main function is to enable the bucket to lift, lower, and tilt, making [&hellip;]<\/p>","protected":false},"featured_media":14778,"comment_status":"open","ping_status":"closed","template":"","meta":{"_et_pb_use_builder":"","_et_pb_old_content":"","_et_gb_content_width":""},"product_brand":[],"product_cat":[1494],"product_tag":[1495,1496],"class_list":{"0":"post-15559","1":"product","2":"type-product","3":"status-publish","4":"has-post-thumbnail","6":"product_cat-bucket-cylinders","7":"product_tag-bucket-cylinders","8":"product_tag-hydraulic-cylinders","10":"first","11":"instock","12":"shipping-taxable","13":"product-type-simple"},"amp_enabled":true,"_links":{"self":[{"href":"https:\/\/www.hydraulic-cylinders.net\/et\/wp-json\/wp\/v2\/product\/15559","targetHints":{"allow":["GET"]}}],"collection":[{"href":"https:\/\/www.hydraulic-cylinders.net\/et\/wp-json\/wp\/v2\/product"}],"about":[{"href":"https:\/\/www.hydraulic-cylinders.net\/et\/wp-json\/wp\/v2\/types\/product"}],"replies":[{"embeddable":true,"href":"https:\/\/www.hydraulic-cylinders.net\/et\/wp-json\/wp\/v2\/comments?post=15559"}],"wp:featuredmedia":[{"embeddable":true,"href":"https:\/\/www.hydraulic-cylinders.net\/et\/wp-json\/wp\/v2\/media\/14778"}],"wp:attachment":[{"href":"https:\/\/www.hydraulic-cylinders.net\/et\/wp-json\/wp\/v2\/media?parent=15559"}],"wp:term":[{"taxonomy":"product_brand","embeddable":true,"href":"https:\/\/www.hydraulic-cylinders.net\/et\/wp-json\/wp\/v2\/product_brand?post=15559"},{"taxonomy":"product_cat","embeddable":true,"href":"https:\/\/www.hydraulic-cylinders.net\/et\/wp-json\/wp\/v2\/product_cat?post=15559"},{"taxonomy":"product_tag","embeddable":true,"href":"https:\/\/www.hydraulic-cylinders.net\/et\/wp-json\/wp\/v2\/product_tag?post=15559"}],"curies":[{"name":"wp","href":"https:\/\/api.w.org\/{rel}","templated":true}]}}