{"id":15566,"date":"2025-01-19T14:41:29","date_gmt":"2025-01-19T14:41:29","guid":{"rendered":"https:\/\/www.hydraulic-cylinders.net\/product\/bucket-cylinder-for-liugong-small-excavator-clg906d\/"},"modified":"2025-01-19T14:41:31","modified_gmt":"2025-01-19T14:41:31","slug":"bucket-cylinder-for-liugong-small-excavator-clg906d","status":"publish","type":"product","link":"https:\/\/www.hydraulic-cylinders.net\/et\/toode\/bucket-cylinder-for-liugong-small-excavator-clg906d\/","title":{"rendered":"Liugongi v\u00e4ikese ekskavaatori CLG906d kopa silinder"},"content":{"rendered":"<h1>Liugongi v\u00e4ikese ekskavaatori CLG906d kopa silinder<\/h1>\n<h2>Sissejuhatus<\/h2>\n<p>Kopa silinder on spetsiaalselt loodud h\u00fcdrauliline silinder, mida kasutatakse peamiselt koppade liikumise juhtimiseks rasketes masinates, n\u00e4iteks ekskavaatorites, laadur-ekskavaatorites ja esilaadurites. Selle peamine \u00fclesanne on v\u00f5imaldada koppade t\u00f5stmist, langetamist ja kallutamist, muutes mitmesuguste materjalik\u00e4itlust\u00f6\u00f6de tegemise lihtsamaks. H\u00fcdraulilises s\u00fcsteemis saavutab kopa silinder kopa t\u00e4pse juhtimise, kasutades h\u00fcdraulika\u00f5li r\u00f5humuutusi, v\u00f5imaldades operaatoritel t\u00f5husalt k\u00e4sitseda raskeid koormaid ning kohaneda keerukate t\u00f6\u00f6keskkondade ja mitmekesiste t\u00f6\u00f6n\u00f5uetega.<\/p>\n<p><img decoding=\"async\" src=\"https:\/\/www.hydraulic-cylinders.net\/wp-content\/uploads\/2025\/01\/songte-company-2.webp\" alt=\"\u00c4mbri silindri pilt\"><\/p>\n<h2>Omadused<\/h2>\n<ul>\n<li>Suur tugevus ja vastupidavus: Tavaliselt valmistatud \u00fclitugevast terasest v\u00f5i alumiiniumist, talub see k\u00f5rget r\u00f5hku ja suuri koormusi, kohandudes karmide t\u00f6\u00f6keskkondadega. Projekteerimisel on arvesse v\u00f5etud ka kulumiskindlust ja korrosioonikindlust, mis pikendab selle eluiga.<\/li>\n<li>T\u00f5hus h\u00fcdrauliline t\u00f6\u00f6: H\u00fcdraulika\u00f5li r\u00f5hku kasutades saavutab see sujuva pikendus- ja tagasit\u00f5mbamisliigutuse, reageerib kiiresti juhtimisk\u00e4sklustele, pakub tugevat t\u00f5uke- ja t\u00f5mbej\u00f5udu, sobib raskete koormate ja keerukate t\u00f6\u00f6\u00fclesannete k\u00e4sitsemiseks.<\/li>\n<li>Erinevad t\u00fc\u00fcbid: Saadaval on \u00fchetoimelised (h\u00fcdrauliline, ainult \u00fches suunas) v\u00f5i kahetoimelised (h\u00fcdrauliline, m\u00f5lemas suunas) silindrid, mis sobivad erinevateks t\u00f6\u00f6tingimusteks. M\u00f5ned mudelid on teleskoopilised, v\u00f5imaldades suuremat pikendust ilma v\u00e4lism\u00f5\u00f5tmeid suurendamata, mist\u00f5ttu sobivad need piiratud ruumiga rakenduste jaoks.<\/li>\n<li>T\u00e4iuslik asendus: Meie toode saab need h\u00fcdraulilised silindrid ideaalselt asendada.<\/li>\n<\/ul>\n<p><img decoding=\"async\" src=\"https:\/\/www.hydraulic-cylinders.net\/wp-content\/uploads\/2025\/01\/songte-cylinder-head-with-all-kinds-excavator-models.webp\" alt=\"Toote pilt\"><\/p>\n<h2>Rakendused<\/h2>\n<p>Kopa silinder leiab oma rakendusi erinevates valdkondades:<\/p>\n<ul>\n<li>Ehitustehnika: see on ekskavaatorite puhul \u00fclioluline, kuna neid kasutatakse kaevamiseks, laadimiseks ja pinnase v\u00f5i prahi teisaldamiseks. Ekskavaatorlaaduritel aitab kopa silinder nii kaevamisel kui ka t\u00f5stmisel.<\/li>\n<li>P\u00f5llumajandusmasinad: Kasutatakse esilaadurites mulla, heina ja muude materjalide k\u00fchveldamiseks, t\u00f5stmiseks ja transportimiseks.<\/li>\n<li>Ekskavaatorid: Kopa silinder v\u00f5imaldab kaevamist, lastes kopal pinnasesse tungida.<\/li>\n<li>Laadurid: Esilaadurites aitavad need kaupu t\u00f5husalt t\u00f5sta ja kallutada.<\/li>\n<\/ul>\n<h2>Projekteerimiskaalutlused ja valikukriteeriumid<\/h2>\n<ul>\n<li>Kandev\u00f5ime: Silinder peaks olema konstrueeritud nii, et see taluks t\u00f5husalt kavandatud koormusi ja r\u00f5hku.<\/li>\n<li>Tihendus: Kasutatakse mitmesuguseid tihendeid, n\u00e4iteks kolvi- ja varrastihendeid, mis on valmistatud kulumiskindlatest materjalidest, n\u00e4iteks pol\u00fcuretaanist ja nitriilkummist. Silindri korpus ja keermestatud otsapinnad l\u00e4bivad peent\u00f6\u00f6tluse kulumiskindluse suurendamiseks.<\/li>\n<li>Vastupidavus: Toode on loodud vastu pidama karmidele t\u00f6\u00f6tingimustele ja pakkuma pikaajalist j\u00f5udlust.<\/li>\n<li>Ohutus: Ohutuskaalutlused on projekteerimisel olulised, et v\u00e4ltida \u00f5nnetusi ja tagada operaatorite heaolu.<\/li>\n<li>Hooldatavus: Silinder peaks olema konstrueeritud nii, et seda oleks lihtne hooldada ja parandada, v\u00f5imaldades kiiret ja t\u00f5husat teenindust.<\/li>\n<\/ul>\n<p><img decoding=\"async\" src=\"https:\/\/www.hydraulic-cylinders.net\/wp-content\/uploads\/2025\/01\/songte-oil-pipes-and-spare-parts.webp\" alt=\"Toote pilt\"><\/p>\n<h2>Tihendus ja m\u00e4\u00e4rimine<\/h2>\n<p>Kopasilindris kasutatakse erinevat t\u00fc\u00fcpi tihendeid, n\u00e4iteks kolvitihendeid ja vardatihendeid, mis on valmistatud kulumiskindlatest materjalidest. Silindri korpus ja keermestatud otsapinnad l\u00e4bivad peent\u00f6\u00f6tluse, et suurendada kulumiskindlust. Sujuva t\u00f6\u00f6 tagamiseks tuleb seda perioodiliselt m\u00e4\u00e4rida sobiva koguse h\u00fcdraulika\u00f5liga.<\/p>\n<h2>Regulaarne kontroll ja ennetav hooldus<\/h2>\n<ul>\n<li>Kontrollige silindrit regulaarselt kulumise, lekke v\u00f5i kahjustuste suhtes.<\/li>\n<li>Veenduge silindri n\u00f5uetekohases m\u00e4\u00e4rimises ja vajadusel vahetage tihendid v\u00e4lja.<\/li>\n<li>Optimaalse j\u00f5udluse s\u00e4ilitamiseks tehke kalibreerimiskontrolle.<\/li>\n<\/ul>\n<h2>\u00d5ige toote paigaldusjuhend<\/h2>\n<p>Kopasilindri \u00f5ige paigaldamine on selle j\u00f5udluse ja pikaealisuse tagamiseks \u00fclioluline. J\u00e4rgige neid juhiseid:<\/p>\n<ul>\n<li>Paigaldamise ajal veenduge silindri \u00f5iges asendis.<\/li>\n<li>Kasutage silindri kinnitamiseks sobivaid kinnitusklambreid.<\/li>\n<li>J\u00e4rgige soovitatud kontrolli-, remondi- ja asendusprotseduure.<\/li>\n<li>Andke n\u00e4pun\u00e4iteid ja nippe silindri eluea pikendamiseks.<\/li>\n<\/ul>\n<p><img decoding=\"async\" src=\"https:\/\/www.hydraulic-cylinders.net\/wp-content\/uploads\/2025\/01\/songte-chushion-collar.webp\" alt=\"Toote pilt\"><\/p>\n<h2>Ohutuskaalutlused ja keskkonnategurid<\/h2>\n<p>Kopasilindri kasutamisel on oluline j\u00e4rgida ohutusmeetmeid, et v\u00e4ltida \u00f5nnetusi ja tagada operaatorite ohutus. Samuti tuleks arvestada keskkonnateguritega, et minimeerida negatiivset m\u00f5ju \u00fcmbrusele.<\/p>\n<h2>Veaotsing ja levinud probleemid<\/h2>\n<p>Siin on m\u00f5ned levinud probleemid, mis v\u00f5ivad \u00e4mbrisilindriga tekkida:<\/p>\n<ul>\n<li>Probleem 1: Leke silindrist<\/li>\n<li>Probleem 2: Silinder ei ulatu korralikult v\u00e4lja ega t\u00f5mbu tagasi<\/li>\n<li>Probleem 3: Ebanormaalsed helid t\u00f6\u00f6tamise ajal<\/li>\n<\/ul>\n<p>Pakkuge t\u00f5rkeotsingu n\u00e4pun\u00e4iteid ja lahendusi, mis aitavad lugejatel probleeme t\u00f5husalt diagnoosida ja lahendada. Samuti soovitage ennetavaid meetmeid v\u00f5imalike probleemide minimeerimiseks.<\/p>\n<p><img decoding=\"async\" src=\"https:\/\/www.hydraulic-cylinders.net\/wp-content\/uploads\/2025\/01\/songte-bushings-with-all-kinds-of-excavator-models.webp\" alt=\"Toote pilt\"><\/p>\n<p>Pea meeles, et artikkel tuleb loogiliselt \u00fcles ehitada, navigeerimise h\u00f5lbustamiseks kasutada alapealkirju, arusaadavuse parandamiseks lisada asjakohaseid pilte v\u00f5i diagramme ning veenduda, et sisu on selge, kokkuv\u00f5tlik ja sobib erineva tehnilise teadmisega lugejatele.<\/p>\n<h2>Meie ettev\u00f5ttest<\/h2>\n<p>Oleme asendush\u00fcdrauliliste silindrite tootja ning \u00fcks juhtivaid tootjaid ja hulgim\u00fc\u00fcjaid nii sise- kui ka rahvusvahelisel turul. Meie ettev\u00f5te j\u00e4rgib tipptaseme p\u00f5him\u00f5tteid, kasutades peentel tootmist\u00f6\u00f6kodadel p\u00f5hinevaid t\u00f6\u00f6stusliku tootmise juhtimise strateegiaid. T\u00e4iustame pidevalt oma tootmisplatvormi, parandame tootekvaliteedi tootmisprotsessi ning omame tugevaid loomingulisi v\u00f5imeid. K\u00f5rge efektiivsuse, suure t\u00e4psuse ja k\u00f5rge kvaliteedi p\u00f5him\u00f5tetega rahuldame oma klientide mitmekesiseid vajadusi.<\/p>\n<p><img decoding=\"async\" src=\"https:\/\/www.hydraulic-cylinders.net\/wp-content\/uploads\/2025\/01\/songte-company-3.webp\" alt=\"Ettev\u00f5tte kuvand\"><\/p>\n<h3>Meie ettev\u00f5tte esilet\u00f5stmised:<\/h3>\n<ul>\n<li>Professionaalsus<\/li>\n<li>Rahvusvaheline sertifitseerimine<\/li>\n<li>Kohandamise teenused<\/li>\n<li>Tootmisseadmed<\/li>\n<li>M\u00fc\u00fcgij\u00e4rgne teenindus<\/li>\n<\/ul>\n<p>Autor: lyl<\/p>","protected":false},"excerpt":{"rendered":"<p>Bucket Cylinder For Liugong Small Excavator CLG906d Introduction The bucket cylinder is a specially designed hydraulic cylinder that is primarily used to control the movement of buckets in heavy machinery such as excavators, backhoe loaders, and front-end loaders. Its main function is to enable the lifting, lowering, and tilting of buckets, making it easier to [&hellip;]<\/p>","protected":false},"featured_media":14761,"comment_status":"open","ping_status":"closed","template":"","meta":{"_et_pb_use_builder":"","_et_pb_old_content":"","_et_gb_content_width":""},"product_brand":[],"product_cat":[1494],"product_tag":[1495,1496],"class_list":{"0":"post-15566","1":"product","2":"type-product","3":"status-publish","4":"has-post-thumbnail","6":"product_cat-bucket-cylinders","7":"product_tag-bucket-cylinders","8":"product_tag-hydraulic-cylinders","10":"first","11":"instock","12":"shipping-taxable","13":"product-type-simple"},"amp_enabled":true,"_links":{"self":[{"href":"https:\/\/www.hydraulic-cylinders.net\/et\/wp-json\/wp\/v2\/product\/15566","targetHints":{"allow":["GET"]}}],"collection":[{"href":"https:\/\/www.hydraulic-cylinders.net\/et\/wp-json\/wp\/v2\/product"}],"about":[{"href":"https:\/\/www.hydraulic-cylinders.net\/et\/wp-json\/wp\/v2\/types\/product"}],"replies":[{"embeddable":true,"href":"https:\/\/www.hydraulic-cylinders.net\/et\/wp-json\/wp\/v2\/comments?post=15566"}],"wp:featuredmedia":[{"embeddable":true,"href":"https:\/\/www.hydraulic-cylinders.net\/et\/wp-json\/wp\/v2\/media\/14761"}],"wp:attachment":[{"href":"https:\/\/www.hydraulic-cylinders.net\/et\/wp-json\/wp\/v2\/media?parent=15566"}],"wp:term":[{"taxonomy":"product_brand","embeddable":true,"href":"https:\/\/www.hydraulic-cylinders.net\/et\/wp-json\/wp\/v2\/product_brand?post=15566"},{"taxonomy":"product_cat","embeddable":true,"href":"https:\/\/www.hydraulic-cylinders.net\/et\/wp-json\/wp\/v2\/product_cat?post=15566"},{"taxonomy":"product_tag","embeddable":true,"href":"https:\/\/www.hydraulic-cylinders.net\/et\/wp-json\/wp\/v2\/product_tag?post=15566"}],"curies":[{"name":"wp","href":"https:\/\/api.w.org\/{rel}","templated":true}]}}