{"id":15575,"date":"2025-01-19T14:42:11","date_gmt":"2025-01-19T14:42:11","guid":{"rendered":"https:\/\/www.hydraulic-cylinders.net\/product\/bucket-cylinder-for-liugong-middle-excavator-clg205\/"},"modified":"2025-01-19T14:42:13","modified_gmt":"2025-01-19T14:42:13","slug":"bucket-cylinder-for-liugong-middle-excavator-clg205","status":"publish","type":"product","link":"https:\/\/www.hydraulic-cylinders.net\/et\/toode\/bucket-cylinder-for-liugong-middle-excavator-clg205\/","title":{"rendered":"Liugongi keskmise ekskavaatori CLG205 kopa silinder"},"content":{"rendered":"<p><!DOCTYPE html><br \/>\n<html><br \/>\n<head><br \/>\n<title>Liugongi keskmise ekskavaatori CLG205 kopa silinder<\/title><br \/>\n<\/head><br \/>\n<body><\/p>\n<h1>Liugongi keskmise ekskavaatori CLG205 kopa silinder<\/h1>\n<h2>Toote tutvustus<\/h2>\n<p>Kopa silinder on spetsiaalselt konstrueeritud h\u00fcdrauliline silinder, mida kasutatakse kopa liikumise juhtimiseks rasketes masinates, n\u00e4iteks ekskavaatorites, laadur-ekskavaatorites ja esilaadurites. Selle peamine \u00fclesanne on v\u00f5imaldada kopa t\u00f5stmist, langetamist ja kallutamist, muutes selle lihtsamaks mitmesuguste materjalik\u00e4itlust\u00f6\u00f6de jaoks. H\u00fcdraulilises s\u00fcsteemis saavutab kopa silinder kopa t\u00e4pse juhtimise, kasutades h\u00fcdraulika\u00f5li r\u00f5humuutust, v\u00f5imaldades operaatoritel t\u00f5husalt k\u00e4sitseda raskeid koormaid ning kohaneda keerukate t\u00f6\u00f6keskkondade ja mitmekesiste t\u00f6\u00f6vajadustega.<\/p>\n<p><img decoding=\"async\" src=\"https:\/\/www.hydraulic-cylinders.net\/wp-content\/uploads\/2025\/01\/songte-company-2.webp\"><\/p>\n<h2>Toote omadused<\/h2>\n<ul>\n<li>Suur tugevus ja vastupidavus: Tavaliselt on see valmistatud \u00fclitugevast terasest v\u00f5i alumiiniumist, talub see k\u00f5rget r\u00f5hku ja suuri koormusi, kohandudes karmide t\u00f6\u00f6keskkondadega. Projekteerimisel on arvestatud ka kulumiskindluse ja korrosioonikindlusega, pikendades selle eluiga.<\/li>\n<li>T\u00f5hus h\u00fcdrauliline t\u00f6\u00f6: H\u00fcdraulika\u00f5li r\u00f5hku kasutades saavutab see sujuvad pikendus- ja tagasit\u00f5mbamisliigutused, reageerib kiiresti juhtimisk\u00e4sklustele, pakub v\u00f5imsaid t\u00f5uke- ja t\u00f5mbej\u00f5ude ning sobib raskete koormate ja keerukate \u00fclesannete k\u00e4sitsemiseks.<\/li>\n<li>Erinevad t\u00fc\u00fcbid: Valige vastavalt konkreetsetele t\u00f6\u00f6vajadustele \u00fchetoimeliste (h\u00fcdraulilist s\u00fcsteemi kasutatakse ainult \u00fches suunas) v\u00f5i kahetoimeliste (h\u00fcdraulilist s\u00fcsteemi kasutatakse m\u00f5lemas suunas) silindrite vahel. M\u00f5ned mudelid on teleskoopilised, mis v\u00f5imaldab suuremat pikendamist ilma v\u00e4lism\u00f5\u00f5tmeid suurendamata, mist\u00f5ttu need sobivad piiratud ruumiga rakenduste jaoks.<\/li>\n<li>T\u00e4iuslik asendus: Meie tooted suudavad olemasolevaid h\u00fcdrosilindreid ideaalselt asendada. <\/li>\n<\/ul>\n<p><img decoding=\"async\" src=\"https:\/\/www.hydraulic-cylinders.net\/wp-content\/uploads\/2025\/01\/songte-cylinder-head-with-all-kinds-excavator-models.webp\"><\/p>\n<h2>Rakendused<\/h2>\n<h3>Ehitustehnika<\/h3>\n<p>Ekskavaatorites on need olulised kaevamiseks, laadimiseks ja materjalide teisaldamiseks. Ekskavaator-laadurites aitab kopa silinder kaasa nii kaevamisele kui ka t\u00f5stmisele.<\/p>\n<h3>P\u00f5llumajandustehnika<\/h3>\n<p>Kasutatakse esilaadurites mulla, heina ja muude materjalide kopeerimiseks, t\u00f5stmiseks ja transportimiseks.<\/p>\n<h3>Ekskavaatorid<\/h3>\n<p>Kopa silinder v\u00f5imaldab kaevamist, lastes kopal pinnasesse tungida.<\/p>\n<h3>Laadurid<\/h3>\n<p>Esilaadurites aitavad need kaupu t\u00f5husalt t\u00f5sta ja kallutada.<\/p>\n<h2>Projekteerimiskaalutlused ja valikukriteeriumid<\/h2>\n<ul>\n<li>Kandev\u00f5ime: Arutage silindri v\u00f5imet kanda suuri koormusi.<\/li>\n<li>Tihendid: Arutage tihendite olulisust h\u00fcdraulilise s\u00fcsteemi n\u00f5uetekohase toimimise s\u00e4ilitamisel ja lekete v\u00e4ltimisel.<\/li>\n<li>Vastupidavus: Selgitage, kuidas balloon on konstrueeritud taluma karme t\u00f6\u00f6tingimusi ja pikendama oma eluiga.<\/li>\n<li>Ohutus: Arutage ohutusmeetmeid ja konstruktsioonielemente, mis tagavad ohutu t\u00f6\u00f6.<\/li>\n<li>Hooldus: Arutage regulaarse hoolduse olulisust ja andke n\u00f5uandeid hooldust\u00f6\u00f6deks.<\/li>\n<\/ul>\n<p><img decoding=\"async\" src=\"https:\/\/www.hydraulic-cylinders.net\/wp-content\/uploads\/2025\/01\/songte-oil-pipes-and-spare-parts.webp\"><\/p>\n<h2>Tihendus ja m\u00e4\u00e4rimine<\/h2>\n<p>Kopasilindris kasutatakse mitmesuguseid tihendeid, n\u00e4iteks kolvitihendeid ja vardatihendeid, mis on valmistatud kulumiskindlatest materjalidest nagu pol\u00fcuretaan ja nitriilkummi. Silindri korpus ja keermestatud otsad l\u00e4bivad hoolika pinnat\u00f6\u00f6tluse, et parandada kulumiskindlust. Vajalik on regulaarne m\u00e4\u00e4rimine sobiva koguse h\u00fcdraulika\u00f5liga.<\/p>\n<h2>Regulaarne kontroll ja ennetavad hooldusmeetmed<\/h2>\n<ul>\n<li>Regulaarne kontroll: arutage regulaarsete kontrollide olulisust v\u00f5imalike probleemide tuvastamiseks.<\/li>\n<li>\u00d5ige m\u00e4\u00e4rimine: R\u00f5hutage m\u00e4\u00e4rimise olulisust sujuva t\u00f6\u00f6 tagamiseks.<\/li>\n<li>Tihendi vahetamine: esitage juhised tihendite vahetamiseks ja r\u00f5hutage selle m\u00f5ju j\u00f5udlusele.<\/li>\n<li>Kalibreerimiskontroll: arutage silindri kalibreerimise olulisust t\u00e4pse t\u00f6\u00f6 tagamiseks.<\/li>\n<\/ul>\n<p><img decoding=\"async\" src=\"https:\/\/www.hydraulic-cylinders.net\/wp-content\/uploads\/2025\/01\/songte-chushion-collar.webp\"><\/p>\n<h2>Ohutuskaalutlused ja keskkonnategurid<\/h2>\n<p>T\u00f5stke esile ohutusmeetmete olulisust \u00e4mbrisilindri kasutamisel ja arutage tootega seotud keskkonnakaalutlusi.<\/p>\n<h2>Veaotsing ja levinud probleemid<\/h2>\n<p>Arutage esineda v\u00f5ivaid levinud probleeme ning pakkuge t\u00f5rkeotsingu n\u00e4pun\u00e4iteid ja lahendusi, mis aitavad lugejatel probleeme t\u00f5husalt diagnoosida ja lahendada. Samuti pakkuge v\u00e4lja ennetavaid meetmeid v\u00f5imalike probleemide minimeerimiseks.<\/p>\n<p><img decoding=\"async\" src=\"https:\/\/www.hydraulic-cylinders.net\/wp-content\/uploads\/2025\/01\/songte-bushings-with-all-kinds-of-excavator-models.webp\"><\/p>\n<h2>Meie ettev\u00f5ttest<\/h2>\n<p>Oleme juhtiv h\u00fcdrauliliste silindrite tootja ja hulgim\u00fc\u00fcja nii sise- kui ka rahvusvahelisel turul. Meie tooted h\u00f5lmavad laia valikut ja me j\u00e4rgime suurep\u00e4rase kvaliteedi strateegiat, kasutades oma keerukates tootmist\u00f6\u00f6kodades industrialiseeritud tootmisjuhtimist. Keskendudes tehnoloogilisele talendile, tipptasemel digitaalsetele tootmisseadmetele ja professionaalsetele testimiss\u00fcsteemidele, t\u00e4iustame pidevalt oma tootmisplatvormi ja tootekvaliteedi tootmisviise. Meil \u200b\u200bon tugevad loomingulised v\u00f5imed ja j\u00e4rgime efektiivsuse, t\u00e4psuse ja k\u00f5rge kvaliteedi p\u00f5him\u00f5tteid, et rahuldada klientide mitmekesiseid vajadusi.<\/p>\n<p><img decoding=\"async\" src=\"https:\/\/www.hydraulic-cylinders.net\/wp-content\/uploads\/2025\/01\/songte-company-3.webp\"><\/p>\n<h3>Meie ettev\u00f5tte olulisemad omadused<\/h3>\n<ul>\n<li>Ekspertiis ja rahvusvahelised sertifikaadid<\/li>\n<li>Kohandamise teenused<\/li>\n<li>Tipptasemel tootmisseadmed<\/li>\n<li>M\u00fc\u00fcgij\u00e4rgne teenindus<\/li>\n<\/ul>\n<p>Autor: lyl<\/p>\n<p><\/body><br \/>\n<\/html><\/p>","protected":false},"excerpt":{"rendered":"<p>Bucket Cylinder For Liugong Middle Excavator CLG205 Bucket Cylinder For Liugong Middle Excavator CLG205 Introduction of the Product The bucket cylinder is a specially designed hydraulic cylinder used to control the movement of the bucket in heavy machinery such as excavators, backhoe loaders, and front-end loaders. Its main function is to enable the bucket to [&hellip;]<\/p>","protected":false},"featured_media":14776,"comment_status":"open","ping_status":"closed","template":"","meta":{"_et_pb_use_builder":"","_et_pb_old_content":"","_et_gb_content_width":""},"product_brand":[],"product_cat":[1494],"product_tag":[1495,1496],"class_list":{"0":"post-15575","1":"product","2":"type-product","3":"status-publish","4":"has-post-thumbnail","6":"product_cat-bucket-cylinders","7":"product_tag-bucket-cylinders","8":"product_tag-hydraulic-cylinders","10":"first","11":"instock","12":"shipping-taxable","13":"product-type-simple"},"amp_enabled":true,"_links":{"self":[{"href":"https:\/\/www.hydraulic-cylinders.net\/et\/wp-json\/wp\/v2\/product\/15575","targetHints":{"allow":["GET"]}}],"collection":[{"href":"https:\/\/www.hydraulic-cylinders.net\/et\/wp-json\/wp\/v2\/product"}],"about":[{"href":"https:\/\/www.hydraulic-cylinders.net\/et\/wp-json\/wp\/v2\/types\/product"}],"replies":[{"embeddable":true,"href":"https:\/\/www.hydraulic-cylinders.net\/et\/wp-json\/wp\/v2\/comments?post=15575"}],"wp:featuredmedia":[{"embeddable":true,"href":"https:\/\/www.hydraulic-cylinders.net\/et\/wp-json\/wp\/v2\/media\/14776"}],"wp:attachment":[{"href":"https:\/\/www.hydraulic-cylinders.net\/et\/wp-json\/wp\/v2\/media?parent=15575"}],"wp:term":[{"taxonomy":"product_brand","embeddable":true,"href":"https:\/\/www.hydraulic-cylinders.net\/et\/wp-json\/wp\/v2\/product_brand?post=15575"},{"taxonomy":"product_cat","embeddable":true,"href":"https:\/\/www.hydraulic-cylinders.net\/et\/wp-json\/wp\/v2\/product_cat?post=15575"},{"taxonomy":"product_tag","embeddable":true,"href":"https:\/\/www.hydraulic-cylinders.net\/et\/wp-json\/wp\/v2\/product_tag?post=15575"}],"curies":[{"name":"wp","href":"https:\/\/api.w.org\/{rel}","templated":true}]}}