{"id":15578,"date":"2025-01-19T14:42:24","date_gmt":"2025-01-19T14:42:24","guid":{"rendered":"https:\/\/www.hydraulic-cylinders.net\/product\/bucket-cylinder-for-liugong-middle-excavator-clg925d-925e\/"},"modified":"2025-01-19T14:42:26","modified_gmt":"2025-01-19T14:42:26","slug":"bucket-cylinder-for-liugong-middle-excavator-clg925d-925e","status":"publish","type":"product","link":"https:\/\/www.hydraulic-cylinders.net\/et\/toode\/bucket-cylinder-for-liugong-middle-excavator-clg925d-925e\/","title":{"rendered":"Liugongi keskmise ekskavaatori CLG925D\/925E kopa silinder"},"content":{"rendered":"<h1>Liugongi keskmise ekskavaatori CLG925D\/925E kopa silinder<\/h1>\n<h2>Sissejuhatus<\/h2>\n<p>Kopa silinder on spetsiaalselt loodud h\u00fcdrauliline silinder, mida kasutatakse peamiselt kopa liikumise juhtimiseks rasketes masinates, n\u00e4iteks ekskavaatorites, laadur-ekskavaatorites ja esilaadurites. Selle peamine \u00fclesanne on v\u00f5imaldada kopa t\u00f5stmist, langetamist ja kallutamist, muutes mitmesuguste materjalik\u00e4itlust\u00f6\u00f6de tegemise lihtsamaks. H\u00fcdraulilises s\u00fcsteemis saavutab kopa silinder kopa t\u00e4pse juhtimise h\u00fcdraulika\u00f5li r\u00f5hu muutuste abil, v\u00f5imaldades operaatoritel t\u00f5husalt k\u00e4sitseda raskeid koormaid, kohaneda keerukate t\u00f6\u00f6keskkondade ja mitmekesiste t\u00f6\u00f6n\u00f5uetega.<\/p>\n<p><img decoding=\"async\" src=\"https:\/\/www.hydraulic-cylinders.net\/wp-content\/uploads\/2025\/01\/songte-company-2.webp\" alt=\"\u00c4mbri silinder\"><\/p>\n<h2>Omadused<\/h2>\n<ul>\n<li>\n<h3>Suur tugevus ja vastupidavus:<\/h3>\n<p> Tavaliselt valmistatud \u00fclitugevast terasest v\u00f5i alumiiniumist, talub see k\u00f5rget r\u00f5hku ja suuri koormusi, kohandudes karmide t\u00f6\u00f6keskkondadega. See on konstrueeritud kulumiskindlust ja korrosioonikindlust silmas pidades, pikendades selle kasutusiga.<\/li>\n<li>\n<h3>T\u00f5hus h\u00fcdrauliline t\u00f6\u00f6:<\/h3>\n<p> Sujuv teleskoopliikumine saavutatakse h\u00fcdraulilise \u00f5lir\u00f5hu abil, mis reageerib kiiresti juhtimisk\u00e4sklustele, pakkudes tugevat t\u00f5uke- ja t\u00f5mbej\u00f5udu, mis sobib raskete koormate ja keerukate t\u00f6\u00f6de k\u00e4sitsemiseks.<\/li>\n<li>\n<h3>Erinevad t\u00fc\u00fcbid:<\/h3>\n<p> Vastavalt t\u00f6\u00f6vajadustele saab valida \u00fchetoimelisi (h\u00fcdraulilist s\u00fcsteemi kasutatakse ainult \u00fches suunas) v\u00f5i kahetoimelisi (h\u00fcdraulilist s\u00fcsteemi kasutatakse m\u00f5lemas suunas) silindreid. M\u00f5ned mudelid on teleskoopilised, v\u00f5imaldades suuremat pikendust ilma v\u00e4lism\u00f5\u00f5tmeid suurendamata, sobides piiratud ruumiga rakenduste jaoks.<\/li>\n<li>\n<h3>Meie v\u00f5ime seda toodet toota:<\/h3>\n<p> Meie toode saab neid h\u00fcdrosilindreid ideaalselt asendada.<\/li>\n<\/ul>\n<p><img decoding=\"async\" src=\"https:\/\/www.hydraulic-cylinders.net\/wp-content\/uploads\/2025\/01\/songte-cylinder-head-with-all-kinds-excavator-models.webp\" alt=\"Toode\"><\/p>\n<h2>Rakendused<\/h2>\n<p>Kopa silinder on oluline pinnase v\u00f5i prahi kaevamiseks, laadimiseks ja teisaldamiseks ehitusmasinates, n\u00e4iteks ekskavaatorites ja laadur-ekskavaatorites. Lisaks kasutatakse seda esilaadurites kaupade t\u00f5husaks t\u00f5stmiseks ja t\u00fchjendamiseks. J\u00e4rgnevalt on toodud m\u00f5ned konkreetsed rakendused:<\/p>\n<ul>\n<li>\n<h3>Ehitustehnika:<\/h3>\n<p> Kopasilindrid on ekskavaatorite ja laadurlaadurite puhul \u00fcliolulised pinnase v\u00f5i prahi kaevamiseks, laadimiseks ja teisaldamiseks. Kopasilindrid aitavad nii kaevamisel kui ka t\u00f5stmisel.<\/li>\n<li>\n<h3>P\u00f5llumajandusmasinad:<\/h3>\n<p> Kasutatakse esilaaduritel mulla, heina ja muude materjalide t\u00f5stmiseks ja transportimiseks.<\/li>\n<li>\n<h3>Ekskavaatorid:<\/h3>\n<p> Kopa silinder v\u00f5imaldab kaevamist, lastes kopal pinnasesse tungida.<\/li>\n<li>\n<h3>Eeslaadurid:<\/h3>\n<p> Need aitavad lasti t\u00f5husalt t\u00f5sta ja kallutada.<\/li>\n<\/ul>\n<h2>Projekteerimiskaalutlused ja valikukriteeriumid<\/h2>\n<h3>Kujunduskaalutlused:<\/h3>\n<ul>\n<li>\n<h4>Kandev\u00f5ime:<\/h4>\n<p> Kopa silinder peaks suutma n\u00f5utava kandev\u00f5imega t\u00f5rgeteta hakkama saada.<\/li>\n<li>\n<h4>Tihendus:<\/h4>\n<p> Silinder peab olema korralikult tihendatud, et v\u00e4ltida h\u00fcdraulilise vedeliku lekkeid.<\/li>\n<li>\n<h4>Vastupidavus:<\/h4>\n<p> Silinder peaks olema konstrueeritud vastu pidama karmidele t\u00f6\u00f6tingimustele ning olema kulumis- ja korrosioonikindel.<\/li>\n<li>\n<h4>Ohutus:<\/h4>\n<p> Ballooni konstruktsioon peaks tagama nii operaatori kui ka \u00fcmbruse ohutuse.<\/li>\n<li>\n<h4>Hooldus:<\/h4>\n<p> Silinder peaks olema konstrueeritud nii, et seda oleks lihtne hooldada ja parandada.<\/li>\n<\/ul>\n<p><img decoding=\"async\" src=\"https:\/\/www.hydraulic-cylinders.net\/wp-content\/uploads\/2025\/01\/songte-oil-pipes-and-spare-parts.webp\" alt=\"Tooted\"><\/p>\n<h3>Tihendus ja m\u00e4\u00e4rimine:<\/h3>\n<p>H\u00fcdraulikavedeliku lekke v\u00e4ltimiseks kasutatakse mitmesuguseid tihenduskomponente, n\u00e4iteks kolvitihendeid ja varrastihendeid. Tihendid on valmistatud kulumiskindlatest materjalidest, nagu pol\u00fcuretaan ja nitriilkummi. Silindri korpus ja keermestatud otsapind on peenelt t\u00f6\u00f6deldud, et parandada kulumiskindlust. N\u00f5uetekohase t\u00f6\u00f6 tagamiseks on vaja regulaarselt m\u00e4\u00e4rida sobiva h\u00fcdraulika\u00f5liga.<\/p>\n<h3>Hooldus ja remont:<\/h3>\n<p>Regulaarne kontroll, sobiv m\u00e4\u00e4rimine, tihendite vahetamine ja kalibreerimise kontrollimine on m\u00f5ned levinumad hooldust\u00f6\u00f6d. \u00d5ige paigaldamine, m\u00e4\u00e4rimine ja reguleerimine on kopasilindri eluea pikendamiseks \u00fcliolulised. Silindri \u00f5ige joondamine on paigaldamise ajal oluline ja silindri kinnitamiseks tuleks kasutada \u00f5igeid paigaldusklambreid. Silindri kasutusea pikendamiseks pakutakse soovituslikke kontrolli-, remondi- ja asendusprotseduure, osade vahetamist ja taastamisteenuseid.<\/p>\n<p><img decoding=\"async\" src=\"https:\/\/www.hydraulic-cylinders.net\/wp-content\/uploads\/2025\/01\/songte-chushion-collar.webp\" alt=\"Tooted\"><\/p>\n<h2>Ohutuskaalutlused ja keskkonnategurid<\/h2>\n<p>Kopasilindrite k\u00e4itamine peab toimuma ohutult ja nende kasutamisel tuleb v\u00f5tta asjakohaseid ohutusmeetmeid. See h\u00f5lmab ohutusjuhiste j\u00e4rgimist, n\u00e4iteks isikukaitsevahendite kandmist ja h\u00fcdraulikaseadmete heas t\u00f6\u00f6korras olemise tagamist. Kopasilindrite k\u00e4itamisel tuleks arvesse v\u00f5tta ka keskkonnategureid, nagu temperatuur, niiskus ja korrosioon.<\/p>\n<h2>Veaotsing ja levinud probleemid<\/h2>\n<p>J\u00e4rgnevalt on toodud m\u00f5ned levinud probleemid, mis v\u00f5ivad kopasilindrite kasutamisel tekkida:<\/p>\n<ul>\n<li>\n<h3>H\u00fcdraulikavedeliku leke:<\/h3>\n<p> See v\u00f5ib olla tingitud tihendite v\u00f5i muude komponentide kulumisest.<\/li>\n<li>\n<h3>Silindri talitlush\u00e4ired:<\/h3>\n<p> Silinder v\u00f5ib erinevatel p\u00f5hjustel mitte korralikult t\u00f6\u00f6tada, n\u00e4iteks madala h\u00fcdraulilise r\u00f5hu v\u00f5i kahjustatud kolvi t\u00f5ttu.<\/li>\n<li>\n<h3>M\u00fcra ja vibratsioon:<\/h3>\n<p> Selle p\u00f5hjuseks v\u00f5ib olla vale paigaldus, kulunud komponendid v\u00f5i h\u00fcdraulikavedeliku saastumine.<\/li>\n<\/ul>\n<p>N\u00f5uetekohane kontroll ja ennetav hooldus aitavad neid probleeme tuvastada ja ennetada. Probleemi avastamisel tuleks selle lahendamiseks v\u00f5tta asjakohased t\u00f5rkeotsingu ja parandusmeetmed.<\/p>\n<p><img decoding=\"async\" src=\"https:\/\/www.hydraulic-cylinders.net\/wp-content\/uploads\/2025\/01\/songte-bushings-with-all-kinds-of-excavator-models.webp\" alt=\"Tooted\"><\/p>\n<h2>Meie ettev\u00f5ttest<\/h2>\n<p>Oleme h\u00fcdrosilindrite tootja ja meie tootevalik on lai. Oleme \u00fcks juhtivaid h\u00fcdrosilindrite tootjaid ja hulgim\u00fc\u00fcjaid nii sise- kui ka rahvusvahelisel turul. J\u00e4rgime suurep\u00e4rase kvaliteedi strateegiat ja toetume keerukate tootmist\u00f6\u00f6kodade industrialiseeritud tootmisjuhtimisele. Meie ettev\u00f5te on pidevalt t\u00e4iustanud t\u00f6\u00f6koja tootmisplatvormi, rakendades tehnilisi oskusi, digitaalseid tipptasemel tootmisseadmeid ja professionaalseid testimiss\u00fcsteeme, t\u00e4iustanud tootekvaliteedi tootmisliini ning omab tugevat loomingulist v\u00f5imekust. Pakume oma klientidele k\u00f5rge efektiivsusega, suure t\u00e4psusega ja kvaliteetseid tooteid, et rahuldada nende mitmekesiseid vajadusi.<\/p>\n<p><img decoding=\"async\" src=\"https:\/\/hzpt.com\/wp-content\/uploads\/2024\/11\/songte-company-1.webp\" alt=\"Ettev\u00f5te\"><\/p>\n<h3>Professionaalsus:<\/h3>\n<p>Meie ettev\u00f5ttes t\u00f6\u00f6tab kogenud spetsialistide meeskond, kes on oma ala eksperdid. Pakume oma klientidele tipptasemel tehnilisi teenuseid ja tuge, et tagada nende vajaduste rahuldamine.<\/p>\n<h3>Rahvusvaheline sertifitseerimine:<\/h3>\n<p>Meie tooted on sertifitseeritud rahvusvaheliste kvaliteedikontrolli organisatsioonide, n\u00e4iteks ISO ja CE, poolt, mis tagab k\u00f5rge kvaliteeditaseme.<\/p>\n<h3>Kohandamise teenused:<\/h3>\n<p>Pakume oma klientidele kohandatud h\u00fcdraulilisi silindreid ning toetame neid kogu protsessi v\u00e4ltel tehnilise juhendamise ja toega.<\/p>\n<h3>Tootmisseadmed:<\/h3>\n<p>Meie ettev\u00f5ttel on lai valik t\u00e4iustatud tootmisseadmeid, sealhulgas CNC-treipingid, t\u00f6\u00f6tlemiskeskused ja testimisseadmed.<\/p>\n<h3>M\u00fc\u00fcgij\u00e4rgne teenindus:<\/h3>\n<p>Pakume oma klientidele m\u00fc\u00fcgij\u00e4rgset teenindust ja tuge, et tagada nende rahulolu meie toodetega.<\/p>\n<p><img decoding=\"async\" src=\"https:\/\/www.hydraulic-cylinders.net\/wp-content\/uploads\/2025\/01\/songte-company-3.webp\" alt=\"Ettev\u00f5te\"><\/p>\n<h2>Autor: lyl<\/h2>","protected":false},"excerpt":{"rendered":"<p>Bucket Cylinder for Liugong Middle Excavator CLG925D\/925E Introduction The bucket cylinder is a specially designed hydraulic cylinder primarily used to control the movement of the bucket in heavy machinery such as excavators, backhoe loaders, and front-end loaders. Its main function is to enable the bucket to lift, lower, and tilt, making it easier to perform [&hellip;]<\/p>","protected":false},"featured_media":14769,"comment_status":"open","ping_status":"closed","template":"","meta":{"_et_pb_use_builder":"","_et_pb_old_content":"","_et_gb_content_width":""},"product_brand":[],"product_cat":[1494],"product_tag":[1495,1496],"class_list":{"0":"post-15578","1":"product","2":"type-product","3":"status-publish","4":"has-post-thumbnail","6":"product_cat-bucket-cylinders","7":"product_tag-bucket-cylinders","8":"product_tag-hydraulic-cylinders","10":"first","11":"instock","12":"shipping-taxable","13":"product-type-simple"},"amp_enabled":true,"_links":{"self":[{"href":"https:\/\/www.hydraulic-cylinders.net\/et\/wp-json\/wp\/v2\/product\/15578","targetHints":{"allow":["GET"]}}],"collection":[{"href":"https:\/\/www.hydraulic-cylinders.net\/et\/wp-json\/wp\/v2\/product"}],"about":[{"href":"https:\/\/www.hydraulic-cylinders.net\/et\/wp-json\/wp\/v2\/types\/product"}],"replies":[{"embeddable":true,"href":"https:\/\/www.hydraulic-cylinders.net\/et\/wp-json\/wp\/v2\/comments?post=15578"}],"wp:featuredmedia":[{"embeddable":true,"href":"https:\/\/www.hydraulic-cylinders.net\/et\/wp-json\/wp\/v2\/media\/14769"}],"wp:attachment":[{"href":"https:\/\/www.hydraulic-cylinders.net\/et\/wp-json\/wp\/v2\/media?parent=15578"}],"wp:term":[{"taxonomy":"product_brand","embeddable":true,"href":"https:\/\/www.hydraulic-cylinders.net\/et\/wp-json\/wp\/v2\/product_brand?post=15578"},{"taxonomy":"product_cat","embeddable":true,"href":"https:\/\/www.hydraulic-cylinders.net\/et\/wp-json\/wp\/v2\/product_cat?post=15578"},{"taxonomy":"product_tag","embeddable":true,"href":"https:\/\/www.hydraulic-cylinders.net\/et\/wp-json\/wp\/v2\/product_tag?post=15578"}],"curies":[{"name":"wp","href":"https:\/\/api.w.org\/{rel}","templated":true}]}}