{"id":15587,"date":"2025-01-19T14:43:06","date_gmt":"2025-01-19T14:43:06","guid":{"rendered":"https:\/\/www.hydraulic-cylinders.net\/product\/bucket-cylinder-for-liugong-large-excavator-clg970e\/"},"modified":"2025-01-19T14:43:08","modified_gmt":"2025-01-19T14:43:08","slug":"bucket-cylinder-for-liugong-large-excavator-clg970e","status":"publish","type":"product","link":"https:\/\/www.hydraulic-cylinders.net\/et\/toode\/bucket-cylinder-for-liugong-large-excavator-clg970e\/","title":{"rendered":"Liugongi suure ekskavaatori CLG970E kopa silinder"},"content":{"rendered":"<p><!DOCTYPE html><br \/>\n<html><br \/>\n<head><br \/>\n<title>Liugongi suure ekskavaatori CLG970E kopa silinder<\/title><br \/>\n<\/head><br \/>\n<body><\/p>\n<h1>Liugongi suure ekskavaatori CLG970E kopa silinder<\/h1>\n<h2>Sissejuhatus<\/h2>\n<p>Liugongi suure ekskavaatori CLG970E kopa silinder on spetsiaalselt loodud h\u00fcdrauliline silinder, mida kasutatakse kopa liikumise juhtimiseks rasketes masinates, n\u00e4iteks ekskavaatorites, laadur-ekskavaatorites ja esilaadurites. Selle peamine \u00fclesanne on v\u00f5imaldada kopa t\u00f5stmist, langetamist ja kallutamist, h\u00f5lbustades mitmesuguseid materjali k\u00e4itlemise \u00fclesandeid. H\u00fcdraulilises s\u00fcsteemis saavutab kopa silinder kopa t\u00e4pse juhtimise, kasutades \u00e4ra h\u00fcdraulika\u00f5li r\u00f5humuutusi, v\u00f5imaldades operaatoritel t\u00f5husalt k\u00e4sitseda raskeid koormaid ning kohaneda keerukate t\u00f6\u00f6keskkondade ja mitmekesiste t\u00f6\u00f6n\u00f5uetega.<\/p>\n<p><img decoding=\"async\" src=\"https:\/\/www.hydraulic-cylinders.net\/wp-content\/uploads\/2025\/01\/songte-company-2.webp\" alt=\"\u00c4mbri silindri pilt\"><\/p>\n<h2>Toote omadused<\/h2>\n<ul>\n<li>Suur tugevus ja vastupidavus: Tavaliselt valmistatud \u00fclitugevast terasest v\u00f5i alumiiniumist, talub see k\u00f5rget r\u00f5hku ja suuri koormusi, kohandudes karmide t\u00f6\u00f6keskkondadega. Projekteerimisel on arvestatud kulumiskindluse ja korrosioonikindlusega, pikendades selle eluiga.<\/li>\n<li>T\u00f5hus h\u00fcdrauliline t\u00f6\u00f6: See kasutab h\u00fcdraulika\u00f5li r\u00f5hku sujuva pikendus- ja tagasit\u00f5mbamise saavutamiseks, v\u00f5imaldades kiiret reageerimist juhtimisk\u00e4sklustele ning tugevat t\u00f5uke- ja t\u00f5mbej\u00f5udu, mis sobib raskete koormate ja keerukate t\u00f6\u00f6\u00fclesannete k\u00e4sitlemiseks.<\/li>\n<li>Mitu t\u00fc\u00fcpi: \u00dchetoimelisi (h\u00fcdrauliliselt ainult \u00fches suunas) v\u00f5i kahetoimelisi (h\u00fcdrauliliselt kahes suunas) silindreid saab valida vastavalt erinevatele t\u00f6\u00f6vajadustele. M\u00f5ned mudelid on teleskoopilised, v\u00f5imaldades suuremat pikendamist ilma v\u00e4lism\u00f5\u00f5tmeid suurendamata, sobides piiratud ruumiga rakenduste jaoks.<\/li>\n<li>T\u00e4iuslik asendus: Meie toode saab need h\u00fcdraulilised silindrid ideaalselt asendada.<\/li>\n<\/ul>\n<p><img decoding=\"async\" src=\"https:\/\/www.hydraulic-cylinders.net\/wp-content\/uploads\/2025\/01\/songte-cylinder-head-with-all-kinds-excavator-models.webp\" alt=\"H\u00fcdraulilise silindri pilt\"><\/p>\n<h2>Rakendused<\/h2>\n<p>Kopasilindrit kasutatakse erinevates seadmetes:<\/p>\n<ul>\n<li>Ehitustehnika: see on ekskavaatorites oluline kaevamiseks, laadimiseks ja pinnase v\u00f5i prahi teisaldamiseks. Ekskavaator-laadurites aitab kopa silinder nii kaevamisel kui ka t\u00f5stmisel.<\/li>\n<li>P\u00f5llumajandusmasinad: Kasutatakse esilaadurites mulla, heina ja muude materjalide k\u00fchveldamiseks, t\u00f5stmiseks ja transportimiseks.<\/li>\n<li>Ekskavaatorid: Kopa silinder v\u00f5imaldab kaevamist, lastes kopal pinnasesse tungida.<\/li>\n<li>Laadurid: Esilaadurites aitavad need kaupu t\u00f5husalt t\u00f5sta ja kallutada.<\/li>\n<\/ul>\n<h2>Projekteerimiskaalutlused ja valikukriteeriumid<\/h2>\n<ul>\n<li>Kandev\u00f5ime: silindri v\u00f5ime koormust taluda.<\/li>\n<li>Tihendus: Erinevate tihendite, n\u00e4iteks kolvitihendite ja varrastihendite efektiivsus kulumiskindlate materjalide, n\u00e4iteks pol\u00fcuretaani ja nitriilkummi abil, ning silindri korpuse ja keermestatud otste peen pinnat\u00f6\u00f6tlus kulumiskindluse suurendamiseks.<\/li>\n<li>Vastupidavus: silindri pikaealisus ja v\u00f5ime taluda karme t\u00f6\u00f6tingimusi.<\/li>\n<li>Ohutus: Ohutusfunktsioonide ja -meetmete lisamine disaini.<\/li>\n<li>Hooldatavus: hoolduse ja remondi lihtsus.<\/li>\n<\/ul>\n<p><img decoding=\"async\" src=\"https:\/\/www.hydraulic-cylinders.net\/wp-content\/uploads\/2025\/01\/songte-oil-pipes-and-spare-parts.webp\" alt=\"H\u00fcdrauliliste silindrite komponendid\"><\/p>\n<h2>Tihendus ja m\u00e4\u00e4rimine<\/h2>\n<p>Kopasilindris kasutatakse mitmesuguseid tihendeid, n\u00e4iteks kolvitihendeid ja vardatihendeid, mis on valmistatud kulumiskindlatest materjalidest, nagu pol\u00fcuretaan ja nitriilkummi. Silindri korpus ja keermestatud otsad on kulumiskindluse parandamiseks peenelt t\u00f6\u00f6deldud. Sujuva t\u00f6\u00f6 tagamiseks on vaja regulaarselt m\u00e4\u00e4rida sobiva koguse h\u00fcdraulika\u00f5liga.<\/p>\n<h2>Regulaarne kontroll ja ennetav hooldus<\/h2>\n<p>Kopasilindri optimaalse j\u00f5udluse s\u00e4ilitamiseks on oluline teha regulaarseid kontrolle ja ennetavat hooldust. Siin on m\u00f5ned soovitatavad meetmed:<\/p>\n<ul>\n<li>Kontrollige ja m\u00e4\u00e4rige regulaarselt.<\/li>\n<li>Vajadusel vahetage tihendid v\u00e4lja.<\/li>\n<li>Kontrollige ja kalibreerige \u00f5ige joonduse tagamiseks.<\/li>\n<\/ul>\n<p><img decoding=\"async\" src=\"https:\/\/www.hydraulic-cylinders.net\/wp-content\/uploads\/2025\/01\/songte-chushion-collar.webp\" alt=\"H\u00fcdraulilise silindri hooldus\"><\/p>\n<h2>Ohutuskaalutlused ja keskkonnategurid<\/h2>\n<p>Kopasilindri kasutamisel on oluline seada esikohale ohutusmeetmed, et v\u00e4ltida \u00f5nnetusi ja tagada ohutu t\u00f6\u00f6keskkond.<\/p>\n<h2>Rikete diagnoosimine ja levinud probleemid<\/h2>\n<p>Kopasilindriga seotud levinumad vead ja probleemid:<\/p>\n<ul>\n<li>Leke.<\/li>\n<li>Aeglane v\u00f5i reageerimatu t\u00f6\u00f6.<\/li>\n<li>Ebanormaalne m\u00fcra.<\/li>\n<\/ul>\n<p>Veaotsingu jaoks on siin m\u00f5ned n\u00e4pun\u00e4ited ja lahendused, mis aitavad probleeme diagnoosida ja lahendada ning v\u00f5imalikke probleeme ennetada:<\/p>\n<h2>Ettev\u00f5tte \u00fclevaade<\/h2>\n<p>Oleme asendush\u00fcdrauliliste silindrite tootja. Laia tootevalikuga oleme saanud \u00fcheks juhtivaks h\u00fcdrosilindrite tootjaks ja hulgim\u00fc\u00fcjaks nii sise- kui ka rahvusvahelisel turul. Meie ettev\u00f5te j\u00e4rgib erakordse kvaliteedi p\u00f5him\u00f5tteid ja kasutab oma peenelt varustatud tootmist\u00f6\u00f6kodades t\u00f6\u00f6stusliku tootmise juhtimise strateegiaid. T\u00e4iustame pidevalt oma tootmisplatvormi, t\u00e4iustame oma tootekvaliteedi tootmisprotsessi ja omame tugevaid loomingulisi v\u00f5imeid. Meie juhtp\u00f5him\u00f5teteks on k\u00f5rge efektiivsus, t\u00e4psus ja kvaliteet, p\u00fc\u00fcdes rahuldada klientide mitmekesiseid n\u00f5udmisi.<\/p>\n<p><img decoding=\"async\" src=\"https:\/\/www.hydraulic-cylinders.net\/wp-content\/uploads\/2025\/01\/songte-company-3.webp\" alt=\"Ettev\u00f5tte kuvand\"><\/p>\n<p>Meie ettev\u00f5te on tuntud j\u00e4rgmiste omaduste poolest:<\/p>\n<ul>\n<li>Professionaalsus ja asjatundlikkus.<\/li>\n<li>Rahvusvahelised sertifikaadid.<\/li>\n<li>Kohandamise teenused.<\/li>\n<li>T\u00e4iustatud tootmisseadmed.<\/li>\n<li>Suurep\u00e4rane m\u00fc\u00fcgij\u00e4rgne teenindus.<\/li>\n<\/ul>\n<p>Autor: lyl<\/p>\n<p><\/body><br \/>\n<\/html><\/p>","protected":false},"excerpt":{"rendered":"<p>Bucket Cylinder For Liugong Large Excavator CLG970E Bucket Cylinder For Liugong Large Excavator CLG970E Introduction A bucket cylinder for Liugong large excavator CLG970E is a specially designed hydraulic cylinder used to control the movement of the bucket in heavy machinery, such as excavators, backhoe loaders, and front-end loaders. Its main function is to allow the [&hellip;]<\/p>","protected":false},"featured_media":14782,"comment_status":"open","ping_status":"closed","template":"","meta":{"_et_pb_use_builder":"","_et_pb_old_content":"","_et_gb_content_width":""},"product_brand":[],"product_cat":[1494],"product_tag":[1495,1496],"class_list":{"0":"post-15587","1":"product","2":"type-product","3":"status-publish","4":"has-post-thumbnail","6":"product_cat-bucket-cylinders","7":"product_tag-bucket-cylinders","8":"product_tag-hydraulic-cylinders","10":"first","11":"instock","12":"shipping-taxable","13":"product-type-simple"},"amp_enabled":true,"_links":{"self":[{"href":"https:\/\/www.hydraulic-cylinders.net\/et\/wp-json\/wp\/v2\/product\/15587","targetHints":{"allow":["GET"]}}],"collection":[{"href":"https:\/\/www.hydraulic-cylinders.net\/et\/wp-json\/wp\/v2\/product"}],"about":[{"href":"https:\/\/www.hydraulic-cylinders.net\/et\/wp-json\/wp\/v2\/types\/product"}],"replies":[{"embeddable":true,"href":"https:\/\/www.hydraulic-cylinders.net\/et\/wp-json\/wp\/v2\/comments?post=15587"}],"wp:featuredmedia":[{"embeddable":true,"href":"https:\/\/www.hydraulic-cylinders.net\/et\/wp-json\/wp\/v2\/media\/14782"}],"wp:attachment":[{"href":"https:\/\/www.hydraulic-cylinders.net\/et\/wp-json\/wp\/v2\/media?parent=15587"}],"wp:term":[{"taxonomy":"product_brand","embeddable":true,"href":"https:\/\/www.hydraulic-cylinders.net\/et\/wp-json\/wp\/v2\/product_brand?post=15587"},{"taxonomy":"product_cat","embeddable":true,"href":"https:\/\/www.hydraulic-cylinders.net\/et\/wp-json\/wp\/v2\/product_cat?post=15587"},{"taxonomy":"product_tag","embeddable":true,"href":"https:\/\/www.hydraulic-cylinders.net\/et\/wp-json\/wp\/v2\/product_tag?post=15587"}],"curies":[{"name":"wp","href":"https:\/\/api.w.org\/{rel}","templated":true}]}}