{"id":15598,"date":"2025-01-19T14:43:48","date_gmt":"2025-01-19T14:43:48","guid":{"rendered":"https:\/\/www.hydraulic-cylinders.net\/product\/bucket-cylinder-for-xgma-middle-excavator-xg822el\/"},"modified":"2025-01-19T14:43:56","modified_gmt":"2025-01-19T14:43:56","slug":"bucket-cylinder-for-xgma-middle-excavator-xg822el","status":"publish","type":"product","link":"https:\/\/www.hydraulic-cylinders.net\/et\/toode\/bucket-cylinder-for-xgma-middle-excavator-xg822el\/","title":{"rendered":"Kopa silinder XGMA keskmise ekskavaatori XG822EL jaoks"},"content":{"rendered":"<h1>Kopa silinder XGMA keskmise ekskavaatori XG822EL jaoks<\/h1>\n<h2>Sissejuhatus<\/h2>\n<p>XGMA keskmise ekskavaatori XG822EL kopa silinder on spetsiaalselt loodud h\u00fcdrauliline silinder, mida kasutatakse peamiselt kopa liikumise juhtimiseks rasketes masinates, n\u00e4iteks ekskavaatorites, ekskavaatorites ja esilaadurites. Selle peamine \u00fclesanne on v\u00f5imaldada kopa t\u00f5stmist, langetamist ja kallutamist, muutes selle mugavaks mitmesuguste materjalik\u00e4itlust\u00f6\u00f6de jaoks. H\u00fcdraulilises s\u00fcsteemis kasutab kopa silinder h\u00fcdraulika\u00f5li r\u00f5humuutust kopa liikumise t\u00e4pseks juhtimiseks, v\u00f5imaldades operaatoril raskeid materjale t\u00f5husalt k\u00e4sitseda ning kohaneda keeruliste t\u00f6\u00f6tingimuste ja mitmekesiste t\u00f6\u00f6n\u00f5uetega.<\/p>\n<p><img decoding=\"async\" src=\"https:\/\/www.hydraulic-cylinders.net\/wp-content\/uploads\/2025\/01\/songte-company-2.webp\"><\/p>\n<h2>Omadused<\/h2>\n<ul>\n<li>Suur tugevus ja vastupidavus: Tavaliselt valmistatud \u00fclitugevast terasest v\u00f5i alumiiniumist, talub see k\u00f5rget r\u00f5hku ja suuri koormusi, kohandudes karmide t\u00f6\u00f6keskkondadega. Projekteerimisel on arvestatud kulumiskindluse ja korrosioonikindlusega, pikendades kasutusiga.<\/li>\n<li>T\u00f5hus h\u00fcdrauliline t\u00f6\u00f6: H\u00fcdraulika\u00f5li r\u00f5hu abil saavutatakse sujuv pikendamine ja tagasit\u00f5mbamine, mis v\u00f5imaldab seadmel kiiresti reageerida juhtimisk\u00e4sklustele, pakkudes v\u00f5imsat t\u00f5uke- ja t\u00f5mbej\u00f5udu, mis sobib raskete materjalide ja keerukate t\u00f6\u00f6de k\u00e4sitsemiseks.<\/li>\n<li>Erinevad t\u00fc\u00fcbid: vastavalt vajadusele saab valida \u00fchetoimelisi (h\u00fcdraulikat ainult \u00fches suunas) v\u00f5i kahetoimelisi (h\u00fcdraulikat m\u00f5lemas suunas) silindreid. M\u00f5ned mudelid on teleskoopilised, v\u00f5imaldades suuremat pikendamist ilma v\u00e4lism\u00f5\u00f5tmeid suurendamata, mis sobib piiratud ruumiga rakenduste jaoks.<\/li>\n<li>Lihtne paigaldada ja hooldada: Meie ettev\u00f5te saab seda toodet toota ja meie tooted saavad neid h\u00fcdrosilindreid ideaalselt asendada.<\/li>\n<\/ul>\n<p><img decoding=\"async\" src=\"https:\/\/www.hydraulic-cylinders.net\/wp-content\/uploads\/2025\/01\/songte-cylinder-head-with-all-kinds-excavator-models.webp\"><\/p>\n<h2>Rakendused<\/h2>\n<p>Seda kopasilindrit kasutatakse laialdaselt erinevates rasketehnika masinates, sealhulgas:<\/p>\n<ul>\n<li>Ehitusseadmed: Ekskavaatorites on need h\u00e4davajalikud kaevamiseks, laadimiseks ja pinnase v\u00f5i prahi teisaldamiseks. Ekskavaatorites aitab kopa silinder nii kaevamisel kui ka t\u00f5stmisel. <\/li>\n<li>P\u00f5llumajandusmasinad: kasutatakse esilaaduritel, mulla, heina ja muude materjalide k\u00fchveldamiseks, t\u00f5stmiseks ja transportimiseks. <\/li>\n<li>Ekskavaatorid: Kopa silinder v\u00f5imaldab kopal tungida pinnasesse, et saavutada kaevamisfunktsioon. <\/li>\n<li>Laadurid: Esilaadurites aitavad need kaupu t\u00f5husalt t\u00f5sta ja kallutada.<\/li>\n<\/ul>\n<h2>Projekteerimiskaalutlused ja valikukriteeriumid<\/h2>\n<p>XGMA keskmise ekskavaatori XG822EL kopasilindri projekteerimiskaalutlused on selle j\u00f5udluse seisukohalt kriitilise t\u00e4htsusega. Allpool on toodud peamised tegurid:<\/p>\n<h3>Kandev\u00f5ime<\/h3>\n<p>Silindril peab olema piisav kandev\u00f5ime, et see taluks eeldatavat koormust. Kandepindade suurus ja arv, materjalide tugevus ja silindri geomeetria on k\u00f5ik olulised projekteerimiskaalutlused.<\/p>\n<h3>Tihendus<\/h3>\n<p>Silinder peab olema piisavalt tihendatud, et v\u00e4ltida h\u00fcdraulilise vedeliku leket. Silindri tihend on tavaliselt valmistatud pol\u00fcuretaanist, nitriilkummist v\u00f5i muudest kulumiskindlatest materjalidest, et v\u00e4ltida lekkeid. Silindri korpus ja keermestatud otsapinnad on peenelt t\u00f6\u00f6deldud, et suurendada kulumiskindlust ja v\u00e4ltida lekkeid.<\/p>\n<h3>Vastupidavus ja hooldus<\/h3>\n<p>Silinder peab olema vastupidav ja vajama minimaalset hooldust. See peaks olema konstrueeritud pikaajaliseks kasutamiseks minimaalse kulumise ja lihtsa hooldusega. Silindri hooldus h\u00f5lmab regulaarset \u00f5litaseme kontrollimist, tihendite ja pukside vahetamist, \u00fclevaatust ja kalibreerimist.<\/p>\n<h3>Ohutus ja keskkond<\/h3>\n<p>XGMA keskmise ekskavaatori XG822EL kopa silinder peab olema konstrueeritud ohutust ja keskkonnakaitset silmas pidades. H\u00fcdraulikas\u00fcsteem peab olema lekkekindel ja varustatud sobivate ohutusfunktsioonidega \u00f5nnetuste v\u00e4ltimiseks. Kasutatavad materjalid peavad sobima t\u00f6\u00f6keskkonnaga, ilma et see m\u00f5jutaks keskkonda.<\/p>\n<p><img decoding=\"async\" src=\"https:\/\/www.hydraulic-cylinders.net\/wp-content\/uploads\/2025\/01\/songte-oil-pipes-and-spare-parts.webp\"><\/p>\n<h2>Tihendus ja m\u00e4\u00e4rimine<\/h2>\n<p>XGMA keskmise ekskavaatori XG822EL kopa silinder kasutab optimaalse h\u00fcdraulilise r\u00f5hu s\u00e4ilitamiseks ja lekete v\u00e4ltimiseks mitmesuguseid tihenduskomponente, nagu kolvitihendid, vardatihendid ja klaasipuhasti tihendid. Kulumiskindlate materjalide kasutamine ja silindri pindade t\u00e4pne t\u00f6\u00f6tlemine suurendavad kulumiskindlust. Silindri liikuvate osade regulaarne m\u00e4\u00e4rimine v\u00e4hendab veelgi h\u00f5\u00f5rdumist ja parandab j\u00f5udlust.<\/p>\n<h2>Ennetav hooldus<\/h2>\n<p>XGMA keskmise ekskavaatori XG822EL kopasilindri regulaarne hooldus on oluline selle kasutusea pikendamiseks. Hooldust\u00f6\u00f6de hulka kuuluvad regulaarne kontroll, m\u00e4\u00e4rimine ja tihendite vahetamine. Silindri joonduse kontrollimine ja hooldamine ning sobivate paigaldusklambrite kasutamine on samuti olulised v\u00f5imalike probleemide v\u00e4ltimiseks. Meie ettev\u00f5te pakub varuosi ja remonditeenuseid silindri eluea pikendamiseks.<\/p>\n<p><img decoding=\"async\" src=\"https:\/\/www.hydraulic-cylinders.net\/wp-content\/uploads\/2025\/01\/songte-chushion-collar.webp\"><\/p>\n<h2>Ohutus ja t\u00f5rkeotsing<\/h2>\n<p>XGMA keskmise ekskavaatori XG822EL kopasilindrit tuleb kasutada ohutult ja regulaarselt kontrollida, et avastada v\u00f5imalikke probleeme. Hooldus- ja kasutusjuhendis on toodud juhised n\u00f5uetekohaseks kasutamiseks ja hooldamiseks. Levinud probleemide hulka kuuluvad leke, r\u00f5hu langus ja ebatavalised helid. Veaotsingu meetodite hulka kuuluvad visuaalne kontroll, r\u00f5hu testimine ja komponentide v\u00e4ljavahetamine. Ennetavad meetmed, n\u00e4iteks regulaarne kontroll ja hooldus, v\u00e4hendavad probleemide t\u00f5en\u00e4osust.<\/p>\n<p><img decoding=\"async\" src=\"https:\/\/www.hydraulic-cylinders.net\/wp-content\/uploads\/2025\/01\/songte-bushings-with-all-kinds-of-excavator-models.webp\"><\/p>\n<h2>Ettev\u00f5tte tutvustus<\/h2>\n<p>Meie ettev\u00f5te on asendush\u00fcdrauliliste silindrite tootja, pakkudes t\u00e4ielikku tootevalikut. Oleme \u00fcks juhtivaid h\u00fcdrosilindrite tootjaid ja hulgim\u00fc\u00fcjaid nii sise- kui ka rahvusvahelisel turul. Peame kinni suurep\u00e4rase kvaliteedi p\u00f5him\u00f5ttest ja tugineme peentootmist\u00f6\u00f6kodades industrialiseeritud tootmisjuhtimise strateegiatele, t\u00e4iustades pidevalt t\u00f6\u00f6koja tootmisplatvormi, t\u00e4iustades kvaliteetset tootmisliini ja omades tugevaid tootmisv\u00f5imalusi. Meie k\u00f5rge efektiivsuse, suure t\u00e4psuse ja k\u00f5rge kvaliteedi p\u00f5him\u00f5tted vastavad klientide mitmekesistele vajadustele. <\/p>\n<p>Meie ettev\u00f5te pakub kohandamisteenuseid, rahvusvahelist sertifitseerimist, professionaalseid seadmeid ja m\u00fc\u00fcgij\u00e4rgset teenindust. Kasutame t\u00e4iustatud tehnoloogiat, seadmeid ja professionaalseid testimiss\u00fcsteeme, et pidevalt parandada oma toodete tootmist ja teenuste kvaliteeti.<\/p>\n<p><img decoding=\"async\" src=\"https:\/\/hzpt.com\/wp-content\/uploads\/2024\/11\/songte-company-1.webp\"><\/p>\n<h3>Autor: lyl<\/h3>","protected":false},"excerpt":{"rendered":"<p>Bucket Cylinder For XGMA Middle Excavator XG822EL Introduction The Bucket Cylinder for XGMA Middle Excavator XG822EL is a specially designed hydraulic cylinder primarily used for controlling the movement of the bucket in heavy machinery such as excavators, backhoe excavators, and front loaders. Its main function is to allow the bucket to lift, lower, and tilt, [&hellip;]<\/p>","protected":false},"featured_media":14788,"comment_status":"open","ping_status":"closed","template":"","meta":{"_et_pb_use_builder":"","_et_pb_old_content":"","_et_gb_content_width":""},"product_brand":[],"product_cat":[1494],"product_tag":[1495,1496],"class_list":{"0":"post-15598","1":"product","2":"type-product","3":"status-publish","4":"has-post-thumbnail","6":"product_cat-bucket-cylinders","7":"product_tag-bucket-cylinders","8":"product_tag-hydraulic-cylinders","10":"first","11":"instock","12":"shipping-taxable","13":"product-type-simple"},"amp_enabled":true,"_links":{"self":[{"href":"https:\/\/www.hydraulic-cylinders.net\/et\/wp-json\/wp\/v2\/product\/15598","targetHints":{"allow":["GET"]}}],"collection":[{"href":"https:\/\/www.hydraulic-cylinders.net\/et\/wp-json\/wp\/v2\/product"}],"about":[{"href":"https:\/\/www.hydraulic-cylinders.net\/et\/wp-json\/wp\/v2\/types\/product"}],"replies":[{"embeddable":true,"href":"https:\/\/www.hydraulic-cylinders.net\/et\/wp-json\/wp\/v2\/comments?post=15598"}],"wp:featuredmedia":[{"embeddable":true,"href":"https:\/\/www.hydraulic-cylinders.net\/et\/wp-json\/wp\/v2\/media\/14788"}],"wp:attachment":[{"href":"https:\/\/www.hydraulic-cylinders.net\/et\/wp-json\/wp\/v2\/media?parent=15598"}],"wp:term":[{"taxonomy":"product_brand","embeddable":true,"href":"https:\/\/www.hydraulic-cylinders.net\/et\/wp-json\/wp\/v2\/product_brand?post=15598"},{"taxonomy":"product_cat","embeddable":true,"href":"https:\/\/www.hydraulic-cylinders.net\/et\/wp-json\/wp\/v2\/product_cat?post=15598"},{"taxonomy":"product_tag","embeddable":true,"href":"https:\/\/www.hydraulic-cylinders.net\/et\/wp-json\/wp\/v2\/product_tag?post=15598"}],"curies":[{"name":"wp","href":"https:\/\/api.w.org\/{rel}","templated":true}]}}