{"id":15599,"date":"2025-01-19T14:43:59","date_gmt":"2025-01-19T14:43:59","guid":{"rendered":"https:\/\/www.hydraulic-cylinders.net\/product\/bucket-cylinder-for-xgma-middle-excavator-xg825el\/"},"modified":"2025-01-19T14:44:01","modified_gmt":"2025-01-19T14:44:01","slug":"bucket-cylinder-for-xgma-middle-excavator-xg825el","status":"publish","type":"product","link":"https:\/\/www.hydraulic-cylinders.net\/et\/toode\/bucket-cylinder-for-xgma-middle-excavator-xg825el\/","title":{"rendered":"Kopa silinder XGMA keskmise ekskavaatori XG825EL jaoks"},"content":{"rendered":"<h2>Sissejuhatus<\/h2>\n<h3>Kopa silinder XGMA keskmise ekskavaatori XG825EL jaoks<\/h3>\n<p>XGMA keskmise ekskavaatori XG825EL kopa silinder on spetsiaalne h\u00fcdrauliline silinder, mis on loodud koppade liikumise juhtimiseks rasketes masinates, n\u00e4iteks ekskavaatorites, laadur-ekskavaatorites ja esilaadurites. Selle peamine \u00fclesanne on h\u00f5lbustada koppade t\u00f5stmist, langetamist ja kallutamist, muutes mitmesuguste materjalik\u00e4itlust\u00f6\u00f6de tegemise lihtsamaks. H\u00fcdraulikas\u00fcsteemis kasutab kopa silinder h\u00fcdraulika\u00f5li r\u00f5hu muutusi, et saavutada kopa t\u00e4pne juhtimine, v\u00f5imaldades operaatoritel raskeid koormaid t\u00f5husalt k\u00e4sitseda, kohaneda keerukate t\u00f6\u00f6keskkondade ja mitmekesiste t\u00f6\u00f6n\u00f5uetega.<\/p>\n<p><img decoding=\"async\" src=\"https:\/\/www.hydraulic-cylinders.net\/wp-content\/uploads\/2025\/01\/songte-company-2.webp\" alt=\"\u00c4mbri silinder\"><\/p>\n<h2>Omadused<\/h2>\n<ul>\n<li><strong>Suur tugevus ja vastupidavus:<\/strong> Tavaliselt valmistatud \u00fclitugevast terasest v\u00f5i alumiiniumist, see talub k\u00f5rget r\u00f5hku ja suuri koormusi, kohaneb karmide t\u00f6\u00f6keskkondadega ning on loodud kulumiskindluse ja korrosioonikindluse tagamiseks, pikendades selle kasutusiga.<\/li>\n<li><strong>T\u00f5hus h\u00fcdrauliline t\u00f6\u00f6:<\/strong> Kasutades h\u00fcdraulika\u00f5li r\u00f5hku sujuva paisumise ja kokkut\u00f5mbumise saavutamiseks, reageerib see kiiresti juhtimisk\u00e4sklustele, pakub v\u00f5imsat t\u00f5uke- ja t\u00f5mbej\u00f5udu ning sobib raskete koormate ja keerukate t\u00f6\u00f6\u00fclesannete k\u00e4sitsemiseks.<\/li>\n<li><strong>Erinevad t\u00fc\u00fcbid:<\/strong> \u00dchetoimelisi (h\u00fcdraulilist juhtimist kasutatakse ainult \u00fches suunas) v\u00f5i kahetoimelisi (h\u00fcdraulilist juhtimist kasutatakse kahes suunas) silindreid saab valida vastavalt vajadusele, et rahuldada erinevaid t\u00f6\u00f6vajadusi. M\u00f5ned mudelid on teleskoopilised, v\u00f5imaldades suuremat pikendamist ilma v\u00e4lism\u00f5\u00f5tmeid suurendamata, mis sobib piiratud ruumiga rakenduste jaoks.<\/li>\n<li><strong>Lihtne asendamine:<\/strong> Meie tooted suudavad neid h\u00fcdrosilindreid ideaalselt asendada.<\/li>\n<\/ul>\n<p><img decoding=\"async\" src=\"https:\/\/www.hydraulic-cylinders.net\/wp-content\/uploads\/2025\/01\/songte-cylinder-head-with-all-kinds-excavator-models.webp\" alt=\"\u00c4mbri silinder\"><\/p>\n<h2>Rakendused<\/h2>\n<p>Kopasilindril on lai valik rakendusi, sealhulgas, kuid mitte ainult:<\/p>\n<ul>\n<li><strong>Ehitustehnika:<\/strong> Ekskavaatorites on need h\u00e4davajalikud kaevamiseks, laadimiseks ja pinnase v\u00f5i prahi teisaldamiseks. Ekskavaatoritel aitavad kopasilindrid kaevamisel ja t\u00f5stmisel. <\/li>\n<li><strong>P\u00f5llumajandusmasinad:<\/strong> Kasutatakse esilaadurite jaoks, mulla, heina ja muude materjalide kopeerimiseks, t\u00f5stmiseks ja transportimiseks. <\/li>\n<li><strong>Ekskavaatorid:<\/strong> Kopa silinder saavutab kaevamise, v\u00f5imaldades kopal pinnasesse tungida. <\/li>\n<li><strong>Laadurid:<\/strong> Esilaadurites aitavad need kaupu t\u00f5husalt t\u00f5sta ja kallutada.<\/li>\n<\/ul>\n<p>Kopasilindri iga rakendust kirjeldatakse allpool:<\/p>\n<ul>\n<li><strong>Ehitustehnika:<\/strong> Ekskavaatorites on kopasilindrid h\u00e4davajalikud pinnase v\u00f5i prahi kaevamiseks, laadimiseks ja teisaldamiseks. Need pakuvad kaevamiseks vajalikke t\u00f5ste- ja kallutusmehhanisme. Ekskavaatorites aitavad kopasilindrid kaevamisel ja t\u00f5stmisel, mist\u00f5ttu sobivad need ideaalselt ebatasase maastikuga ehitusplatsidele. <\/li>\n<li><strong>P\u00f5llumajandusmasinad:<\/strong> Kopasilindrid on kasutusel esilaadurites, mida kasutatakse mulla, heina ja muude materjalide kopeerimiseks, t\u00f5stmiseks ja transportimiseks. Need pakuvad vajalikke t\u00f5ste- ja kallutusmehhanisme, mis on vajalikud raskete koormate teisaldamiseks farmis. <\/li>\n<li><strong>Ekskavaatorid:<\/strong> Kopasilindrid saavutavad kaevamise, v\u00f5imaldades kopal pinnasesse tungida. Need on olulised kraavide v\u00f5i vundamentide kaevamiseks ning hoonete v\u00f5i muude ehitiste lammutamiseks.<\/li>\n<li><strong>Laadurid:<\/strong> Esilaadurites aitavad kopasilindrid kaupu t\u00f5husalt t\u00f5sta ja kallutada, mist\u00f5ttu sobivad need ideaalselt raskete kaupade laadimiseks ja mahalaadimiseks. <\/li>\n<\/ul>\n<h2>Projekteerimiskaalutlused ja valikukriteeriumid<\/h2>\n<p>Kopasilindril on mitu disainikaalutlust ja valikukriteeriumi, mida selgitatakse allpool:<\/p>\n<ul>\n<li><strong>Kandev\u00f5ime:<\/strong> Kopa silinder peab suutma taluda t\u00f5stetava v\u00f5i kallutatava koorma raskust ja r\u00f5hku.<\/li>\n<li><strong>Tihendus:<\/strong> Kopa silinder peaks olema konstrueeritud kvaliteetsete tihenditega, et v\u00e4ltida h\u00fcdraulilise vedeliku leket ja saastumist. <\/li>\n<li><strong>Vastupidavus:<\/strong> Kopa silinder peab olema konstrueeritud vastu pidama t\u00f6\u00f6platsi karmidele tingimustele, sealhulgas kulumisele ja korrosioonile. <\/li>\n<li><strong>Ohutus:<\/strong> Kopa silinder tuleb konstrueerida ohutust silmas pidades, sealhulgas sellised omadused nagu lukustusventiilid ja \u00fclekoormuskaitse s\u00fcsteemid. <\/li>\n<li><strong>Hooldus:<\/strong> Kopa silinder peaks olema konstrueeritud h\u00f5lpsaks hooldamiseks, sealhulgas komponentidele h\u00f5lpsaks juurdep\u00e4\u00e4suks kontrollimiseks ja parandamiseks. <\/li>\n<\/ul>\n<p><img decoding=\"async\" src=\"https:\/\/www.hydraulic-cylinders.net\/wp-content\/uploads\/2025\/01\/songte-oil-pipes-and-spare-parts.webp\" alt=\"\u00c4mbri silinder\"><\/p>\n<h2>Tihendus ja m\u00e4\u00e4rimine<\/h2>\n<p>Kopasilindris kasutatakse h\u00fcdraulika\u00f5li lekke v\u00e4ltimiseks mitmesuguseid tihendeid, n\u00e4iteks kolvitihendeid ja vardatihendeid, mis on valmistatud kulumiskindlatest materjalidest, n\u00e4iteks pol\u00fcuretaanist ja nitriilkummist. Silindri korpus ja keermestatud otsapind on peenelt t\u00f6\u00f6deldud, et suurendada kulumiskindlust. Kopasilindri sujuva t\u00f6\u00f6 tagamiseks on vajalik regulaarne m\u00e4\u00e4rimine h\u00fcdraulika\u00f5liga.<\/p>\n<p><img decoding=\"async\" src=\"https:\/\/www.hydraulic-cylinders.net\/wp-content\/uploads\/2025\/01\/songte-chushion-collar.webp\" alt=\"\u00c4mbri silinder\"><\/p>\n<h2>Kontroll ja ennetav hooldus<\/h2>\n<p>Kopasilindri n\u00f5uetekohaseks toimimiseks on oluline regulaarne kontroll ja ennetav hooldus. J\u00e4rgnevalt on toodud levinumad hooldust\u00f6\u00f6d:<\/p>\n<ul>\n<li><strong>Regulaarne kontroll:<\/strong> Kontrollige silindri korpust, kolbi ja tihendeid kulumise ja kahjustuste suhtes. <\/li>\n<li><strong>M\u00e4\u00e4rimine:<\/strong> M\u00e4\u00e4rige silindrit regulaarselt h\u00fcdraulika\u00f5liga, et tagada selle sujuv t\u00f6\u00f6. <\/li>\n<li><strong>Tihendi vahetamine:<\/strong> H\u00fcdraulikavedeliku lekke v\u00e4ltimiseks vahetage kahjustatud v\u00f5i kulunud tihendid viivitamatult v\u00e4lja. <\/li>\n<li><strong>Kalibreerimiskontroll:<\/strong> Kontrollige silindri kalibreerimist regulaarselt, et veenduda selle vastavuses spetsifikatsioonidele. <\/li>\n<\/ul>\n<p>Kopasilindri korrektseks t\u00f6\u00f6ks on oluline \u00f5ige paigaldus. Oluline on silinder \u00f5igesti joondada ja kasutada sobivaid kinnitusklambreid silindri kinnitamiseks paigale. Kopasilindri eluea pikendamiseks tuleks j\u00e4rgida soovitatud kontrolli-, remondi- ja vahetusprotseduure.<\/p>\n<p><img decoding=\"async\" src=\"https:\/\/hzpt.com\/wp-content\/uploads\/2024\/11\/songte-company-1.webp\" alt=\"\u00c4mbri silinder\"><\/p>\n<h2>Ohutus- ja keskkonnakaalutlused<\/h2>\n<p>Kopasilindri kasutamisel tuleks \u00f5nnetuste v\u00e4ltimiseks v\u00f5tta ohutusmeetmeid. Ohtlike olukordade v\u00e4ltimiseks tuleks kasutada ohutusfunktsioone, nagu lukustusventiilid ja \u00fclekoormuskaitse s\u00fcsteemid. Arvesse tuleks v\u00f5tta ka keskkonnakaalutlusi, n\u00e4iteks h\u00fcdraulikavedeliku n\u00f5uetekohast k\u00f5rvaldamist ja keskkonnas\u00f5bralike materjalide kasutamist.<\/p>\n<p><img decoding=\"async\" src=\"https:\/\/www.hydraulic-cylinders.net\/wp-content\/uploads\/2025\/01\/songte-bushings-with-all-kinds-of-excavator-models.webp\" alt=\"\u00c4mbri silinder\"><\/p>\n<h2>Veaotsing ja levinud probleemid<\/h2>\n<p>Kopa silindril v\u00f5ib esineda probleeme kulumise, kahjustuste v\u00f5i eba\u00f5ige kasutamise t\u00f5ttu. Levinud probleemide hulka kuuluvad h\u00fcdraulika\u00f5li leke, aeglane t\u00f6\u00f6 ning ebapiisav t\u00f5ste- v\u00f5i kallutusj\u00f5ud. Lugejatel tuleks esitada t\u00f5rkeotsingu n\u00e4pun\u00e4iteid ja lahendusi, mis aitavad neil neid probleeme diagnoosida ja lahendada. Samuti tuleks esitada ennetusmeetmed v\u00f5imalike probleemide minimeerimiseks.<\/p>\n<h2>Meie ettev\u00f5ttest<\/h2>\n<p>Oleme laia tootevalikuga asendush\u00fcdrauliliste silindrite tootja, mis teeb meist \u00fche juhtiva h\u00fcdrauliliste silindrite tootja ja hulgim\u00fc\u00fcja nii sise- kui ka rahvusvahelisel turul. J\u00e4rgime suurep\u00e4rase kvaliteedi p\u00f5him\u00f5tet ja tugineme keerukate tootmist\u00f6\u00f6kodade industrialiseeritud tootmisjuhtimise strateegiale. Meie ettev\u00f5te t\u00e4iustab pidevalt t\u00f6\u00f6koja tootmisplatvormi, parandab tootekvaliteedi tootmisliini ning omab tugevat loomingulist v\u00f5imekust. Oleme p\u00fchendunud oma klientide mitmekesiste vajaduste rahuldamisele suure efektiivsuse, t\u00e4psuse ja kvaliteediga.<\/p>\n<p><img decoding=\"async\" src=\"https:\/\/www.hydraulic-cylinders.net\/wp-content\/uploads\/2025\/01\/songte-company-3.webp\" alt=\"\u00c4mbri silinder\"><\/p>\n<p>Oleme uhked oma professionaalsuse, rahvusvahelise sertifikaadi, kohandatud teenuste, tootmisseadmete ja m\u00fc\u00fcgij\u00e4rgse teeninduse \u00fcle. Meie tooted on kvaliteetsed ja t\u00f6\u00f6kindlad ning pakume oma klientidele \u00f5igeaegset ja professionaalset tehnilist tuge. <\/p>\n<h2>Autor<\/h2>\n<p>lyl<\/p>","protected":false},"excerpt":{"rendered":"<p>Introduction Bucket Cylinder For XGMA Middle Excavator XG825EL The Bucket Cylinder for XGMA Middle Excavator XG825EL is a specialized hydraulic cylinder designed to control the movement of buckets in heavy machinery such as excavators, backhoe excavators, and front-end loaders. Its main function is to facilitate the lifting, lowering, and tilting of buckets, making it easier [&hellip;]<\/p>","protected":false},"featured_media":14787,"comment_status":"open","ping_status":"closed","template":"","meta":{"_et_pb_use_builder":"","_et_pb_old_content":"","_et_gb_content_width":""},"product_brand":[],"product_cat":[1494],"product_tag":[1495,1496],"class_list":{"0":"post-15599","1":"product","2":"type-product","3":"status-publish","4":"has-post-thumbnail","6":"product_cat-bucket-cylinders","7":"product_tag-bucket-cylinders","8":"product_tag-hydraulic-cylinders","10":"first","11":"instock","12":"shipping-taxable","13":"product-type-simple"},"amp_enabled":true,"_links":{"self":[{"href":"https:\/\/www.hydraulic-cylinders.net\/et\/wp-json\/wp\/v2\/product\/15599","targetHints":{"allow":["GET"]}}],"collection":[{"href":"https:\/\/www.hydraulic-cylinders.net\/et\/wp-json\/wp\/v2\/product"}],"about":[{"href":"https:\/\/www.hydraulic-cylinders.net\/et\/wp-json\/wp\/v2\/types\/product"}],"replies":[{"embeddable":true,"href":"https:\/\/www.hydraulic-cylinders.net\/et\/wp-json\/wp\/v2\/comments?post=15599"}],"wp:featuredmedia":[{"embeddable":true,"href":"https:\/\/www.hydraulic-cylinders.net\/et\/wp-json\/wp\/v2\/media\/14787"}],"wp:attachment":[{"href":"https:\/\/www.hydraulic-cylinders.net\/et\/wp-json\/wp\/v2\/media?parent=15599"}],"wp:term":[{"taxonomy":"product_brand","embeddable":true,"href":"https:\/\/www.hydraulic-cylinders.net\/et\/wp-json\/wp\/v2\/product_brand?post=15599"},{"taxonomy":"product_cat","embeddable":true,"href":"https:\/\/www.hydraulic-cylinders.net\/et\/wp-json\/wp\/v2\/product_cat?post=15599"},{"taxonomy":"product_tag","embeddable":true,"href":"https:\/\/www.hydraulic-cylinders.net\/et\/wp-json\/wp\/v2\/product_tag?post=15599"}],"curies":[{"name":"wp","href":"https:\/\/api.w.org\/{rel}","templated":true}]}}