{"id":15602,"date":"2025-01-19T14:44:11","date_gmt":"2025-01-19T14:44:11","guid":{"rendered":"https:\/\/www.hydraulic-cylinders.net\/product\/bucket-cylinder-for-xgma-large-excavator-xg836mh\/"},"modified":"2025-01-19T14:44:13","modified_gmt":"2025-01-19T14:44:13","slug":"bucket-cylinder-for-xgma-large-excavator-xg836mh","status":"publish","type":"product","link":"https:\/\/www.hydraulic-cylinders.net\/et\/toode\/bucket-cylinder-for-xgma-large-excavator-xg836mh\/","title":{"rendered":"Kopa silinder XGMA suurele ekskavaatorile XG836MH"},"content":{"rendered":"<h1>Kopa silinder XGMA suurele ekskavaatorile XG836MH<\/h1>\n<h2>Sissejuhatus<\/h2>\n<p>Kopa silinder on spetsiaalselt konstrueeritud h\u00fcdrauliline silinder, mida kasutatakse kopa liikumise juhtimiseks rasketes masinates, n\u00e4iteks ekskavaatorites, laadur-ekskavaatorites ja esilaadurites. Selle peamine \u00fclesanne on v\u00f5imaldada kopa liikumist \u00fcles, alla ja kallutamist, muutes mitmesuguste materjalide transportimise lihtsamaks. H\u00fcdraulilistes s\u00fcsteemides juhivad kopa silindrid kopa t\u00e4pset liikumist h\u00fcdraulika\u00f5li r\u00f5humuutuste abil, v\u00f5imaldades operaatoritel t\u00f5husalt k\u00e4sitseda raskeid koormaid ning kohaneda keerukate t\u00f6\u00f6keskkondade ja mitmekesiste t\u00f6\u00f6vajadustega.<\/p>\n<div>\n  <img decoding=\"async\" src=\"https:\/\/www.hydraulic-cylinders.net\/wp-content\/uploads\/2025\/01\/songte-company-2.webp\" alt=\"Kopa silinder XGMA suurele ekskavaatorile XG836MH\">\n<\/div>\n<h2>Omadused<\/h2>\n<ul>\n<li>\n<h3>Suur tugevus ja vastupidavus<\/h3>\n<p>Kopasilindrid on tavaliselt valmistatud \u00fclitugevast terasest v\u00f5i alumiiniumist, mis talub k\u00f5rget r\u00f5hku ja suuri koormusi, kohandudes karmide t\u00f6\u00f6keskkondadega. Need on konstrueeritud kulumiskindlust ja korrosioonikaitset silmas pidades, pikendades nende kasutusiga.<\/p>\n<\/li>\n<li>\n<h3>T\u00f5hus h\u00fcdrauliline t\u00f6\u00f6<\/h3>\n<p>Kasutades h\u00fcdraulika\u00f5li r\u00f5hku sujuva pikenemise ja tagasit\u00f5mbamise saavutamiseks, reageerivad kopasilindrid kiiresti juhtimisk\u00e4sklustele ning pakuvad v\u00f5imsaid t\u00f5uke- ja t\u00f5mbej\u00f5ude, mis sobivad raskete koormate ja keerukate t\u00f6\u00f6\u00fclesannete k\u00e4sitsemiseks.<\/p>\n<\/li>\n<li>\n<h3>Mitmekesised t\u00fc\u00fcbid<\/h3>\n<p>Kopasilindrid saab valida \u00fchetoimelisteks (h\u00fcdrauliliselt \u00fches suunas kasutatavad) v\u00f5i kahetoimelisteks (h\u00fcdrauliliselt kahes suunas kasutatavad) vastavalt vajadusele, et rahuldada erinevaid t\u00f6\u00f6n\u00f5udeid. M\u00f5ned mudelid on teleskoopilised, mis v\u00f5imaldab suuremat pikendust ilma v\u00e4lism\u00f5\u00f5tmeid suurendamata, sobides piiratud ruumiga rakenduste jaoks.<\/p>\n<\/li>\n<li>\n<h3>Vahetatav teiste h\u00fcdrauliliste silindritega<\/h3>\n<p>Meie kopasilindrid sobivad ideaalselt teiste h\u00fcdrauliliste silindrite asendamiseks, pakkudes paremat j\u00f5udlust ja pikemat kasutusiga.<\/p>\n<\/li>\n<li>\n<h3>Kohandatav<\/h3>\n<p>Saame kopp-silindreid vastavalt konkreetsetele vajadustele kohandada, tagades, et need vastavad klientide n\u00f5uetele ja pakuvad optimaalset j\u00f5udlust.<\/p>\n<\/li>\n<\/ul>\n<div>\n  <img decoding=\"async\" src=\"https:\/\/www.hydraulic-cylinders.net\/wp-content\/uploads\/2025\/01\/songte-cylinder-head-with-all-kinds-excavator-models.webp\" alt=\"Kopa silinder XGMA suurele ekskavaatorile XG836MH\">\n<\/div>\n<h2>Rakendused<\/h2>\n<p>Kopasilindrid on laialdaselt kasutusel erinevates rasketehnika masinates, sealhulgas:<\/p>\n<ul>\n<li>\n<h3>Ehitustehnika<\/h3>\n<p>Ehitusmasinad, n\u00e4iteks ekskavaatorid, kasutavad kaevamiseks, laadimiseks ja pinnase v\u00f5i prahi teisaldamiseks kopasilindriid. Ekskavaator-laadurites aitavad kopasilindrid nii kaevamisel kui ka t\u00f5stmisel.<\/p>\n<\/li>\n<li>\n<h3>P\u00f5llumajandustehnika<\/h3>\n<p>Kopasilindrid on m\u00f5eldud esilaadurites pinnase, heina ja muude materjalide kaevamiseks, t\u00f5stmiseks ja transportimiseks. Ekskavaatorites v\u00f5imaldavad kopasilindrid kaevamist, v\u00f5imaldades kopal pinnasesse tungida. Esilaadurites aitavad need kaupu t\u00f5husalt t\u00f5sta ja t\u00fchjendada.<\/p>\n<\/li>\n<li>\n<h3>Kaevandusseadmed<\/h3>\n<p>Kaevandusseadmetes kasutatakse kopa silindreid kopa liikumise juhtimiseks, mis on oluline mineraalide v\u00f5i muude materjalide kaevamiseks, laadimiseks ja transportimiseks.<\/p>\n<\/li>\n<\/ul>\n<h2>Projekteerimiskaalutlused ja valikukriteeriumid<\/h2>\n<p>Silindrite projekteerimisel ja valimisel tuleb arvestada mitmete teguritega:<\/p>\n<ul>\n<li>\n<h3>Kandev\u00f5ime<\/h3>\n<p>Silindri kandev\u00f5ime m\u00e4\u00e4rab maksimaalse koormuse, mida see talub, mis on kopasilindrite valimisel oluline tegur.<\/p>\n<\/li>\n<li>\n<h3>Tihendus<\/h3>\n<p>Silindri tihendusv\u00f5ime m\u00e4\u00e4rab lekke astme ning m\u00f5jutab h\u00fcdraulikas\u00fcsteemi \u00fcldist efektiivsust ja toimimist.<\/p>\n<\/li>\n<li>\n<h3>Vastupidavus<\/h3>\n<p>Ballooni vastupidavus m\u00f5jutab otseselt selle eluiga, mida m\u00f5jutavad sellised tegurid nagu ballooni materjal, konstruktsioon ja t\u00f6\u00f6tlusprotsess.<\/p>\n<\/li>\n<li>\n<h3>Ohutus<\/h3>\n<p>Kopasilindrid peaksid vastama ohutusstandarditele ja neil peaksid olema ohutusfunktsioonid, n\u00e4iteks avariipeatusmehhanismid, et v\u00e4ltida \u00f5nnetusi.<\/p>\n<\/li>\n<li>\n<h3>Hooldus<\/h3>\n<p>Kopasilindrid peaksid olema optimaalse t\u00f6\u00f6 ja pika kasutusea tagamiseks kergesti hooldatavad ja parandatavad.<\/p>\n<\/li>\n<\/ul>\n<div>\n  <img decoding=\"async\" src=\"https:\/\/www.hydraulic-cylinders.net\/wp-content\/uploads\/2025\/01\/songte-oil-pipes-and-spare-parts.webp\" alt=\"Kopa silinder XGMA suurele ekskavaatorile XG836MH\">\n<\/div>\n<h2>Tihendus ja m\u00e4\u00e4rimine<\/h2>\n<p>Koppsilindrites kasutatakse mitmesuguseid tihenduskomponente, n\u00e4iteks kolvitihendeid ja vardatihendeid, mis on valmistatud kulumiskindlatest materjalidest, n\u00e4iteks pol\u00fcuretaanist ja nitriilkummist, et tagada usaldusv\u00e4\u00e4rne tihendus. Silindri korpus ja keermestatud otsapinnad on t\u00e4pselt t\u00f6\u00f6deldud, et parandada kulumiskindlust. H\u00fcdraulika\u00f5li regulaarne t\u00e4iendamine on vajalik n\u00f5uetekohase m\u00e4\u00e4rimise tagamiseks ja silindri kasutusea pikendamiseks.<\/p>\n<h2>Kontroll ja ennetav hooldus<\/h2>\n<p>Kopasilindrite ohutu ja t\u00f5husa t\u00f6\u00f6 tagamiseks on vaja regulaarset kontrolli ja ennetavat hooldust. Hooldus\u00fclesanded h\u00f5lmavad j\u00e4rgmist:<\/p>\n<ul>\n<li>\n<h3>Regulaarne kontroll<\/h3>\n<p>Kopa silindreid tuleks perioodiliselt kontrollida kulumise, lekke ja deformatsiooni tunnuste suhtes.<\/p>\n<\/li>\n<li>\n<h3>M\u00e4\u00e4rimine<\/h3>\n<p>Silindri korralik m\u00e4\u00e4rimine on oluline selle sujuva t\u00f6\u00f6 tagamiseks. M\u00e4\u00e4rimist tuleks teha regulaarselt.<\/p>\n<\/li>\n<li>\n<h3>Tihendi vahetamine<\/h3>\n<p>Kulunud v\u00f5i kahjustatud tihendid tuleks lekete ja j\u00f5udluse v\u00e4henemise v\u00e4ltimiseks viivitamatult v\u00e4lja vahetada.<\/p>\n<\/li>\n<li>\n<h3>Kalibreerimiskontroll<\/h3>\n<p>\u00c4mbrisilindreid tuleks perioodiliselt kalibreerida, et tagada t\u00e4pne t\u00f6\u00f6 ja optimaalne j\u00f5udlus.<\/p>\n<\/li>\n<\/ul>\n<p>Kopasilindrite t\u00f6\u00f6 ja ohutuse tagamiseks on oluline \u00f5ige paigaldamine ja joondamine. Silinder tuleks paigaldada ja joondada vastavalt tootja juhistele ning silindri kinnitamiseks tuleks kasutada sobivaid kinnitusklambreid.<\/p>\n<div>\n  <img decoding=\"async\" src=\"https:\/\/www.hydraulic-cylinders.net\/wp-content\/uploads\/2025\/01\/songte-chushion-collar.webp\" alt=\"Kopa silinder XGMA suurele ekskavaatorile XG836MH\">\n<\/div>\n<h2>Ohutuskaalutlused ja keskkonnategurid<\/h2>\n<p>Kopasilindrid peaksid vastama ohutusstandarditele ja neil peaksid olema ohutusfunktsioonid, n\u00e4iteks avariipeatusmehhanismid, et v\u00e4ltida \u00f5nnetusi. Kopasilindrite kasutamisel peaksid operaatorid olema koolitatud nende n\u00f5uetekohase kasutamise ja ohutusprotokollide osas.<\/p>\n<h2>Rikete diagnoosimine ja levinud probleemid<\/h2>\n<p>Kopasilindrite kasutamisel esineda v\u00f5ivad levinud probleemid on lekked, deformatsioon ja kinnikiilunud kolvid. Neid probleeme saab lahendada diagnoosimise ja t\u00f5rkeotsingu abil, mis v\u00f5ib h\u00f5lmata kulunud v\u00f5i kahjustatud tihendite vahetamist, silindri uuesti joondamist v\u00f5i kahjustatud komponentide parandamist.<\/p>\n<h2>Ettev\u00f5tte tutvustus<\/h2>\n<p>Oleme juhtiv h\u00fcdrosilindrite tootja ja hulgim\u00fc\u00fcja, pakkudes laia tootevalikut nii sise- kui ka rahvusvahelise turu vajaduste rahuldamiseks. Meie ettev\u00f5te j\u00e4rgib industrialiseeritud tootmisjuhtimise strateegiat, tuginedes tehnilistele oskustele, tipptasemel digitaalsetele tootmisseadmetele ja professionaalsetele testimiss\u00fcsteemidele, et parandada tootmisv\u00f5imalusi ja tootekvaliteeti. Oleme p\u00fchendunud klientidele kvaliteetsete toodete ja teenuste pakkumisele, mis vastavad nende mitmekesistele vajadustele.<\/p>\n<div>\n  <img decoding=\"async\" src=\"https:\/\/hzpt.com\/wp-content\/uploads\/2024\/11\/songte-company-1.webp\" alt=\"Kopa silinder XGMA suurele ekskavaatorile XG836MH\">\n<\/div>\n<p>Oleme uhked oma professionaalsuse, rahvusvahelise sertifikaadi, kohandatud teenuste, tootmisseadmete ja m\u00fc\u00fcgij\u00e4rgse teeninduse \u00fcle.<\/p>\n<ul>\n<li>\n<h3>Professionaalsus<\/h3>\n<p>Meie professionaalide meeskonnal on aastatepikkune kogemus h\u00fcdrauliliste silindrite valdkonnas, mis tagab meie toodete vastavuse k\u00f5rgeimatele kvaliteedi- ja t\u00f6\u00f6kindluse standarditele.<\/p>\n<\/li>\n<li>\n<h3>Rahvusvaheline sertifitseerimine<\/h3>\n<p>Oleme omandanud mitmeid rahvusvahelisi sertifikaate, sealhulgas ISO9001, ISO14001 ja CE, mis tagavad meie toodete vastavuse \u00fclemaailmsetele kvaliteedi- ja ohutusstandarditele.<\/p>\n<\/li>\n<li>\n<h3>Kohandatud teenused<\/h3>\n<p>Saame oma tooteid kohandada vastavalt klientide konkreetsetele vajadustele, pakkudes optimaalseid lahendusi nende tegevusn\u00f5uetele.<\/p>\n<\/li>\n<li>\n<h3>Tootmisseadmed<\/h3>\n<p>Oleme investeerinud tipptasemel digitaalsetesse tootmisseadmetesse, tagades meie toodete t\u00e4psuse ja efektiivsuse.<\/p>\n<\/li>\n<li>\n<h3>M\u00fc\u00fcgij\u00e4rgne teenindus<\/h3>\n<p>Pakume suurep\u00e4rast m\u00fc\u00fcgij\u00e4rgset teenindust, sealhulgas toodete remonti ja asendamist, et tagada meie klientide rahulolu oma ostudega.<\/p>\n<\/li>\n<\/ul>\n<p>Autor: lyl<\/p>","protected":false},"excerpt":{"rendered":"<p>Bucket Cylinder For XGMA Large Excavator XG836MH Introduction A bucket cylinder is a specially designed hydraulic cylinder used to control the movement of the bucket in heavy machinery like excavators, backhoe loaders, and front-end loaders. Its primary function is to allow the bucket to move up, down, and tilt, making it easier to transport various [&hellip;]<\/p>","protected":false},"featured_media":14782,"comment_status":"open","ping_status":"closed","template":"","meta":{"_et_pb_use_builder":"","_et_pb_old_content":"","_et_gb_content_width":""},"product_brand":[],"product_cat":[1494],"product_tag":[1495,1496],"class_list":{"0":"post-15602","1":"product","2":"type-product","3":"status-publish","4":"has-post-thumbnail","6":"product_cat-bucket-cylinders","7":"product_tag-bucket-cylinders","8":"product_tag-hydraulic-cylinders","10":"first","11":"instock","12":"shipping-taxable","13":"product-type-simple"},"amp_enabled":true,"_links":{"self":[{"href":"https:\/\/www.hydraulic-cylinders.net\/et\/wp-json\/wp\/v2\/product\/15602","targetHints":{"allow":["GET"]}}],"collection":[{"href":"https:\/\/www.hydraulic-cylinders.net\/et\/wp-json\/wp\/v2\/product"}],"about":[{"href":"https:\/\/www.hydraulic-cylinders.net\/et\/wp-json\/wp\/v2\/types\/product"}],"replies":[{"embeddable":true,"href":"https:\/\/www.hydraulic-cylinders.net\/et\/wp-json\/wp\/v2\/comments?post=15602"}],"wp:featuredmedia":[{"embeddable":true,"href":"https:\/\/www.hydraulic-cylinders.net\/et\/wp-json\/wp\/v2\/media\/14782"}],"wp:attachment":[{"href":"https:\/\/www.hydraulic-cylinders.net\/et\/wp-json\/wp\/v2\/media?parent=15602"}],"wp:term":[{"taxonomy":"product_brand","embeddable":true,"href":"https:\/\/www.hydraulic-cylinders.net\/et\/wp-json\/wp\/v2\/product_brand?post=15602"},{"taxonomy":"product_cat","embeddable":true,"href":"https:\/\/www.hydraulic-cylinders.net\/et\/wp-json\/wp\/v2\/product_cat?post=15602"},{"taxonomy":"product_tag","embeddable":true,"href":"https:\/\/www.hydraulic-cylinders.net\/et\/wp-json\/wp\/v2\/product_tag?post=15602"}],"curies":[{"name":"wp","href":"https:\/\/api.w.org\/{rel}","templated":true}]}}