{"id":15612,"date":"2025-01-19T14:44:51","date_gmt":"2025-01-19T14:44:51","guid":{"rendered":"https:\/\/www.hydraulic-cylinders.net\/product\/bucket-cylinder-for-lonking-middle-excavator-lg6215\/"},"modified":"2025-01-19T14:44:59","modified_gmt":"2025-01-19T14:44:59","slug":"bucket-cylinder-for-lonking-middle-excavator-lg6215","status":"publish","type":"product","link":"https:\/\/www.hydraulic-cylinders.net\/et\/toode\/bucket-cylinder-for-lonking-middle-excavator-lg6215\/","title":{"rendered":"Kopa silinder Lonking Middle ekskavaatorile LG6215"},"content":{"rendered":"<h1>Kopa silinder Lonking Middle ekskavaatorile LG6215<\/h1>\n<h2>Sissejuhatus<\/h2>\n<h3>Kopa silindri m\u00e4\u00e4ratlemine<\/h3>\n<p>Kopa silinder on spetsiaalselt loodud h\u00fcdrauliline silinder, mida kasutatakse peamiselt kopa liikumise juhtimiseks rasketes masinates, n\u00e4iteks ekskavaatorites, laadur-ekskavaatorites ja esilaadurites. Kopa silindri peamine \u00fclesanne on v\u00f5imaldada kopa t\u00f5stmist, langetamist ja kallutamist erinevate materjalik\u00e4itlust\u00f6\u00f6de jaoks. H\u00fcdraulilises s\u00fcsteemis saavutab kopa silinder kopa t\u00e4pse juhtimise h\u00fcdraulika\u00f5li r\u00f5hu muutmise abil, v\u00f5imaldades operaatoritel raskeid koormaid t\u00f5husalt k\u00e4sitseda ning kohaneda keerukate t\u00f6\u00f6keskkondade ja mitmekesiste t\u00f6\u00f6n\u00f5uetega.<\/p>\n<p><img decoding=\"async\" src=\"https:\/\/www.hydraulic-cylinders.net\/wp-content\/uploads\/2025\/01\/songte-company-2.webp\" alt=\"\u00c4mbri silindri pilt\"><\/p>\n<h2>Toote omadused<\/h2>\n<ul>\n<li><strong>Suur tugevus ja vastupidavus:<\/strong> Tavaliselt \u00fclitugevast terasest v\u00f5i alumiiniumist valmistatud kopa silinder talub k\u00f5rget r\u00f5hku ja suuri koormusi ning on konstrueeritud kulumis- ja korrosioonikindlust silmas pidades, et pikendada selle kasutusiga.<\/li>\n<li><strong>T\u00f5hus h\u00fcdrauliline t\u00f6\u00f6:<\/strong> Kasutades h\u00fcdraulika\u00f5li r\u00f5hku sujuva pikenemise ja tagasit\u00f5mbamise saavutamiseks, reageerib kopa silinder kiiresti juhtimisk\u00e4sklustele, pakub v\u00f5imsat t\u00f5uke- ja t\u00f5mbej\u00f5udu ning sobib raskete koormate ja keerukate t\u00f6\u00f6\u00fclesannete k\u00e4sitsemiseks.<\/li>\n<li><strong>Mitu t\u00fc\u00fcpi:<\/strong> Kopasilindrit saab valida \u00fchetoimelise (h\u00fcdraulikat kasutades ainult \u00fches suunas) v\u00f5i kahetoimelise (h\u00fcdraulikat kasutades m\u00f5lemas suunas) silindrina, et see vastaks erinevatele t\u00f6\u00f6vajadustele. M\u00f5ned mudelid on teleskoopilised, mis v\u00f5imaldab suuremat pikendust ilma v\u00e4lism\u00f5\u00f5tmeid suurendamata, mist\u00f5ttu need sobivad piiratud ruumiga rakenduste jaoks.<\/li>\n<li><strong>Ideaalne asendus:<\/strong> Meie toodet saab kasutada nende h\u00fcdrauliliste silindrite ideaalse asendajana.<\/li>\n<\/ul>\n<p><img decoding=\"async\" src=\"https:\/\/www.hydraulic-cylinders.net\/wp-content\/uploads\/2025\/01\/songte-cylinder-head-with-all-kinds-excavator-models.webp\" alt=\"\u00c4mbri silindri asendamise pilt\"><\/p>\n<h2>Rakendused<\/h2>\n<h3>Ehitustehnika<\/h3>\n<p>Ekskavaatorites on need kriitilise t\u00e4htsusega kaevamisel, laadimisel ja pinnase v\u00f5i prahi teisaldamisel. Ekskavaatorites abistab kopa silinder nii kaevamisel kui ka t\u00f5stmisel. Esilaadurites aitavad need lasti t\u00f5husalt t\u00f5sta ja t\u00fchjendada.<\/p>\n<h3>P\u00f5llumajandustehnika<\/h3>\n<p>Kasutatakse esilaadurites pinnase, heina ja muude materjalide kaevamiseks, t\u00f5stmiseks ja transportimiseks. Ekskavaatorites v\u00f5imaldab kopa silinder kaevamist, lastes kopal pinnasesse tungida. Esilaadurites aitavad need lasti t\u00f5husalt t\u00f5sta ja t\u00fchjendada.<\/p>\n<p><img decoding=\"async\" src=\"https:\/\/www.hydraulic-cylinders.net\/wp-content\/uploads\/2025\/01\/songte-bushings-with-all-kinds-of-excavator-models.webp\" alt=\"Kopasilindri rakenduste pilt\"><\/p>\n<h2>Projekteerimiskaalutlused ja valikukriteeriumid<\/h2>\n<h3>Kandev\u00f5ime<\/h3>\n<p>Kopasilindri valimisel on oluline kaalutlus silindri kandev\u00f5ime. See peaks suutma vastu pidada eeldatavatele koormustele ja r\u00f5hkudele ilma deformatsiooni v\u00f5i purunemiseta.<\/p>\n<h3>Tihendus ja vastupidavus<\/h3>\n<p>Kopa silinder vajab kvaliteetset tihendust, et s\u00e4ilitada n\u00f5uetekohane h\u00fcdrauliline r\u00f5hk ja v\u00e4ltida lekkeid. Silinder peaks olema valmistatud vastupidavatest materjalidest ning konstrueeritud taluma kulumist ja korrosiooni.<\/p>\n<h3>Ohutus ja hooldus<\/h3>\n<p>Kopa silinder peab olema konstrueeritud ohutust silmas pidades ning selle ohutu ja t\u00f5husa t\u00f6\u00f6 tagamiseks tuleb seda regulaarselt hooldada. Seda peaks olema lihtne hooldada, parandada ja vahetada ning sellel peaksid olema selged paigaldus- ja kasutusjuhised.<\/p>\n<p><img decoding=\"async\" src=\"https:\/\/www.hydraulic-cylinders.net\/wp-content\/uploads\/2025\/01\/songte-oil-pipes-and-spare-parts.webp\" alt=\"\u00c4mbri silindri kujunduspilt\"><\/p>\n<h2>Tihendus ja m\u00e4\u00e4rimine<\/h2>\n<p>Kopasilindri jaoks on vaja mitmesuguseid tihenduskomponente, nagu kolvitihendid, vardatihendid ja klaasipuhastid, mis peaksid olema valmistatud kulumiskindlatest materjalidest, n\u00e4iteks pol\u00fcuretaanist ja nitriilkummist. Silindri korpus ja keermestatud otsapind peaksid olema peenelt t\u00f6\u00f6deldud, et parandada kulumiskindlust. Sujuva t\u00f6\u00f6 tagamiseks on vaja ka regulaarset m\u00e4\u00e4rimist sobiva koguse h\u00fcdraulika\u00f5liga.<\/p>\n<h2>Hooldus ja remont<\/h2>\n<p>Regulaarne hooldus ja sobivad remondiprotseduurid v\u00f5ivad pikendada kopasilindri kasutusiga. Levinud hooldust\u00f6\u00f6de hulka kuuluvad regulaarne kontroll, piisav m\u00e4\u00e4rimine, tihendite vahetamine ja kalibreerimise kontrollimine. \u00d5ige paigaldamine, m\u00e4\u00e4rimine ja reguleerimine on n\u00f5uetekohase t\u00f6\u00f6 tagamiseks kriitilise t\u00e4htsusega. Paigaldamise ajal tuleks anda \u00f5iged joondamisjuhised ja silindri kinnitamiseks tuleks kasutada sobivaid paigaldusklambreid. Kopasilindri kasutusea pikendamiseks tuleks j\u00e4rgida soovitatud kontrolli-, remondi- ja asendusprotseduure ning pakkuda osade vahetamise ja taastamise teenuseid.<\/p>\n<p><img decoding=\"async\" src=\"https:\/\/www.hydraulic-cylinders.net\/wp-content\/uploads\/2025\/01\/songte-chushion-collar.webp\" alt=\"Kopa silindri hoolduspilt\"><\/p>\n<h2>Ohutus- ja keskkonnakaalutlused<\/h2>\n<p>Kopasilindri kasutamisel tuleb v\u00f5tta ohutusmeetmeid, et kaitsta operaatoreid ja k\u00f5rvalseisjaid v\u00f5imalike ohtude eest. Silindrit tuleks kasutada selle ohutu koormusvahemiku piires ning operaatorid peaksid olema koolitatud seadmete \u00f5igeks k\u00e4sitsemiseks. Kasutatud h\u00fcdraulika\u00f5li n\u00f5uetekohane utiliseerimine on vajalik saastumise ja keskkonnakahjustuste v\u00e4ltimiseks.<\/p>\n<h2>Levinud rikete diagnoosimine ja t\u00f5rkeotsing<\/h2>\n<p>Kopasilindrite levinud rikete hulka kuuluvad leke, ebapiisav r\u00f5hk ja aeglane t\u00f6\u00f6. Neid probleeme saab diagnoosida ja lahendada hoolika kontrolli ja defektsete komponentide v\u00e4ljavahetamise abil. V\u00f5imalike probleemide minimeerimiseks on oluline j\u00e4rgida \u00f5igeid remondiprotseduure ja ennetusmeetmeid.<\/p>\n<p><img decoding=\"async\" src=\"https:\/\/hzpt.com\/wp-content\/uploads\/2024\/11\/songte-company-1.webp\" alt=\"\u00c4mbrisilindri t\u00f5rkeotsingu pilt\"><\/p>\n<h2>Meie ettev\u00f5ttest<\/h2>\n<p>Oleme juhtiv h\u00fcdrauliliste silindrite tootja ja hulgim\u00fc\u00fcja nii sise- kui ka rahvusvahelisel turul ning spetsialiseerume h\u00fcdrauliliste silindrite asendamisele. Meie ettev\u00f5te pakub laia tootevalikut ja j\u00e4rgib suurep\u00e4rast kvaliteeti. Toetume peentootmist\u00f6\u00f6kodade industrialiseeritud tootmisjuhtimise strateegiale, et pidevalt t\u00e4iustada t\u00f6\u00f6koja tootmisplatvormi, parandada toodete tootmiskvaliteeti ning meil on tugev loovus, et rahuldada klientide mitmekesiseid vajadusi, j\u00e4rgides k\u00f5rge efektiivsuse, suure t\u00e4psuse ja k\u00f5rge kvaliteedi p\u00f5him\u00f5tet. Pakume professionaalseid, rahvusvaheliselt sertifitseeritud ja kohandatud teenuseid ning kasutame t\u00e4iustatud tootmisseadmeid ja professionaalseid testimiss\u00fcsteeme oma toodete kvaliteedi tagamiseks. Meie ettev\u00f5te pakub ka m\u00fc\u00fcgij\u00e4rgseid teenuseid, nagu osade vahetamine ja taastamisteenused, et tagada meie toodete pikaealisus.<\/p>\n<p><img decoding=\"async\" src=\"https:\/\/www.hydraulic-cylinders.net\/wp-content\/uploads\/2025\/01\/songte-company-3.webp\" alt=\"Ettev\u00f5tte kuvand\"><\/p>\n<p>Kirjutanud Lyl.<\/p>","protected":false},"excerpt":{"rendered":"<p>Bucket Cylinder For Lonking Middle Excavator LG6215 Introduction Defining Bucket Cylinder The bucket cylinder is a specially designed hydraulic cylinder that is primarily used to control the movement of the bucket in heavy machinery such as excavators, backhoe excavators, and front loaders. The main function of the bucket cylinder is to enable the bucket to [&hellip;]<\/p>","protected":false},"featured_media":14789,"comment_status":"open","ping_status":"closed","template":"","meta":{"_et_pb_use_builder":"","_et_pb_old_content":"","_et_gb_content_width":""},"product_brand":[],"product_cat":[1494],"product_tag":[1495,1496],"class_list":{"0":"post-15612","1":"product","2":"type-product","3":"status-publish","4":"has-post-thumbnail","6":"product_cat-bucket-cylinders","7":"product_tag-bucket-cylinders","8":"product_tag-hydraulic-cylinders","10":"first","11":"instock","12":"shipping-taxable","13":"product-type-simple"},"amp_enabled":true,"_links":{"self":[{"href":"https:\/\/www.hydraulic-cylinders.net\/et\/wp-json\/wp\/v2\/product\/15612","targetHints":{"allow":["GET"]}}],"collection":[{"href":"https:\/\/www.hydraulic-cylinders.net\/et\/wp-json\/wp\/v2\/product"}],"about":[{"href":"https:\/\/www.hydraulic-cylinders.net\/et\/wp-json\/wp\/v2\/types\/product"}],"replies":[{"embeddable":true,"href":"https:\/\/www.hydraulic-cylinders.net\/et\/wp-json\/wp\/v2\/comments?post=15612"}],"wp:featuredmedia":[{"embeddable":true,"href":"https:\/\/www.hydraulic-cylinders.net\/et\/wp-json\/wp\/v2\/media\/14789"}],"wp:attachment":[{"href":"https:\/\/www.hydraulic-cylinders.net\/et\/wp-json\/wp\/v2\/media?parent=15612"}],"wp:term":[{"taxonomy":"product_brand","embeddable":true,"href":"https:\/\/www.hydraulic-cylinders.net\/et\/wp-json\/wp\/v2\/product_brand?post=15612"},{"taxonomy":"product_cat","embeddable":true,"href":"https:\/\/www.hydraulic-cylinders.net\/et\/wp-json\/wp\/v2\/product_cat?post=15612"},{"taxonomy":"product_tag","embeddable":true,"href":"https:\/\/www.hydraulic-cylinders.net\/et\/wp-json\/wp\/v2\/product_tag?post=15612"}],"curies":[{"name":"wp","href":"https:\/\/api.w.org\/{rel}","templated":true}]}}