{"id":15614,"date":"2025-01-19T14:45:08","date_gmt":"2025-01-19T14:45:08","guid":{"rendered":"https:\/\/www.hydraulic-cylinders.net\/product\/bucket-cylinder-for-lonking-middle-excavator-lg6225d\/"},"modified":"2025-01-19T14:45:10","modified_gmt":"2025-01-19T14:45:10","slug":"bucket-cylinder-for-lonking-middle-excavator-lg6225d","status":"publish","type":"product","link":"https:\/\/www.hydraulic-cylinders.net\/et\/toode\/bucket-cylinder-for-lonking-middle-excavator-lg6225d\/","title":{"rendered":"Kopa silinder Lonking Middle ekskavaatorile LG6225D"},"content":{"rendered":"<h1>Kopa silinder Lonking Middle ekskavaatorile LG6225D<\/h1>\n<h2>Sissejuhatus<\/h2>\n<p>Lonking Middle Excavator LG6225D kopa silinder on spetsiaalselt loodud h\u00fcdrauliline silinder, mida kasutatakse kopa liikumise juhtimiseks rasketes masinates, n\u00e4iteks ekskavaatorites, laadur-ekskavaatorites ja rataslaadurites. Selle peamine \u00fclesanne on v\u00f5imaldada kopa t\u00f5stmist, langetamist ja kallutamist, h\u00f5lbustades mitmesuguseid materjali k\u00e4itlemise \u00fclesandeid. H\u00fcdraulikas\u00fcsteemis saavutab kopa silinder kopa t\u00e4pse juhtimise, kasutades h\u00fcdraulika\u00f5li r\u00f5humuutusi, v\u00f5imaldades operaatoritel t\u00f5husalt k\u00e4sitseda raskeid koormaid ning kohaneda keerukate t\u00f6\u00f6keskkondade ja mitmekesiste t\u00f6\u00f6n\u00f5uetega.<\/p>\n<p><img decoding=\"async\" src=\"https:\/\/www.hydraulic-cylinders.net\/wp-content\/uploads\/2025\/01\/songte-company-2.webp\" alt=\"\u00c4mbri silindri pilt\"><\/p>\n<h2>Omadused<\/h2>\n<ul>\n<li>Suur tugevus ja vastupidavus: Tavaliselt valmistatud \u00fclitugevast terasest v\u00f5i alumiiniumist, talub see k\u00f5rget r\u00f5hku ja suuri koormusi, kohandudes karmide t\u00f6\u00f6tingimustega. Projekteerimisel on arvestatud ka kulumiskindluse ja korrosioonikindlusega, pikendades kasutusiga.<\/li>\n<li>T\u00f5hus h\u00fcdrauliline t\u00f6\u00f6: H\u00fcdraulika\u00f5li r\u00f5hu abil saavutab see sujuva v\u00e4lja- ja tagasit\u00f5mbamise, reageerib kiiresti juhtimisk\u00e4sklustele, pakub v\u00f5imsaid t\u00f5uke- ja t\u00f5mbej\u00f5ude ning sobib raskete koormate ja keerukate t\u00f6\u00f6\u00fclesannete k\u00e4sitsemiseks.<\/li>\n<li>Erinevad t\u00fc\u00fcbid: silindrit saab vastavalt vajadusele valida \u00fchetoimelisena (h\u00fcdrauliline ainult \u00fches suunas) v\u00f5i kahetoimelisena (h\u00fcdrauliline m\u00f5lemas suunas) ning m\u00f5ned mudelid on teleskoopilised, mis v\u00f5imaldavad suuremat pikendamist ilma v\u00e4lism\u00f5\u00f5tmeid suurendamata, sobides piiratud ruumiga rakenduste jaoks.<\/li>\n<li>Vahetatavus: Meie tooted suudavad neid h\u00fcdrosilindreid ideaalselt asendada.<\/li>\n<\/ul>\n<p><img decoding=\"async\" src=\"https:\/\/www.hydraulic-cylinders.net\/wp-content\/uploads\/2025\/01\/songte-cylinder-head-with-all-kinds-excavator-models.webp\" alt=\"Toote pilt\"><\/p>\n<h2>Rakendused<\/h2>\n<p>Lonking Middle Excavator LG6225D kopasilindrit kasutatakse laialdaselt erinevates t\u00f6\u00f6stusharudes ja seadmetes, sealhulgas:<\/p>\n<ul>\n<li>Ehitustehnika: see on ekskavaatorites \u00fclioluline kaevamisel, laadimisel ja pinnase v\u00f5i prahi teisaldamisel. Ekskavaator-laadurites abistab kopa silinder nii kaevamisel kui ka t\u00f5stmisel.<\/li>\n<li>P\u00f5llumajandusmasinad: Kasutatakse esilaadurites mulla, heina ja muude materjalide k\u00fchveldamiseks, t\u00f5stmiseks ja transportimiseks.<\/li>\n<li>Ekskavaatorid: Kopa silinder v\u00f5imaldab kaevamist, lastes kopal pinnasesse tungida.<\/li>\n<li>Rataslaadurid: Rataslaadurites aitavad need kaupu t\u00f5husalt t\u00f5sta ja maha laadida.<\/li>\n<\/ul>\n<h2>Projekteerimiskaalutlused ja valikukriteeriumid<\/h2>\n<p>Lonking Middle Excavator LG6225D kopasilindri projekteerimisel v\u00f5etakse arvesse mitmeid tegureid, sealhulgas:<\/p>\n<ul>\n<li>Kandev\u00f5ime<\/li>\n<li>Tihendusv\u00f5ime<\/li>\n<li>Vastupidavus<\/li>\n<li>Ohutus<\/li>\n<li>Hooldatavus<\/li>\n<\/ul>\n<p><img decoding=\"async\" src=\"https:\/\/www.hydraulic-cylinders.net\/wp-content\/uploads\/2025\/01\/songte-oil-pipes-and-spare-parts.webp\" alt=\"Toote disaini pilt\"><\/p>\n<h2>Tihendus ja m\u00e4\u00e4rimine<\/h2>\n<p>Toode kasutab mitmesuguseid tihenduskomponente, n\u00e4iteks kolvitihendeid ja varrastihendeid, mis on valmistatud kulumiskindlatest materjalidest nagu pol\u00fcuretaan ja nitriilkummi. Silindri korpus ja keermestatud otsapinnad l\u00e4bivad kulumiskindluse suurendamiseks peene t\u00f6\u00f6tluse. Sujuva t\u00f6\u00f6 tagamiseks on vajalik regulaarne m\u00e4\u00e4rimine sobiva koguse h\u00fcdraulika\u00f5liga.<\/p>\n<h2>Regulaarne kontroll ja ennetav hooldus<\/h2>\n<p>Lonking Middle Excavator LG6225D kopasilindri optimaalse j\u00f5udluse tagamiseks ja eluea pikendamiseks tuleks v\u00f5tta j\u00e4rgmised meetmed:<\/p>\n<ul>\n<li>Kontrollige silindrit regulaarselt kahjustuste v\u00f5i kulumise tunnuste suhtes.<\/li>\n<li>M\u00e4\u00e4rige silindrit korralikult kindlaksm\u00e4\u00e4ratud intervallidega.<\/li>\n<li>Optimaalse tihendusv\u00f5ime s\u00e4ilitamiseks vahetage vajadusel tihendid v\u00e4lja.<\/li>\n<li>T\u00e4pse t\u00f6\u00f6 tagamiseks tehke kalibreerimiskontroll.<\/li>\n<\/ul>\n<p><img decoding=\"async\" src=\"https:\/\/www.hydraulic-cylinders.net\/wp-content\/uploads\/2025\/01\/songte-chushion-collar.webp\" alt=\"Hoolduspilt\"><\/p>\n<h2>Ohutuskaalutlused ja keskkonnategurid<\/h2>\n<p>Lonking Middle Excavator LG6225D kopasilindri kasutamisel on oluline j\u00e4rgida ohutusmeetmeid, et v\u00e4ltida \u00f5nnetusi ja minimeerida keskkonnam\u00f5ju.<\/p>\n<h2>Veaotsing ja levinud probleemid<\/h2>\n<p>Kuigi Lonking keskmise raskusega ekskavaatori LG6225D kopa silinder on loodud t\u00f6\u00f6kindlaks, v\u00f5ib esineda m\u00f5ningaid levinud probleeme. Siin on m\u00f5ned t\u00f5rkeotsingu n\u00e4pun\u00e4ited ja lahendused:<\/p>\n<p><img decoding=\"async\" src=\"https:\/\/www.hydraulic-cylinders.net\/wp-content\/uploads\/2025\/01\/songte-bushings-with-all-kinds-of-excavator-models.webp\" alt=\"Pildi t\u00f5rkeotsing\"><\/p>\n<h2>Ettev\u00f5tte \u00fclevaade<\/h2>\n<p>Oleme asendush\u00fcdrauliliste silindrite tootja ja pakume laia tootevalikut. Oleme \u00fcks juhtivaid h\u00fcdrosilindrite tootjaid ja hulgim\u00fc\u00fcjaid nii sise- kui ka rahvusvahelisel turul. Meie t\u00e4iustatud tootmist\u00f6\u00f6kojas j\u00e4rgime suurep\u00e4rase kvaliteedi p\u00f5him\u00f5tteid ja tugineme t\u00f6\u00f6stusliku tootmise juhtimise strateegiatele. Meie ettev\u00f5te t\u00e4iustab pidevalt tootmisplatvormi, t\u00e4iustab tootekvaliteedi tootmisprotsessi ja omab tugevaid loomisv\u00f5imekusi. Meie prioriteediks on t\u00f5husus, t\u00e4psus ja k\u00f5rge kvaliteet, et rahuldada klientide mitmekesiseid vajadusi.<\/p>\n<p><img decoding=\"async\" src=\"https:\/\/www.hydraulic-cylinders.net\/wp-content\/uploads\/2025\/01\/songte-company-3.webp\" alt=\"Ettev\u00f5tte kuvand\"><\/p>\n<p>Alates professionaalsusest, rahvusvahelistest sertifikaatidest, kohandatud teenustest ja tootmisseadmetest kuni m\u00fc\u00fcgij\u00e4rgse teeninduseni \u2013 p\u00fc\u00fcame pakkuda oma klientidele igak\u00fclgset tuge.<\/p>\n<p>Autor: lyl<\/p>","protected":false},"excerpt":{"rendered":"<p>Bucket Cylinder For Lonking Middle Excavator LG6225D Introduction The Bucket Cylinder for Lonking Middle Excavator LG6225D is a specially designed hydraulic cylinder used to control the movement of the bucket in heavy machinery such as excavators, backhoe loaders, and wheel loaders. Its main function is to enable the lifting, lowering, and tilting of the bucket, [&hellip;]<\/p>","protected":false},"featured_media":14787,"comment_status":"open","ping_status":"closed","template":"","meta":{"_et_pb_use_builder":"","_et_pb_old_content":"","_et_gb_content_width":""},"product_brand":[],"product_cat":[1494],"product_tag":[1495,1496],"class_list":{"0":"post-15614","1":"product","2":"type-product","3":"status-publish","4":"has-post-thumbnail","6":"product_cat-bucket-cylinders","7":"product_tag-bucket-cylinders","8":"product_tag-hydraulic-cylinders","10":"first","11":"instock","12":"shipping-taxable","13":"product-type-simple"},"amp_enabled":true,"_links":{"self":[{"href":"https:\/\/www.hydraulic-cylinders.net\/et\/wp-json\/wp\/v2\/product\/15614","targetHints":{"allow":["GET"]}}],"collection":[{"href":"https:\/\/www.hydraulic-cylinders.net\/et\/wp-json\/wp\/v2\/product"}],"about":[{"href":"https:\/\/www.hydraulic-cylinders.net\/et\/wp-json\/wp\/v2\/types\/product"}],"replies":[{"embeddable":true,"href":"https:\/\/www.hydraulic-cylinders.net\/et\/wp-json\/wp\/v2\/comments?post=15614"}],"wp:featuredmedia":[{"embeddable":true,"href":"https:\/\/www.hydraulic-cylinders.net\/et\/wp-json\/wp\/v2\/media\/14787"}],"wp:attachment":[{"href":"https:\/\/www.hydraulic-cylinders.net\/et\/wp-json\/wp\/v2\/media?parent=15614"}],"wp:term":[{"taxonomy":"product_brand","embeddable":true,"href":"https:\/\/www.hydraulic-cylinders.net\/et\/wp-json\/wp\/v2\/product_brand?post=15614"},{"taxonomy":"product_cat","embeddable":true,"href":"https:\/\/www.hydraulic-cylinders.net\/et\/wp-json\/wp\/v2\/product_cat?post=15614"},{"taxonomy":"product_tag","embeddable":true,"href":"https:\/\/www.hydraulic-cylinders.net\/et\/wp-json\/wp\/v2\/product_tag?post=15614"}],"curies":[{"name":"wp","href":"https:\/\/api.w.org\/{rel}","templated":true}]}}