{"id":15616,"date":"2025-01-19T14:45:17","date_gmt":"2025-01-19T14:45:17","guid":{"rendered":"https:\/\/www.hydraulic-cylinders.net\/product\/bucket-cylinder-for-lonking-middle-excavator-lg6235\/"},"modified":"2025-01-19T14:45:19","modified_gmt":"2025-01-19T14:45:19","slug":"bucket-cylinder-for-lonking-middle-excavator-lg6235","status":"publish","type":"product","link":"https:\/\/www.hydraulic-cylinders.net\/et\/toode\/bucket-cylinder-for-lonking-middle-excavator-lg6235\/","title":{"rendered":"Kopa silinder Lonking Middle ekskavaatorile LG6235"},"content":{"rendered":"<h1>Kopa silinder Lonking Middle ekskavaatorile LG6235<\/h1>\n<h2>Sissejuhatus<\/h2>\n<p>Lonkingi keskekskavaatori LG6235 kopa silinder on h\u00fcdrauliline silinder, mis on spetsiaalselt loodud kopa liikumise juhtimiseks rasketes masinates, n\u00e4iteks ekskavaatorites, ekskavaatorites ja esilaadurites. Selle peamine \u00fclesanne on kopa t\u00f5stmine, langetamine ja kallutamine, mis h\u00f5lbustab erinevate materjalide k\u00e4sitsemist. H\u00fcdraulilises s\u00fcsteemis saavutab kopa silinder kopa t\u00e4pse juhtimise h\u00fcdraulika\u00f5li r\u00f5hu muutuste abil, v\u00f5imaldades operaatoritel t\u00f5husalt k\u00e4sitseda raskeid koormaid ning kohaneda keerukate t\u00f6\u00f6keskkondade ja mitmekesiste t\u00f6\u00f6n\u00f5uetega.<\/p>\n<p><img decoding=\"async\" src=\"https:\/\/www.hydraulic-cylinders.net\/wp-content\/uploads\/2025\/01\/songte-company-2.webp\" alt=\"Kopa silinder Lonking Middle ekskavaatorile LG6235\"><\/p>\n<h2>Omadused<\/h2>\n<ul>\n<li>Suur tugevus ja vastupidavus: tavaliselt valmistatud \u00fclitugevast terasest v\u00f5i alumiiniumist, talub k\u00f5rget r\u00f5hku ja suuri koormusi, on kohandatud karmidele t\u00f6\u00f6keskkondadele ning on konstrueeritud kulumiskindlust ja korrosioonikindlust silmas pidades, et pikendada kasutusiga.<\/li>\n<li>T\u00f5hus h\u00fcdrauliline t\u00f6\u00f6: sujuv pikendamine ja tagasit\u00f5mbamine saavutatakse h\u00fcdraulika\u00f5li r\u00f5hu abil, reageerib kiiresti t\u00f6\u00f6k\u00e4skudele, pakub v\u00f5imsat t\u00f5uke- ja t\u00f5mbej\u00f5udu, sobib raskete koormate ja keerukate t\u00f6\u00f6\u00fclesannete k\u00e4sitsemiseks.<\/li>\n<li>Erinevat t\u00fc\u00fcpi: \u00fchetoimelised (h\u00fcdraulikat kasutavad ainult \u00fches suunas) v\u00f5i kahetoimelised (h\u00fcdraulikat kasutavad m\u00f5lemas suunas) h\u00fcdraulilised silindrid saab valida vastavalt vajadustele, et rahuldada erinevaid t\u00f6\u00f6n\u00f5udeid, m\u00f5ned mudelid on teleskoopsed, v\u00f5imaldades suuremat pikendamist ilma v\u00e4lism\u00f5\u00f5tmeid suurendamata, sobivad piiratud ruumiga rakenduste jaoks.<\/li>\n<li>Vahetatav: meie toode saab asendada teisi h\u00fcdrosilindreid.<\/li>\n<\/ul>\n<p><img decoding=\"async\" src=\"https:\/\/www.hydraulic-cylinders.net\/wp-content\/uploads\/2025\/01\/songte-cylinder-head-with-all-kinds-excavator-models.webp\" alt=\"Kopa silinder Lonking Middle ekskavaatorile LG6235\"><\/p>\n<h2>Rakendused<\/h2>\n<p>Kopasilindrit kasutatakse laialdaselt erinevates ehitusseadmetes, n\u00e4iteks:<\/p>\n<ul>\n<li>Ekskavaatorid: kopa silinder aitab pinnast kaevata ja tungida, v\u00f5imaldades kopal pinnasesse tungida.<\/li>\n<li>Laadurid: esilaadurites aitavad need kaupu t\u00f5husalt t\u00f5sta ja kallutada.<\/li>\n<li>Ekskavaator-ekskavaatorid: kopa silinder aitab nii kaeve- kui ka t\u00f5stet\u00f6\u00f6del.<\/li>\n<li>P\u00f5llumajandustehnika: kasutatakse esilaadurites pinnase, heina ja muude materjalide kaevamiseks, t\u00f5stmiseks ja transportimiseks.<\/li>\n<\/ul>\n<h2>Projekteerimiskaalutlused ja valikukriteeriumid<\/h2>\n<p>Kopasilindril peab olema suur kandev\u00f5ime, hea tihendusv\u00f5ime, vastupidavus, ohutus ja hooldatavus. Arvesse tuleks v\u00f5tta j\u00e4rgmisi punkte:<\/p>\n<ul>\n<li>Kandev\u00f5ime: silinder peab vastu pidama k\u00f5rgele r\u00f5hule ja rasketele koormustele.<\/li>\n<li>Tihendusv\u00f5ime: kasutage erinevaid tihendeid, n\u00e4iteks kolvitihendeid ja vardatihendeid, mis on valmistatud kulumiskindlatest materjalidest, n\u00e4iteks pol\u00fcuretaanist ja nitriilkummist.<\/li>\n<li>Vastupidavus: silindri korpus ja keermestatud otsapind tuleks kulumiskindluse parandamiseks peenelt t\u00f6\u00f6delda ning h\u00fcdraulika\u00f5li tuleks m\u00e4\u00e4rimise tagamiseks regulaarselt lisada.<\/li>\n<li>Ohutus: silinder tuleb paigaldamise ajal korralikult joondada ja sobivate kinnitusklambritega kinnitada.<\/li>\n<li>Hooldatavus: silindri kasutusea pikendamiseks tuleks tihendeid regulaarselt kontrollida, m\u00e4\u00e4rida ja vahetada.<\/li>\n<\/ul>\n<p><img decoding=\"async\" src=\"https:\/\/www.hydraulic-cylinders.net\/wp-content\/uploads\/2025\/01\/songte-oil-pipes-and-spare-parts.webp\" alt=\"Kopa silinder Lonking Middle ekskavaatorile LG6235\"><\/p>\n<h2>Tihendus ja m\u00e4\u00e4rimine<\/h2>\n<p>Silindris kasutatakse mitmesuguseid tihendeid, sealhulgas kolvitihendeid ja vardatihendeid, mis on valmistatud kulumiskindlatest materjalidest, nagu pol\u00fcuretaan ja nitriilkummi. Silindri korpus ja keermestatud otsapind on peenelt t\u00f6\u00f6deldud, et parandada kulumiskindlust. N\u00f5uetekohase m\u00e4\u00e4rimise tagamiseks on vaja regulaarselt lisada sobivat kogust h\u00fcdraulika\u00f5li.<\/p>\n<h2>Hooldus ja remont<\/h2>\n<p>Kopasilindri tavalised hooldust\u00f6\u00f6d on regulaarne kontroll, m\u00e4\u00e4rimine, tihendite vahetamine ja kalibreerimine. Silindri \u00f5ige paigaldusjoondus ja sobivate kinnitusklambrite kasutamine on \u00fclioluline. Silindri eluea ja j\u00f5udluse pikendamiseks on esitatud soovitatavad kontrolli-, remondi- ja vahetusprotseduurid.<\/p>\n<p><img decoding=\"async\" src=\"https:\/\/www.hydraulic-cylinders.net\/wp-content\/uploads\/2025\/01\/songte-chushion-collar.webp\" alt=\"Kopa silinder Lonking Middle ekskavaatorile LG6235\"><\/p>\n<h2>Ohutus- ja keskkonnakaalutlused<\/h2>\n<p>Kopasilindri k\u00e4itamisel on olulised ohutusmeetmed, n\u00e4iteks \u00f5ige joondamine paigaldamise ajal ja silindri regulaarne kontroll, tagades operaatori ja keskkonna ohutuse.<\/p>\n<h2>Rikete diagnoosimine ja t\u00f5rkeotsing<\/h2>\n<p>Kopasilindri levinud probleemide hulka kuuluvad \u00f5lileke, ebapiisav r\u00f5hk ja ebanormaalne m\u00fcra. Probleemide diagnoosimiseks ja lahendamiseks pakutakse t\u00f5rkeotsingu n\u00e4pun\u00e4iteid ja lahendusi, samuti ennetavaid meetmeid v\u00f5imalike probleemide minimeerimiseks.<\/p>\n<p><img decoding=\"async\" src=\"https:\/\/www.hydraulic-cylinders.net\/wp-content\/uploads\/2025\/01\/songte-bushings-with-all-kinds-of-excavator-models.webp\" alt=\"Kopa silinder Lonking Middle ekskavaatorile LG6235\"><\/p>\n<h2>Meie ettev\u00f5ttest<\/h2>\n<p>Meie ettev\u00f5te toodab mitmesuguseid h\u00fcdraulilisi silindreid, sealhulgas koppsilindreid erinevatele ekskavaatoritele. Olles \u00fcks juhtivaid h\u00fcdrauliliste silindrite tootjaid ja hulgim\u00fc\u00fcjaid nii sise- kui ka rahvusvahelisel turul, j\u00e4rgime tipptaseme ja peene tootmisjuhtimise p\u00f5him\u00f5tteid, et parandada tootekvaliteeti ja rahuldada klientide mitmekesiseid vajadusi. Meil \u200b\u200bon tugevad tootmisv\u00f5imsused ning j\u00e4rgime suure t\u00f5hususega, suure t\u00e4psusega ja kvaliteetse tootmise filosoofiat.<\/p>\n<ul>\n<li>Professionaalsus: meie ettev\u00f5ttel on tehnilise personali meeskond, kes pakub professionaalseid teenuseid ja lahendusi.<\/li>\n<li>Rahvusvaheline sertifitseerimine: meie tooted on l\u00e4binud rahvusvahelised kvaliteedisertifikaadid, n\u00e4iteks ISO9001 ja CE.<\/li>\n<li>Kohandamisteenused: saame h\u00fcdraulilisi silindreid vastavalt kliendi vajadustele kohandada, et need vastaksid nende erin\u00f5uetele.<\/li>\n<li>Tootmisseadmed: meil on t\u00e4iustatud digitaalsed tootmisseadmed, n\u00e4iteks CNC-treipingid ja freespingid, et tagada k\u00f5rge kvaliteediga toodang.<\/li>\n<li>M\u00fc\u00fcgij\u00e4rgne teenindus: pakume suurep\u00e4rast m\u00fc\u00fcgij\u00e4rgset teenindust, sh varuosi ja remonditeenuseid, et pikendada meie toodete eluiga.<\/li>\n<\/ul>\n<p><img decoding=\"async\" src=\"https:\/\/hzpt.com\/wp-content\/uploads\/2024\/11\/songte-company-1.webp\" alt=\"Kopa silinder Lonking Middle ekskavaatorile LG6235\"><\/p>\n<p>Autor: lyl<\/p>","protected":false},"excerpt":{"rendered":"<p>Bucket Cylinder For Lonking Middle Excavator LG6235 Introduction The bucket cylinder for Lonking middle excavator LG6235 is a hydraulic cylinder specially designed to control the movement of the bucket in heavy machinery such as excavators, backhoe excavators, and front loaders. Its main function is to lift, lower, and tilt the bucket, making it easier to [&hellip;]<\/p>","protected":false},"featured_media":14784,"comment_status":"open","ping_status":"closed","template":"","meta":{"_et_pb_use_builder":"","_et_pb_old_content":"","_et_gb_content_width":""},"product_brand":[],"product_cat":[1494],"product_tag":[1495,1496],"class_list":{"0":"post-15616","1":"product","2":"type-product","3":"status-publish","4":"has-post-thumbnail","6":"product_cat-bucket-cylinders","7":"product_tag-bucket-cylinders","8":"product_tag-hydraulic-cylinders","10":"first","11":"instock","12":"shipping-taxable","13":"product-type-simple"},"amp_enabled":true,"_links":{"self":[{"href":"https:\/\/www.hydraulic-cylinders.net\/et\/wp-json\/wp\/v2\/product\/15616","targetHints":{"allow":["GET"]}}],"collection":[{"href":"https:\/\/www.hydraulic-cylinders.net\/et\/wp-json\/wp\/v2\/product"}],"about":[{"href":"https:\/\/www.hydraulic-cylinders.net\/et\/wp-json\/wp\/v2\/types\/product"}],"replies":[{"embeddable":true,"href":"https:\/\/www.hydraulic-cylinders.net\/et\/wp-json\/wp\/v2\/comments?post=15616"}],"wp:featuredmedia":[{"embeddable":true,"href":"https:\/\/www.hydraulic-cylinders.net\/et\/wp-json\/wp\/v2\/media\/14784"}],"wp:attachment":[{"href":"https:\/\/www.hydraulic-cylinders.net\/et\/wp-json\/wp\/v2\/media?parent=15616"}],"wp:term":[{"taxonomy":"product_brand","embeddable":true,"href":"https:\/\/www.hydraulic-cylinders.net\/et\/wp-json\/wp\/v2\/product_brand?post=15616"},{"taxonomy":"product_cat","embeddable":true,"href":"https:\/\/www.hydraulic-cylinders.net\/et\/wp-json\/wp\/v2\/product_cat?post=15616"},{"taxonomy":"product_tag","embeddable":true,"href":"https:\/\/www.hydraulic-cylinders.net\/et\/wp-json\/wp\/v2\/product_tag?post=15616"}],"curies":[{"name":"wp","href":"https:\/\/api.w.org\/{rel}","templated":true}]}}