{"id":15627,"date":"2025-01-19T14:46:07","date_gmt":"2025-01-19T14:46:07","guid":{"rendered":"https:\/\/www.hydraulic-cylinders.net\/product\/bucket-cylinder-for-liebherr-small-excavator-r906l\/"},"modified":"2025-01-19T14:46:09","modified_gmt":"2025-01-19T14:46:09","slug":"bucket-cylinder-for-liebherr-small-excavator-r906l","status":"publish","type":"product","link":"https:\/\/www.hydraulic-cylinders.net\/et\/toode\/bucket-cylinder-for-liebherr-small-excavator-r906l\/","title":{"rendered":"Liebherr v\u00e4ikeekskavaatori R906L kopa silinder"},"content":{"rendered":"<h1>Liebherr v\u00e4ikeekskavaatori R906L kopa silinder<\/h1>\n<h2>Sissejuhatus<\/h2>\n<p>Kopa silinder, tuntud ka kui h\u00fcdrauliline silinder, on spetsiaalselt loodud kopa liikumise juhtimiseks rasketes masinates, n\u00e4iteks ekskavaatorites, laadur-ekskavaatorites ja esilaadurites. Selle peamine \u00fclesanne on v\u00f5imaldada kopa t\u00f5stmist, langetamist ja kallutamist, muutes mitmesuguste materjalik\u00e4itlust\u00f6\u00f6de tegemise lihtsamaks. H\u00fcdraulilises s\u00fcsteemis kasutab kopa silinder h\u00fcdraulika\u00f5li r\u00f5humuutust, et saavutada kopa t\u00e4pne juhtimine, mis v\u00f5imaldab operaatoritel t\u00f5husalt k\u00e4sitseda raskeid koormaid ning kohaneda keerukate t\u00f6\u00f6keskkondade ja mitmekesiste t\u00f6\u00f6n\u00f5uetega.<\/p>\n<p><img decoding=\"async\" src=\"https:\/\/www.hydraulic-cylinders.net\/wp-content\/uploads\/2025\/01\/songte-company-2.webp\" alt=\"\u00c4mbri silindri pilt\"><\/p>\n<h2>Omadused<\/h2>\n<ul>\n<li>Suur tugevus ja vastupidavus: Tavaliselt valmistatud \u00fclitugevast terasest v\u00f5i alumiiniumist, see talub k\u00f5rget r\u00f5hku ja suuri koormusi, kohaneb karmide t\u00f6\u00f6keskkondadega ning disaini kaalutlused h\u00f5lmavad kulumiskindlust ja korrosioonikindlust, et pikendada kasutusiga.<\/li>\n<li>T\u00f5hus h\u00fcdrauliline t\u00f6\u00f6: Kasutades h\u00fcdraulika\u00f5li r\u00f5hku sujuva pikenemise ja kokkut\u00f5mbumise saavutamiseks, reageerib see kiiresti juhtimisk\u00e4sklustele, pakub v\u00f5imsat t\u00f5uke- ja t\u00f5mbej\u00f5udu ning sobib raskete koormate ja keerukate t\u00f6\u00f6\u00fclesannete k\u00e4sitsemiseks.<\/li>\n<li>Erinevad t\u00fc\u00fcbid: Vajadusel saab valida \u00fchetoimelisi (h\u00fcdrauliliselt ainult \u00fches suunas) v\u00f5i kahetoimelisi (h\u00fcdrauliliselt kahes suunas) silindreid, et rahuldada erinevaid t\u00f6\u00f6n\u00f5udeid. M\u00f5ned mudelid on teleskoopilised, mis v\u00f5imaldavad suuremat pikendamist ilma v\u00e4lism\u00f5\u00f5tmeid suurendamata, ja sobivad piiratud ruumiga rakenduste jaoks.<\/li>\n<li>Asendamine: Meie tooted suudavad neid h\u00fcdrosilindreid ideaalselt asendada.<\/li>\n<\/ul>\n<p><img decoding=\"async\" src=\"https:\/\/www.hydraulic-cylinders.net\/wp-content\/uploads\/2025\/01\/songte-cylinder-head-with-all-kinds-excavator-models.webp\" alt=\"\u00c4mbri silindri pilt\"><\/p>\n<h2>Rakendused<\/h2>\n<p>Kopp-silindreid kasutatakse laialdaselt erinevates t\u00f6\u00f6stusharudes, sealhulgas:<\/p>\n<ul>\n<li>Ehitusmasinad: Ekskavaatorites on need kriitilise t\u00e4htsusega kaevamisel, laadimisel ja pinnase v\u00f5i prahi teisaldamisel. Ekskavaator-laadurites aitab kopa silinder nii kaevamisel kui ka t\u00f5stmisel. <\/li>\n<li>P\u00f5llumajandusmasinad: Kasutatakse esilaadurites mulla, heina ja muude materjalide k\u00fchveldamiseks, t\u00f5stmiseks ja transportimiseks. <\/li>\n<li>Ekskavaatorid: Kopa silinder v\u00f5imaldab kaevamist, lastes kopal pinnasesse tungida. <\/li>\n<li>Laadurid: Esilaadurites aitavad need lasti t\u00f5husalt t\u00f5sta ja maha laadida.<\/li>\n<\/ul>\n<p>Vaatleme m\u00f5nda neist rakendustest \u00fcksikasjalikumalt:<\/p>\n<h3>Ehitustehnika<\/h3>\n<p>Kopasilindrid liigutavad ekskavaatori poomi, koppa ja k\u00e4ppa, v\u00f5imaldades lisaseadme t\u00e4pset liikumist. Need v\u00f5imaldavad ekskavaatoril s\u00fcgavamale kaevata, rohkem laadida ja kiiremini liikuda kui teiste meetodite puhul, muutes selle paljude ehitusprojektide jaoks eelistatud masinaks.<\/p>\n<h3>P\u00f5llumajandustehnika<\/h3>\n<p>Kopasilindrid on kasutusel mitmesugustes p\u00f5llumajandustehnikates, alates traktoritest kuni kombainideni. Kuna kopasilindrid suudavad materjale k\u00fchveldada, t\u00f5sta ja kanda, on need h\u00e4davajalikud selliste \u00fclesannete jaoks nagu heinapallide laadimine ja mahalaadimine ning mulla teisaldamine.<\/p>\n<h2>Projekteerimiskaalutlused ja valikukriteeriumid<\/h2>\n<p>Silindrite projekteerimisel ja valimisel v\u00f5etakse arvesse mitmeid tegureid:<\/p>\n<ul>\n<li>Kandev\u00f5ime: H\u00fcdrauliline silinder peab suutma kanda masina ja sellega k\u00e4ideldavate materjalide koormust ning j\u00e4\u00e4ma t\u00f6\u00f6tamise ajal stabiilseks.<\/li>\n<li>Tihendus: H\u00fcdrauliline silinder peab olema korralikult tihendatud, et v\u00e4ltida lekkeid ja tagada sujuv t\u00f6\u00f6. Kasutatakse mitmesuguseid tihendeid, sealhulgas kolvitihendeid, vardatihendeid ja klaasipuhasti tihendeid.<\/li>\n<li>Vastupidavus: H\u00fcdrauliline silinder peab olema valmistatud materjalidest, mis taluvad rasket kasutamist ja karme keskkondi. Kasutatavate materjalide hulka kuuluvad karastatud teras, alumiiniumisulamid ja k\u00f5rgj\u00f5udlusega pol\u00fcmeerid.<\/li>\n<li>Ohutus: H\u00fcdrauliline silinder peab olema konstrueeritud ohutust silmas pidades, sisaldades selliseid funktsioone nagu r\u00f5huvabastusventiilid ja rikke korral ohutud mehhanismid, et v\u00e4ltida \u00f5nnetusi ja minimeerida kahjustusi rikke korral.<\/li>\n<li>Hooldatavus: H\u00fcdrauliline silinder peab olema konstrueeritud h\u00f5lpsaks hoolduseks ja remondiks, ligip\u00e4\u00e4setavate komponentide ja selgete hooldusjuhistega.<\/li>\n<\/ul>\n<p><img decoding=\"async\" src=\"https:\/\/www.hydraulic-cylinders.net\/wp-content\/uploads\/2025\/01\/songte-oil-pipes-and-spare-parts.webp\" alt=\"\u00c4mbri silindri pilt\"><\/p>\n<h2>Tihendus ja m\u00e4\u00e4rimine<\/h2>\n<p>Kopasilindrid vajavad sujuva ja t\u00f5husa t\u00f6\u00f6 tagamiseks korralikku tihendust ja m\u00e4\u00e4rimist. Kasutatakse mitmesuguseid tihendeid, sealhulgas pol\u00fcuretaanist, nitriilkummist ja muudest kulumiskindlatest materjalidest. Silindri korpus ja keermeotsa pind on kulumiskindluse parandamiseks peenelt t\u00f6\u00f6deldud ning n\u00f5uetekohase toimimise s\u00e4ilitamiseks on vajalik regulaarne m\u00e4\u00e4rimine h\u00fcdraulika\u00f5liga.<\/p>\n<h2>Hooldus ja remont<\/h2>\n<p>H\u00fcdrauliliste silindrite pikaealisuse ja j\u00f5udluse tagamiseks on \u00fclioluline \u00f5ige hooldus ja remont. M\u00f5ned levinumad hooldust\u00f6\u00f6d on j\u00e4rgmised:<\/p>\n<ul>\n<li>Silindri ja selle komponentide regulaarne kontroll kulumis- v\u00f5i kahjustuste suhtes.<\/li>\n<li>Sobiv m\u00e4\u00e4rimine \u00f5iget t\u00fc\u00fcpi ja koguse h\u00fcdraulika\u00f5liga.<\/li>\n<li>Vajadusel tihendite ja muude komponentide regulaarne vahetamine.<\/li>\n<\/ul>\n<p>Samuti on \u00fclioluline korrektne paigaldamine, \u00f5ige joondamine ja sobivate kinnitusklambrite kasutamine silindri paigale kinnitamiseks. Kahjustuse v\u00f5i rikke korral v\u00f5ib olla vajalik remont v\u00f5i asendamine. Optimaalse j\u00f5udluse tagamiseks on soovitatav j\u00e4rgida \u00f5igeid protseduure ja kasutada originaalvaruosi.<\/p>\n<p><img decoding=\"async\" src=\"https:\/\/www.hydraulic-cylinders.net\/wp-content\/uploads\/2025\/01\/songte-chushion-collar.webp\" alt=\"\u00c4mbri silindri pilt\"><\/p>\n<h2>Ohutus- ja keskkonnakaalutlused<\/h2>\n<p>Kopasilindrid v\u00f5ivad olla ohtlikud, kui neid ei kasutata \u00f5igesti, ja \u00f5nnetuste v\u00e4ltimiseks tuleks v\u00f5tta ohutusmeetmeid. See h\u00f5lmab operaatorite n\u00f5uetekohast v\u00e4lja\u00f5pet, seadmete regulaarset kontrolli ja ohutusfunktsioonide, n\u00e4iteks \u00fcler\u00f5huventiilide kasutamist. Lisaks tuleks arvestada keskkonnateguritega, k\u00f5rvaldades h\u00fcdraulika\u00f5li ja muud materjalid asjakohaselt, et v\u00e4ltida reostust ja minimeerida keskkonnam\u00f5ju.<\/p>\n<p><img decoding=\"async\" src=\"https:\/\/www.hydraulic-cylinders.net\/wp-content\/uploads\/2025\/01\/songte-bushings-with-all-kinds-of-excavator-models.webp\" alt=\"\u00c4mbri silindri pilt\"><\/p>\n<h2>Veaotsing ja levinud probleemid<\/h2>\n<p>M\u00f5ned kopasilindritega seotud levinud probleemid on lekked, v\u00e4henenud j\u00f5udlus ning suutmatus neid v\u00e4lja v\u00f5i sisse t\u00f5mmata. Neid probleeme saab sageli lahendada korraliku hoolduse ja remondiga, n\u00e4iteks tihendite v\u00f5i muude komponentide vahetamise v\u00f5i h\u00fcdraulilise r\u00f5hu reguleerimisega. Kui probleemid p\u00fcsivad v\u00f5i kui on kahtlusi edasise tegutsemise osas, on soovitatav konsulteerida spetsialistiga.<\/p>\n<h2>Meie ettev\u00f5ttest<\/h2>\n<p><img decoding=\"async\" src=\"https:\/\/hzpt.com\/wp-content\/uploads\/2024\/11\/songte-company-1.webp\" alt=\"\u00c4mbri silindri pilt\"><\/p>\n<p>Oleme asendush\u00fcdrauliliste silindrite tootja, mille lai tootevalik teeb meist \u00fche juhtiva h\u00fcdrauliliste silindrite tootja ja hulgim\u00fc\u00fcja nii sise- kui ka rahvusvahelistel turgudel. J\u00e4rgime suurep\u00e4rase kvaliteedi p\u00f5him\u00f5tteid ja toetume keeruka tootmist\u00f6\u00f6koja t\u00f6\u00f6stusliku tootmise juhtimise strateegiale, et pidevalt t\u00e4iustada t\u00f6\u00f6koja tootmisplatvormi, parandada toodete kvaliteeti tootmisliinil ja olla tugeva loovusega. Vastame oma klientide mitmekesistele vajadustele suure efektiivsuse, t\u00e4psuse ja kvaliteediga. <\/p>\n<p>Pakume mitmesuguseid teenuseid, sealhulgas eritellimusel disaini, rahvusvahelist sertifitseerimist ja m\u00fc\u00fcgij\u00e4rgset tuge. Kasutame tipptasemel tootmisseadmeid ja palkame oskuslikke tehnikuid, et tagada meie toodete vastavus k\u00f5rgeimatele kvaliteedi- ja vastupidavusstandarditele. Pakume ka hooldus-, remondi- ja \u00fcmberehitusteenuseid, et aidata pikendada meie toodete eluiga ja hoida neid tipptasemel t\u00f6\u00f6korras.<\/p>\n<p><img decoding=\"async\" src=\"https:\/\/www.hydraulic-cylinders.net\/wp-content\/uploads\/2025\/01\/songte-company-3.webp\" alt=\"\u00c4mbri silindri pilt\"><\/p>\n<p>Autor: lyl.<\/p>","protected":false},"excerpt":{"rendered":"<p>Bucket Cylinder For Liebherr Small Excavator R906L Introduction A bucket cylinder, also known as a hydraulic cylinder, is specifically designed to control the movement of the bucket in heavy machinery such as excavators, backhoe loaders, and front-end loaders. Its primary function is to enable the bucket to lift, lower, and tilt, making it easier to [&hellip;]<\/p>","protected":false},"featured_media":14789,"comment_status":"open","ping_status":"closed","template":"","meta":{"_et_pb_use_builder":"","_et_pb_old_content":"","_et_gb_content_width":""},"product_brand":[],"product_cat":[1494],"product_tag":[1495,1496],"class_list":{"0":"post-15627","1":"product","2":"type-product","3":"status-publish","4":"has-post-thumbnail","6":"product_cat-bucket-cylinders","7":"product_tag-bucket-cylinders","8":"product_tag-hydraulic-cylinders","10":"first","11":"instock","12":"shipping-taxable","13":"product-type-simple"},"amp_enabled":true,"_links":{"self":[{"href":"https:\/\/www.hydraulic-cylinders.net\/et\/wp-json\/wp\/v2\/product\/15627","targetHints":{"allow":["GET"]}}],"collection":[{"href":"https:\/\/www.hydraulic-cylinders.net\/et\/wp-json\/wp\/v2\/product"}],"about":[{"href":"https:\/\/www.hydraulic-cylinders.net\/et\/wp-json\/wp\/v2\/types\/product"}],"replies":[{"embeddable":true,"href":"https:\/\/www.hydraulic-cylinders.net\/et\/wp-json\/wp\/v2\/comments?post=15627"}],"wp:featuredmedia":[{"embeddable":true,"href":"https:\/\/www.hydraulic-cylinders.net\/et\/wp-json\/wp\/v2\/media\/14789"}],"wp:attachment":[{"href":"https:\/\/www.hydraulic-cylinders.net\/et\/wp-json\/wp\/v2\/media?parent=15627"}],"wp:term":[{"taxonomy":"product_brand","embeddable":true,"href":"https:\/\/www.hydraulic-cylinders.net\/et\/wp-json\/wp\/v2\/product_brand?post=15627"},{"taxonomy":"product_cat","embeddable":true,"href":"https:\/\/www.hydraulic-cylinders.net\/et\/wp-json\/wp\/v2\/product_cat?post=15627"},{"taxonomy":"product_tag","embeddable":true,"href":"https:\/\/www.hydraulic-cylinders.net\/et\/wp-json\/wp\/v2\/product_tag?post=15627"}],"curies":[{"name":"wp","href":"https:\/\/api.w.org\/{rel}","templated":true}]}}