{"id":15629,"date":"2025-01-19T14:46:15","date_gmt":"2025-01-19T14:46:15","guid":{"rendered":"https:\/\/www.hydraulic-cylinders.net\/product\/bucket-cylinder-for-liebherr-middle-excavator-r924\/"},"modified":"2025-01-19T14:46:17","modified_gmt":"2025-01-19T14:46:17","slug":"bucket-cylinder-for-liebherr-middle-excavator-r924","status":"publish","type":"product","link":"https:\/\/www.hydraulic-cylinders.net\/et\/toode\/bucket-cylinder-for-liebherr-middle-excavator-r924\/","title":{"rendered":"Liebherr keskmise ekskavaatori R924 kopa silinder"},"content":{"rendered":"<h1>Liebherr keskmise ekskavaatori R924 kopa silinder<\/h1>\n<h2>Sissejuhatus<\/h2>\n<p>The Bucket Cylinder for Liebherr Middle Excavator R924 is a specialized hydraulic cylinder designed to control the movement of buckets in heavy machinery such as excavators, backhoe excavators, and front-end loaders. Its main function is to lift, lower, and tilt the bucket, making it easier to handle various material handling tasks. In the hydraulic system, the bucket cylinder achieves precise control of the bucket&#8217;s movement through changes in hydraulic oil pressure, enabling operators to efficiently handle heavy loads and adapt to complex work environments and diverse operational requirements.<\/p>\n<p><img decoding=\"async\" src=\"https:\/\/www.hydraulic-cylinders.net\/wp-content\/uploads\/2025\/01\/songte-company-2.webp\" alt=\"\u00c4mbri silindri pilt\"><\/p>\n<h2>Omadused<\/h2>\n<ul>\n<li>Suur tugevus ja vastupidavus: Tavaliselt valmistatud \u00fclitugevast terasest v\u00f5i alumiiniumist, talub see k\u00f5rget r\u00f5hku ja suuri koormusi, kohandudes karmi t\u00f6\u00f6keskkonnaga. Selle disain arvestab kulumiskindluse ja korrosioonikindlusega, mis pikendab selle kasutusiga.<\/li>\n<li>T\u00f5hus h\u00fcdrauliline t\u00f6\u00f6: Sujuv paisumine ja kokkut\u00f5mbumine saavutatakse h\u00fcdraulilise \u00f5lir\u00f5hu abil, mis pakub v\u00f5imsaid t\u00f5uke- ja t\u00f5mbej\u00f5ude ning reageerib k\u00e4sklustele kiiresti, muutes selle sobivaks raskete koormate ja keerukate t\u00f6\u00f6\u00fclesannete k\u00e4sitsemiseks.<\/li>\n<li>Erinevad t\u00fc\u00fcbid: vastavalt t\u00f6\u00f6vajadustele saab valida \u00fchetoimelisi (h\u00fcdrauliliselt ainult \u00fches suunas) v\u00f5i kahetoimelisi (h\u00fcdrauliliselt m\u00f5lemas suunas) silindreid. M\u00f5ned mudelid on teleskoopilised, mis v\u00f5imaldab suuremat pikendamist ilma v\u00e4lism\u00f5\u00f5tmeid suurendamata, sobides ruumipiirangutega rakenduste jaoks.<\/li>\n<li>Otsene asendamine: Meie toode saab need h\u00fcdrosilindrid ideaalselt asendada.<\/li>\n<\/ul>\n<p><img decoding=\"async\" src=\"https:\/\/www.hydraulic-cylinders.net\/wp-content\/uploads\/2025\/01\/songte-cylinder-head-with-all-kinds-excavator-models.webp\" alt=\"\u00c4mbri silindri asendamise pilt\"><\/p>\n<h2>Rakendused<\/h2>\n<p>Liebherr Middle Excavator R924 kopasilindrit kasutatakse tavaliselt j\u00e4rgmistes rakendustes:<\/p>\n<h3>Ehitustehnika<\/h3>\n<p>Ekskavaatorites on need olulised kaevamiseks, laadimiseks ja pinnase v\u00f5i prahi teisaldamiseks. Ekskavaatoritel aitab kopa silinder nii kaevamisel kui ka t\u00f5stmisel. Esilaadurite puhul aitavad need kaupu t\u00f5husalt t\u00f5sta ja kallutada.<\/p>\n<h3>P\u00f5llumajandustehnika<\/h3>\n<p>Esilaadurites kasutatavaid masinaid kasutatakse pinnase, heina ja muude materjalide kopeerimiseks, t\u00f5stmiseks ja transportimiseks. Ekskavaatorites v\u00f5imaldab kopa silinder kaevamist\u00f6id, lastes kopal pinnasesse tungida.<\/p>\n<h3>Muud t\u00f6\u00f6stuslikud rakendused<\/h3>\n<p>Kopasilindrid on kasulikud igas rakenduses, mis n\u00f5uab raskete materjalide teisaldamist. Neid kasutatakse tavaliselt metsanduses, kaevanduses ja j\u00e4\u00e4tmek\u00e4itluses.<\/p>\n<h2>Projekteerimiskaalutlused ja valikukriteeriumid<\/h2>\n<p>Liebherr Middle Excavator R924 kopa silinder on konstrueeritud j\u00e4rgmisi kaalutlusi arvestades:<\/p>\n<h3>Kandev\u00f5ime<\/h3>\n<p>Silinder peab suutma kanda koormust, mida see on ette n\u00e4htud t\u00f5stma ja liigutama.<\/p>\n<h3>Tihendus<\/h3>\n<p>Silinder peab olema h\u00e4sti tihendatud, et v\u00e4ltida lekkeid ja tagada sujuv t\u00f6\u00f6. Kolvitihendid, vardatihendid ja muud tihendid peavad olema valmistatud kulumiskindlatest materjalidest, et tagada pikk kasutusiga.<\/p>\n<h3>Vastupidavus<\/h3>\n<p>Silinder peab olema konstrueeritud vastu pidama karmidele t\u00f6\u00f6tingimustele ning olema kulumis- ja korrosioonikindel.<\/p>\n<h3>Ohutus<\/h3>\n<p>Kopasilindrid tuleb konstrueerida ohutust silmas pidades, et v\u00e4ltida \u00f5nnetusi v\u00f5i vigastusi. Ohutu t\u00f6\u00f6 tagamiseks saab konstruktsiooni lisada ohutusfunktsioone, n\u00e4iteks r\u00f5hualandusventiilid ja piirl\u00fclitid.<\/p>\n<h3>Hooldatavus<\/h3>\n<p>Ballooni peab olema v\u00f5imalik h\u00f5lpsalt hooldada ja parandada. Komponendid peaksid olema kontrollimiseks ja vajadusel vahetamiseks kergesti ligip\u00e4\u00e4setavad.<\/p>\n<p><img decoding=\"async\" src=\"https:\/\/www.hydraulic-cylinders.net\/wp-content\/uploads\/2025\/01\/songte-oil-pipes-and-spare-parts.webp\" alt=\"Kopasilindri varuosade pilt\"><\/p>\n<h2>Tihendus ja m\u00e4\u00e4rimine<\/h2>\n<p>The Bucket Cylinder for Liebherr Middle Excavator R924 uses a variety of sealing components such as piston seals, rod seals, and wear rings. These components are made of materials such as polyurethane and nitrile rubber to ensure wear resistance and durability. The cylinder&#8217;s body and threaded end surfaces are finely processed to improve wear resistance. Regular maintenance of the cylinder requires the addition of appropriate amounts of hydraulic oil to ensure proper lubrication.<\/p>\n<h2>Hooldus ja remont<\/h2>\n<p>J\u00e4rgmisi hooldust\u00f6id tuleks regulaarselt teha:<\/p>\n<ul>\n<li>Regulaarsed kontrollid<\/li>\n<li>\u00d5ige m\u00e4\u00e4rimine<\/li>\n<li>Tihendi vahetamine<\/li>\n<li>Kalibreerimiskontrollid<\/li>\n<\/ul>\n<p>Liebherr Middle Excavator R924 kopasilindri pikaealisuse tagamiseks on oluline selle \u00f5ige paigaldamine, m\u00e4\u00e4rimine ja reguleerimine. Silindri \u00f5ige joondamine on paigaldamise ajal kriitilise t\u00e4htsusega ja silindri kinnitamiseks tuleks kasutada sobivaid paigaldusklambreid. Silindri eluea pikendamiseks on soovitatav l\u00e4bi viia kontrolli-, remondi- ja vahetusprotseduurid.<\/p>\n<p><img decoding=\"async\" src=\"https:\/\/www.hydraulic-cylinders.net\/wp-content\/uploads\/2025\/01\/songte-chushion-collar.webp\" alt=\"\u00c4mbri silindri krae pilt\"><\/p>\n<h2>Ohutus- ja keskkonnakaalutlused<\/h2>\n<p>Liebherr Middle Excavator R924 kopasilindrite kasutamisel on ohutusmeetmed kriitilise t\u00e4htsusega. Operaatorid peavad raskete masinate k\u00e4sitsemisel j\u00e4rgima n\u00f5uetekohaseid ohutusprotseduure, sealhulgas kandma kaitsevarustust ja j\u00e4rgima n\u00f5uetekohaseid t\u00f6\u00f6protseduure. Kopasilindrite kasutamisel tuleb arvestada ka keskkonnaga. Keskkonnakahju minimeerimiseks tuleb j\u00e4rgida n\u00f5uetekohast j\u00e4\u00e4tmek\u00e4itlust ja keskkonnaeeskirju.<\/p>\n<h2>Vea diagnoosimine ja levinud probleemid<\/h2>\n<p>The Bucket Cylinder for Liebherr Middle Excavator R924 may experience a variety of issues over time. Common problems include leaks, difficulty moving the bucket, and a lack of response to control inputs. These problems can be diagnosed by inspection and testing of the cylinder&#8217;s components. <\/p>\n<h2>Meist<\/h2>\n<p>Oleme juhtiv h\u00fcdrauliliste silindrite tootja ja hulgim\u00fc\u00fcja nii sise- kui ka rahvusvahelisel turul, spetsialiseerudes asendush\u00fcdrauliliste silindrite tootmisele. Meie tooted on valmistatud suurep\u00e4rase kvaliteediga ja tuginevad industrialiseeritud tootmisjuhtimise strateegiale peenelt kujundatud t\u00f6\u00f6kodades. Meie ettev\u00f5te t\u00e4iustab pidevalt oma t\u00f6\u00f6koja tootmisplatvormi, parandab tootekvaliteedi tootmisprotsessi ja omab tugevat loomingulist v\u00f5imekust. Meie ettev\u00f5te on p\u00fchendunud oma klientide mitmekesiste vajaduste rahuldamisele suure efektiivsuse, suure t\u00e4psuse ja k\u00f5rgete kvaliteedip\u00f5him\u00f5tete abil.<\/p>\n<p><img decoding=\"async\" src=\"https:\/\/hzpt.com\/wp-content\/uploads\/2024\/11\/songte-company-1.webp\" alt=\"Ettev\u00f5tte kuvand\"><\/p>\n<h3>Professionaalsus<\/h3>\n<p>Meie ettev\u00f5ttes on professionaalide meeskond, kes on p\u00fchendunud klientidele kvaliteetsete toodete ja teenuste pakkumisele.<\/p>\n<h3>Rahvusvaheline sertifitseerimine<\/h3>\n<p>Meie tooted on l\u00e4binud mitmesuguseid rahvusvahelisi sertifikaate ja vastavad paljudele t\u00f6\u00f6stusstandarditele.<\/p>\n<h3>Kohandamise teenused<\/h3>\n<p>Saame pakkuda kohandatud teenuseid vastavalt kliendi vajadustele.<\/p>\n<h3>Tootmisseadmed<\/h3>\n<p>Meie ettev\u00f5ttel on t\u00e4iustatud tootmisseadmed, et tagada toote kvaliteet ja tootmise efektiivsus.<\/p>\n<h3>M\u00fc\u00fcgij\u00e4rgne teenindus<\/h3>\n<p>Pakume m\u00fc\u00fcgij\u00e4rgset teenindust, et tagada klientide rahulolu.<\/p>\n<p><img decoding=\"async\" src=\"https:\/\/www.hydraulic-cylinders.net\/wp-content\/uploads\/2025\/01\/songte-company-3.webp\" alt=\"Ettev\u00f5tte kuvand\"><\/p>\n<p>Autor: lyl<\/p>","protected":false},"excerpt":{"rendered":"<p>Bucket Cylinder For Liebherr Middle Excavator R924 Introduction The Bucket Cylinder for Liebherr Middle Excavator R924 is a specialized hydraulic cylinder designed to control the movement of buckets in heavy machinery such as excavators, backhoe excavators, and front-end loaders. Its main function is to lift, lower, and tilt the bucket, making it easier to handle [&hellip;]<\/p>","protected":false},"featured_media":14787,"comment_status":"open","ping_status":"closed","template":"","meta":{"_et_pb_use_builder":"","_et_pb_old_content":"","_et_gb_content_width":""},"product_brand":[],"product_cat":[1494],"product_tag":[1495,1496],"class_list":{"0":"post-15629","1":"product","2":"type-product","3":"status-publish","4":"has-post-thumbnail","6":"product_cat-bucket-cylinders","7":"product_tag-bucket-cylinders","8":"product_tag-hydraulic-cylinders","10":"first","11":"instock","12":"shipping-taxable","13":"product-type-simple"},"amp_enabled":true,"_links":{"self":[{"href":"https:\/\/www.hydraulic-cylinders.net\/et\/wp-json\/wp\/v2\/product\/15629","targetHints":{"allow":["GET"]}}],"collection":[{"href":"https:\/\/www.hydraulic-cylinders.net\/et\/wp-json\/wp\/v2\/product"}],"about":[{"href":"https:\/\/www.hydraulic-cylinders.net\/et\/wp-json\/wp\/v2\/types\/product"}],"replies":[{"embeddable":true,"href":"https:\/\/www.hydraulic-cylinders.net\/et\/wp-json\/wp\/v2\/comments?post=15629"}],"wp:featuredmedia":[{"embeddable":true,"href":"https:\/\/www.hydraulic-cylinders.net\/et\/wp-json\/wp\/v2\/media\/14787"}],"wp:attachment":[{"href":"https:\/\/www.hydraulic-cylinders.net\/et\/wp-json\/wp\/v2\/media?parent=15629"}],"wp:term":[{"taxonomy":"product_brand","embeddable":true,"href":"https:\/\/www.hydraulic-cylinders.net\/et\/wp-json\/wp\/v2\/product_brand?post=15629"},{"taxonomy":"product_cat","embeddable":true,"href":"https:\/\/www.hydraulic-cylinders.net\/et\/wp-json\/wp\/v2\/product_cat?post=15629"},{"taxonomy":"product_tag","embeddable":true,"href":"https:\/\/www.hydraulic-cylinders.net\/et\/wp-json\/wp\/v2\/product_tag?post=15629"}],"curies":[{"name":"wp","href":"https:\/\/api.w.org\/{rel}","templated":true}]}}