{"id":15639,"date":"2025-01-19T14:46:54","date_gmt":"2025-01-19T14:46:54","guid":{"rendered":"https:\/\/www.hydraulic-cylinders.net\/product\/bucket-cylinder-for-liebherr-large-excavator-r944cs\/"},"modified":"2025-01-19T14:47:02","modified_gmt":"2025-01-19T14:47:02","slug":"bucket-cylinder-for-liebherr-large-excavator-r944cs","status":"publish","type":"product","link":"https:\/\/www.hydraulic-cylinders.net\/et\/toode\/bucket-cylinder-for-liebherr-large-excavator-r944cs\/","title":{"rendered":"Kopa silinder Liebherr suure ekskavaatori R944CS jaoks"},"content":{"rendered":"<p><!DOCTYPE html><br \/>\n<html><br \/>\n<head><br \/>\n<title>Kopa silinder Liebherr suure ekskavaatori R944CS jaoks<\/title><br \/>\n<\/head><br \/>\n<body><\/p>\n<h1>Kopa silinder Liebherr suure ekskavaatori R944CS jaoks<\/h1>\n<p><img decoding=\"async\" src=\"https:\/\/www.hydraulic-cylinders.net\/wp-content\/uploads\/2025\/01\/songte-company-2.webp\" alt=\"\u00c4mbri silindri pilt\"><\/p>\n<h2>Sissejuhatus<\/h2>\n<p>Liebherri suure ekskavaatori R944CS kopa silinder on spetsiaalselt loodud h\u00fcdrauliline silinder, mida kasutatakse kopa liikumise juhtimiseks rasketes masinates, n\u00e4iteks ekskavaatorites, laadur-ekskavaatorites ja esilaadurites. Selle peamine \u00fclesanne on v\u00f5imaldada kopa t\u00f5stmist, langetamist ja kallutamist, mist\u00f5ttu sobib see mitmesugusteks materjalik\u00e4itlust\u00f6\u00f6deks. H\u00fcdraulikas\u00fcsteemis saavutab kopa silinder kopa t\u00e4pse juhtimise h\u00fcdraulika\u00f5li r\u00f5hu muutmise abil, v\u00f5imaldades operaatoritel t\u00f5husalt k\u00e4sitseda raskeid koormaid ning kohaneda keerukate t\u00f6\u00f6keskkondade ja mitmekesiste t\u00f6\u00f6n\u00f5uetega.<\/p>\n<h3>Peamised omadused<\/h3>\n<ul>\n<li>Suur tugevus ja vastupidavus: Tavaliselt valmistatud \u00fclitugevast terasest v\u00f5i alumiiniumist, see talub k\u00f5rget r\u00f5hku ja suuri koormusi, kohaneb karmide t\u00f6\u00f6keskkondadega ning on konstrueeritud kulumiskindlust ja korrosioonikindlust silmas pidades, et pikendada selle eluiga.<\/li>\n<li>T\u00f5hus h\u00fcdrauliline t\u00f6\u00f6: H\u00fcdraulika\u00f5li r\u00f5hku kasutades saavutab see sujuvad pikendus- ja tagasit\u00f5mbamisliigutused, reageerib kiiresti juhtimisk\u00e4sklustele, pakub v\u00f5imsat t\u00f5uke- v\u00f5i t\u00f5mbej\u00f5udu ning sobib raskete koormate ja keerukate t\u00f6\u00f6\u00fclesannete k\u00e4sitsemiseks.<\/li>\n<li>Erinevad t\u00fc\u00fcbid: Saadaval \u00fchetoimeliste (h\u00fcdraulilist s\u00fcsteemi kasutatakse ainult \u00fches suunas) v\u00f5i kahetoimeliste (h\u00fcdraulilist s\u00fcsteemi kasutatakse m\u00f5lemas suunas) silindritega, et rahuldada erinevaid t\u00f6\u00f6vajadusi. M\u00f5ned mudelid on teleskoopilised, mis v\u00f5imaldab suuremat pikendamist ilma v\u00e4lism\u00f5\u00f5tmeid suurendamata, mist\u00f5ttu need sobivad piiratud ruumiga rakenduste jaoks.<\/li>\n<li>T\u00e4iuslik asendus: Meie toode suudab ideaalselt asendada olemasolevaid h\u00fcdrosilindreid. <\/li>\n<\/ul>\n<p><img decoding=\"async\" src=\"https:\/\/www.hydraulic-cylinders.net\/wp-content\/uploads\/2025\/01\/songte-cylinder-head-with-all-kinds-excavator-models.webp\" alt=\"\u00c4mbri silindri asendamise pilt\"><\/p>\n<h2>Rakendused<\/h2>\n<ul>\n<li>Ehitustehnika: Neid leidub ekskavaatorites ning need on olulised kaevamisel, laadimisel ja pinnase v\u00f5i prahi teisaldamisel. Ekskavaatorlaadurites aitab kopa silinder nii kaevamisel kui ka t\u00f5stmisel.<\/li>\n<li>P\u00f5llumajandusmasinad: Kasutatakse esilaadurites mulla, heina ja muude materjalide k\u00fchveldamiseks, t\u00f5stmiseks ja transportimiseks.<\/li>\n<li>Ekskavaatorid: Kopa silinder v\u00f5imaldab kaevamist, lastes kopal pinnasesse tungida.<\/li>\n<li>Laadurid: Esilaadurites aitavad need kaupu t\u00f5husalt t\u00f5sta ja maha laadida.<\/li>\n<\/ul>\n<h2>Projekteerimiskaalutlused ja valikukriteeriumid<\/h2>\n<p>Kopasilindri projekteerimisel on peamisteks kaalutlusteks kandev\u00f5ime, tihendus, vastupidavus, ohutus ja hoolduse lihtsus.<\/p>\n<p><img decoding=\"async\" src=\"https:\/\/www.hydraulic-cylinders.net\/wp-content\/uploads\/2025\/01\/songte-oil-pipes-and-spare-parts.webp\" alt=\"H\u00fcdraulilise silindri kujunduspilt\"><\/p>\n<h2>Tihendus ja m\u00e4\u00e4rimine<\/h2>\n<p>Kopasilindris on kasutatud mitmesuguseid tihenduskomponente, n\u00e4iteks kolvitihendeid ja vardatihendeid, mis on valmistatud kulumiskindlatest materjalidest, n\u00e4iteks pol\u00fcuretaanist ja nitriilkummist. Silindri korpus ja keermestatud otsad on kulumiskindluse suurendamiseks peenelt t\u00f6\u00f6deldud. Vajalik on regulaarne m\u00e4\u00e4rimine \u00f5ige koguse h\u00fcdraulika\u00f5liga.<\/p>\n<h2>Kontroll ja ennetav hooldus<\/h2>\n<p>Kopasilindri optimaalse j\u00f5udluse ja pikaealisuse tagamiseks on oluline regulaarne kontroll ja ennetavad hooldusmeetmed. Nende meetmete hulka kuuluvad:<\/p>\n<ul>\n<li>Regulaarsed kontrollid<\/li>\n<li>\u00d5ige m\u00e4\u00e4rimine<\/li>\n<li>Tihendite vahetamine<\/li>\n<li>Kalibreerimiskontrollid<\/li>\n<\/ul>\n<p><img decoding=\"async\" src=\"https:\/\/www.hydraulic-cylinders.net\/wp-content\/uploads\/2025\/01\/songte-chushion-collar.webp\" alt=\"H\u00fcdraulilise silindri hoolduspilt\"><\/p>\n<h2>Ohutuskaalutlused ja keskkonnategurid<\/h2>\n<p>Kopasilindri kasutamisel on oluline j\u00e4rgida ohutusmeetmeid, et v\u00e4ltida \u00f5nnetusi ning tagada operaatorite ja keskkonna heaolu.<\/p>\n<h2>Rikete diagnoosimine ja levinud probleemid<\/h2>\n<p>Kopasilindriga seotud levinud probleemide hulka kuuluvad lekked, v\u00f5imsuse kadu ja ebanormaalsed liikumised. Kiire t\u00f5rkeotsingu ja probleemide lahendamise tehnikad aitavad neid probleeme t\u00f5husalt diagnoosida ja lahendada. V\u00f5imalike probleemide minimeerimiseks tuleks v\u00f5tta ka ennetavaid meetmeid.<\/p>\n<p><img decoding=\"async\" src=\"https:\/\/www.hydraulic-cylinders.net\/wp-content\/uploads\/2025\/01\/songte-bushings-with-all-kinds-of-excavator-models.webp\" alt=\"Kopa silindri rikke diagnoosi pilt\"><\/p>\n<h2>Paigaldusjuhend<\/h2>\n<p>Kopasilindri \u00f5ige paigaldamine on optimaalse j\u00f5udluse saavutamiseks \u00fclioluline. Paigaldamise ajal on soovitatav silinder t\u00e4pselt joondada ja kinnitamiseks kasutada sobivaid kinnitusklambreid. Juhend peaks andma juhised soovitatavate kontrolli-, remondi- ja vahetusprotseduuride kohta ning n\u00e4pun\u00e4iteid kopasilindri eluea pikendamiseks.<\/p>\n<h2>Regulaarsed hooldust\u00f6\u00f6d<\/h2>\n<p>Levinud hooldust\u00f6\u00f6de hulka kuuluvad regulaarsed \u00fclevaatused, asjakohane m\u00e4\u00e4rimine, tihendite vahetamine ja kalibreerimiskontrollid. R\u00f5hutada tuleks \u00f5ige paigaldamise, m\u00e4\u00e4rimise ja reguleerimise olulisust. Juhend peaks andma ka \u00f5iged joondamisjuhised paigaldamise ajal ja soovitama silindri kinnitamiseks sobivate paigaldusklambrite kasutamist. Esitada tuleks soovitatavad \u00fclevaatus-, remondi- ja vahetusprotseduurid ning n\u00e4pun\u00e4ited kopasilindri eluea pikendamiseks.<\/p>\n<p><img decoding=\"async\" src=\"https:\/\/hzpt.com\/wp-content\/uploads\/2024\/11\/songte-company-1.webp\" alt=\"Ettev\u00f5tte kuvand\"><\/p>\n<h2>Meie ettev\u00f5ttest<\/h2>\n<p>Oleme asendush\u00fcdrauliliste silindrite tootja ning \u00fcks juhtivaid tootjaid ja hulgim\u00fc\u00fcjaid nii sise- kui ka rahvusvahelistel turgudel. Meie tootevalik on lai ning me j\u00e4rgime suurep\u00e4rase kvaliteedi, peente tootmist\u00f6\u00f6kodade ja industrialiseeritud tootmise juhtimisstrateegiate p\u00f5him\u00f5tteid. T\u00e4iustame pidevalt oma tootmisplatvormi ja tootekvaliteedi tootmisprotsesse, kasutades tehnilisi oskusi, t\u00e4iustatud digitaalseid tootmisseadmeid ja professionaalseid testimiss\u00fcsteeme. Meil \u200b\u200bon tugev v\u00f5imekus luua ja rahuldada klientide mitmekesiseid n\u00f5udmisi suure t\u00f5hususega, t\u00e4psuse ja kvaliteediga.<\/p>\n<p><img decoding=\"async\" src=\"https:\/\/www.hydraulic-cylinders.net\/wp-content\/uploads\/2025\/01\/songte-company-3.webp\" alt=\"Ettev\u00f5tte andmed\"><\/p>\n<h3>Professionaalsus<\/h3>\n<p>Meie jaoks on professionaalsus esmat\u00e4htis k\u00f5igis meie \u00e4rivaldkondades, alates tootekujundusest kuni klienditeeninduseni. Meie ekspertide meeskond tagab, et meie h\u00fcdrosilindrid vastavad k\u00f5rgeimatele kvaliteedi- ja j\u00f5udlusstandarditele.<\/p>\n<h3>Rahvusvaheline sertifitseerimine<\/h3>\n<p>Oleme omandanud mitmeid rahvusvahelisi sertifikaate, mis n\u00e4itavad meie p\u00fchendumust usaldusv\u00e4\u00e4rsete ja ohutute h\u00fcdrauliliste silindrite tootmisele.<\/p>\n<h3>Kohandamise teenused<\/h3>\n<p>Pakume kohandamisteenuseid, mis v\u00f5imaldavad klientidel kohandada meie h\u00fcdrosilindreid vastavalt oma vajadustele ja n\u00f5uetele.<\/p>\n<h3>Tootmisseadmed<\/h3>\n<p>Meie tootmis\u00fcksused on varustatud kaasaegsete masinate ja seadmetega, mis v\u00f5imaldavad meil toota h\u00fcdraulilisi silindreid t\u00e4pselt ja t\u00f5husalt.<\/p>\n<h3>M\u00fc\u00fcgij\u00e4rgne teenindus<\/h3>\n<p>Pakume klientide rahulolu tagamiseks ja h\u00fcdrosilindrite eluea pikendamiseks igak\u00fclgset m\u00fc\u00fcgij\u00e4rgset teenindust, sealhulgas varuosade vahetust ja taastamist.<\/p>\n<p><\/p>\n<footer>Autor: lyl<\/footer>\n<p><\/body><br \/>\n<\/html><\/p>","protected":false},"excerpt":{"rendered":"<p>Bucket Cylinder For Liebherr Large Excavator R944CS Bucket Cylinder For Liebherr Large Excavator R944CS Introduction The bucket cylinder for Liebherr large excavator R944CS is a specially designed hydraulic cylinder used to control the movement of the bucket in heavy machinery such as excavators, backhoe loaders, and front loaders. Its main function is to enable the [&hellip;]<\/p>","protected":false},"featured_media":14765,"comment_status":"open","ping_status":"closed","template":"","meta":{"_et_pb_use_builder":"","_et_pb_old_content":"","_et_gb_content_width":""},"product_brand":[],"product_cat":[1494],"product_tag":[1495,1496],"class_list":{"0":"post-15639","1":"product","2":"type-product","3":"status-publish","4":"has-post-thumbnail","6":"product_cat-bucket-cylinders","7":"product_tag-bucket-cylinders","8":"product_tag-hydraulic-cylinders","10":"first","11":"instock","12":"shipping-taxable","13":"product-type-simple"},"amp_enabled":true,"_links":{"self":[{"href":"https:\/\/www.hydraulic-cylinders.net\/et\/wp-json\/wp\/v2\/product\/15639","targetHints":{"allow":["GET"]}}],"collection":[{"href":"https:\/\/www.hydraulic-cylinders.net\/et\/wp-json\/wp\/v2\/product"}],"about":[{"href":"https:\/\/www.hydraulic-cylinders.net\/et\/wp-json\/wp\/v2\/types\/product"}],"replies":[{"embeddable":true,"href":"https:\/\/www.hydraulic-cylinders.net\/et\/wp-json\/wp\/v2\/comments?post=15639"}],"wp:featuredmedia":[{"embeddable":true,"href":"https:\/\/www.hydraulic-cylinders.net\/et\/wp-json\/wp\/v2\/media\/14765"}],"wp:attachment":[{"href":"https:\/\/www.hydraulic-cylinders.net\/et\/wp-json\/wp\/v2\/media?parent=15639"}],"wp:term":[{"taxonomy":"product_brand","embeddable":true,"href":"https:\/\/www.hydraulic-cylinders.net\/et\/wp-json\/wp\/v2\/product_brand?post=15639"},{"taxonomy":"product_cat","embeddable":true,"href":"https:\/\/www.hydraulic-cylinders.net\/et\/wp-json\/wp\/v2\/product_cat?post=15639"},{"taxonomy":"product_tag","embeddable":true,"href":"https:\/\/www.hydraulic-cylinders.net\/et\/wp-json\/wp\/v2\/product_tag?post=15639"}],"curies":[{"name":"wp","href":"https:\/\/api.w.org\/{rel}","templated":true}]}}