{"id":15644,"date":"2025-01-19T14:47:21","date_gmt":"2025-01-19T14:47:21","guid":{"rendered":"https:\/\/www.hydraulic-cylinders.net\/product\/bucket-cylinder-for-sdlg-small-excavator-lg665\/"},"modified":"2025-01-19T14:47:23","modified_gmt":"2025-01-19T14:47:23","slug":"bucket-cylinder-for-sdlg-small-excavator-lg665","status":"publish","type":"product","link":"https:\/\/www.hydraulic-cylinders.net\/et\/toode\/bucket-cylinder-for-sdlg-small-excavator-lg665\/","title":{"rendered":"Kopa silinder SDLG v\u00e4ikese ekskavaatori LG665 jaoks"},"content":{"rendered":"<h1>Kopa silinder SDLG v\u00e4ikese ekskavaatori LG665 jaoks<\/h1>\n<h2>Sissejuhatus<\/h2>\n<p>SDLG v\u00e4ikeekskavaatori LG665 kopa silinder on spetsiaalselt loodud h\u00fcdrauliline silinder, mida kasutatakse peamiselt kopa liikumise juhtimiseks rasketes masinates, nagu ekskavaatorid, laadur-ekskavaatorid ja esilaadurid. Selle peamine \u00fclesanne on v\u00f5imaldada kopa t\u00f5stmist, langetamist ja kallutamist, h\u00f5lbustades seel\u00e4bi mitmesuguseid materjali k\u00e4itlemise \u00fclesandeid. H\u00fcdraulikas\u00fcsteemis saavutab kopa silinder kopa t\u00e4pse juhtimise h\u00fcdraulika\u00f5li r\u00f5hu muutuste abil, v\u00f5imaldades operaatoril t\u00f5husalt k\u00e4sitseda raskeid koormaid, kohaneda keerukate t\u00f6\u00f6keskkondade ja mitmekesiste t\u00f6\u00f6n\u00f5uetega.<\/p>\n<p><img decoding=\"async\" src=\"https:\/\/www.hydraulic-cylinders.net\/wp-content\/uploads\/2025\/01\/songte-company-2.webp\"><\/p>\n<h2>Omadused<\/h2>\n<ul>\n<li>Suur tugevus ja vastupidavus: tavaliselt valmistatud \u00fclitugevast terasest v\u00f5i alumiiniumist, talub k\u00f5rget r\u00f5hku ja suuri koormusi, kohaneb karmide t\u00f6\u00f6keskkondadega ning on konstrueeritud kulumiskindla ja korrosioonikindlana, pikendades kasutusiga.<\/li>\n<li>T\u00f5hus h\u00fcdrauliline t\u00f6\u00f6: kasutab h\u00fcdraulika\u00f5li r\u00f5hku sujuva pikendus- ja tagasit\u00f5mbamisliigutuse saavutamiseks, reageerib kiiresti t\u00f6\u00f6k\u00e4sklustele, pakub tugevat t\u00f5uke- ja t\u00f5mbej\u00f5udu, sobib raskete koormate ja keerukate t\u00f6\u00f6\u00fclesannete k\u00e4sitsemiseks.<\/li>\n<li>Erinevad t\u00fc\u00fcbid: vastavalt vajadusele saab valida \u00fchetoimelisi (h\u00fcdrauliliselt ainult \u00fches suunas) v\u00f5i kahetoimelisi (h\u00fcdrauliliselt m\u00f5lemas suunas) silindreid, et rahuldada erinevaid t\u00f6\u00f6vajadusi. M\u00f5ned mudelid on teleskoopilised, v\u00f5imaldades suuremat pikendamist ilma v\u00e4lism\u00f5\u00f5tmeid suurendamata, sobides piiratud ruumiga rakenduste jaoks.<\/li>\n<li>V\u00f5ib asendada teisi h\u00fcdrosilindreid: meie toode saab neid h\u00fcdrosilindreid ideaalselt asendada.<\/li>\n<\/ul>\n<p><img decoding=\"async\" src=\"https:\/\/www.hydraulic-cylinders.net\/wp-content\/uploads\/2025\/01\/songte-cylinder-head-with-all-kinds-excavator-models.webp\"><\/p>\n<h2>Rakendused<\/h2>\n<p>SDLG v\u00e4ikeekskavaatori LG665 kopasilindril on lai valik rakendusi, sealhulgas:<\/p>\n<ul>\n<li>Ehitusmasinad: ekskavaatorites on need kriitilise t\u00e4htsusega kaevamisel, laadimisel ja pinnase v\u00f5i prahi teisaldamisel. Ekskavaator-laadurites abistab kopa silinder nii kaevamisel kui ka t\u00f5stmisel. <\/li>\n<li>P\u00f5llumajandusmasinad: kasutatakse esilaadurite jaoks, pinnase, heina ja muude materjalide kaevamiseks, t\u00f5stmiseks ja transportimiseks, ekskavaatorite jaoks: kopa silinder saavutab kaevamistoimingu, v\u00f5imaldades kopal pinnasesse tungida. <\/li>\n<li>Laadur: esilaadurites aitavad need kaupu t\u00f5husalt t\u00f5sta ja kallutada.<\/li>\n<\/ul>\n<h2>Projekteerimiskaalutlused ja valikukriteeriumid<\/h2>\n<p>SDLG v\u00e4ikeekskavaatori LG665 kopasilindril on mitmesuguseid disainikaalutlusi ja valikukriteeriume, sealhulgas:<\/p>\n<ul>\n<li>Bearing capacity: The cylinder&#8217;s bearing capacity must be able to withstand the hydraulic pressure loads generated during its operation.<\/li>\n<li>Tihendus: H\u00fcdraulikas\u00fcsteemi \u00f5ige r\u00f5hutaseme s\u00e4ilitamiseks ja lekete v\u00e4ltimiseks tuleb kasutada mitmesuguseid tihenduskomponente, n\u00e4iteks kolvitihendeid ja varrastihendeid.<\/li>\n<li>Vastupidavus: Ballooni konstruktsioon peab olema piisavalt vastupidav, et taluda karmi t\u00f6\u00f6keskkonda ja regulaarse kasutamisega kaasnevat kulumist.<\/li>\n<li>Ohutus: Ballooni projekteerimisel ja ehitamisel tuleb v\u00f5tta k\u00f5ik ohutusmeetmed, et tagada selle vastavus k\u00f5igile ohutusstandarditele ja -m\u00e4\u00e4rustele.<\/li>\n<li>Hooldatavus: Ballooni peab olema v\u00f5imalik h\u00f5lpsalt hooldada ja parandada ning k\u00f5ik osad peavad olema vahetamiseks v\u00f5i parandamiseks kergesti ligip\u00e4\u00e4setavad.<\/li>\n<\/ul>\n<p><img decoding=\"async\" src=\"https:\/\/www.hydraulic-cylinders.net\/wp-content\/uploads\/2025\/01\/songte-oil-pipes-and-spare-parts.webp\"><\/p>\n<h2>Tihendus ja m\u00e4\u00e4rimine<\/h2>\n<p>SDLG v\u00e4ikeekskavaatori LG665 kopa silinder vajab mitmesuguseid tihendus- ja m\u00e4\u00e4rimismeetodeid, sealhulgas:<\/p>\n<ul>\n<li>Kasutades erinevaid tihenduskomponente, nagu kolvitihendid, vardatihendid ja klaasipuhasti tihendid, mis on valmistatud vastupidavatest materjalidest nagu pol\u00fcuretaan, nitriilkummi ja muud<\/li>\n<li>Silindri korpuse ja keerme otsa pinna peent\u00f6\u00f6tlus kulumiskindluse suurendamiseks<\/li>\n<li>Lisage perioodiliselt m\u00e4\u00e4rimiseks sobiv kogus h\u00fcdraulika\u00f5li<\/li>\n<\/ul>\n<h2>Regulaarne kontroll ja ennetavad hooldusmeetmed<\/h2>\n<p>SDLG v\u00e4ikeekskavaatori LG665 kopasilindri regulaarsed kontrolli- ja ennetusmeetmed h\u00f5lmavad j\u00e4rgmist:<\/p>\n<ul>\n<li>Regulaarne m\u00e4\u00e4rimine<\/li>\n<li>Regulaarne tihendite vahetamine ja kalibreerimise kontroll<\/li>\n<li>K\u00f5igi h\u00fcdrauliliste komponentide ja \u00fchenduste regulaarne kontroll<\/li>\n<\/ul>\n<p>Optimaalse j\u00f5udluse ja pika kasutusea tagamiseks on oluline \u00f5ige paigaldamine, m\u00e4\u00e4rimine ja reguleerimine. Paigaldamise ajal on soovitatav silindri kinnitamiseks kasutada sobivaid paigaldusklambreid. Kontrolli, remondi ja vahetuse protseduure on soovitatav teha koolitatud spetsialistidel.<\/p>\n<p><img decoding=\"async\" src=\"https:\/\/www.hydraulic-cylinders.net\/wp-content\/uploads\/2025\/01\/songte-chushion-collar.webp\"><\/p>\n<h2>Ohutuskaalutlused ja keskkonnategurid<\/h2>\n<p>SDLG v\u00e4ikeekskavaatori LG665 kopasilindri kasutamisel on oluline j\u00e4rgida k\u00f5iki vajalikke ohutusn\u00f5udeid, n\u00e4iteks kanda sobivaid kaitsevahendeid ja j\u00e4rgida k\u00f5iki kasutusjuhiseid.<\/p>\n<h2>Diagnostilised ja levinud probleemid ning lahendused<\/h2>\n<p>M\u00f5ned SDLG v\u00e4ikeekskavaatori LG665 kopasilindri levinud probleemid v\u00f5ivad h\u00f5lmata j\u00e4rgmist:<\/p>\n<ul>\n<li>Leke v\u00f5i ebapiisav r\u00f5hk h\u00fcdraulikas\u00fcsteemis<\/li>\n<li>Silindri kehv j\u00f5udlus, sealhulgas aeglane v\u00f5i n\u00f5rk liikumine<\/li>\n<li>Kahjustatud v\u00f5i kulunud tihendid, mis p\u00f5hjustavad h\u00fcdraulikavedeliku lekke<\/li>\n<\/ul>\n<p>N\u00f5uetekohane hooldus ja korrashoid, sh regulaarne kontroll ja korrashoid, aitavad tavaliselt enamikku probleeme \u00e4ra hoida. Kui probleeme siiski tekib, on soovitatav konsulteerida kvalifitseeritud h\u00fcdromehaanikuga.<\/p>\n<p><img decoding=\"async\" src=\"https:\/\/www.hydraulic-cylinders.net\/wp-content\/uploads\/2025\/01\/songte-bushings-with-all-kinds-of-excavator-models.webp\"><\/p>\n<h2>Meie ettev\u00f5ttest<\/h2>\n<p>We are a leading manufacturer and wholesale distributor of hydraulic cylinders, and we produce a wide range of products that can replace other hydraulic cylinders. Our company&#8217;s production facilities focus on precision manufacturing and utilize the latest technology to create quality products that meet international standards. Our team consists of highly skilled professionals who are dedicated to providing exceptional service to our customers. We offer customized services to meet individual needs and provide a full range of after-sales services to ensure that our customers&#8217; needs are fully met.<\/p>\n<p><img decoding=\"async\" src=\"https:\/\/hzpt.com\/wp-content\/uploads\/2024\/11\/songte-company-1.webp\"><\/p>\n<h3>Professionaalsus<\/h3>\n<p>Our company prides itself on its professionalism, expertise, and commitment to customer service. We are dedicated to providing quality products and services that meet our customers&#8217; needs and exceed their expectations. We strive to maintain the highest standards of professionalism in everything we do.<\/p>\n<h3>Rahvusvaheline sertifitseerimine<\/h3>\n<p>Oleme saavutanud rahvusvahelise sertifikaadi, sealhulgas ISO 9001, mis tagab meie toodete vastavuse k\u00f5rgeimatele kvaliteedistandarditele. Meie sertifikaat n\u00e4itab meie p\u00fchendumust kvaliteedile, ohutusele ja keskkonnale.<\/p>\n<h3>Kohandatud teenused<\/h3>\n<p>Oleme spetsialiseerunud kohandatud h\u00fcdrauliliste silindrite lahenduste pakkumisele, et rahuldada klientide ainulaadseid vajadusi. Meie kogenud spetsialistide meeskond teeb klientidega tihedat koost\u00f6\u00f6d, et teha kindlaks nende vajadused ja t\u00f6\u00f6tada v\u00e4lja lahendused, mis neile vastavad.<\/p>\n<h3>Tootmisseadmed<\/h3>\n<p>Kasutame uusimaid tootmisseadmeid ja -tehnoloogiat, et tagada meie toodete vastavus k\u00f5rgeimatele kvaliteedistandarditele. Meie tootmis\u00fcksused keskenduvad t\u00e4ppistootmisele, kasutades uusimat tehnoloogiat, et saavutada k\u00f5rgeim t\u00e4psuse ja kvaliteedi tase.<\/p>\n<h3>M\u00fc\u00fcgij\u00e4rgne teenindus<\/h3>\n<p>We provide a full range of after-sales services to ensure that our customers&#8217; needs are fully met. Our team of highly trained professionals is dedicated to providing exceptional service and support to our customers.<\/p>\n<h4>Autor: lyl<\/h4>","protected":false},"excerpt":{"rendered":"<p>Bucket Cylinder For SDLG Small Excavator LG665 Introduction The bucket cylinder for SDLG small excavator LG665 is a specifically designed hydraulic cylinder mainly used for controlling the motion of the bucket in heavy machinery like excavators, backhoe loaders, and front-end loaders. Its primary function is to enable the bucket to lift, lower, and tilt, thereby [&hellip;]<\/p>","protected":false},"featured_media":14787,"comment_status":"open","ping_status":"closed","template":"","meta":{"_et_pb_use_builder":"","_et_pb_old_content":"","_et_gb_content_width":""},"product_brand":[],"product_cat":[1494],"product_tag":[1495,1496],"class_list":{"0":"post-15644","1":"product","2":"type-product","3":"status-publish","4":"has-post-thumbnail","6":"product_cat-bucket-cylinders","7":"product_tag-bucket-cylinders","8":"product_tag-hydraulic-cylinders","10":"first","11":"instock","12":"shipping-taxable","13":"product-type-simple"},"amp_enabled":true,"_links":{"self":[{"href":"https:\/\/www.hydraulic-cylinders.net\/et\/wp-json\/wp\/v2\/product\/15644","targetHints":{"allow":["GET"]}}],"collection":[{"href":"https:\/\/www.hydraulic-cylinders.net\/et\/wp-json\/wp\/v2\/product"}],"about":[{"href":"https:\/\/www.hydraulic-cylinders.net\/et\/wp-json\/wp\/v2\/types\/product"}],"replies":[{"embeddable":true,"href":"https:\/\/www.hydraulic-cylinders.net\/et\/wp-json\/wp\/v2\/comments?post=15644"}],"wp:featuredmedia":[{"embeddable":true,"href":"https:\/\/www.hydraulic-cylinders.net\/et\/wp-json\/wp\/v2\/media\/14787"}],"wp:attachment":[{"href":"https:\/\/www.hydraulic-cylinders.net\/et\/wp-json\/wp\/v2\/media?parent=15644"}],"wp:term":[{"taxonomy":"product_brand","embeddable":true,"href":"https:\/\/www.hydraulic-cylinders.net\/et\/wp-json\/wp\/v2\/product_brand?post=15644"},{"taxonomy":"product_cat","embeddable":true,"href":"https:\/\/www.hydraulic-cylinders.net\/et\/wp-json\/wp\/v2\/product_cat?post=15644"},{"taxonomy":"product_tag","embeddable":true,"href":"https:\/\/www.hydraulic-cylinders.net\/et\/wp-json\/wp\/v2\/product_tag?post=15644"}],"curies":[{"name":"wp","href":"https:\/\/api.w.org\/{rel}","templated":true}]}}